{"id":7593,"date":"2021-12-16T08:14:19","date_gmt":"2021-12-16T13:14:19","guid":{"rendered":"https:\/\/puyapeptide.net\/product\/pralmorelin-ghrp-2-cas-158861-67-7-til-laboratorieforskning\/"},"modified":"2021-12-16T08:14:19","modified_gmt":"2021-12-16T13:14:19","slug":"pralmorelin-ghrp-2-cas-158861-67-7-til-laboratorieforskning","status":"publish","type":"product","link":"https:\/\/puyapeptide.net\/da\/product\/pralmorelin-ghrp-2-cas-158861-67-7-til-laboratorieforskning\/","title":{"rendered":"Pralmorelin\/ GHRP-2 CAS 158861-67-7 til laboratorieforskning"},"content":{"rendered":"<h2><strong>Pralmorelin\/ GHRP-2 CAS 158861-67-7 til laboratorieforskning<\/strong><\/h2>\n<p>Produktnavn: Pralmorelin\/ GHRP-2<br \/>\nSynonymer: d-ala-\u03b2-(2-naphthyl)-d-ala-trp-d-phe-lysamid;L-Lysinamid, D-alanyl-3 -(2-naphthalenyl)-D-alanyl-L-alanyl-L-tryptophyl-D-phenylalanyl-;PRALMORELIN;D-ALA-D-NAL(2)-ALA-TRP-D-PHE-LYS-NH2 ACETATSALT ;D-ALA-BETA-(2-NAPHTHYL)-D-ALA-TRP-D-PHE-LYS-AMID;D-ALA-D-2-NAL-ALA-TRP-D-PHE-LYS-NH2;(DES -ALA3,D-ALA1,D-2-NAL2)-GHRP-6;(DES-ALA3)-GHRP-2<br \/>\nCAS: 158861-67-7<br \/>\nMF: C45H55N9O6<br \/>\nMW: 817,97&lt; &amp;&gt;EINECS: 206-616-8<br \/>\nProduktkategorier: Peptid;Peptider;GHRP2;hgh<br \/>\nMol Fil: 158861-67-7.mol<\/p>\n<p>GHRP 2 (Releasing Peptide 2) er en sekretagog af hexapeptidklassen. Deler mange ligheder med GHRP 6, GHRP 2 er den f\u00f8rste i denne klasse og anses i mange kredse for at v\u00e6re det bedre valg mellem det og GHRP 6. Det er ikke det, der ofte bruges alene, men det bruges n\u00e6sten altid sammen med Releasing (GHRH) . Forbindelsen kan ogs\u00e5 almindeligvis findes under navnene P&#39;ralmorelin eller GHRP Kaken 100. Men i de fleste farmaceutiske og pr\u00e6stationsbaserede kredse er den i de senere \u00e5r oftest blevet omtalt som GHRP 2.<\/p>\n<p>G&#39; hrelin ikke kun for at fremme frigivelsen af v\u00e6kst, men har ogs\u00e5 andre biologiske virkninger, s\u00e5som mediationsfodring og energimetabolisme, kardiovaskul\u00e6r funktion, kontrol af mave-tarmfunktion og h\u00e6mning af tumorcelleproliferation og s\u00e5 videre. Nylige unders\u00f8gelser har vist, at serumkoncentrationen af g&#39;hrelin var positivt korreleret med BMD, s\u00e5 ghrelin kan v\u00e6re involveret i metabolismen af knoglev\u00e6v, hvilket p\u00e5virker funktionen af osteoblaster.<\/p>\n<p> <strong>Pralmorelin\/GHRP-2 CAS 158861-67- 7 Kemiske egenskaber<\/strong><br \/>\nKogepunkt 1265,3\u00b165,0 \u00b0C(Forudsagt)<br \/>\ndensitet 1,270\u00b10,06 g\/cm3(Forudsagt)<br \/>\nopbevaringstemp. \u221220\u00b0C<br \/>\nform fryset\u00f8rret pulver<br \/>\npka 13,40\u00b10,46(forudsagt)<br \/>\nfarve hvid til beige<br \/>\nCAS DataBase Reference 158861-67-7(CAS DataBase Reference)<\/p>\n<p> <strong>Anvendelse af Pralmorelin\/ GHRP-2 CAS 158861-67-7<\/strong> <\/p>\n<p>1. Halveringstiden for GHRP 2 er dog ret kort, og dens toppunkt indtr\u00e6ffer omkring 15 minutter efter administrationen eller senest en time senere. Ideelt set b\u00f8r denne terapi administreres regelm\u00e6ssigt hver dag.<\/p>\n<p>2. I lighed med GHRP 6 er GHRP 2 dens kommercielt syntetiserede form, der kan stimulere sekretionen meget bedre og stimulere PRL-, kortisol- og ACTH-niveauerne lidt bedre. For g&#39;hrelin, p\u00e5 den anden side, fungerer det som en syntetisk agonist, der kan forbindes med sekretagogereceptoren af . GHRP 2 kan ogs\u00e5 \u00f8ge niveauet af calciumiontilstr\u00f8mning og til geng\u00e6ld frigive endnu flere hormoner.<\/p>\n<p>3. Bortset fra det er der allerede lavet noget forskning, der beviser, hvor ens det ogs\u00e5 er med effektiviteten af GRF. Faktisk har det vist sig at v\u00e6re meget mere potent sammenlignet med andre GH-frigivende sekretorer kendt i fortiden, herunder GHRP 1 og GHRP 6. P\u00e5 grund af dette bruges dette hormon ofte som en behandling for kataboliske mangler og stater i dag.<\/p>\n","protected":false},"excerpt":{"rendered":"<p>Produktnavn: Pralmorelin\/ GHRP-2<br \/>\nCAS: 158861-67-7<br \/>\nMF: C45H55N9O6<br \/>\nMW: 817.97<br \/>\nEINECS: 206-616-8<br \/>\nMol Fil: 158861-67- 7.mol<\/p>\n","protected":false},"featured_media":2266,"comment_status":"open","ping_status":"closed","template":"","meta":{"om_disable_all_campaigns":false,"_monsterinsights_skip_tracking":false,"_monsterinsights_sitenote_active":false,"_monsterinsights_sitenote_note":"","_monsterinsights_sitenote_category":0,"site-sidebar-layout":"default","site-content-layout":"default","ast-site-content-layout":"default","site-content-style":"default","site-sidebar-style":"default","ast-global-header-display":"","ast-banner-title-visibility":"","ast-main-header-display":"","ast-hfb-above-header-display":"","ast-hfb-below-header-display":"","ast-hfb-mobile-header-display":"","site-post-title":"","ast-breadcrumbs-content":"","ast-featured-img":"","footer-sml-layout":"","ast-disable-related-posts":"","theme-transparent-header-meta":"default","adv-header-id-meta":"","stick-header-meta":"","header-above-stick-meta":"","header-main-stick-meta":"","header-below-stick-meta":"","astra-migrate-meta-layouts":"default","ast-page-background-enabled":"default","ast-page-background-meta":{"desktop":{"background-color":"","background-image":"","background-repeat":"repeat","background-position":"center center","background-size":"auto","background-attachment":"scroll","background-type":"","background-media":"","overlay-type":"","overlay-color":"","overlay-opacity":"","overlay-gradient":""},"tablet":{"background-color":"","background-image":"","background-repeat":"repeat","background-position":"center center","background-size":"auto","background-attachment":"scroll","background-type":"","background-media":"","overlay-type":"","overlay-color":"","overlay-opacity":"","overlay-gradient":""},"mobile":{"background-color":"","background-image":"","background-repeat":"repeat","background-position":"center center","background-size":"auto","background-attachment":"scroll","background-type":"","background-media":"","overlay-type":"","overlay-color":"","overlay-opacity":"","overlay-gradient":""}},"ast-content-background-meta":{"desktop":{"background-color":"var(--ast-global-color-5)","background-image":"","background-repeat":"repeat","background-position":"center center","background-size":"auto","background-attachment":"scroll","background-type":"","background-media":"","overlay-type":"","overlay-color":"","overlay-opacity":"","overlay-gradient":""},"tablet":{"background-color":"var(--ast-global-color-5)","background-image":"","background-repeat":"repeat","background-position":"center center","background-size":"auto","background-attachment":"scroll","background-type":"","background-media":"","overlay-type":"","overlay-color":"","overlay-opacity":"","overlay-gradient":""},"mobile":{"background-color":"var(--ast-global-color-5)","background-image":"","background-repeat":"repeat","background-position":"center center","background-size":"auto","background-attachment":"scroll","background-type":"","background-media":"","overlay-type":"","overlay-color":"","overlay-opacity":"","overlay-gradient":""}}},"product_brand":[],"product_cat":[531],"product_tag":[2202],"class_list":{"0":"post-7593","1":"product","2":"type-product","3":"status-publish","4":"has-post-thumbnail","6":"product_cat-andre-peptider","7":"product_tag-pralmorelin-ghrp-2-cas-158861-67-7-for-lab-research-da","8":"desktop-align-left","9":"tablet-align-left","10":"mobile-align-left","12":"first","13":"instock","14":"shipping-taxable","15":"product-type-simple"},"_links":{"self":[{"href":"https:\/\/puyapeptide.net\/da\/wp-json\/wp\/v2\/product\/7593","targetHints":{"allow":["GET"]}}],"collection":[{"href":"https:\/\/puyapeptide.net\/da\/wp-json\/wp\/v2\/product"}],"about":[{"href":"https:\/\/puyapeptide.net\/da\/wp-json\/wp\/v2\/types\/product"}],"replies":[{"embeddable":true,"href":"https:\/\/puyapeptide.net\/da\/wp-json\/wp\/v2\/comments?post=7593"}],"wp:featuredmedia":[{"embeddable":true,"href":"https:\/\/puyapeptide.net\/da\/wp-json\/wp\/v2\/media\/2266"}],"wp:attachment":[{"href":"https:\/\/puyapeptide.net\/da\/wp-json\/wp\/v2\/media?parent=7593"}],"wp:term":[{"taxonomy":"product_brand","embeddable":true,"href":"https:\/\/puyapeptide.net\/da\/wp-json\/wp\/v2\/product_brand?post=7593"},{"taxonomy":"product_cat","embeddable":true,"href":"https:\/\/puyapeptide.net\/da\/wp-json\/wp\/v2\/product_cat?post=7593"},{"taxonomy":"product_tag","embeddable":true,"href":"https:\/\/puyapeptide.net\/da\/wp-json\/wp\/v2\/product_tag?post=7593"}],"curies":[{"name":"wp","href":"https:\/\/api.w.org\/{rel}","templated":true}]}}