{"id":7602,"date":"2021-12-16T10:22:50","date_gmt":"2021-12-16T15:22:50","guid":{"rendered":"https:\/\/puyapeptide.net\/product\/cjc-1295-cas-863288-34-0-med-god-pris\/"},"modified":"2021-12-16T10:22:50","modified_gmt":"2021-12-16T15:22:50","slug":"cjc-1295-cas-863288-34-0-med-god-pris","status":"publish","type":"product","link":"https:\/\/puyapeptide.net\/da\/product\/cjc-1295-cas-863288-34-0-med-god-pris\/","title":{"rendered":"CJC 1295 CAS 863288-34-0 med god pris"},"content":{"rendered":"<h2><strong>CJC 1295 CAS 863288-34-0 med god pris<\/strong><\/h2>\n<p>Produktnavn: CJC1295<br \/>\nSynonymer: CJC1295;Y(d -A)DAIFTQSYRKVLAQLSARKLLQDILSR-NH2;L-Tyrosyl-D-alanyl-L-alfa-aspartyl-L-alanyl-L-isoleucyl-L-phenyl L-threonyl-L-glutaminyl-L-seryl-L-tyrosyl-L-arginyl-L-lysyl-L-valyl-L-leucyl-L-alanyl-L-glutaminyl-L-seryl-L-alanyl-L- arginyl-L-lysyl-L-leucyl-L-leucyl-L-glutaminyl-L-alfa-aspartyl-L-isoleucyl-L-leucyl-L-seryl-L-arginyl-N6-[3-(2,5- dihydro-2,5-dioxo-1H-pyrrol-1-yl)-1-oxopropyl]-L-lysinamid; CJC-1295 CJC-1295; CJC-1295 Acetat; CJC1295 uden DAC; -L-arginyl-L- lysyl-L-leucyl-L-leucyl-L-glutaminyl;L-tyrosyl-D-alanyl-L-a-aspartyl-L-alanyl-L-isoleucyl-L-phenylalanyl-L-allothreonyl-L-glutaminyl-L- seryl-L-tyrosyl-L-arginyl-L-lysyl-L-valyl-L-leucyl-L-alanyl-L-glutaminyl-L-leucyl-L-seryl-L-alanyl CAS: 863288-34- 0<br \/>\nMF: C152H252N44O42<br \/>\nMW: 3367.89688<br \/>\nEINECS: 206-141-6<br \/>\nProduktkategorier: Peptider;CJC<br \/>\nMol Fil: 863288-34-0.mol<br \/>\n&lt;&amp; &gt;Cjc-1295 er en syntetisk GHRH(growth hormone releasing hormone)-analog best\u00e5ende af 30 aminosyrer. Det har vist sig, at CJC-1295 er yderst effektiv til at \u00f8ge v\u00e6ksthormonsekretion og IGF-1 uden at p\u00e5virke pulseringen af GH-sekretion negativt. Hovedanvendelsen af CJC-1295 er at give \u00f8gede GH-niveauer, hvilket ogs\u00e5 resulterer i \u00f8gede IGF-1-niveauer. CJC1295 uden DAC version kan ogs\u00e5 kaldes Mod GRF 1-29. Handlingstiden er relativt kort, og den vil snart blive metaboliseret af kroppen.<\/p>\n<p> <strong>Fordele ved CJC1295 CAS 863288-34-0<\/strong><br \/>\nTa p\u00e5 i v\u00e6gt<br \/>\n\u00d8ger muskelv\u00e6kst<br \/>\nReducer fedtet&lt;&amp; &gt;\u00d8ger cellereparation og regenerering<br \/>\nFremmer s\u00f8vn<br \/>\nFor\u00f8ger immunsystemet og knoglet\u00e6theden<br \/>\nCJC-1-&#39;2-&#39;9-&#39;5 fremmer ogs\u00e5 langsomme b\u00f8lges\u00f8vn, som er ansvarlig for det h\u00f8jeste niveau af muskelv\u00e6kst og hukommelsesbevarelse og foryngelse <\/p>\n<p> <strong>Anvendelser af CJC1295<\/strong><br \/>\nCJC 1295 Acetat bruges til at anvende v\u00e6ksthormon-frigivende hormonagonist til at forberede anti-aldringsmiddel.<\/p>\n","protected":false},"excerpt":{"rendered":"<p>Produktnavn: CJC1295<br \/>\nCAS: 863288-34-0<br \/>\nMF: C152H252N44O42<br \/>\nMW: 3367.89688<br \/>\nEINECS: 206-141-6<br \/>\nMol Fil: 834328.mol<\/p>\n","protected":false},"featured_media":2287,"comment_status":"open","ping_status":"closed","template":"","meta":{"om_disable_all_campaigns":false,"_monsterinsights_skip_tracking":false,"_monsterinsights_sitenote_active":false,"_monsterinsights_sitenote_note":"","_monsterinsights_sitenote_category":0,"site-sidebar-layout":"default","site-content-layout":"default","ast-site-content-layout":"default","site-content-style":"default","site-sidebar-style":"default","ast-global-header-display":"","ast-banner-title-visibility":"","ast-main-header-display":"","ast-hfb-above-header-display":"","ast-hfb-below-header-display":"","ast-hfb-mobile-header-display":"","site-post-title":"","ast-breadcrumbs-content":"","ast-featured-img":"","footer-sml-layout":"","ast-disable-related-posts":"","theme-transparent-header-meta":"default","adv-header-id-meta":"","stick-header-meta":"","header-above-stick-meta":"","header-main-stick-meta":"","header-below-stick-meta":"","astra-migrate-meta-layouts":"default","ast-page-background-enabled":"default","ast-page-background-meta":{"desktop":{"background-color":"","background-image":"","background-repeat":"repeat","background-position":"center center","background-size":"auto","background-attachment":"scroll","background-type":"","background-media":"","overlay-type":"","overlay-color":"","overlay-opacity":"","overlay-gradient":""},"tablet":{"background-color":"","background-image":"","background-repeat":"repeat","background-position":"center center","background-size":"auto","background-attachment":"scroll","background-type":"","background-media":"","overlay-type":"","overlay-color":"","overlay-opacity":"","overlay-gradient":""},"mobile":{"background-color":"","background-image":"","background-repeat":"repeat","background-position":"center center","background-size":"auto","background-attachment":"scroll","background-type":"","background-media":"","overlay-type":"","overlay-color":"","overlay-opacity":"","overlay-gradient":""}},"ast-content-background-meta":{"desktop":{"background-color":"var(--ast-global-color-5)","background-image":"","background-repeat":"repeat","background-position":"center center","background-size":"auto","background-attachment":"scroll","background-type":"","background-media":"","overlay-type":"","overlay-color":"","overlay-opacity":"","overlay-gradient":""},"tablet":{"background-color":"var(--ast-global-color-5)","background-image":"","background-repeat":"repeat","background-position":"center center","background-size":"auto","background-attachment":"scroll","background-type":"","background-media":"","overlay-type":"","overlay-color":"","overlay-opacity":"","overlay-gradient":""},"mobile":{"background-color":"var(--ast-global-color-5)","background-image":"","background-repeat":"repeat","background-position":"center center","background-size":"auto","background-attachment":"scroll","background-type":"","background-media":"","overlay-type":"","overlay-color":"","overlay-opacity":"","overlay-gradient":""}}},"product_brand":[],"product_cat":[531],"product_tag":[2164],"class_list":{"0":"post-7602","1":"product","2":"type-product","3":"status-publish","4":"has-post-thumbnail","6":"product_cat-andre-peptider","7":"product_tag-cjc-1295-cas-863288-34-0-with-good-price-da","8":"desktop-align-left","9":"tablet-align-left","10":"mobile-align-left","12":"first","13":"instock","14":"shipping-taxable","15":"product-type-simple"},"_links":{"self":[{"href":"https:\/\/puyapeptide.net\/da\/wp-json\/wp\/v2\/product\/7602","targetHints":{"allow":["GET"]}}],"collection":[{"href":"https:\/\/puyapeptide.net\/da\/wp-json\/wp\/v2\/product"}],"about":[{"href":"https:\/\/puyapeptide.net\/da\/wp-json\/wp\/v2\/types\/product"}],"replies":[{"embeddable":true,"href":"https:\/\/puyapeptide.net\/da\/wp-json\/wp\/v2\/comments?post=7602"}],"wp:featuredmedia":[{"embeddable":true,"href":"https:\/\/puyapeptide.net\/da\/wp-json\/wp\/v2\/media\/2287"}],"wp:attachment":[{"href":"https:\/\/puyapeptide.net\/da\/wp-json\/wp\/v2\/media?parent=7602"}],"wp:term":[{"taxonomy":"product_brand","embeddable":true,"href":"https:\/\/puyapeptide.net\/da\/wp-json\/wp\/v2\/product_brand?post=7602"},{"taxonomy":"product_cat","embeddable":true,"href":"https:\/\/puyapeptide.net\/da\/wp-json\/wp\/v2\/product_cat?post=7602"},{"taxonomy":"product_tag","embeddable":true,"href":"https:\/\/puyapeptide.net\/da\/wp-json\/wp\/v2\/product_tag?post=7602"}],"curies":[{"name":"wp","href":"https:\/\/api.w.org\/{rel}","templated":true}]}}