{"id":7660,"date":"2021-12-16T10:26:30","date_gmt":"2021-12-16T15:26:30","guid":{"rendered":"https:\/\/puyapeptide.net\/product\/serum-thymic-factor-thymulin-cas-63958-90-7-til-regulering-af-cellulaer-immunfunktion-og-anti-virus-effekt\/"},"modified":"2021-12-16T10:26:30","modified_gmt":"2021-12-16T15:26:30","slug":"serum-thymic-factor-thymulin-cas-63958-90-7-til-regulering-af-cellulaer-immunfunktion-og-anti-virus-effekt","status":"publish","type":"product","link":"https:\/\/puyapeptide.net\/da\/product\/serum-thymic-factor-thymulin-cas-63958-90-7-til-regulering-af-cellulaer-immunfunktion-og-anti-virus-effekt\/","title":{"rendered":"SERUM THYMIC FACTOR\/ Thymulin CAS 63958-90-7 til regulering af cellul\u00e6r immunfunktion og anti-virus effekt"},"content":{"rendered":"<h2><strong>SERUM THYMIC FACTOR\/ Thymulin CAS 63958-90-7 til regulering af cellul\u00e6r immunfunktion og anti-virus effekt<\/strong><\/h2>\n<p>Produktnavn: SERUM THYMIC FACTOR\/Thymulin<br \/>\nSynonymer: pGlu-Ala-Lys-Ser-Gln-Gly-Gly-Ser-Asn;STF, SeruM ThyMic Factor, ThyMulin;L-Asparagine,5-oxo- L-prolyl-L-alanyl-L-lysyl-L-seryl-L-glutaminylglycylglycyl-L-seryl-;Pyr-Ala-Lys-Ser-Gln-Gly-Gly-Ser-Asn-OH trifluoracetatsalt;Serumtymisk faktor (svin);Tymisk serumfaktor;Tymisk serumfaktor (svin);PYR-ALA-LYS-SER-GLN-GLY-GLY-SER-ASN<br \/>\nCAS: 63958-90-7<br \/>\nMF: C33H54N12O15&lt;&amp; &gt;MW: 858.85<br \/>\nEINECS: 236-855-3<br \/>\nProduktkategorier: Peptid<br \/>\nMol Fil: 63958-90-7.mol<\/p>\n<p>Thymulin er en syntetiseret af det organ, der kaldes thymus . Thymulin tjener prim\u00e6rt til at generere udviklingen eller &quot;uddannelsen&quot; af visse celler produceret af knoglemarven, som er aktive i kroppens forsvarssystem, kaldet T-lymfocytter.<br \/>\nThymulin er is\u00e6r involveret i at f\u00e5 disse celler til at udvikle sig fra deres ikke-funktionelle tilstand, hvor de ankommer til thymus, til fuldt erhvervede defensive celler, kaldet immunkompetente.<br \/>\nThymulin er kun et af de forskellige H, der udskilles af denne kirtel, og som produceres i langt mindre m\u00e6ngder efter det andet leve\u00e5r<\/p>\n<p> <strong>SERUM THYMIC FACTOR\/ Thymulin CAS 63958-90-7 Kemiske egenskaber<\/strong> &lt;&amp; &gt;Kogepunkt 1658,9\u00b165,0 \u00b0C(Forudsagt)<br \/>\ndensitet 1,417\u00b10,06 g\/cm3(Forudsagt)<br \/>\nopbevaringstemp. \u221220\u00b0C<br \/>\nopl\u00f8selighed deioniseret vand: opl\u00f8selig<br \/>\npka 3,08\u00b10,10(forudsagt)<br \/>\nfarve hvid<\/p>\n<p> <strong>Funktion af THYMULIN<\/strong><br \/>\n1. Thymulin er i stand til at \u00f8ge b\u00e5de muskelmasse og knoglemineralt\u00e6thed, hvilket g\u00f8r det til en lovende terapi til behandling af skr\u00f8belighed hos \u00e6ldre.<br \/>\n2. Thymulin \u00e6ndrer ogs\u00e5 metabolismen af kropsfedt og kan derfor anvendes i behandlingen af fedme.<br \/>\n3. Thymulin er et l\u00e6gemiddel, der virker som en potent, oral aktiv v\u00e6kstsekretagog.<\/p>\n<p> <strong>Anvendelse af THYMULIN<\/strong><br \/>\n1. Anvendt i f\u00f8devareomr\u00e5det, Semax-pulver prim\u00e6rt til brug som f\u00f8devaretils\u00e6tningsstoffer;<br \/>\n2. Anvendt inden for sundhedsproduktomr\u00e5det, Semax-pulver som et mandligt sundhedsprodukt for at \u00f8ge seksuelle kr\u00e6fter;<br \/>\n3. Anvendt p\u00e5 det farmaceutiske omr\u00e5de kan Semax behandle forskellige typer mandlig impotens og seksuel dysfunktion.<\/p>\n","protected":false},"excerpt":{"rendered":"<p>Produktnavn: SERUM THYMIC FACTOR\/Thymulin<br \/>\nCAS: 63958-90-7<br \/>\nMF: C33H54N12O15<br \/>\nMW: 858.85<br \/>\nEINECS: 236-855-3<br \/>\nMol Fil: 903958 7.mol<\/p>\n","protected":false},"featured_media":2119,"comment_status":"open","ping_status":"closed","template":"","meta":{"om_disable_all_campaigns":false,"_monsterinsights_skip_tracking":false,"_monsterinsights_sitenote_active":false,"_monsterinsights_sitenote_note":"","_monsterinsights_sitenote_category":0,"site-sidebar-layout":"default","site-content-layout":"default","ast-site-content-layout":"default","site-content-style":"default","site-sidebar-style":"default","ast-global-header-display":"","ast-banner-title-visibility":"","ast-main-header-display":"","ast-hfb-above-header-display":"","ast-hfb-below-header-display":"","ast-hfb-mobile-header-display":"","site-post-title":"","ast-breadcrumbs-content":"","ast-featured-img":"","footer-sml-layout":"","ast-disable-related-posts":"","theme-transparent-header-meta":"default","adv-header-id-meta":"","stick-header-meta":"","header-above-stick-meta":"","header-main-stick-meta":"","header-below-stick-meta":"","astra-migrate-meta-layouts":"default","ast-page-background-enabled":"default","ast-page-background-meta":{"desktop":{"background-color":"","background-image":"","background-repeat":"repeat","background-position":"center center","background-size":"auto","background-attachment":"scroll","background-type":"","background-media":"","overlay-type":"","overlay-color":"","overlay-opacity":"","overlay-gradient":""},"tablet":{"background-color":"","background-image":"","background-repeat":"repeat","background-position":"center center","background-size":"auto","background-attachment":"scroll","background-type":"","background-media":"","overlay-type":"","overlay-color":"","overlay-opacity":"","overlay-gradient":""},"mobile":{"background-color":"","background-image":"","background-repeat":"repeat","background-position":"center center","background-size":"auto","background-attachment":"scroll","background-type":"","background-media":"","overlay-type":"","overlay-color":"","overlay-opacity":"","overlay-gradient":""}},"ast-content-background-meta":{"desktop":{"background-color":"var(--ast-global-color-5)","background-image":"","background-repeat":"repeat","background-position":"center center","background-size":"auto","background-attachment":"scroll","background-type":"","background-media":"","overlay-type":"","overlay-color":"","overlay-opacity":"","overlay-gradient":""},"tablet":{"background-color":"var(--ast-global-color-5)","background-image":"","background-repeat":"repeat","background-position":"center center","background-size":"auto","background-attachment":"scroll","background-type":"","background-media":"","overlay-type":"","overlay-color":"","overlay-opacity":"","overlay-gradient":""},"mobile":{"background-color":"var(--ast-global-color-5)","background-image":"","background-repeat":"repeat","background-position":"center center","background-size":"auto","background-attachment":"scroll","background-type":"","background-media":"","overlay-type":"","overlay-color":"","overlay-opacity":"","overlay-gradient":""}}},"product_brand":[],"product_cat":[377],"product_tag":[2159],"class_list":{"0":"post-7660","1":"product","2":"type-product","3":"status-publish","4":"has-post-thumbnail","6":"product_cat-immunomodulator-peptid","7":"product_tag-serum-thymic-factor-thymulin-cas-63958-90-7-for-regulate-cellular-immune-function-and-anti-virus-effect-da","8":"desktop-align-left","9":"tablet-align-left","10":"mobile-align-left","12":"first","13":"instock","14":"shipping-taxable","15":"product-type-simple"},"_links":{"self":[{"href":"https:\/\/puyapeptide.net\/da\/wp-json\/wp\/v2\/product\/7660","targetHints":{"allow":["GET"]}}],"collection":[{"href":"https:\/\/puyapeptide.net\/da\/wp-json\/wp\/v2\/product"}],"about":[{"href":"https:\/\/puyapeptide.net\/da\/wp-json\/wp\/v2\/types\/product"}],"replies":[{"embeddable":true,"href":"https:\/\/puyapeptide.net\/da\/wp-json\/wp\/v2\/comments?post=7660"}],"wp:featuredmedia":[{"embeddable":true,"href":"https:\/\/puyapeptide.net\/da\/wp-json\/wp\/v2\/media\/2119"}],"wp:attachment":[{"href":"https:\/\/puyapeptide.net\/da\/wp-json\/wp\/v2\/media?parent=7660"}],"wp:term":[{"taxonomy":"product_brand","embeddable":true,"href":"https:\/\/puyapeptide.net\/da\/wp-json\/wp\/v2\/product_brand?post=7660"},{"taxonomy":"product_cat","embeddable":true,"href":"https:\/\/puyapeptide.net\/da\/wp-json\/wp\/v2\/product_cat?post=7660"},{"taxonomy":"product_tag","embeddable":true,"href":"https:\/\/puyapeptide.net\/da\/wp-json\/wp\/v2\/product_tag?post=7660"}],"curies":[{"name":"wp","href":"https:\/\/api.w.org\/{rel}","templated":true}]}}