{"id":7694,"date":"2021-12-16T10:27:32","date_gmt":"2021-12-16T15:27:32","guid":{"rendered":"https:\/\/puyapeptide.net\/product\/selank-peptid-cas-129954-34-3-til-anti-angst\/"},"modified":"2021-12-16T10:27:32","modified_gmt":"2021-12-16T15:27:32","slug":"selank-peptid-cas-129954-34-3-til-anti-angst","status":"publish","type":"product","link":"https:\/\/puyapeptide.net\/da\/product\/selank-peptid-cas-129954-34-3-til-anti-angst\/","title":{"rendered":"Selank peptid CAS 129954-34-3 Til anti-angst"},"content":{"rendered":"<h2><strong>Selank peptid CAS 129954-34-3 Til anti-angst<\/strong><\/h2>\n<p>Produktnavn: Selank-peptid<br \/>\nSynonymer: Selank-peptid;SelankAcetat;PL14736;L-threonyl-L-lysyl-L-prolyl-L-arginyl-L-prolylglycyl-L-prolin;L-THREONYL-L- LYSYL-L-PROLYL-L-ARGINYL-L-PROLYLGLYCYL-L-PROLINE; MONOACETAT;H-Thr-Lys-Pro-Arg-Pro-Gly-Pro-OH;SLANK;Selank peptid<br \/>\nCAS: 129954-34-3<br \/>\nMF: C33H57N11O9<br \/>\nMW: 751,87<br \/>\nEINECS : 232-660-2<br \/>\nProduktkategorier:<br \/>\nMol Fil: 129954-34-3.mol<\/p>\n<p>Peptidet Selank er blevet m\u00e6rket som et &quot;angstd\u00e6mpende&quot; peptid og har ogs\u00e5 vist forbedring i indl\u00e6ring, hukommelse, kognition, depression, svaghed og overordnet energi. <\/p>\n<p> <strong>Selank peptid CAS 129954-34-3 Kemiske egenskaber<\/strong><br \/>\nSmeltepunkt 134-136 \u00b0C<br \/>\ndensitet 1,53\u00b10,1 g\/cm3(forudsagt)<br \/>\npka 3,43\u00b10,20(forudsagt)&lt; &amp;&gt;<br \/>\n <strong>Funktion og anvendelse af Selank peptid CAS 129954-34-3<\/strong><br \/>\nKan forbedre angst<br \/>\nKan forbedre indl\u00e6ring<br \/>\nKan forbedre hukommelsen<br \/>\nKan hj\u00e6lpe med genopretning af hjerneskade: \u00d8ger BDNF (Hjerne- afledt neurotrofisk faktor), en vigtig forbindelse til hjernev\u00e6kst<br \/>\nKan hj\u00e6lpe med at stabilisere enkephaliner i blodet: Disse modvirker stressreaktionen<br \/>\nKan hj\u00e6lpe med alkoholabstinenser<br \/>\nKan hj\u00e6lpe med at forhindre v\u00e6gt\u00f8gning og reducere kolesterol<br \/>\nSelank kan styrke immunforsvaret ved at \u00f8ge IL-6 i blodceller. IL-6 er et inflammatorisk protein, der menes at hj\u00e6lpe med at bek\u00e6mpe infektioner. Selank kan ogs\u00e5 stimulere frigivelsen af interferoner, som er antivirale molekyler.<\/p>\n<p> <strong>HVAD ER SELANK?<\/strong><br \/>\nSelank tilh\u00f8rer en klasse af molekyler kaldet syntetiske peptider. Selank blev lavet ved at kombinere sekvensen af et peptid kaldet tuftsin med en anden sekvens, der forbedrer dets molekyl\u00e6re stabilitet. Tuftsin er et peptid, der er t\u00e6t forbundet med immunfunktionen. Det forekommer naturligt og udg\u00f8r en del af det naturlige antistof IgG.<\/p>\n<p>Det er et lille peptid sammenlignet med de fleste naturligt forekommende proteiner. Selank blev udviklet p\u00e5 Institut for Molekyl\u00e6r Genetik i samarbejde med VV Zakusov Research Institute of Pharmacology (Russian Academy of Medical Sciences), sammen med det nootropiske l\u00e6gemiddel Semax, nogle gange kaldet dets f\u00e6tter-peptid. <\/p>\n<p>Selank er blevet godkendt i Rusland til behandling af generaliseret angstlidelse (GAD) og til brug som et nootropisk middel. I kliniske fors\u00f8g har l\u00e6gemidlet vist sig at give en vedvarende nootropisk og anxiolytisk effekt, som er nyttig til behandling af generaliseret angstlidelse (GAD).<\/p>\n<p> <strong>HVORDAN BRUGER DU SELANK?<\/strong><br \/>\nSelank er et peptid, der bruges som n\u00e6sespray. Dette skyldes, at det vil blive ford\u00f8jet af maven, hvis det tages oralt. Ind\u00e5nding er mere effektiv til levering til blodbanen og ind i hjernen.<br \/>\nDen typiske dosis er \u00e9n spray i hvert n\u00e6sebor dagligt.<\/p>\n","protected":false},"excerpt":{"rendered":"<p>Produktnavn: Selank peptid<br \/>\nCAS: 129954-34-3<br \/>\nMF: C33H57N11O9<br \/>\nMW: 751.87<br \/>\nEINECS: 232-660-2<br \/>\nMol Fil: 129954-34-3.mol<\/p>\n","protected":false},"featured_media":2287,"comment_status":"open","ping_status":"closed","template":"","meta":{"om_disable_all_campaigns":false,"_monsterinsights_skip_tracking":false,"_monsterinsights_sitenote_active":false,"_monsterinsights_sitenote_note":"","_monsterinsights_sitenote_category":0,"site-sidebar-layout":"default","site-content-layout":"default","ast-site-content-layout":"default","site-content-style":"default","site-sidebar-style":"default","ast-global-header-display":"","ast-banner-title-visibility":"","ast-main-header-display":"","ast-hfb-above-header-display":"","ast-hfb-below-header-display":"","ast-hfb-mobile-header-display":"","site-post-title":"","ast-breadcrumbs-content":"","ast-featured-img":"","footer-sml-layout":"","ast-disable-related-posts":"","theme-transparent-header-meta":"default","adv-header-id-meta":"","stick-header-meta":"","header-above-stick-meta":"","header-main-stick-meta":"","header-below-stick-meta":"","astra-migrate-meta-layouts":"default","ast-page-background-enabled":"default","ast-page-background-meta":{"desktop":{"background-color":"","background-image":"","background-repeat":"repeat","background-position":"center center","background-size":"auto","background-attachment":"scroll","background-type":"","background-media":"","overlay-type":"","overlay-color":"","overlay-opacity":"","overlay-gradient":""},"tablet":{"background-color":"","background-image":"","background-repeat":"repeat","background-position":"center center","background-size":"auto","background-attachment":"scroll","background-type":"","background-media":"","overlay-type":"","overlay-color":"","overlay-opacity":"","overlay-gradient":""},"mobile":{"background-color":"","background-image":"","background-repeat":"repeat","background-position":"center center","background-size":"auto","background-attachment":"scroll","background-type":"","background-media":"","overlay-type":"","overlay-color":"","overlay-opacity":"","overlay-gradient":""}},"ast-content-background-meta":{"desktop":{"background-color":"var(--ast-global-color-5)","background-image":"","background-repeat":"repeat","background-position":"center center","background-size":"auto","background-attachment":"scroll","background-type":"","background-media":"","overlay-type":"","overlay-color":"","overlay-opacity":"","overlay-gradient":""},"tablet":{"background-color":"var(--ast-global-color-5)","background-image":"","background-repeat":"repeat","background-position":"center center","background-size":"auto","background-attachment":"scroll","background-type":"","background-media":"","overlay-type":"","overlay-color":"","overlay-opacity":"","overlay-gradient":""},"mobile":{"background-color":"var(--ast-global-color-5)","background-image":"","background-repeat":"repeat","background-position":"center center","background-size":"auto","background-attachment":"scroll","background-type":"","background-media":"","overlay-type":"","overlay-color":"","overlay-opacity":"","overlay-gradient":""}}},"product_brand":[],"product_cat":[531],"product_tag":[2086],"class_list":{"0":"post-7694","1":"product","2":"type-product","3":"status-publish","4":"has-post-thumbnail","6":"product_cat-andre-peptider","7":"product_tag-selank-peptide-cas-129954-34-3-for-anti-anxiety-da","8":"desktop-align-left","9":"tablet-align-left","10":"mobile-align-left","12":"first","13":"instock","14":"shipping-taxable","15":"product-type-simple"},"_links":{"self":[{"href":"https:\/\/puyapeptide.net\/da\/wp-json\/wp\/v2\/product\/7694","targetHints":{"allow":["GET"]}}],"collection":[{"href":"https:\/\/puyapeptide.net\/da\/wp-json\/wp\/v2\/product"}],"about":[{"href":"https:\/\/puyapeptide.net\/da\/wp-json\/wp\/v2\/types\/product"}],"replies":[{"embeddable":true,"href":"https:\/\/puyapeptide.net\/da\/wp-json\/wp\/v2\/comments?post=7694"}],"wp:featuredmedia":[{"embeddable":true,"href":"https:\/\/puyapeptide.net\/da\/wp-json\/wp\/v2\/media\/2287"}],"wp:attachment":[{"href":"https:\/\/puyapeptide.net\/da\/wp-json\/wp\/v2\/media?parent=7694"}],"wp:term":[{"taxonomy":"product_brand","embeddable":true,"href":"https:\/\/puyapeptide.net\/da\/wp-json\/wp\/v2\/product_brand?post=7694"},{"taxonomy":"product_cat","embeddable":true,"href":"https:\/\/puyapeptide.net\/da\/wp-json\/wp\/v2\/product_cat?post=7694"},{"taxonomy":"product_tag","embeddable":true,"href":"https:\/\/puyapeptide.net\/da\/wp-json\/wp\/v2\/product_tag?post=7694"}],"curies":[{"name":"wp","href":"https:\/\/api.w.org\/{rel}","templated":true}]}}