{"id":7714,"date":"2021-12-16T10:29:00","date_gmt":"2021-12-16T15:29:00","guid":{"rendered":"https:\/\/puyapeptide.net\/product\/tesamorelin-usan-tesamorelin-cas-218949-48-5-til-behandling-af-hiv-associeret-lipidmetabolismeforstyrrelsessyndrom\/"},"modified":"2025-11-26T23:09:54","modified_gmt":"2025-11-27T04:09:54","slug":"tesamorelin-usan-tesamorelin-cas-218949-48-5-til-behandling-af-hiv-associeret-lipidmetabolismeforstyrrelsessyndrom","status":"publish","type":"product","link":"https:\/\/puyapeptide.net\/da\/product\/tesamorelin-usan-tesamorelin-cas-218949-48-5-til-behandling-af-hiv-associeret-lipidmetabolismeforstyrrelsessyndrom\/","title":{"rendered":"Tesamorelin (usan)\/ Tesamorelin CAS 218949-48-5 Til behandling af HIV-associeret lipidmetabolismeforstyrrelsessyndrom"},"content":{"rendered":"<h2><strong>Tesamorelin (usan)\/ Tesamorelin CAS 218949-48-5 Til behandling af HIV-associeret lipidmetabolismeforstyrrelsessyndrom<\/strong><\/h2>\n<p>Produktnavn: Tesamorelin (usan)<br \/>\nSynonymer: D06655;Tesamorelin (usan);TesamorelinAcetat;Varmt s\u00e6lgende farmaceutiske peptider 2mg Tesamorelin 99%;Tesamorelin (usan) USP\/EP\/BP<br \/>\nCAS: 2849-21 -5<br \/>\nMF:<br \/>\nMW: 0<br \/>\nEINECS: 603-809-2<br \/>\nProduktkategorier:<br \/>\nMol Fil: Mol File<\/p>\n<p>Tesamorelin er et syntetisk peptid best\u00e5ende af alle 44 aminosyrer i hGRF med tilf\u00f8jelse af en trans-3-hexensyregruppe.Tesamorelin (ogs\u00e5 kendt som Egrifta) er en syntetisk form for v\u00e6ksthormonfrig\u00f8rende hormon, som bruges til behandling af HIV-associeret lipodystrofi.sener fibroblaster p\u00e5 en dosisafh\u00e6ngig m\u00e5de som afsl\u00f8ret ved transwell filter migration assay. BPC 157 accelererede ogs\u00e5 dosisafh\u00e6ngigt spredningen af senefibroblaster p\u00e5 kultursk\u00e5le. F-actin-dannelsen som p\u00e5vist ved FITC-phalloidin-farvning blev induceret i BPC 157-behandlede fibroblaster. Proteinekspressionen og aktiveringen af FAK og paxillin blev bestemt ved Western blot-analyse, og phosphoryleringsniveauerne af b\u00e5de FAK og paxillin blev dosisafh\u00e6ngigt \u00f8get med BPC 157, mens de totale m\u00e6ngder af protein var u\u00e6ndrede. Som konklusion fremmer BPC 157 ex vivo-udv\u00e6ksten af senefibroblaster fra seneeksplantater, celleoverlevelse under stress og in vitro migration af senefibroblaster, som sandsynligvis medieres af aktiveringen af FAK-paxillin-vejen.<br \/>\n&lt;&amp; &gt; <strong>Tesamorelin-applikationer<\/strong> <\/p>\n<p>1. Triptorelin h\u00e6ver testosteronniveauet ved at for\u00e5rsage konstant stimulering af hypofysen, det neds\u00e6tter hypofysekretionen af gonadotropiner luteiniserende hormon (LH) og follikelstimulerende hormon (FSH).<\/p>\n<p>2. Ligesom andre GnRH-agonister kan triptorelin bruges til behandling af hormon-responsive kr\u00e6ftformer s\u00e5som prostatacancer eller brystkr\u00e6ft, tidlig pubertet, \u00f8strogenafh\u00e6ngige tilstande (s\u00e5som endometriose eller uterusfibromer) og i assisteret reproduktion.<\/p>\n","protected":false},"excerpt":{"rendered":"<p>Produktnavn: Tesamorelin (usan)<br \/>\nCAS: 218949-48-5<br \/>\nEINECS: 603-809-2<br \/>\nMol Fil: Mol Fil<\/p>\n","protected":false},"featured_media":2161,"comment_status":"open","ping_status":"closed","template":"","meta":{"om_disable_all_campaigns":false,"_monsterinsights_skip_tracking":false,"_monsterinsights_sitenote_active":false,"_monsterinsights_sitenote_note":"","_monsterinsights_sitenote_category":0,"site-sidebar-layout":"default","site-content-layout":"default","ast-site-content-layout":"default","site-content-style":"default","site-sidebar-style":"default","ast-global-header-display":"","ast-banner-title-visibility":"","ast-main-header-display":"","ast-hfb-above-header-display":"","ast-hfb-below-header-display":"","ast-hfb-mobile-header-display":"","site-post-title":"","ast-breadcrumbs-content":"","ast-featured-img":"","footer-sml-layout":"","ast-disable-related-posts":"","theme-transparent-header-meta":"default","adv-header-id-meta":"","stick-header-meta":"","header-above-stick-meta":"","header-main-stick-meta":"","header-below-stick-meta":"","astra-migrate-meta-layouts":"default","ast-page-background-enabled":"default","ast-page-background-meta":{"desktop":{"background-color":"","background-image":"","background-repeat":"repeat","background-position":"center center","background-size":"auto","background-attachment":"scroll","background-type":"","background-media":"","overlay-type":"","overlay-color":"","overlay-opacity":"","overlay-gradient":""},"tablet":{"background-color":"","background-image":"","background-repeat":"repeat","background-position":"center center","background-size":"auto","background-attachment":"scroll","background-type":"","background-media":"","overlay-type":"","overlay-color":"","overlay-opacity":"","overlay-gradient":""},"mobile":{"background-color":"","background-image":"","background-repeat":"repeat","background-position":"center center","background-size":"auto","background-attachment":"scroll","background-type":"","background-media":"","overlay-type":"","overlay-color":"","overlay-opacity":"","overlay-gradient":""}},"ast-content-background-meta":{"desktop":{"background-color":"var(--ast-global-color-5)","background-image":"","background-repeat":"repeat","background-position":"center center","background-size":"auto","background-attachment":"scroll","background-type":"","background-media":"","overlay-type":"","overlay-color":"","overlay-opacity":"","overlay-gradient":""},"tablet":{"background-color":"var(--ast-global-color-5)","background-image":"","background-repeat":"repeat","background-position":"center center","background-size":"auto","background-attachment":"scroll","background-type":"","background-media":"","overlay-type":"","overlay-color":"","overlay-opacity":"","overlay-gradient":""},"mobile":{"background-color":"var(--ast-global-color-5)","background-image":"","background-repeat":"repeat","background-position":"center center","background-size":"auto","background-attachment":"scroll","background-type":"","background-media":"","overlay-type":"","overlay-color":"","overlay-opacity":"","overlay-gradient":""}}},"product_brand":[],"product_cat":[531],"product_tag":[2061],"class_list":{"0":"post-7714","1":"product","2":"type-product","3":"status-publish","4":"has-post-thumbnail","6":"product_cat-andre-peptider","7":"product_tag-tesamorelin-usan-tesamorelin-cas-218949-48-5-for-the-treatment-of-hiv-associated-lipid-metabolism-disorder-syndrome-da","8":"desktop-align-left","9":"tablet-align-left","10":"mobile-align-left","12":"first","13":"instock","14":"shipping-taxable","15":"product-type-simple"},"_links":{"self":[{"href":"https:\/\/puyapeptide.net\/da\/wp-json\/wp\/v2\/product\/7714","targetHints":{"allow":["GET"]}}],"collection":[{"href":"https:\/\/puyapeptide.net\/da\/wp-json\/wp\/v2\/product"}],"about":[{"href":"https:\/\/puyapeptide.net\/da\/wp-json\/wp\/v2\/types\/product"}],"replies":[{"embeddable":true,"href":"https:\/\/puyapeptide.net\/da\/wp-json\/wp\/v2\/comments?post=7714"}],"wp:featuredmedia":[{"embeddable":true,"href":"https:\/\/puyapeptide.net\/da\/wp-json\/wp\/v2\/media\/2161"}],"wp:attachment":[{"href":"https:\/\/puyapeptide.net\/da\/wp-json\/wp\/v2\/media?parent=7714"}],"wp:term":[{"taxonomy":"product_brand","embeddable":true,"href":"https:\/\/puyapeptide.net\/da\/wp-json\/wp\/v2\/product_brand?post=7714"},{"taxonomy":"product_cat","embeddable":true,"href":"https:\/\/puyapeptide.net\/da\/wp-json\/wp\/v2\/product_cat?post=7714"},{"taxonomy":"product_tag","embeddable":true,"href":"https:\/\/puyapeptide.net\/da\/wp-json\/wp\/v2\/product_tag?post=7714"}],"curies":[{"name":"wp","href":"https:\/\/api.w.org\/{rel}","templated":true}]}}