{"id":7733,"date":"2021-12-16T10:30:00","date_gmt":"2021-12-16T15:30:00","guid":{"rendered":"https:\/\/puyapeptide.net\/product\/puya-leverer-cilengitide-cas-188968-51-6-til-laboratorieforskning\/"},"modified":"2021-12-16T10:30:00","modified_gmt":"2021-12-16T15:30:00","slug":"puya-leverer-cilengitide-cas-188968-51-6-til-laboratorieforskning","status":"publish","type":"product","link":"https:\/\/puyapeptide.net\/da\/product\/puya-leverer-cilengitide-cas-188968-51-6-til-laboratorieforskning\/","title":{"rendered":"Puya leverer Cilengitide CAS 188968-51-6 til laboratorieforskning"},"content":{"rendered":"<h2><strong>Puya leverer Cilengitide CAS 188968-51-6 til laboratorieforskning<\/strong><\/h2>\n<p>Produktnavn: cilengitide<br \/>\nSekvens: cyclo(Arg-Gly-Asp-D-Phe-N-Me-Val)<br \/>\nSynonymer: 2-[(2S,5R,8S,11S)-5- benzyl-11-[3-(diaminomethylidenamino)propyl]-7-methyl-3,6,9,12,15-pentaoxo-8-propan-2-yl-1,4,7,10,13-pentazacyclopentadec-2 -yl]eddikesyre; Cyclo(L-arginylglycyl-L-aspartyl-D-phenylalanyl-N-methyl-L-valyl); Cilengitide (EMD121974, NSC-707544); Cilengitid; C(RGDf-Me-V); EMD 121974;EMD-121974;EMD121974;CS-1500;CS-2674<br \/>\nCAS: 188968-51-6<br \/>\nMF: C27H40N8O7<br \/>\nMW: 588.66<br \/>\nEINECS: &lt;:&amp;&gt;Produktkategorier: &lt;:&amp;&gt; &amp;&gt;Mol Fil: 188968-51-6.mol<\/p>\n<p>Cilengitide er et cyklisk peptid indeholdende RGD-sekvensen. Peptidet er baseret p\u00e5 \u03b1v \u03b23 integrin liganden in vivo og blev opn\u00e5et ved en kombination af ringslutning, rumlig screening og methyleringsscanning med h\u00f8j affinitet og selektivitet for \u03b1v \u03b23 integriner. Tests har vist, at peptidet ikke kun bedre kan h\u00e6mme v\u00e6ksten af melanom og glioblastom, men ogs\u00e5 kan forbedre helbredelsesraten for andre tumorer s\u00e5som hoved- og halspladecelletumorer i kombination med str\u00e5lebehandling, som har et godt markedsudsigt og potentiale. . I peptidsyntese blev Cilengitide produceret ved at kombinere fastfase peptidsynteseteknologi med flydende fase peptidsynteseteknologi.<\/p>\n<p> <strong>cilengitide CAS 188968-51-6 Kemiske egenskaber<\/strong><br \/>\ndensitet 1,41\u00b10,1 g\/cm3(forudsagt)&lt; &amp;&gt;opbevaringstemp. -20\u00b0C<br \/>\nform pulver<br \/>\npka 4,01\u00b10,10(forudsagt)<br \/>\nfarve hvid til beige<\/p>\n<p> <strong>Anvendelser af cilengitide CAS 188968-51-6<\/strong><br \/>\nAngiogeneseinhibitor.<\/p>\n","protected":false},"excerpt":{"rendered":"<p>Produktnavn: cilengitide<br \/>\nCAS: 188968-51-6<br \/>\nMF: C27H40N8O7<br \/>\nMW: 588,66<br \/>\nMol Fil: 188968-51-6.mol<\/p>\n","protected":false},"featured_media":2203,"comment_status":"open","ping_status":"closed","template":"","meta":{"om_disable_all_campaigns":false,"_monsterinsights_skip_tracking":false,"_monsterinsights_sitenote_active":false,"_monsterinsights_sitenote_note":"","_monsterinsights_sitenote_category":0,"site-sidebar-layout":"default","site-content-layout":"default","ast-site-content-layout":"","site-content-style":"default","site-sidebar-style":"default","ast-global-header-display":"","ast-banner-title-visibility":"","ast-main-header-display":"","ast-hfb-above-header-display":"","ast-hfb-below-header-display":"","ast-hfb-mobile-header-display":"","site-post-title":"","ast-breadcrumbs-content":"","ast-featured-img":"","footer-sml-layout":"","theme-transparent-header-meta":"default","adv-header-id-meta":"","stick-header-meta":"","header-above-stick-meta":"","header-main-stick-meta":"","header-below-stick-meta":"","astra-migrate-meta-layouts":"default","ast-page-background-enabled":"default","ast-page-background-meta":{"desktop":{"background-color":"","background-image":"","background-repeat":"repeat","background-position":"center center","background-size":"auto","background-attachment":"scroll","background-type":"","background-media":"","overlay-type":"","overlay-color":"","overlay-opacity":"","overlay-gradient":""},"tablet":{"background-color":"","background-image":"","background-repeat":"repeat","background-position":"center center","background-size":"auto","background-attachment":"scroll","background-type":"","background-media":"","overlay-type":"","overlay-color":"","overlay-opacity":"","overlay-gradient":""},"mobile":{"background-color":"","background-image":"","background-repeat":"repeat","background-position":"center center","background-size":"auto","background-attachment":"scroll","background-type":"","background-media":"","overlay-type":"","overlay-color":"","overlay-opacity":"","overlay-gradient":""}},"ast-content-background-meta":{"desktop":{"background-color":"var(--ast-global-color-5)","background-image":"","background-repeat":"repeat","background-position":"center center","background-size":"auto","background-attachment":"scroll","background-type":"","background-media":"","overlay-type":"","overlay-color":"","overlay-opacity":"","overlay-gradient":""},"tablet":{"background-color":"var(--ast-global-color-5)","background-image":"","background-repeat":"repeat","background-position":"center center","background-size":"auto","background-attachment":"scroll","background-type":"","background-media":"","overlay-type":"","overlay-color":"","overlay-opacity":"","overlay-gradient":""},"mobile":{"background-color":"var(--ast-global-color-5)","background-image":"","background-repeat":"repeat","background-position":"center center","background-size":"auto","background-attachment":"scroll","background-type":"","background-media":"","overlay-type":"","overlay-color":"","overlay-opacity":"","overlay-gradient":""}}},"product_brand":[],"product_cat":[391],"product_tag":[2033],"class_list":{"0":"post-7733","1":"product","2":"type-product","3":"status-publish","4":"has-post-thumbnail","6":"product_cat-anti-tumor-peptid","7":"product_tag-puya-supply-cilengitide-cas-188968-51-6-for-lab-research-da","8":"desktop-align-left","9":"tablet-align-left","10":"mobile-align-left","12":"first","13":"instock","14":"shipping-taxable","15":"product-type-simple"},"_links":{"self":[{"href":"https:\/\/puyapeptide.net\/da\/wp-json\/wp\/v2\/product\/7733","targetHints":{"allow":["GET"]}}],"collection":[{"href":"https:\/\/puyapeptide.net\/da\/wp-json\/wp\/v2\/product"}],"about":[{"href":"https:\/\/puyapeptide.net\/da\/wp-json\/wp\/v2\/types\/product"}],"replies":[{"embeddable":true,"href":"https:\/\/puyapeptide.net\/da\/wp-json\/wp\/v2\/comments?post=7733"}],"wp:featuredmedia":[{"embeddable":true,"href":"https:\/\/puyapeptide.net\/da\/wp-json\/wp\/v2\/media\/2203"}],"wp:attachment":[{"href":"https:\/\/puyapeptide.net\/da\/wp-json\/wp\/v2\/media?parent=7733"}],"wp:term":[{"taxonomy":"product_brand","embeddable":true,"href":"https:\/\/puyapeptide.net\/da\/wp-json\/wp\/v2\/product_brand?post=7733"},{"taxonomy":"product_cat","embeddable":true,"href":"https:\/\/puyapeptide.net\/da\/wp-json\/wp\/v2\/product_cat?post=7733"},{"taxonomy":"product_tag","embeddable":true,"href":"https:\/\/puyapeptide.net\/da\/wp-json\/wp\/v2\/product_tag?post=7733"}],"curies":[{"name":"wp","href":"https:\/\/api.w.org\/{rel}","templated":true}]}}