{"id":7764,"date":"2021-12-16T10:31:59","date_gmt":"2021-12-16T15:31:59","guid":{"rendered":"https:\/\/puyapeptide.net\/product\/hot-sale-buserelin-cas-57982-77-1-til-behandling-af-prostatacancer-og-brystkraeft\/"},"modified":"2021-12-16T10:31:59","modified_gmt":"2021-12-16T15:31:59","slug":"hot-sale-buserelin-cas-57982-77-1-til-behandling-af-prostatacancer-og-brystkraeft","status":"publish","type":"product","link":"https:\/\/puyapeptide.net\/da\/product\/hot-sale-buserelin-cas-57982-77-1-til-behandling-af-prostatacancer-og-brystkraeft\/","title":{"rendered":"Hot Sale Buserelin CAS 57982-77-1 Til behandling af prostatacancer og brystkr\u00e6ft"},"content":{"rendered":"<h2><strong>Hot Sale Buserelin CAS 57982-77-1 Til behandling af prostatacancer og brystkr\u00e6ft<\/strong><\/h2>\n<p>Produktnavn: BUSERELIN<br \/>\nSynonymer: (d-ser(bu(supt)(sup6)))-lh-rh(1-9)nonapeptid-ethylamid;(d-ser(tbu)(sup6)- ea(sup10))-lhrh;(d-ser(tbu)(sup6)-ea(sup10))-luteiniserende hormon-releasinghormon;(d-ser(tbu)(sup6)-ea(sup10))-luteiniserende hormon-releasinghormon; BUSERELIN;1-9-luteiniserende hormonfrig\u00f8rende faktor (svin), 6-[O-(1,1-dimethylethyl)-D-serin]-9-(N-ethyl-L-prolinamid)-;buserilin;BUSERELIN PH . EUR.<br \/>\nCAS: 57982-77-1<br \/>\nMF: C60H86N16O13<br \/>\nMW: 1239.42<br \/>\nEINECS: 261-061-9<br \/>\nProduktkategorier: hormoner<br \/>\nMol Fil: 57982-77 -1.mol<\/p>\n<p>Buserelin, en GnRH-analog. Det kan fremkalde en stigning i LH, FSH og k\u00f8nshormonsekretion i begyndelsen af brugen, og efter 1 til 2 uger begynder det at give den modsatte effekt, og k\u00f8nshormonsekretionen kan reduceres til depotniveau. Det bruges prim\u00e6rt klinisk til prostatacancer og brystkr\u00e6ft. Det injiceres subkutant i begyndelsen [hos m\u00e6nd med Flutamid] og n\u00e6sespray bruges til vedligeholdelsesbehandling.<\/p>\n<p> <strong>Buserelin CAS 57982-77-1 Kemiske egenskaber<\/strong><br \/>\nalpha D20 -40,4\u00b0 (c) = 1 i dimethylacetamid)<br \/>\nKogepunkt 845,19\u00b0C (groft estimat)<br \/>\ndensitet 1,0711 (groft estimat)<br \/>\nbrydningsindeks 1,6200 (estimeret)<br \/>\nopl\u00f8selighed Svagt opl\u00f8seligt i vand og i fortyndede syrer.&lt;&amp; &gt;pka 9,82\u00b10,15(forudsagt)<\/p>\n<p> <strong>Funktion og anvendelse af Buserelin CAS 57982-77-1<\/strong><br \/>\nGnRH-analoger. Det kan fremkalde en stigning i I. H, FSH og k\u00f8nshormonsekretion i begyndelsen af brugen, og efter 1 til 2 uger begynder det at give den modsatte effekt, og k\u00f8nshormonsekretionen kan reduceres til depotniveau. Det bruges prim\u00e6rt klinisk til prostatacancer og brystkr\u00e6ft. Det injiceres subkutant i begyndelsen (hos m\u00e6nd med flutamid), og vedligeholdelsesbehandling gives med n\u00e6sespray.<\/p>\n","protected":false},"excerpt":{"rendered":"<p>Produktnavn: BUSERELIN<br \/>\nCAS: 57982-77-1<br \/>\nMF: C60H86N16O13<br \/>\nMW: 1239.42<br \/>\nEINECS: 261-061-9<br \/>\nMol Fil: 57982-77-1.mol<\/p>\n","protected":false},"featured_media":2119,"comment_status":"open","ping_status":"closed","template":"","meta":{"om_disable_all_campaigns":false,"_monsterinsights_skip_tracking":false,"_monsterinsights_sitenote_active":false,"_monsterinsights_sitenote_note":"","_monsterinsights_sitenote_category":0,"site-sidebar-layout":"default","site-content-layout":"default","ast-site-content-layout":"","site-content-style":"default","site-sidebar-style":"default","ast-global-header-display":"","ast-banner-title-visibility":"","ast-main-header-display":"","ast-hfb-above-header-display":"","ast-hfb-below-header-display":"","ast-hfb-mobile-header-display":"","site-post-title":"","ast-breadcrumbs-content":"","ast-featured-img":"","footer-sml-layout":"","theme-transparent-header-meta":"default","adv-header-id-meta":"","stick-header-meta":"","header-above-stick-meta":"","header-main-stick-meta":"","header-below-stick-meta":"","astra-migrate-meta-layouts":"default","ast-page-background-enabled":"default","ast-page-background-meta":{"desktop":{"background-color":"","background-image":"","background-repeat":"repeat","background-position":"center center","background-size":"auto","background-attachment":"scroll","background-type":"","background-media":"","overlay-type":"","overlay-color":"","overlay-opacity":"","overlay-gradient":""},"tablet":{"background-color":"","background-image":"","background-repeat":"repeat","background-position":"center center","background-size":"auto","background-attachment":"scroll","background-type":"","background-media":"","overlay-type":"","overlay-color":"","overlay-opacity":"","overlay-gradient":""},"mobile":{"background-color":"","background-image":"","background-repeat":"repeat","background-position":"center center","background-size":"auto","background-attachment":"scroll","background-type":"","background-media":"","overlay-type":"","overlay-color":"","overlay-opacity":"","overlay-gradient":""}},"ast-content-background-meta":{"desktop":{"background-color":"var(--ast-global-color-5)","background-image":"","background-repeat":"repeat","background-position":"center center","background-size":"auto","background-attachment":"scroll","background-type":"","background-media":"","overlay-type":"","overlay-color":"","overlay-opacity":"","overlay-gradient":""},"tablet":{"background-color":"var(--ast-global-color-5)","background-image":"","background-repeat":"repeat","background-position":"center center","background-size":"auto","background-attachment":"scroll","background-type":"","background-media":"","overlay-type":"","overlay-color":"","overlay-opacity":"","overlay-gradient":""},"mobile":{"background-color":"var(--ast-global-color-5)","background-image":"","background-repeat":"repeat","background-position":"center center","background-size":"auto","background-attachment":"scroll","background-type":"","background-media":"","overlay-type":"","overlay-color":"","overlay-opacity":"","overlay-gradient":""}}},"product_brand":[],"product_cat":[391],"product_tag":[2022],"class_list":{"0":"post-7764","1":"product","2":"type-product","3":"status-publish","4":"has-post-thumbnail","6":"product_cat-anti-tumor-peptid","7":"product_tag-hot-sale-buserelin-cas-57982-77-1-for-treat-prostate-cancer-and-breast-cancer-da","8":"desktop-align-left","9":"tablet-align-left","10":"mobile-align-left","12":"first","13":"instock","14":"shipping-taxable","15":"product-type-simple"},"_links":{"self":[{"href":"https:\/\/puyapeptide.net\/da\/wp-json\/wp\/v2\/product\/7764","targetHints":{"allow":["GET"]}}],"collection":[{"href":"https:\/\/puyapeptide.net\/da\/wp-json\/wp\/v2\/product"}],"about":[{"href":"https:\/\/puyapeptide.net\/da\/wp-json\/wp\/v2\/types\/product"}],"replies":[{"embeddable":true,"href":"https:\/\/puyapeptide.net\/da\/wp-json\/wp\/v2\/comments?post=7764"}],"wp:featuredmedia":[{"embeddable":true,"href":"https:\/\/puyapeptide.net\/da\/wp-json\/wp\/v2\/media\/2119"}],"wp:attachment":[{"href":"https:\/\/puyapeptide.net\/da\/wp-json\/wp\/v2\/media?parent=7764"}],"wp:term":[{"taxonomy":"product_brand","embeddable":true,"href":"https:\/\/puyapeptide.net\/da\/wp-json\/wp\/v2\/product_brand?post=7764"},{"taxonomy":"product_cat","embeddable":true,"href":"https:\/\/puyapeptide.net\/da\/wp-json\/wp\/v2\/product_cat?post=7764"},{"taxonomy":"product_tag","embeddable":true,"href":"https:\/\/puyapeptide.net\/da\/wp-json\/wp\/v2\/product_tag?post=7764"}],"curies":[{"name":"wp","href":"https:\/\/api.w.org\/{rel}","templated":true}]}}