{"id":7779,"date":"2021-12-16T10:32:06","date_gmt":"2021-12-16T15:32:06","guid":{"rendered":"https:\/\/puyapeptide.net\/product\/epitalon-epithalonacetat-cas-307297-39-8-til-anti-aging\/"},"modified":"2021-12-16T10:32:06","modified_gmt":"2021-12-16T15:32:06","slug":"epitalon-epithalonacetat-cas-307297-39-8-til-anti-aging","status":"publish","type":"product","link":"https:\/\/puyapeptide.net\/da\/product\/epitalon-epithalonacetat-cas-307297-39-8-til-anti-aging\/","title":{"rendered":"Epitalon\/Epithalonacetat CAS 307297-39-8 Til anti-aging"},"content":{"rendered":"<h2><strong>Epitalon\/Epithalonacetat CAS 307297-39-8 Til anti-aging<\/strong><\/h2>\n<p>Produktnavn: Epitalon<br \/>\nSynonymer: Epitalon;Epithalon;Glycin, L-alanyl-La-glutamyl-La-aspartyl-;L-alanyl-L-alfa-glutamyl-L-alfa-aspartylglycin;9: PN : WO02090380 SIDE: 55 p\u00e5st\u00e5et protein;L-Alanyl-L-a-glutamyl-L-a-aspartylglycin;Epithalon, Epithalon Tetra Peptide;Epithalonacetat<br \/>\nCAS: 307297-39-8<br \/>\nMFN: C149H22 MW: 390,35<br \/>\nEINECS: 211-519-9<br \/>\nProduktkategorier:<br \/>\nMol Fil: 307297-39-8.mol<\/p>\n<p>Epithalon er et peptid, der bruges til at regulere cellecyklussen gennem op -regulering af telomeraseaktivitet. Sekvensen af aminosyrer i peptidet er alanin-glutamat-asparagin-glycin. Dyrefors\u00f8g er blevet udf\u00f8rt p\u00e5 virkningen af Epithalon p\u00e5 suppression af spontane brysttumorer og spontan karcinogenese. Unders\u00f8gelser har vist, at Epithalons virkningsm\u00e5de involverer undertrykkelse af onkogenekspression og modifikation af telomeraseaktivitet.<\/p>\n<p>Epitalon (ogs\u00e5 kendt som Epithalon eller Epithalon) er den syntetiske version af polypeptidet Epithalamin, som er naturligt produceret i pinealkirtlen. Det blev syntetiseret af Vladimir Khavinson, en russisk professor og gerontolog, hvis forskning fokuserede p\u00e5 udviklingen af peptidpr\u00e6parater, der bruges til at genoprette funktionen i forskellige organer for at forhindre og vende aldringsprocessen. Han er i \u00f8jeblikket direkt\u00f8r for Saint Petersburg Institute of Bioregulation and Gerontology.<br \/>\nEpitalon betragtes som &quot;ungdommens springvand&quot;-peptid. Det er et tetrapeptid, hvilket betyder, at det er sammensat af fire aminosyrek\u00e6der. Peptidet bruges til at regulere cellecyklussen under telomeraseaktivitet. Telomerase, ogs\u00e5 kaldet telomere terminal transferase, er et enzym lavet af protein- og RNA-underenheder, der forl\u00e6nger kromosomerne. N\u00e5r telomeraseaktivitet ikke er til stede (n\u00e5r vi \u00e6ldes), \u00e6ldes vores celler. Vores telomerer bliver kortere og begynder at d\u00f8 ud. Hvis telomerase aktiveres i vores celler, forl\u00e6nges vores telomerer, cellen forts\u00e6tter med at vokse og dele sig, hvilket forsinker aldringsprocessen. (UT Southwestern Medical Lab)<br \/>\nhttps:\/\/www.amisantabarbara.com\/epitalon<\/p>\n<p> <strong>Epitalon\/Epithalon acetate CAS 307297-39-8 Chemical Properties<\/strong><br \/>\nEpitalon Chemical Properties<br \/>\nKogepunkt 959,8 \u00b165,0 \u00b0C(forudsagt)<br \/>\ndensitet 1,466\u00b10,06 g\/cm3(forudsagt)<br \/>\npka 3,16\u00b10,10(forudsagt)<br \/>\nCAS DataBase Reference 307297-39-8<\/p>\n<p> <strong>Funktioner og applikationer af Epitalon\/Epithalonacetat CAS 307297-39-8<\/strong><br \/>\nEpitalon blev opdaget af den russiske videnskabsmand professor Vladimir Khavinson. Han forskede i dette peptid i over 35 \u00e5r i kliniske fors\u00f8g med b\u00e5de dyr og mennesker. Resultaterne var forbl\u00f8ffende. For f\u00f8rste gang nogensinde beviste kliniske fors\u00f8g p\u00e5 mennesker uden tvivl, at stoffet bestod af kraftfulde livsforl\u00e6ngelse og anti-aldringsmuligheder.<br \/>\nFordele ved Epitalon: Som et resultat af Epitalons effekt p\u00e5 telomeraseproduktionen er fordelene unikke og vidtg\u00e5ende. n\u00e5 og omfatter:<br \/>\nEn stigning i menneskelig levetid ved at forl\u00e6nge telomerer i menneskeceller<br \/>\nFremme af dybere s\u00f8vn<br \/>\nForsinkelse og forebyggelse af aldersrelaterede sygdomme som kr\u00e6ft, hjertesygdomme og demens<br \/>\nFungerer som en antioxidant ved at reducere lipidoxidation og ROS (Reactive oxygen species) sammen med normalisering af T-cellefunktionen.<br \/>\nForbedring af hudens sundhed og udseende<br \/>\nHeling af skadede og forringede muskelceller<br \/>\nGenopretter og normaliserer melatoninniveauet i \u00e6ldre mennesker, der har mistet noget pineal funktion p\u00e5 grund af aldring<br \/>\nKan \u00f8ge modstanden mod f\u00f8lelsesm\u00e6ssig stress<\/p>\n","protected":false},"excerpt":{"rendered":"<p>Produktnavn: Epitalon<br \/>\nCAS: 307297-39-8<br \/>\nMF: C14H22N4O9<br \/>\nMW: 390.35<br \/>\nEINECS: 211-519-9<br \/>\nMol Fil: 307297-39-8.mol<\/p>\n","protected":false},"featured_media":2203,"comment_status":"open","ping_status":"closed","template":"","meta":{"om_disable_all_campaigns":false,"_monsterinsights_skip_tracking":false,"_monsterinsights_sitenote_active":false,"_monsterinsights_sitenote_note":"","_monsterinsights_sitenote_category":0,"site-sidebar-layout":"default","site-content-layout":"default","ast-site-content-layout":"default","site-content-style":"default","site-sidebar-style":"default","ast-global-header-display":"","ast-banner-title-visibility":"","ast-main-header-display":"","ast-hfb-above-header-display":"","ast-hfb-below-header-display":"","ast-hfb-mobile-header-display":"","site-post-title":"","ast-breadcrumbs-content":"","ast-featured-img":"","footer-sml-layout":"","ast-disable-related-posts":"","theme-transparent-header-meta":"default","adv-header-id-meta":"","stick-header-meta":"","header-above-stick-meta":"","header-main-stick-meta":"","header-below-stick-meta":"","astra-migrate-meta-layouts":"default","ast-page-background-enabled":"default","ast-page-background-meta":{"desktop":{"background-color":"","background-image":"","background-repeat":"repeat","background-position":"center center","background-size":"auto","background-attachment":"scroll","background-type":"","background-media":"","overlay-type":"","overlay-color":"","overlay-opacity":"","overlay-gradient":""},"tablet":{"background-color":"","background-image":"","background-repeat":"repeat","background-position":"center center","background-size":"auto","background-attachment":"scroll","background-type":"","background-media":"","overlay-type":"","overlay-color":"","overlay-opacity":"","overlay-gradient":""},"mobile":{"background-color":"","background-image":"","background-repeat":"repeat","background-position":"center center","background-size":"auto","background-attachment":"scroll","background-type":"","background-media":"","overlay-type":"","overlay-color":"","overlay-opacity":"","overlay-gradient":""}},"ast-content-background-meta":{"desktop":{"background-color":"var(--ast-global-color-5)","background-image":"","background-repeat":"repeat","background-position":"center center","background-size":"auto","background-attachment":"scroll","background-type":"","background-media":"","overlay-type":"","overlay-color":"","overlay-opacity":"","overlay-gradient":""},"tablet":{"background-color":"var(--ast-global-color-5)","background-image":"","background-repeat":"repeat","background-position":"center center","background-size":"auto","background-attachment":"scroll","background-type":"","background-media":"","overlay-type":"","overlay-color":"","overlay-opacity":"","overlay-gradient":""},"mobile":{"background-color":"var(--ast-global-color-5)","background-image":"","background-repeat":"repeat","background-position":"center center","background-size":"auto","background-attachment":"scroll","background-type":"","background-media":"","overlay-type":"","overlay-color":"","overlay-opacity":"","overlay-gradient":""}}},"product_brand":[],"product_cat":[733],"product_tag":[1990],"class_list":{"0":"post-7779","1":"product","2":"type-product","3":"status-publish","4":"has-post-thumbnail","6":"product_cat-andet-kosmetisk-peptid","7":"product_tag-epitalon-epithalon-acetate-cas-307297-39-8-for-anti-aging-da","8":"desktop-align-left","9":"tablet-align-left","10":"mobile-align-left","12":"first","13":"instock","14":"shipping-taxable","15":"product-type-simple"},"_links":{"self":[{"href":"https:\/\/puyapeptide.net\/da\/wp-json\/wp\/v2\/product\/7779","targetHints":{"allow":["GET"]}}],"collection":[{"href":"https:\/\/puyapeptide.net\/da\/wp-json\/wp\/v2\/product"}],"about":[{"href":"https:\/\/puyapeptide.net\/da\/wp-json\/wp\/v2\/types\/product"}],"replies":[{"embeddable":true,"href":"https:\/\/puyapeptide.net\/da\/wp-json\/wp\/v2\/comments?post=7779"}],"wp:featuredmedia":[{"embeddable":true,"href":"https:\/\/puyapeptide.net\/da\/wp-json\/wp\/v2\/media\/2203"}],"wp:attachment":[{"href":"https:\/\/puyapeptide.net\/da\/wp-json\/wp\/v2\/media?parent=7779"}],"wp:term":[{"taxonomy":"product_brand","embeddable":true,"href":"https:\/\/puyapeptide.net\/da\/wp-json\/wp\/v2\/product_brand?post=7779"},{"taxonomy":"product_cat","embeddable":true,"href":"https:\/\/puyapeptide.net\/da\/wp-json\/wp\/v2\/product_cat?post=7779"},{"taxonomy":"product_tag","embeddable":true,"href":"https:\/\/puyapeptide.net\/da\/wp-json\/wp\/v2\/product_tag?post=7779"}],"curies":[{"name":"wp","href":"https:\/\/api.w.org\/{rel}","templated":true}]}}