{"id":7822,"date":"2021-12-16T11:16:32","date_gmt":"2021-12-16T16:16:32","guid":{"rendered":"https:\/\/puyapeptide.net\/product\/dsip-soevninducerende-peptide-cas-62568-57-4-hjaelp-til-at-sove-godt\/"},"modified":"2026-03-23T01:59:45","modified_gmt":"2026-03-23T05:59:45","slug":"dsip-soevninducerende-peptide-cas-62568-57-4-hjaelp-til-at-sove-godt","status":"publish","type":"product","link":"https:\/\/puyapeptide.net\/da\/product\/dsip-soevninducerende-peptide-cas-62568-57-4-hjaelp-til-at-sove-godt\/","title":{"rendered":"DSIP\/ S\u00d8VNINDUCERENDE PEPTIDE CAS 62568-57-4 Hj\u00e6lp til at sove godt"},"content":{"rendered":"<h2><strong>Drotaverine Hidroklorida \/ Drotaverine Hcl CAS 985-12-6<\/strong><\/h2>\n<p>Produktnavn: DSIP<br \/>\nSynonymer: SLEEP INDUCING PEPTIDE;WAGGDASGE;TRP-ALA-GLY-GLY-ASN-ALA-SER-GLY-GLU;TRP-ALA-GLY-GLY-ASP-ALA-SER- GLY-GLU;TRP-ALA-GLY-GLY-ASP-ALA-SER-GLY-GLU 4H2O;DELTA S\u00d8VNINDUCERENDE PEPTID;DELTA S\u00d8VNINDUCERENDE PEPTID 4H2O;DSIP<br \/>\nCAS: 62568-57-4<br \/>\nMF : C35H48N10O15<br \/>\nMW: 848.82<br \/>\nEINECS: 211-519-9<br \/>\nProduktkategorier: Peptid<br \/>\nMol Fil: 62568-57-4.mol<\/p>\n<p>Delta s\u00f8vninducerende peptid, forkortet DSIP, er et neuropeptid, der, n\u00e5r det infunderes i den mesodiencefaliske ventrikel hos modtagerkaniner, inducerer spindel- og delta-EEG-aktivitet og reducerede motoriske aktiviteter.<\/p>\n<p> <strong>DSIP CAS 985-12-6 Kemiske egenskaber<\/strong><br \/>\nKogepunkt 1522,7\u00b1650. \u00b0C(Forudsagt)<br \/>\ndensitet 1,458\u00b10,06 g\/cm3(Forudsagt)<br \/>\nopbevaringstemp. \u221220\u00b0C<br \/>\npka 3,18\u00b10,10(forudsagt)<br \/>\nVandopl\u00f8selighed Opl\u00f8selig i vand ved 0,5mg\/ml<br \/>\nInChIKey ZRZROXNBKJAOKB-GFVHOAGBSA-N<\/p>\n<p> <strong>DSIP Funktion<\/strong><br \/>\nMange roller for DSIP er blevet foresl\u00e5et efter forskning udf\u00f8rt med peptidanaloger med st\u00f8rre molekyl\u00e6r stabilitet og gennem m\u00e5ling af DSIP-lignende immunologisk (DSIP-LI) respons ved at injicere DSIP-antiserum og antistoffer<\/p>\n<p> <strong>Roller i endokrin regulering<\/strong><br \/>\nReducerer basal corticotropin niveau og blokerer dets frigivelse.<br \/>\nStimulerer frigivelse af luteiniserende hormon (LH).<br \/>\nStimulerer frigivelse af somatoliberin og somatotrophin sekretion og h\u00e6mmer somatostatin sekretion.<\/p>\n<p> <strong>Struktur og interaktioner<\/strong><br \/>\nDSIP er en amfifil peptid med molekylv\u00e6gt 850 dalton med aminosyremotivet:N-Trp-Ala-Gly-Gly-Asp-Ala-Ser-Gly-Glu-C<br \/>\nDet er blevet fundet i b\u00e5de fri og bundet form i hypothalamus, limbiske system og hypofyse samt forskellige perifere organer, v\u00e6v og kropsv\u00e6sker.[5] I hypofysen co-lokaliseres det med mange peptid- og ikke-peptid-mediatorer, s\u00e5som corticotropin-lignende mellempeptid (CLIP), adrenokortikotrofisk hormon (ACTH), melanocyt-stimulerende hormon (MSH), thyreoidea-stimulerende hormon (TSH) og melanin-koncentrerende hormon. hormon (MCH). Det er rigeligt i tarmens sekretoriske celler og i bugspytkirtlen, hvor det co-lokaliseres med glukagon.<br \/>\nIn vitro har det vist sig at have en lav molekyl\u00e6r stabilitet med en halveringstid p\u00e5 kun 15 minutter p\u00e5 grund af virkningen af en specifik aminopeptidase-lignende enzym. Det er blevet foresl\u00e5et, at det i kroppen kompleksbinder med b\u00e6rerproteiner for at forhindre nedbrydning, eller eksisterer som en bestanddel af et stort forstadiemolekyle, men endnu er der ikke fundet nogen struktur eller gen for denne forstadie.<\/p>\n","protected":false},"excerpt":{"rendered":"<p>Produktnavn: DSIP<br \/>\nCAS: 62568-57-4<br \/>\nMF: C35H48N10O15<br \/>\nMW: 848.82<br \/>\nEINECS: 211-519-9<br \/>\nMol Fil: 62568-57-4.mol<\/p>\n","protected":false},"featured_media":0,"comment_status":"open","ping_status":"closed","template":"","meta":{"om_disable_all_campaigns":false,"_monsterinsights_skip_tracking":false,"_monsterinsights_sitenote_active":false,"_monsterinsights_sitenote_note":"","_monsterinsights_sitenote_category":0,"site-sidebar-layout":"default","site-content-layout":"default","ast-site-content-layout":"default","site-content-style":"default","site-sidebar-style":"default","ast-global-header-display":"","ast-banner-title-visibility":"","ast-main-header-display":"","ast-hfb-above-header-display":"","ast-hfb-below-header-display":"","ast-hfb-mobile-header-display":"","site-post-title":"","ast-breadcrumbs-content":"","ast-featured-img":"","footer-sml-layout":"","ast-disable-related-posts":"","theme-transparent-header-meta":"default","adv-header-id-meta":"","stick-header-meta":"","header-above-stick-meta":"","header-main-stick-meta":"","header-below-stick-meta":"","astra-migrate-meta-layouts":"default","ast-page-background-enabled":"default","ast-page-background-meta":{"desktop":{"background-color":"","background-image":"","background-repeat":"repeat","background-position":"center center","background-size":"auto","background-attachment":"scroll","background-type":"","background-media":"","overlay-type":"","overlay-color":"","overlay-opacity":"","overlay-gradient":""},"tablet":{"background-color":"","background-image":"","background-repeat":"repeat","background-position":"center center","background-size":"auto","background-attachment":"scroll","background-type":"","background-media":"","overlay-type":"","overlay-color":"","overlay-opacity":"","overlay-gradient":""},"mobile":{"background-color":"","background-image":"","background-repeat":"repeat","background-position":"center center","background-size":"auto","background-attachment":"scroll","background-type":"","background-media":"","overlay-type":"","overlay-color":"","overlay-opacity":"","overlay-gradient":""}},"ast-content-background-meta":{"desktop":{"background-color":"var(--ast-global-color-5)","background-image":"","background-repeat":"repeat","background-position":"center center","background-size":"auto","background-attachment":"scroll","background-type":"","background-media":"","overlay-type":"","overlay-color":"","overlay-opacity":"","overlay-gradient":""},"tablet":{"background-color":"var(--ast-global-color-5)","background-image":"","background-repeat":"repeat","background-position":"center center","background-size":"auto","background-attachment":"scroll","background-type":"","background-media":"","overlay-type":"","overlay-color":"","overlay-opacity":"","overlay-gradient":""},"mobile":{"background-color":"var(--ast-global-color-5)","background-image":"","background-repeat":"repeat","background-position":"center center","background-size":"auto","background-attachment":"scroll","background-type":"","background-media":"","overlay-type":"","overlay-color":"","overlay-opacity":"","overlay-gradient":""}}},"product_brand":[],"product_cat":[531],"product_tag":[1944],"class_list":{"0":"post-7822","1":"product","2":"type-product","3":"status-publish","5":"product_cat-andre-peptider","6":"product_tag-dsip-sleep-inducing-peptide-cas-62568-57-4-help-for-sleep-well-da","7":"desktop-align-left","8":"tablet-align-left","9":"mobile-align-left","11":"first","12":"instock","13":"shipping-taxable","14":"product-type-simple"},"_links":{"self":[{"href":"https:\/\/puyapeptide.net\/da\/wp-json\/wp\/v2\/product\/7822","targetHints":{"allow":["GET"]}}],"collection":[{"href":"https:\/\/puyapeptide.net\/da\/wp-json\/wp\/v2\/product"}],"about":[{"href":"https:\/\/puyapeptide.net\/da\/wp-json\/wp\/v2\/types\/product"}],"replies":[{"embeddable":true,"href":"https:\/\/puyapeptide.net\/da\/wp-json\/wp\/v2\/comments?post=7822"}],"wp:attachment":[{"href":"https:\/\/puyapeptide.net\/da\/wp-json\/wp\/v2\/media?parent=7822"}],"wp:term":[{"taxonomy":"product_brand","embeddable":true,"href":"https:\/\/puyapeptide.net\/da\/wp-json\/wp\/v2\/product_brand?post=7822"},{"taxonomy":"product_cat","embeddable":true,"href":"https:\/\/puyapeptide.net\/da\/wp-json\/wp\/v2\/product_cat?post=7822"},{"taxonomy":"product_tag","embeddable":true,"href":"https:\/\/puyapeptide.net\/da\/wp-json\/wp\/v2\/product_tag?post=7822"}],"curies":[{"name":"wp","href":"https:\/\/api.w.org\/{rel}","templated":true}]}}