{"id":7857,"date":"2021-12-16T11:16:44","date_gmt":"2021-12-16T16:16:44","guid":{"rendered":"https:\/\/puyapeptide.net\/product\/etelcalcetide-cas-1262780-97-1-udviklet-til-brug-hos-patienter-med-kronisk-nyresygdom-ckd-som-er-i-haemodialysebehandling\/"},"modified":"2021-12-16T11:16:44","modified_gmt":"2021-12-16T16:16:44","slug":"etelcalcetide-cas-1262780-97-1-udviklet-til-brug-hos-patienter-med-kronisk-nyresygdom-ckd-som-er-i-haemodialysebehandling","status":"publish","type":"product","link":"https:\/\/puyapeptide.net\/da\/product\/etelcalcetide-cas-1262780-97-1-udviklet-til-brug-hos-patienter-med-kronisk-nyresygdom-ckd-som-er-i-haemodialysebehandling\/","title":{"rendered":"Etelcalcetide CAS 1262780-97-1 Udviklet til brug hos patienter med kronisk nyresygdom (CKD), som er i h\u00e6modialysebehandling"},"content":{"rendered":"<h2><strong>Etelcalcetide CAS 1262780-97-1 Udviklet til brug hos patienter med kronisk nyresygdom (CKD), som er i h\u00e6modialysebehandling<\/strong><\/h2>\n<p>Produktnavn: Etelcalcetide<br \/>\nSynonymer: Etelcalcetide;D-argininamid, N-acetyl-D-cysteinyl-D-alanyl-D-arginyl-D-arginyl-D-arginyl-D-alanyl-, disulfid med L -cystein;AMG-416 (Velcalcetide)<br \/>\nCAS: 1262780-97-1<br \/>\nMF: C38H73N21O10S2<br \/>\nMW: 1048.25<br \/>\nEINECS:<br \/>\nProduktkategorier:<br \/>\nMol Fil: 1262 97-1.mol<\/p>\n<p>Etelcalcetide er et nyt CalcimimeticAgent (CalcimimeticAgent). Det administreres intraven\u00f8st og udviklet til patienter med kronisk nyresygdom (CKD), der gennemg\u00e5r h\u00e6modialysebehandling.AMG416 binder til og aktiverer calciumf\u00f8lsomme receptorer p\u00e5 biskjoldbruskkirtlerne, hvilket resulterer i en reduktion i niveauet af parathyroidhormon (PTH).<br \/>\n&lt;&amp; &gt; <strong>Etelcalcetide CAS 1262780-97-1 Kemiske egenskaber<\/strong><br \/>\ndensitet 1,58\u00b10,1 g\/cm3(forudsagt)<br \/>\npka 2,01\u00b10,10(forudsagt)<\/p>\n<p> <strong>Funktion og anvendelse af Etelcalcetide CAS 1267-1267-180-9 Kemiske egenskaber<\/strong><br \/>\nEtelcalcetide aktiverer calciumf\u00f8lende receptor p\u00e5 biskjoldbruskkirtler, hvilket reducerer PTH-syntese og sekretion. Det kan bruges til sekund\u00e6r hyperparathyroidisme forbundet med forskning i kronisk nyresygdom.<\/p>\n","protected":false},"excerpt":{"rendered":"<p>Produktnavn: Etelcalcetide<br \/>\nCAS: 1262780-97-1<br \/>\nMF: C38H73N21O10S2<br \/>\nMW: 1048.25<br \/>\nMol Fil: 1262780-97-1.mol<\/p>\n","protected":false},"featured_media":0,"comment_status":"open","ping_status":"closed","template":"","meta":{"om_disable_all_campaigns":false,"_monsterinsights_skip_tracking":false,"_monsterinsights_sitenote_active":false,"_monsterinsights_sitenote_note":"","_monsterinsights_sitenote_category":0,"site-sidebar-layout":"default","site-content-layout":"default","ast-site-content-layout":"default","site-content-style":"default","site-sidebar-style":"default","ast-global-header-display":"","ast-banner-title-visibility":"","ast-main-header-display":"","ast-hfb-above-header-display":"","ast-hfb-below-header-display":"","ast-hfb-mobile-header-display":"","site-post-title":"","ast-breadcrumbs-content":"","ast-featured-img":"","footer-sml-layout":"","ast-disable-related-posts":"","theme-transparent-header-meta":"default","adv-header-id-meta":"","stick-header-meta":"","header-above-stick-meta":"","header-main-stick-meta":"","header-below-stick-meta":"","astra-migrate-meta-layouts":"default","ast-page-background-enabled":"default","ast-page-background-meta":{"desktop":{"background-color":"","background-image":"","background-repeat":"repeat","background-position":"center center","background-size":"auto","background-attachment":"scroll","background-type":"","background-media":"","overlay-type":"","overlay-color":"","overlay-opacity":"","overlay-gradient":""},"tablet":{"background-color":"","background-image":"","background-repeat":"repeat","background-position":"center center","background-size":"auto","background-attachment":"scroll","background-type":"","background-media":"","overlay-type":"","overlay-color":"","overlay-opacity":"","overlay-gradient":""},"mobile":{"background-color":"","background-image":"","background-repeat":"repeat","background-position":"center center","background-size":"auto","background-attachment":"scroll","background-type":"","background-media":"","overlay-type":"","overlay-color":"","overlay-opacity":"","overlay-gradient":""}},"ast-content-background-meta":{"desktop":{"background-color":"var(--ast-global-color-5)","background-image":"","background-repeat":"repeat","background-position":"center center","background-size":"auto","background-attachment":"scroll","background-type":"","background-media":"","overlay-type":"","overlay-color":"","overlay-opacity":"","overlay-gradient":""},"tablet":{"background-color":"var(--ast-global-color-5)","background-image":"","background-repeat":"repeat","background-position":"center center","background-size":"auto","background-attachment":"scroll","background-type":"","background-media":"","overlay-type":"","overlay-color":"","overlay-opacity":"","overlay-gradient":""},"mobile":{"background-color":"var(--ast-global-color-5)","background-image":"","background-repeat":"repeat","background-position":"center center","background-size":"auto","background-attachment":"scroll","background-type":"","background-media":"","overlay-type":"","overlay-color":"","overlay-opacity":"","overlay-gradient":""}}},"product_brand":[],"product_cat":[531],"product_tag":[1937],"class_list":{"0":"post-7857","1":"product","2":"type-product","3":"status-publish","5":"product_cat-andre-peptider","6":"product_tag-etelcalcetide-cas-1262780-97-1-developed-for-use-in-patients-with-chronic-kidney-disease-ckd-who-are-on-hemodialysis-treatment-da","7":"desktop-align-left","8":"tablet-align-left","9":"mobile-align-left","11":"first","12":"instock","13":"shipping-taxable","14":"product-type-simple"},"_links":{"self":[{"href":"https:\/\/puyapeptide.net\/da\/wp-json\/wp\/v2\/product\/7857","targetHints":{"allow":["GET"]}}],"collection":[{"href":"https:\/\/puyapeptide.net\/da\/wp-json\/wp\/v2\/product"}],"about":[{"href":"https:\/\/puyapeptide.net\/da\/wp-json\/wp\/v2\/types\/product"}],"replies":[{"embeddable":true,"href":"https:\/\/puyapeptide.net\/da\/wp-json\/wp\/v2\/comments?post=7857"}],"wp:attachment":[{"href":"https:\/\/puyapeptide.net\/da\/wp-json\/wp\/v2\/media?parent=7857"}],"wp:term":[{"taxonomy":"product_brand","embeddable":true,"href":"https:\/\/puyapeptide.net\/da\/wp-json\/wp\/v2\/product_brand?post=7857"},{"taxonomy":"product_cat","embeddable":true,"href":"https:\/\/puyapeptide.net\/da\/wp-json\/wp\/v2\/product_cat?post=7857"},{"taxonomy":"product_tag","embeddable":true,"href":"https:\/\/puyapeptide.net\/da\/wp-json\/wp\/v2\/product_tag?post=7857"}],"curies":[{"name":"wp","href":"https:\/\/api.w.org\/{rel}","templated":true}]}}