{"id":7871,"date":"2021-12-16T11:17:57","date_gmt":"2021-12-16T16:17:57","guid":{"rendered":"https:\/\/puyapeptide.net\/product\/sermorelin-sermorelin-acetate-grf-1-29-amid-menneske-cas-86168-78-7\/"},"modified":"2021-12-16T11:17:57","modified_gmt":"2021-12-16T16:17:57","slug":"sermorelin-sermorelin-acetate-grf-1-29-amid-menneske-cas-86168-78-7","status":"publish","type":"product","link":"https:\/\/puyapeptide.net\/da\/product\/sermorelin-sermorelin-acetate-grf-1-29-amid-menneske-cas-86168-78-7\/","title":{"rendered":"Sermorelin\/ Sermorelin Acetate\/ GRF (1-29) amid (menneske) CAS 86168-78-7"},"content":{"rendered":"<h2><strong>Sermorelin\/ Sermorelin Acetate\/ GRF (1-29) amid (menneske) CAS 86168-78-7<\/strong><\/h2>\n<p>Produktnavn: Sermorelin<br \/>\nSynonymer: SERMORELIN;SERMORELIN ACETATE;YADAIFTNSYRKVLGQLSARKLLQDIMSR-NH2;TYR-ALA-ASP-ALA-ILE-PHE-THR-ASN-SER-TYR-ARG-LYS-VAL-LEU- -GLN-LEU-SER-ALA-ARG-LYS-LEU-LEU-GLN-ASP-ILE-MET-SER-ARG-NH2;TYR-ALA-ASP-ALA-ILE-PHE-THR-ASN-SER-TYR -ARG-LYS-VAL-LEU-GLY-GLN-LEU-SER-ALA-ARG-LYS-LEU-LEU-GLN-ASP-ILE-MET-SER-ARG-NH2 HUMAN;v\u00e6ksthormonfrig\u00f8rende faktor*fragment 1- 29 ami;H-TYR-ALA-ASP-ALA-ILE-PHE-THR-ASN-SER-TYR-ARG-LYS-VAL-LEU-GLY-GLN-LEU-SER-ALA-ARG-LYS-LEU-LEU -GLN-ASP-ILE-MET-SER-ARG-NH2;V\u00c6KSTHORMONUDG\u00d8RENDE FAKTOR (1-29), AMID, HUMAN<br \/>\nCAS: 86168-78-7<br \/>\nMF: C149H246N44O42S<br \/>\nMW: 3357.<br \/>\nEINECS: 1312995-182-4<br \/>\nProduktkategorier: Peptid;Aminosyrederivater;GH-RHObesity Research;GH-RHPeptides for Cell Biology;Growth Hormone Releasing Factors;Neuropeptides;Neurotransmission (Obesity;Releasermore Factors);<br \/>\nMol Fil: 86168-78-7.mol<\/p>\n<p>Serm&#39;orelinacetat er en biologisk aktiv analog af v\u00e6kstfrig\u00f8rende faktor (GRF 1-44), som er en frigivelse inghormon (GHRH), der naturligt produceres af den menneskelige hjerne for at stimulere produktion og sekretion af hypofysen. Serm&#39;orelin er ikke ae; det er en sekretagog, hvilket betyder, at den stimulerer hypofysen ved at binde sig til specifikke receptorer for at \u00f8ge produktionen og udskillelsen af<\/p>\n<p>Under \u00e6ldning falder GHRH, hvilket for\u00e5rsager nedsat produktion og sekretion af hypofysen og derved \u00f8get v\u00e6ksthormonmangel. som eroderer sundhed, udholdenhed og vitalitet senere i livet. Serm&#39;orelin betragtes som et anti-aging supplement, der kan hj\u00e6lpe kroppen med at reparere beskadigede celler og sv\u00e6kkede systemer for\u00e5rsaget af utilstr\u00e6kkelig . <\/p>\n<p>Serm&#39;orelin er en GHRH-peptidanalog. Dens peptidsekvens best\u00e5r af 29 aminosyrer. Denne sekvens er en del af den endogene person GHRH og anses for \u00f8jeblikket for at v\u00e6re det korteste syntetiske peptid, der besidder den fulde r\u00e6kke af funktionel GHRH-aktivitet. P\u00e5 grund af denne kendsgerning anses sermor&#39;elin for at v\u00e6re sekretagogisk.<\/p>\n<p>Serm&#39;orelin er blevet brugt under forskning til at stimulere sekretionen fra adenohypofysen (ogs\u00e5 kaldet hypofyseforreste). Den forreste hypofyse udskiller trofisk. Serm&#39;orelin er ogs\u00e5 blevet brugt i forskningsstimuleringstest til at vurdere hypofysetilstr\u00e6kkelighed i forhold til sekretionen.<\/p>\n<p> <strong>Sermorelin\/ Sermorelin Acetate\/ GRF (1-29) amid (human) CAS 86168-78-7 Chemical Egenskaber<\/strong><br \/>\nalpha D20 -63,1\u00b0 (c = 1 i 30% eddikesyre)<br \/>\ndensitet 1,45\u00b10,1 g\/cm3(forudsagt)<br \/>\nopbevaringstemp. \u221220\u00b0C<br \/>\nInChIKey BVLCEKWPOSAKSZ-YQMCHIOTSA-N<br \/>\nCAS DataBase Reference 86168-78-7(CAS DataBase Reference)<\/p>\n<p> <strong>Funktioner af Sermorelin\/ Sermorelin Acetate\/ GRF (1-29) amid ( menneske) CAS 86168-78-7<\/strong><br \/>\n1. \u00d8ger energi, vitalitet, styrke og udholdenhed.<br \/>\n2. V\u00e6kst af mager muskelmasse\/reduktion af fedt, For\u00f8gelse af mager muskelmasse.<br \/>\n3. Nedbryder kropsfedt og fedtsyrer.<br \/>\n4. Forbedrer hjertefunktionen.<br \/>\n5. \u00d8ger kalkretention, hvilket styrker og \u00f8ger knoglet\u00e6theden.<br \/>\n6. Forst\u00e6rker immunsystemet og fremskynder heling fra s\u00e5r eller operation.<br \/>\n7. Fremmer ikke-REM langsomme b\u00f8lges\u00f8vn, forbedret s\u00f8vnkvalitet.<br \/>\n8. \u00d8ger proteinsyntesen og stimulerer v\u00e6ksten af alle indre organer undtagen hjernen.<br \/>\n9. Hud- og neglesundhed (strammere hud, tykkere negle).<br \/>\n10. Fald i kropssmerter s\u00e5som led- og muskelsmerter.<\/p>\n<p> <strong>Anvendelser af Sermorelin\/ Sermorelin Acetate\/ GRF (1-29) amid (menneske) CAS 86168-78-7<\/strong><br \/>\nSerm&#39;orelin har et bredt udvalg af positive effekter. P\u00e5 grund af sin natur som en GHRH, \u00f8ger sermo&#39;relin kun kroppens evne til at producere mere; det er ikke en indspr\u00f8jtning i sig selv. I b\u00e5de en pr\u00e6stationsfremmende og generel velv\u00e6reforstand har sermo&#39;relin en bred vifte af fordele, der g\u00f8r det til et kraftfuldt og v\u00e6rdifuldt stof.<\/p>\n<p>Sermo&#39;relinacetat er et humant hormonfrig\u00f8rende hormon (GHRH eller GRF) bruges til diagnostisk evaluering af hypofysefunktionen og ogs\u00e5 til at \u00f8ge v\u00e6ksten hos b\u00f8rn.<\/p>\n","protected":false},"excerpt":{"rendered":"<p>Produktnavn: Sermorelin<br \/>\nCAS: 86168-78-7<br \/>\nMF: C149H246N44O42S<br \/>\nMW: 3357.93<br \/>\nEINECS: 1312995-182-4<br \/>\nMol Fil: 86168-78-7<\/p>\n","protected":false},"featured_media":2119,"comment_status":"open","ping_status":"closed","template":"","meta":{"om_disable_all_campaigns":false,"_monsterinsights_skip_tracking":false,"_monsterinsights_sitenote_active":false,"_monsterinsights_sitenote_note":"","_monsterinsights_sitenote_category":0,"site-sidebar-layout":"default","site-content-layout":"default","ast-site-content-layout":"default","site-content-style":"default","site-sidebar-style":"default","ast-global-header-display":"","ast-banner-title-visibility":"","ast-main-header-display":"","ast-hfb-above-header-display":"","ast-hfb-below-header-display":"","ast-hfb-mobile-header-display":"","site-post-title":"","ast-breadcrumbs-content":"","ast-featured-img":"","footer-sml-layout":"","ast-disable-related-posts":"","theme-transparent-header-meta":"default","adv-header-id-meta":"","stick-header-meta":"","header-above-stick-meta":"","header-main-stick-meta":"","header-below-stick-meta":"","astra-migrate-meta-layouts":"default","ast-page-background-enabled":"default","ast-page-background-meta":{"desktop":{"background-color":"","background-image":"","background-repeat":"repeat","background-position":"center center","background-size":"auto","background-attachment":"scroll","background-type":"","background-media":"","overlay-type":"","overlay-color":"","overlay-opacity":"","overlay-gradient":""},"tablet":{"background-color":"","background-image":"","background-repeat":"repeat","background-position":"center center","background-size":"auto","background-attachment":"scroll","background-type":"","background-media":"","overlay-type":"","overlay-color":"","overlay-opacity":"","overlay-gradient":""},"mobile":{"background-color":"","background-image":"","background-repeat":"repeat","background-position":"center center","background-size":"auto","background-attachment":"scroll","background-type":"","background-media":"","overlay-type":"","overlay-color":"","overlay-opacity":"","overlay-gradient":""}},"ast-content-background-meta":{"desktop":{"background-color":"var(--ast-global-color-5)","background-image":"","background-repeat":"repeat","background-position":"center center","background-size":"auto","background-attachment":"scroll","background-type":"","background-media":"","overlay-type":"","overlay-color":"","overlay-opacity":"","overlay-gradient":""},"tablet":{"background-color":"var(--ast-global-color-5)","background-image":"","background-repeat":"repeat","background-position":"center center","background-size":"auto","background-attachment":"scroll","background-type":"","background-media":"","overlay-type":"","overlay-color":"","overlay-opacity":"","overlay-gradient":""},"mobile":{"background-color":"var(--ast-global-color-5)","background-image":"","background-repeat":"repeat","background-position":"center center","background-size":"auto","background-attachment":"scroll","background-type":"","background-media":"","overlay-type":"","overlay-color":"","overlay-opacity":"","overlay-gradient":""}}},"product_brand":[],"product_cat":[531],"product_tag":[1905],"class_list":{"0":"post-7871","1":"product","2":"type-product","3":"status-publish","4":"has-post-thumbnail","6":"product_cat-andre-peptider","7":"product_tag-sermorelin-sermorelin-acetate-grf-1-29-amide-human-cas-86168-78-7-da","8":"desktop-align-left","9":"tablet-align-left","10":"mobile-align-left","12":"first","13":"instock","14":"shipping-taxable","15":"product-type-simple"},"_links":{"self":[{"href":"https:\/\/puyapeptide.net\/da\/wp-json\/wp\/v2\/product\/7871","targetHints":{"allow":["GET"]}}],"collection":[{"href":"https:\/\/puyapeptide.net\/da\/wp-json\/wp\/v2\/product"}],"about":[{"href":"https:\/\/puyapeptide.net\/da\/wp-json\/wp\/v2\/types\/product"}],"replies":[{"embeddable":true,"href":"https:\/\/puyapeptide.net\/da\/wp-json\/wp\/v2\/comments?post=7871"}],"wp:featuredmedia":[{"embeddable":true,"href":"https:\/\/puyapeptide.net\/da\/wp-json\/wp\/v2\/media\/2119"}],"wp:attachment":[{"href":"https:\/\/puyapeptide.net\/da\/wp-json\/wp\/v2\/media?parent=7871"}],"wp:term":[{"taxonomy":"product_brand","embeddable":true,"href":"https:\/\/puyapeptide.net\/da\/wp-json\/wp\/v2\/product_brand?post=7871"},{"taxonomy":"product_cat","embeddable":true,"href":"https:\/\/puyapeptide.net\/da\/wp-json\/wp\/v2\/product_cat?post=7871"},{"taxonomy":"product_tag","embeddable":true,"href":"https:\/\/puyapeptide.net\/da\/wp-json\/wp\/v2\/product_tag?post=7871"}],"curies":[{"name":"wp","href":"https:\/\/api.w.org\/{rel}","templated":true}]}}