{"id":7882,"date":"2021-12-16T11:18:54","date_gmt":"2021-12-16T16:18:54","guid":{"rendered":"https:\/\/puyapeptide.net\/product\/gonadorelin-gonadorelinacetat-cas-33515-09-2-anvendelse-til-behandling-af-infertilitet-og-akvakultur\/"},"modified":"2021-12-16T11:18:54","modified_gmt":"2021-12-16T16:18:54","slug":"gonadorelin-gonadorelinacetat-cas-33515-09-2-anvendelse-til-behandling-af-infertilitet-og-akvakultur","status":"publish","type":"product","link":"https:\/\/puyapeptide.net\/da\/product\/gonadorelin-gonadorelinacetat-cas-33515-09-2-anvendelse-til-behandling-af-infertilitet-og-akvakultur\/","title":{"rendered":"Gonadorelin\/ Gonadorelinacetat CAS 33515-09-2 Anvendelse til behandling af infertilitet og akvakultur"},"content":{"rendered":"<h2><strong>Gonadorelin\/ Gonadorelinacetat CAS 33515-09-2 Anvendelse til behandling af infertilitet og akvakultur<\/strong><\/h2>\n<p>Produktnavn: Gonadorelin<br \/>\nSynonymer: Gonadoliberin, Luliberin;(2S)-N-[(2S)-1-[[(2S)-1-[[(2S)-1-[[(2S)] -1-[[2-[[(2S)-1-[[(2S)-1-[(2S)-2-[(2-amino-2-oxoethyl)carbamoyl]pyrrolidin-1-yl]-5 -(diaminomethylidenamino)-1-oxopentan-2-yl]amino]-4-methyl-1-oxopentan-2-yl]amino]-2-oxoethyl]amino]-3-(4-hydroxyphenyl)-1-oxopropan- 2-yl]amino]-3-hydroxy-1-oxopropan-2-yl]amino]-3-(1H-indol-3-yl)-1-oxopropan-2-yl]amino]-3-(1H- imidazol-5-yl)-1-oxopropan-2-yl]-5-oxopyrrolidin-2-carboxamid; LUTEINISERENDE HORMON-FRISTANDENDE HORMON HUMAN; LUTEINISERENDE HORMON-FRISTANDENDE HORMON (HUMAN) SVIN, ROTTE; ;LUTEINISERENDE HORMON-FLILISTEENDE HORMONEACETAT;LUTEINISERENDE HORMON-FRISKIVENDE FAKTOR (HAVBRISTEN);LUTEINISERENDE HORMON-FLILISTEENDE HORMON<br \/>\nCAS: 33515-09-2<br \/>\nMF: C55H75N12W15N12W:&amp;1CS:&amp;15N12W:&amp;1CS:&amp;15N12W:&amp;1CS:&amp;12W12W:&amp;1CS:&amp;12W150 553-1<br \/>\nProduktkategorier: peptid;Peptidreceptorer;Gonadotropin-frigivende hormon (GnRH);Farmaceutisk<br \/>\nMol Fil: 33515-09-2.mol<\/p>\n<p> <strong>Gonadorelin\/ Gonadorelin aceta te CAS 33515-09-2 Kemiske egenskaber<\/strong><br \/>\ndensitet 1,54<br \/>\nform p\u00e6n<br \/>\npka 9,82\u00b10,15(forudsagt)<br \/>\nInChIKey XLXSAKCOAKORKW-AQJXLSMYSA-N<\/p>\n<p> <strong>Anvendelser af Gonadorelinacetat\/ Gonadore CAS 33515-09-2<\/strong><br \/>\nDet bruges til behandling af reproduktive sygdomme hos k\u00f8er og reproduktionsstyring af k\u00f8er, herunder samtidig brunst og tidsbestemte inseminationsprocedurer. Det bruges hovedsageligt i de kliniske aspekter af kv\u00e6gavl i Kina og til samtidig brunst og tidsbestemt insemination af k\u00f8er. Det bruges hovedsageligt til k\u00f8er med hvilende ovariefunktion, hvor ovarievolumenet som udgangspunkt er normalt ved direkte unders\u00f8gelse, og der ikke er udviklende follikler eller corpus luteum. Det anbefales til klinisk behandling af k\u00f8er med hvilende \u00e6ggestokke i en dosis p\u00e5 200 mcg. kemikaliebog simultan brunst og tidsbestemt insemination, den f\u00f8rste injektion af luteiniserende hormon-frig\u00f8rende hormon, efterfulgt 7 dage senere af 0,5 mg\/hoved prostaglandin for at opl\u00f8se det nydannede corpus luteum. 48 timer senere, den anden injektion af luteiniserende hormon-frig\u00f8rende hormon, efterfulgt af 16 til 24 timers tidsbestemt kunstig insemination. Den anbefalede dosis af dette produkt til samtidig brug af brunst og tidsbestemt insemination hos k\u00f8er er 100 mcg.<\/p>\n<p> <strong>Anvendelse af Gonadorelin\/ Gonadorelinacetat CAS 33515-09-2<\/strong><br \/>\n1. Biokemiske unders\u00f8gelser; har den virkning at stimulere udskillelsen af k\u00f8nshormoner (LH og FSH) af den forreste hypofyse, der anvendes til behandling af infertilitet; bruges i akvakultur til at fremme \u00e6gl\u00f8sning af for\u00e6ldrefisken Chemicalbook.<br \/>\n2. Diagnose og behandling af hypothalamus infertilitet, sekund\u00e6r amenor\u00e9 og amenor\u00e9 hos individuelle normale kvinder p\u00e5 grund af langvarig brug af steroide pr\u00e6ventionsmidler.<\/p>\n","protected":false},"excerpt":{"rendered":"<p>Produktnavn: Gonadorelin<br \/>\nCAS: 33515-09-2<br \/>\nMF: C55H75N17O13<br \/>\nMW: 1182.31<br \/>\nEINECS: 251-553-1<br \/>\nMol Fil: 33515-09-2.mol<\/p>\n","protected":false},"featured_media":2266,"comment_status":"closed","ping_status":"closed","template":"","meta":{"om_disable_all_campaigns":false,"_monsterinsights_skip_tracking":false,"_monsterinsights_sitenote_active":false,"_monsterinsights_sitenote_note":"","_monsterinsights_sitenote_category":0,"site-sidebar-layout":"default","site-content-layout":"default","ast-site-content-layout":"default","site-content-style":"default","site-sidebar-style":"default","ast-global-header-display":"","ast-banner-title-visibility":"","ast-main-header-display":"","ast-hfb-above-header-display":"","ast-hfb-below-header-display":"","ast-hfb-mobile-header-display":"","site-post-title":"","ast-breadcrumbs-content":"","ast-featured-img":"","footer-sml-layout":"","ast-disable-related-posts":"","theme-transparent-header-meta":"default","adv-header-id-meta":"","stick-header-meta":"","header-above-stick-meta":"","header-main-stick-meta":"","header-below-stick-meta":"","astra-migrate-meta-layouts":"default","ast-page-background-enabled":"default","ast-page-background-meta":{"desktop":{"background-color":"","background-image":"","background-repeat":"repeat","background-position":"center center","background-size":"auto","background-attachment":"scroll","background-type":"","background-media":"","overlay-type":"","overlay-color":"","overlay-opacity":"","overlay-gradient":""},"tablet":{"background-color":"","background-image":"","background-repeat":"repeat","background-position":"center center","background-size":"auto","background-attachment":"scroll","background-type":"","background-media":"","overlay-type":"","overlay-color":"","overlay-opacity":"","overlay-gradient":""},"mobile":{"background-color":"","background-image":"","background-repeat":"repeat","background-position":"center center","background-size":"auto","background-attachment":"scroll","background-type":"","background-media":"","overlay-type":"","overlay-color":"","overlay-opacity":"","overlay-gradient":""}},"ast-content-background-meta":{"desktop":{"background-color":"var(--ast-global-color-5)","background-image":"","background-repeat":"repeat","background-position":"center center","background-size":"auto","background-attachment":"scroll","background-type":"","background-media":"","overlay-type":"","overlay-color":"","overlay-opacity":"","overlay-gradient":""},"tablet":{"background-color":"var(--ast-global-color-5)","background-image":"","background-repeat":"repeat","background-position":"center center","background-size":"auto","background-attachment":"scroll","background-type":"","background-media":"","overlay-type":"","overlay-color":"","overlay-opacity":"","overlay-gradient":""},"mobile":{"background-color":"var(--ast-global-color-5)","background-image":"","background-repeat":"repeat","background-position":"center center","background-size":"auto","background-attachment":"scroll","background-type":"","background-media":"","overlay-type":"","overlay-color":"","overlay-opacity":"","overlay-gradient":""}}},"product_brand":[],"product_cat":[425],"product_tag":[1877],"class_list":{"0":"post-7882","1":"product","2":"type-product","3":"status-publish","4":"has-post-thumbnail","6":"product_cat-urogenital-peptid","7":"product_tag-gonadorelin-gonadorelin-acetate-cas-33515-09-2-use-for-treat-infertility-and-aquaculture-da","8":"desktop-align-left","9":"tablet-align-left","10":"mobile-align-left","12":"first","13":"instock","14":"shipping-taxable","15":"product-type-simple"},"_links":{"self":[{"href":"https:\/\/puyapeptide.net\/da\/wp-json\/wp\/v2\/product\/7882","targetHints":{"allow":["GET"]}}],"collection":[{"href":"https:\/\/puyapeptide.net\/da\/wp-json\/wp\/v2\/product"}],"about":[{"href":"https:\/\/puyapeptide.net\/da\/wp-json\/wp\/v2\/types\/product"}],"replies":[{"embeddable":true,"href":"https:\/\/puyapeptide.net\/da\/wp-json\/wp\/v2\/comments?post=7882"}],"wp:featuredmedia":[{"embeddable":true,"href":"https:\/\/puyapeptide.net\/da\/wp-json\/wp\/v2\/media\/2266"}],"wp:attachment":[{"href":"https:\/\/puyapeptide.net\/da\/wp-json\/wp\/v2\/media?parent=7882"}],"wp:term":[{"taxonomy":"product_brand","embeddable":true,"href":"https:\/\/puyapeptide.net\/da\/wp-json\/wp\/v2\/product_brand?post=7882"},{"taxonomy":"product_cat","embeddable":true,"href":"https:\/\/puyapeptide.net\/da\/wp-json\/wp\/v2\/product_cat?post=7882"},{"taxonomy":"product_tag","embeddable":true,"href":"https:\/\/puyapeptide.net\/da\/wp-json\/wp\/v2\/product_tag?post=7882"}],"curies":[{"name":"wp","href":"https:\/\/api.w.org\/{rel}","templated":true}]}}