{"id":7911,"date":"2021-12-16T11:19:55","date_gmt":"2021-12-16T16:19:55","guid":{"rendered":"https:\/\/puyapeptide.net\/product\/deslorelin-deslorelin-acetate-cas-57773-65-6-behandling-af-prostatacancer\/"},"modified":"2026-03-22T21:30:14","modified_gmt":"2026-03-23T01:30:14","slug":"deslorelin-deslorelin-acetate-cas-57773-65-6-behandling-af-prostatacancer","status":"publish","type":"product","link":"https:\/\/puyapeptide.net\/da\/product\/deslorelin-deslorelin-acetate-cas-57773-65-6-behandling-af-prostatacancer\/","title":{"rendered":"Deslorelin\/Deslorelin Acetate CAS 57773-65-6 Behandling af prostatacancer"},"content":{"rendered":"<h2><strong>Deslorelin\/Deslorelin Acetate CAS 57773-65-6 Behandling af prostatacancer<\/strong><\/h2>\n<p>Produktnavn: Deslorelin<br \/>\nSynonymer: GLP-HIS-TRP-SER-TYR-D-TRP-LEU-ARG-PRO-NHET;[D-TRP6, DES-GLY10]-LH-RH ETHYLAMIDE;DESORELIN ;DESLORELIN;deslorelinacetat;DESLORELIN (HUMAN);DES-GLY10,[D-TRP6]-LH-RH ETHYLAMID;(DES-GLY10,D-TRP6,PRO-NHET9)-GONADOTROPIN-FRIGENDE HORMON&lt;57&amp;&gt;773: -65-6<br \/>\nMF: C64H83N17O12<br \/>\nMW: 1282.48<br \/>\nEINECS: 637-335-2<br \/>\nProduktkategorier: hormoner;Peptid<br \/>\nMol Fil: 57773-65-6.mol&lt;&amp; &gt;<br \/>\nDeslorelin\/Dehydronandrolonacetat er et n\u00f8glemellemprodukt for syntesen (faslodex), mens f\u00f8rstn\u00e6vnte var et l\u00e6gemiddel mod brystkr\u00e6ft udviklet af AstraZeneca Company, og sidstn\u00e6vnte var et syntetisk steroid, der blev markedsf\u00f8rt af Organon Company til post-klimatiske klager. Det er en effektiv forbindelse, der producerer kvalitets, langvarige muskelfor\u00f8gelser. Dette er p\u00e5 grund af l\u00e6gemidlets relativt lange halveringstid. Brugere rapporterer milde bivirkninger, hvor den st\u00f8rste bivirkning er v\u00e6skeophobning. er et n\u00f8glemellemprodukt for syntesen (faslodex), mens f\u00f8rstn\u00e6vnte var et l\u00e6gemiddel mod brystkr\u00e6ft udviklet af AstraZeneca Company, og sidstn\u00e6vnte var et syntetisk steroid, der blev markedsf\u00f8rt af Organon Company til post-klimakteriske klager. Det er en effektiv forbindelse, der producerer kvalitets, langvarige muskelfor\u00f8gelser. Dette er p\u00e5 grund af l\u00e6gemidlets relativt lange halveringstid. Brugere rapporterer milde bivirkninger, hvor den st\u00f8rste bivirkning er v\u00e6skeophobning. er et n\u00f8glemellemprodukt for syntesen (faslodex), mens f\u00f8rstn\u00e6vnte var et l\u00e6gemiddel mod brystkr\u00e6ft udviklet af AstraZeneca Company, og sidstn\u00e6vnte var et syntetisk steroid, der blev markedsf\u00f8rt af Organon Company til post-klimakteriske klager. Det er en effektiv forbindelse, der producerer kvalitets, langvarige muskelfor\u00f8gelser. Dette er p\u00e5 grund af l\u00e6gemidlets relativt lange halveringstid. Brugere rapporterer milde bivirkninger, hvor den st\u00f8rste bivirkning er v\u00e6skeophobning.<\/p>\n<p> <strong>Deslorelin\/Deslorelin Acetate CAS 57773-65-6 Kemiske egenskaber<\/strong><br \/>\nalpha D24 -61\u00b0 (c = 0,37 i 0,1M eddikesyre) )<br \/>\ndensitet 1,48\u00b10,1 g\/cm3(forudsagt)<br \/>\nopbevaringstemp. \u221220\u00b0C<br \/>\npka 9,82\u00b10,15(forudsagt)<br \/>\nCAS DataBase Reference 57773-65-6(CAS DataBase Reference)<\/p>\n<p> <strong>Funktion og anvendelse af Deslorelin\/ Deslorelin Acetate CAS 57773-65-6<\/strong><br \/>\nDeslorelin blev afpr\u00f8vet med succes i USA og blev godkendt til veterin\u00e6rbrug under visse omst\u00e6ndigheder. I Europa blev det godkendt til brug i hesteassisteret reproduktion.<br \/>\nDet er ogs\u00e5 ved at blive afpr\u00f8vet hos mennesker for at unders\u00f8ge dets effektivitet til behandling af brystkr\u00e6ft hos kvinder og til behandling af tidlig pubertet og medf\u00f8dt binyrebarkhyperplasi hos mandlige og kvindelige b\u00f8rn.<\/p>\n","protected":false},"excerpt":{"rendered":"<p>Produktnavn: Deslorelin<br \/>\nCAS: 57773-65-6<br \/>\nMF: C64H83N17O12<br \/>\nMW: 1282.48<br \/>\nEINECS: 637-335-2<br \/>\nMol Fil: 57773-65-6.mol<\/p>\n","protected":false},"featured_media":2098,"comment_status":"open","ping_status":"closed","template":"","meta":{"om_disable_all_campaigns":false,"_monsterinsights_skip_tracking":false,"_monsterinsights_sitenote_active":false,"_monsterinsights_sitenote_note":"","_monsterinsights_sitenote_category":0,"site-sidebar-layout":"default","site-content-layout":"default","ast-site-content-layout":"","site-content-style":"default","site-sidebar-style":"default","ast-global-header-display":"","ast-banner-title-visibility":"","ast-main-header-display":"","ast-hfb-above-header-display":"","ast-hfb-below-header-display":"","ast-hfb-mobile-header-display":"","site-post-title":"","ast-breadcrumbs-content":"","ast-featured-img":"","footer-sml-layout":"","theme-transparent-header-meta":"default","adv-header-id-meta":"","stick-header-meta":"","header-above-stick-meta":"","header-main-stick-meta":"","header-below-stick-meta":"","astra-migrate-meta-layouts":"default","ast-page-background-enabled":"default","ast-page-background-meta":{"desktop":{"background-color":"","background-image":"","background-repeat":"repeat","background-position":"center center","background-size":"auto","background-attachment":"scroll","background-type":"","background-media":"","overlay-type":"","overlay-color":"","overlay-opacity":"","overlay-gradient":""},"tablet":{"background-color":"","background-image":"","background-repeat":"repeat","background-position":"center center","background-size":"auto","background-attachment":"scroll","background-type":"","background-media":"","overlay-type":"","overlay-color":"","overlay-opacity":"","overlay-gradient":""},"mobile":{"background-color":"","background-image":"","background-repeat":"repeat","background-position":"center center","background-size":"auto","background-attachment":"scroll","background-type":"","background-media":"","overlay-type":"","overlay-color":"","overlay-opacity":"","overlay-gradient":""}},"ast-content-background-meta":{"desktop":{"background-color":"var(--ast-global-color-5)","background-image":"","background-repeat":"repeat","background-position":"center center","background-size":"auto","background-attachment":"scroll","background-type":"","background-media":"","overlay-type":"","overlay-color":"","overlay-opacity":"","overlay-gradient":""},"tablet":{"background-color":"var(--ast-global-color-5)","background-image":"","background-repeat":"repeat","background-position":"center center","background-size":"auto","background-attachment":"scroll","background-type":"","background-media":"","overlay-type":"","overlay-color":"","overlay-opacity":"","overlay-gradient":""},"mobile":{"background-color":"var(--ast-global-color-5)","background-image":"","background-repeat":"repeat","background-position":"center center","background-size":"auto","background-attachment":"scroll","background-type":"","background-media":"","overlay-type":"","overlay-color":"","overlay-opacity":"","overlay-gradient":""}}},"product_brand":[],"product_cat":[391],"product_tag":[1857],"class_list":{"0":"post-7911","1":"product","2":"type-product","3":"status-publish","4":"has-post-thumbnail","6":"product_cat-anti-tumor-peptid","7":"product_tag-deslorelin-deslorelin-acetate-cas-57773-65-6-treatment-of-prostate-cancer-da","8":"desktop-align-left","9":"tablet-align-left","10":"mobile-align-left","12":"first","13":"instock","14":"shipping-taxable","15":"product-type-simple"},"_links":{"self":[{"href":"https:\/\/puyapeptide.net\/da\/wp-json\/wp\/v2\/product\/7911","targetHints":{"allow":["GET"]}}],"collection":[{"href":"https:\/\/puyapeptide.net\/da\/wp-json\/wp\/v2\/product"}],"about":[{"href":"https:\/\/puyapeptide.net\/da\/wp-json\/wp\/v2\/types\/product"}],"replies":[{"embeddable":true,"href":"https:\/\/puyapeptide.net\/da\/wp-json\/wp\/v2\/comments?post=7911"}],"wp:featuredmedia":[{"embeddable":true,"href":"https:\/\/puyapeptide.net\/da\/wp-json\/wp\/v2\/media\/2098"}],"wp:attachment":[{"href":"https:\/\/puyapeptide.net\/da\/wp-json\/wp\/v2\/media?parent=7911"}],"wp:term":[{"taxonomy":"product_brand","embeddable":true,"href":"https:\/\/puyapeptide.net\/da\/wp-json\/wp\/v2\/product_brand?post=7911"},{"taxonomy":"product_cat","embeddable":true,"href":"https:\/\/puyapeptide.net\/da\/wp-json\/wp\/v2\/product_cat?post=7911"},{"taxonomy":"product_tag","embeddable":true,"href":"https:\/\/puyapeptide.net\/da\/wp-json\/wp\/v2\/product_tag?post=7911"}],"curies":[{"name":"wp","href":"https:\/\/api.w.org\/{rel}","templated":true}]}}