{"id":7968,"date":"2021-12-16T11:23:19","date_gmt":"2021-12-16T16:23:19","guid":{"rendered":"https:\/\/puyapeptide.net\/product\/topklasse-aviptadilacetat-vasoaktivt-intestinal-peptid-menneske-rotte-mus-kanin-hund-svin-cas-40077-57-4\/"},"modified":"2021-12-16T11:23:19","modified_gmt":"2021-12-16T16:23:19","slug":"topklasse-aviptadilacetat-vasoaktivt-intestinal-peptid-menneske-rotte-mus-kanin-hund-svin-cas-40077-57-4","status":"publish","type":"product","link":"https:\/\/puyapeptide.net\/da\/product\/topklasse-aviptadilacetat-vasoaktivt-intestinal-peptid-menneske-rotte-mus-kanin-hund-svin-cas-40077-57-4\/","title":{"rendered":"Topklasse aviptadilacetat\/vasoaktivt intestinal peptid (menneske, rotte, mus, kanin, hund, svin) CAS 40077-57-4"},"content":{"rendered":"<h2><strong>Topklasse aviptadilacetat\/vasoaktivt intestinal peptid (menneske, rotte, mus, kanin, hund, svin) CAS 40077-57-4<\/strong><\/h2>\n<p>Produktnavn: Aviptadilacetat\/vasoaktivt intestinalt peptid (menneske, rotte, mus, kanin, hund, svin)<br \/>\nSynonymer: VASOAKTIVT TARMPEPTID (MENNESKE, K\u00c6RE, SVIN, ROTTE);VASOAKTIVT INTESTINAL PEPTID (HUMANT, PORCINE, PORCINE). );VASOAKTIVT TARMPEPTID, MENNESKER, SVIN OG ROTTE;VASOAKTIVT TARMPEPTID (MENNESKE, SVIN) (KUG, ROTTE, HUNDT);VASOAKTIVT TARMPEPTID MENNESKE, SVIN, ROTTE;VASOAKTIVT TARMPEPTID, MENNESKE, HUMAN, POV; VASOAKTIVT TARMPEPTID, PORCINE;VASOAKTIVT TARMPEPTID<br \/>\nCAS: 40077-57-4<br \/>\nMF: C147H238N44O42S<br \/>\nMW: 3325.8<br \/>\nEINECS:<br \/>\nProduktkategorier&lt;&amp; receptor: VIP og PACeptide &gt;Mol Fil: 40077-57-4.mol<\/p>\n<p>Aviptadil, ogs\u00e5 kendt som vasoactive intestinal polypeptide (VIP), er et 28 aminosyrer neuropeptid, der tilh\u00f8rer glukagon-v\u00e6ksthormon-frig\u00f8rende faktor sekretions-superfamilien. Det ud\u00f8ver potente antiinflammatoriske og immunmodulerende virkninger. Derudover virker Aviptadil som en potent systemisk vasodilator og bronkodilatator, det h\u00e6mmer proliferationen af vaskul\u00e6re og bronkiale glatte muskelceller og neds\u00e6tter blodpladeaggregation. Disse biologiske virkninger medieres af specifikke VIP-receptorer. <\/p>\n<p>Vasoaktivt intestinalt peptid (VIP) er bredt fordelt i kroppen og menes at forekomme i hele mave-tarmkanalen. Det er et 28-rester polypeptid med strukturelle ligheder med sekretin og glukagon. Det for\u00e5rsager vasodilatation og \u00f8ger hjertets sammentr\u00e6kning. VIP stimulerer bikarbonatsekretion, afslapper mave-tarmmuskler og andre glatte muskler, stimulerer glykogenese, h\u00e6mmer mavesyresekretion og stimulerer insulinsekretion. Dens hormonale og neurotransmitterrolle er blevet unders\u00f8gt.<\/p>\n<p> <strong>Aviptadil Acetate\/Vasoactive Intestinal Peptide (menneske, rotte, mus, kanin, hund, svin) CAS 40077-57-4 Kemiske egenskaber<\/strong><br \/>\ndensitet 1,47\u00b10,1 g\/ cm3(Forudsagt)<br \/>\nopbevaringstemp. \u221220\u00b0C<br \/>\nopl\u00f8selighed 1 % eddikesyre: opl\u00f8selig 0,1 %, klar, farvel\u00f8s<br \/>\nform pulver<br \/>\nInChIKey HEOYHMUESMJFDC-RIWXPGAOSA-N<\/p>\n<p> <strong>Funktion og anvendelse af aviptadilacetat\/vasoaktivt tarmpeptid (menneske, rotte, mus, kanin, hund, svin) CAS 40077-57-4<\/strong><br \/>\nAviptadil Acetate udviklet af MondobiotechAG og BiogenIdec, atendilacetat er et line\u00e6rt Chemicalbook peptid best\u00e5ende af 28 aminosyrer, som hovedsageligt anvendes i behandlingen af akut respiratory distress syndrome og idiopatisk lungefibrose, med bedre effekt og f\u00e6rre bivirkninger, og er et lovende peptidl\u00e6gemiddel.<\/p>\n","protected":false},"excerpt":{"rendered":"<p>Produktnavn: Aviptadil Acetate\/Vasoactive Intestinal Peptide (menneske, rotte, mus, kanin, hund, svin)<br \/>\nCAS: 40077-57-4<br \/>\nMF: C147H238N44O42S<br \/>\nMW: 3325,8 Mol:<br \/>\nMol. 40077-57-4.mol<\/p>\n","protected":false},"featured_media":2287,"comment_status":"open","ping_status":"closed","template":"","meta":{"om_disable_all_campaigns":false,"_monsterinsights_skip_tracking":false,"_monsterinsights_sitenote_active":false,"_monsterinsights_sitenote_note":"","_monsterinsights_sitenote_category":0,"site-sidebar-layout":"default","site-content-layout":"default","ast-site-content-layout":"default","site-content-style":"default","site-sidebar-style":"default","ast-global-header-display":"","ast-banner-title-visibility":"","ast-main-header-display":"","ast-hfb-above-header-display":"","ast-hfb-below-header-display":"","ast-hfb-mobile-header-display":"","site-post-title":"","ast-breadcrumbs-content":"","ast-featured-img":"","footer-sml-layout":"","ast-disable-related-posts":"","theme-transparent-header-meta":"default","adv-header-id-meta":"","stick-header-meta":"","header-above-stick-meta":"","header-main-stick-meta":"","header-below-stick-meta":"","astra-migrate-meta-layouts":"default","ast-page-background-enabled":"default","ast-page-background-meta":{"desktop":{"background-color":"","background-image":"","background-repeat":"repeat","background-position":"center center","background-size":"auto","background-attachment":"scroll","background-type":"","background-media":"","overlay-type":"","overlay-color":"","overlay-opacity":"","overlay-gradient":""},"tablet":{"background-color":"","background-image":"","background-repeat":"repeat","background-position":"center center","background-size":"auto","background-attachment":"scroll","background-type":"","background-media":"","overlay-type":"","overlay-color":"","overlay-opacity":"","overlay-gradient":""},"mobile":{"background-color":"","background-image":"","background-repeat":"repeat","background-position":"center center","background-size":"auto","background-attachment":"scroll","background-type":"","background-media":"","overlay-type":"","overlay-color":"","overlay-opacity":"","overlay-gradient":""}},"ast-content-background-meta":{"desktop":{"background-color":"var(--ast-global-color-5)","background-image":"","background-repeat":"repeat","background-position":"center center","background-size":"auto","background-attachment":"scroll","background-type":"","background-media":"","overlay-type":"","overlay-color":"","overlay-opacity":"","overlay-gradient":""},"tablet":{"background-color":"var(--ast-global-color-5)","background-image":"","background-repeat":"repeat","background-position":"center center","background-size":"auto","background-attachment":"scroll","background-type":"","background-media":"","overlay-type":"","overlay-color":"","overlay-opacity":"","overlay-gradient":""},"mobile":{"background-color":"var(--ast-global-color-5)","background-image":"","background-repeat":"repeat","background-position":"center center","background-size":"auto","background-attachment":"scroll","background-type":"","background-media":"","overlay-type":"","overlay-color":"","overlay-opacity":"","overlay-gradient":""}}},"product_brand":[],"product_cat":[531],"product_tag":[1767,1723,1789,1745,1701,1679],"class_list":{"0":"post-7968","1":"product","2":"type-product","3":"status-publish","4":"has-post-thumbnail","6":"product_cat-andre-peptider","7":"product_tag-canine-da","8":"product_tag-mouse-da","9":"product_tag-porcine-cas-40077-57-4-da","10":"product_tag-rabbit-da","11":"product_tag-rat-da","12":"product_tag-top-grade-aviptadil-acetate-vasoactive-intestinal-peptide-human-da","13":"desktop-align-left","14":"tablet-align-left","15":"mobile-align-left","17":"first","18":"instock","19":"shipping-taxable","20":"product-type-simple"},"_links":{"self":[{"href":"https:\/\/puyapeptide.net\/da\/wp-json\/wp\/v2\/product\/7968","targetHints":{"allow":["GET"]}}],"collection":[{"href":"https:\/\/puyapeptide.net\/da\/wp-json\/wp\/v2\/product"}],"about":[{"href":"https:\/\/puyapeptide.net\/da\/wp-json\/wp\/v2\/types\/product"}],"replies":[{"embeddable":true,"href":"https:\/\/puyapeptide.net\/da\/wp-json\/wp\/v2\/comments?post=7968"}],"wp:featuredmedia":[{"embeddable":true,"href":"https:\/\/puyapeptide.net\/da\/wp-json\/wp\/v2\/media\/2287"}],"wp:attachment":[{"href":"https:\/\/puyapeptide.net\/da\/wp-json\/wp\/v2\/media?parent=7968"}],"wp:term":[{"taxonomy":"product_brand","embeddable":true,"href":"https:\/\/puyapeptide.net\/da\/wp-json\/wp\/v2\/product_brand?post=7968"},{"taxonomy":"product_cat","embeddable":true,"href":"https:\/\/puyapeptide.net\/da\/wp-json\/wp\/v2\/product_cat?post=7968"},{"taxonomy":"product_tag","embeddable":true,"href":"https:\/\/puyapeptide.net\/da\/wp-json\/wp\/v2\/product_tag?post=7968"}],"curies":[{"name":"wp","href":"https:\/\/api.w.org\/{rel}","templated":true}]}}