{"id":7996,"date":"2021-12-16T11:24:23","date_gmt":"2021-12-16T16:24:23","guid":{"rendered":"https:\/\/puyapeptide.net\/product\/puya-supply-eledoisin-acetate-eledoisin-cas-69-25-0\/"},"modified":"2021-12-16T11:24:23","modified_gmt":"2021-12-16T16:24:23","slug":"puya-supply-eledoisin-acetate-eledoisin-cas-69-25-0","status":"publish","type":"product","link":"https:\/\/puyapeptide.net\/da\/product\/puya-supply-eledoisin-acetate-eledoisin-cas-69-25-0\/","title":{"rendered":"Puya Supply Eledoisin Acetate\/ Eledoisin CAS 69-25-0"},"content":{"rendered":"<h2><strong>Puya Supply Eledoisin Acetate\/ Eledoisin CAS 69-25-0<\/strong><\/h2>\n<p>Produktnavn: Eledoisin<br \/>\nSynonymer: eledonepeptide;ELEDOISIN;GLP-PRO-SER-LYS-ASP-ALA-PHE-ILE-GLY-LEU-MET-NH2;5-oxo-l-prolyl-l- prolyl-l-seryl-l-lysyl-l-aspartyl-l-alanyl-l-phenylalanyl-l-isoleucylglycyl-l-leucyl-l-methioninamid; PYR-PRO-SER-LYS-ASP-ALA-PHE-ILE- GLY-LEU-MET-NH2;PYR-PSKDAFIGLM-NH2;PGLU-PRO-SER-LYS-ASP-ALA-PHE-ILE-GLY-LEU-MET-NH2;ELEDOSIN<br \/>\nCAS: 69-25-0&lt; &amp;&gt;MF: C54H85N13O15S<br \/>\nMW: 1188,4<br \/>\nEINECS:<br \/>\nProduktkategorier: proteiner;Peptid<br \/>\nMol Fil: 69-25-0.mol<\/p>\n<p>Eledoisin Acetate, medlem af tachykinin-familien, er et aktivt peptid, der exciterer neuroner og udl\u00f8ser adf\u00e6rdsm\u00e6ssige reaktioner. Det er en potent vasodilatator og sekretagog, der kontakter mange glatte muskler.<\/p>\n<p> <strong>Eledoisin Acetate\/ Eledoisin CAS 69-25-0 Kemiske egenskaber<\/strong><br \/>\nSmeltepunkt 230 \u00b0C (dekomp.)<br \/>\nKogepunkt 1618,1\u00b165,0 \u00b0C(Forudsagt)<br \/>\ndensitet 1,289\u00b10,06 g\/cm3(Forudsagt)<br \/>\nopbevaringstemp. \u221220\u00b0C<br \/>\npka 4,19\u00b10,10(forudsagt)<\/p>\n<p> <strong>Funktion og anvendelse af Eledoisin Acetate\/Eledoisin CAS 69-25-0<\/strong><br \/>\nHar hovedsageligt en st\u00e6rk angiotensin II vasokonstriktion og stigning i blodtrykket. Mekanismen er: 1. S\u00e5ledes at kroppen arteriole glatte muskelsammentr\u00e6kning, \u00f8get perifer modstand; 2. S\u00e5 \u00f8g frigivelsen af binyre-aldosteron, hvilket for\u00e5rsager natriumretention, \u00f8get blodvolumen; 3. Bidrager direkte til renal tubul\u00e6r natrium- og vandreabsorption; 4. S\u00e5 hjernen centralnerve sympatisk vasokonstriktor aktivitet, der for\u00e5rsager \u00f8get perifer vaskul\u00e6r modstand; 5. Stimuler binyremarven til at frigive epinephrin og noradrenalin<\/p>\n","protected":false},"excerpt":{"rendered":"<p>Produktnavn: Eledoisin<br \/>\nCAS: 69-25-0<br \/>\nMF: C54H85N13O15S<br \/>\nMW: 1188.4<br \/>\nMol Fil: 69-25-0.mol<\/p>\n","protected":false},"featured_media":2266,"comment_status":"open","ping_status":"closed","template":"","meta":{"om_disable_all_campaigns":false,"_monsterinsights_skip_tracking":false,"_monsterinsights_sitenote_active":false,"_monsterinsights_sitenote_note":"","_monsterinsights_sitenote_category":0,"site-sidebar-layout":"default","site-content-layout":"default","ast-site-content-layout":"default","site-content-style":"default","site-sidebar-style":"default","ast-global-header-display":"","ast-banner-title-visibility":"","ast-main-header-display":"","ast-hfb-above-header-display":"","ast-hfb-below-header-display":"","ast-hfb-mobile-header-display":"","site-post-title":"","ast-breadcrumbs-content":"","ast-featured-img":"","footer-sml-layout":"","ast-disable-related-posts":"","theme-transparent-header-meta":"default","adv-header-id-meta":"","stick-header-meta":"","header-above-stick-meta":"","header-main-stick-meta":"","header-below-stick-meta":"","astra-migrate-meta-layouts":"default","ast-page-background-enabled":"default","ast-page-background-meta":{"desktop":{"background-color":"","background-image":"","background-repeat":"repeat","background-position":"center center","background-size":"auto","background-attachment":"scroll","background-type":"","background-media":"","overlay-type":"","overlay-color":"","overlay-opacity":"","overlay-gradient":""},"tablet":{"background-color":"","background-image":"","background-repeat":"repeat","background-position":"center center","background-size":"auto","background-attachment":"scroll","background-type":"","background-media":"","overlay-type":"","overlay-color":"","overlay-opacity":"","overlay-gradient":""},"mobile":{"background-color":"","background-image":"","background-repeat":"repeat","background-position":"center center","background-size":"auto","background-attachment":"scroll","background-type":"","background-media":"","overlay-type":"","overlay-color":"","overlay-opacity":"","overlay-gradient":""}},"ast-content-background-meta":{"desktop":{"background-color":"var(--ast-global-color-5)","background-image":"","background-repeat":"repeat","background-position":"center center","background-size":"auto","background-attachment":"scroll","background-type":"","background-media":"","overlay-type":"","overlay-color":"","overlay-opacity":"","overlay-gradient":""},"tablet":{"background-color":"var(--ast-global-color-5)","background-image":"","background-repeat":"repeat","background-position":"center center","background-size":"auto","background-attachment":"scroll","background-type":"","background-media":"","overlay-type":"","overlay-color":"","overlay-opacity":"","overlay-gradient":""},"mobile":{"background-color":"var(--ast-global-color-5)","background-image":"","background-repeat":"repeat","background-position":"center center","background-size":"auto","background-attachment":"scroll","background-type":"","background-media":"","overlay-type":"","overlay-color":"","overlay-opacity":"","overlay-gradient":""}}},"product_brand":[],"product_cat":[531],"product_tag":[1657],"class_list":{"0":"post-7996","1":"product","2":"type-product","3":"status-publish","4":"has-post-thumbnail","6":"product_cat-andre-peptider","7":"product_tag-puya-supply-eledoisin-acetate-eledoisin-cas-69-25-0-da","8":"desktop-align-left","9":"tablet-align-left","10":"mobile-align-left","12":"first","13":"instock","14":"shipping-taxable","15":"product-type-simple"},"_links":{"self":[{"href":"https:\/\/puyapeptide.net\/da\/wp-json\/wp\/v2\/product\/7996","targetHints":{"allow":["GET"]}}],"collection":[{"href":"https:\/\/puyapeptide.net\/da\/wp-json\/wp\/v2\/product"}],"about":[{"href":"https:\/\/puyapeptide.net\/da\/wp-json\/wp\/v2\/types\/product"}],"replies":[{"embeddable":true,"href":"https:\/\/puyapeptide.net\/da\/wp-json\/wp\/v2\/comments?post=7996"}],"wp:featuredmedia":[{"embeddable":true,"href":"https:\/\/puyapeptide.net\/da\/wp-json\/wp\/v2\/media\/2266"}],"wp:attachment":[{"href":"https:\/\/puyapeptide.net\/da\/wp-json\/wp\/v2\/media?parent=7996"}],"wp:term":[{"taxonomy":"product_brand","embeddable":true,"href":"https:\/\/puyapeptide.net\/da\/wp-json\/wp\/v2\/product_brand?post=7996"},{"taxonomy":"product_cat","embeddable":true,"href":"https:\/\/puyapeptide.net\/da\/wp-json\/wp\/v2\/product_cat?post=7996"},{"taxonomy":"product_tag","embeddable":true,"href":"https:\/\/puyapeptide.net\/da\/wp-json\/wp\/v2\/product_tag?post=7996"}],"curies":[{"name":"wp","href":"https:\/\/api.w.org\/{rel}","templated":true}]}}