{"id":8060,"date":"2021-12-16T12:16:32","date_gmt":"2021-12-16T17:16:32","guid":{"rendered":"https:\/\/puyapeptide.net\/product\/antideacetat-antide-cas-112568-12-4-behandling-mod-senil-doevhed\/"},"modified":"2021-12-16T12:16:32","modified_gmt":"2021-12-16T17:16:32","slug":"antideacetat-antide-cas-112568-12-4-behandling-mod-senil-doevhed","status":"publish","type":"product","link":"https:\/\/puyapeptide.net\/da\/product\/antideacetat-antide-cas-112568-12-4-behandling-mod-senil-doevhed\/","title":{"rendered":"Antideacetat\/ Antide CAS 112568-12-4 Behandling mod senil d\u00f8vhed"},"content":{"rendered":"<h2><strong>Antideacetat\/ Antide CAS 112568-12-4 Behandling mod senil d\u00f8vhed<\/strong><\/h2>\n<p>Produktnavn: Antide<br \/>\nSynonymer: iturelix;Ac-D-2-Nal-4-chlor-D-Phe-beta-(3-pyridyl)-D-Ala-Ser-Lys(nicotinoyl)-D -Lys(nicotinoyl)-Leu-Lys(isopropyl)-Pro-D-Ala-NH2;AC-DNAL-D: P-CLPHE-DPAL-SER-LYS: NICOTINOYL-DLYS: NICOTINOYL-LEU-LYS: ISOPROPYL-PRO -DALA-NH2;Brn 4866881;D-alaninamid, N-acetyl-3-(2-naphthalenyl)-D-alanyl-4-chlor-D-phenylalanyl-3-(3-pyridinyl)-D-alanyl-L- seryl-N(sup 6)-(3-pyridinylcarbonyl)-L-lysyl-N(sup 6)-(3-pyridinylcarbonyl)-D-lysyl-L-leucyl-N(sup 6)-(1-methylethyl)- L-lysyl-L-prolyl-;D-alaninamid, N-acetyl-3-(2-naphthalenyl)-D-alanyl-4-chlor-D-phenylalanyl-3-(3-pyridinyl)-D-alanyl-L -seryl-N6-(3-pyridinylcarbonyl)-L-lysyl-N6-(3-pyridinylcarbonyl)-D-lysyl-L-leucyl-N6-(1-methylethyl)-L-lysyl-L-prolyl-;Orf 23541 ;Ac-D-2-Nal-4-chlor-D-Phe-b-(3-pyridyl)-D-Ala-Ser-Lys(nicotinoyl)-D-Lys(nicotinoyl)-Leu-Lys(isopropyl)- Pro-D-Ala-NH2<br \/>\nCAS: 112568-12-4<br \/>\nMF: C82H108ClN17O14<br \/>\nMW: 1591.29<br \/>\nEINECS:<br \/>\nProduktkategorier: hormoner;Peptid;LH-RH;LH- RHPeptides for Cell Biology; Ne uropeptides;Releasing Factors<br \/>\nMol Fil: 112568-12-4.mol<\/p>\n<p>Antidacetat er en GnRH-antagonist, et syntetisk peptid, der konkurrerer med det endogene neurohormon GnRH (ogs\u00e5 kendt som luteiniserende hormon-frigivende hormon, ChemicalbookLHRH) til binding til dets receptor i den forreste hypofyse. Ved at reducere eller blokere virkningen af GnRH h\u00e6mmer GnRH-antagonister frigivelsen af gonadotropiner s\u00e5som follikelstimulerende hormon (FSH) og luteiniserende hormon (LH) fra hypofyseforreste.<\/p>\n<p> <strong>Antideacetat\/ Antide CAS 112568-12 -4 Kemiske egenskaber<\/strong><br \/>\nAntid Kemiske egenskaber<br \/>\nKogepunkt 1798,0\u00b165,0 \u00b0C(Forudsagt)<br \/>\ndensitet 1,258\u00b10,06 g\/cm3(Forudsagt)<br \/>\nopbevaringstemp. \u221220\u00b0C<br \/>\nform fast<br \/>\npka 12,78\u00b10,46(forudsagt)<br \/>\nfarve Hvid til r\u00e5hvid<\/p>\n<p> <strong>Anvendelser af antidacetat\/antid CAS 112568-12-4<\/strong><br \/>\nReversibel h\u00e6mning af gonadotropinsekretion og efterf\u00f8lgende undertrykkelse af ovarie- og testikelsteroidsekretion (gonadotropinfrig\u00f8rende hormonantagonist).<\/p>\n<p> <strong>Funktion og anvendelse af antidacetat\/antid CAS 112568-12-4<\/strong><br \/>\nTrefolane A og antitid i forholdet p\u00e5 14-17:1 kan v\u00e6sentligt forhindre udviklingen af nasal slimhindehyperresponsivitet, effektivt eliminere nasal eosinofili og aktivering af mastceller og direkte h\u00e6mme produktionen af IL-5-h\u00e6mning. Det har en god terapeutisk effekt til forebyggelse og behandling af senil d\u00f8vhed.<\/p>\n","protected":false},"excerpt":{"rendered":"<p>Produktnavn: Antide<br \/>\nCAS: 112568-12-4<br \/>\nMF: C82H108ClN17O14<br \/>\nMW: 1591.29<br \/>\nMol Fil: 112568-12-4.mol<\/p>\n","protected":false},"featured_media":2161,"comment_status":"open","ping_status":"closed","template":"","meta":{"om_disable_all_campaigns":false,"_monsterinsights_skip_tracking":false,"_monsterinsights_sitenote_active":false,"_monsterinsights_sitenote_note":"","_monsterinsights_sitenote_category":0,"site-sidebar-layout":"default","site-content-layout":"default","ast-site-content-layout":"default","site-content-style":"default","site-sidebar-style":"default","ast-global-header-display":"","ast-banner-title-visibility":"","ast-main-header-display":"","ast-hfb-above-header-display":"","ast-hfb-below-header-display":"","ast-hfb-mobile-header-display":"","site-post-title":"","ast-breadcrumbs-content":"","ast-featured-img":"","footer-sml-layout":"","ast-disable-related-posts":"","theme-transparent-header-meta":"default","adv-header-id-meta":"","stick-header-meta":"","header-above-stick-meta":"","header-main-stick-meta":"","header-below-stick-meta":"","astra-migrate-meta-layouts":"default","ast-page-background-enabled":"default","ast-page-background-meta":{"desktop":{"background-color":"","background-image":"","background-repeat":"repeat","background-position":"center center","background-size":"auto","background-attachment":"scroll","background-type":"","background-media":"","overlay-type":"","overlay-color":"","overlay-opacity":"","overlay-gradient":""},"tablet":{"background-color":"","background-image":"","background-repeat":"repeat","background-position":"center center","background-size":"auto","background-attachment":"scroll","background-type":"","background-media":"","overlay-type":"","overlay-color":"","overlay-opacity":"","overlay-gradient":""},"mobile":{"background-color":"","background-image":"","background-repeat":"repeat","background-position":"center center","background-size":"auto","background-attachment":"scroll","background-type":"","background-media":"","overlay-type":"","overlay-color":"","overlay-opacity":"","overlay-gradient":""}},"ast-content-background-meta":{"desktop":{"background-color":"var(--ast-global-color-5)","background-image":"","background-repeat":"repeat","background-position":"center center","background-size":"auto","background-attachment":"scroll","background-type":"","background-media":"","overlay-type":"","overlay-color":"","overlay-opacity":"","overlay-gradient":""},"tablet":{"background-color":"var(--ast-global-color-5)","background-image":"","background-repeat":"repeat","background-position":"center center","background-size":"auto","background-attachment":"scroll","background-type":"","background-media":"","overlay-type":"","overlay-color":"","overlay-opacity":"","overlay-gradient":""},"mobile":{"background-color":"var(--ast-global-color-5)","background-image":"","background-repeat":"repeat","background-position":"center center","background-size":"auto","background-attachment":"scroll","background-type":"","background-media":"","overlay-type":"","overlay-color":"","overlay-opacity":"","overlay-gradient":""}}},"product_brand":[],"product_cat":[531],"product_tag":[1590],"class_list":{"0":"post-8060","1":"product","2":"type-product","3":"status-publish","4":"has-post-thumbnail","6":"product_cat-andre-peptider","7":"product_tag-antide-acetate-antide-cas-112568-12-4-treat-for-senile-deafness-da","8":"desktop-align-left","9":"tablet-align-left","10":"mobile-align-left","12":"first","13":"instock","14":"shipping-taxable","15":"product-type-simple"},"_links":{"self":[{"href":"https:\/\/puyapeptide.net\/da\/wp-json\/wp\/v2\/product\/8060","targetHints":{"allow":["GET"]}}],"collection":[{"href":"https:\/\/puyapeptide.net\/da\/wp-json\/wp\/v2\/product"}],"about":[{"href":"https:\/\/puyapeptide.net\/da\/wp-json\/wp\/v2\/types\/product"}],"replies":[{"embeddable":true,"href":"https:\/\/puyapeptide.net\/da\/wp-json\/wp\/v2\/comments?post=8060"}],"wp:featuredmedia":[{"embeddable":true,"href":"https:\/\/puyapeptide.net\/da\/wp-json\/wp\/v2\/media\/2161"}],"wp:attachment":[{"href":"https:\/\/puyapeptide.net\/da\/wp-json\/wp\/v2\/media?parent=8060"}],"wp:term":[{"taxonomy":"product_brand","embeddable":true,"href":"https:\/\/puyapeptide.net\/da\/wp-json\/wp\/v2\/product_brand?post=8060"},{"taxonomy":"product_cat","embeddable":true,"href":"https:\/\/puyapeptide.net\/da\/wp-json\/wp\/v2\/product_cat?post=8060"},{"taxonomy":"product_tag","embeddable":true,"href":"https:\/\/puyapeptide.net\/da\/wp-json\/wp\/v2\/product_tag?post=8060"}],"curies":[{"name":"wp","href":"https:\/\/api.w.org\/{rel}","templated":true}]}}