{"id":8127,"date":"2021-12-16T12:19:51","date_gmt":"2021-12-16T17:19:51","guid":{"rendered":"https:\/\/puyapeptide.net\/product\/hot-sale-vasopressin-cas-11000-17-2-til-laboratorieforskning\/"},"modified":"2021-12-16T12:19:51","modified_gmt":"2021-12-16T17:19:51","slug":"hot-sale-vasopressin-cas-11000-17-2-til-laboratorieforskning","status":"publish","type":"product","link":"https:\/\/puyapeptide.net\/da\/product\/hot-sale-vasopressin-cas-11000-17-2-til-laboratorieforskning\/","title":{"rendered":"Hot Sale Vasopressin CAS 11000-17-2 til laboratorieforskning"},"content":{"rendered":"<h2><strong>Hot Sale Vasopressin CAS 11000-17-2 til laboratorieforskning<\/strong><\/h2>\n<p>Produktnavn: Vasopressin<br \/>\nSynonymer: adh(hormon);leiormone;pitressin;pituitrin;tonephin;vasophysin;1-[19-amino-13-butan-2-yl-10-(2-carbamoylethyl)- 7-(carbamoylmethyl)-16-[(4-hydroxyphenyl)methyl]-6,9,12,15,18-pentaoxo-1,2-dithia-5,8,11,14,17-pentazacycloicosan-4-carbonyl ]-N-[1-(carbamoylmethylcarbamoyl)-4-(diaminomethylidenamino)butyl]pyrrolidin-2-carboxamid;VASOPRESSINACETAT CAS: 11000-17-2<br \/>\nMF: C46H65N13O12S2&lt;&amp;56.MW: 22. &gt;EINECS: 234-236-2<br \/>\nProduktkategorier:<br \/>\nMol Fil: 11000-17-2.mol<\/p>\n<p>Antidiuretisk hormon, ogs\u00e5 kendt som vasopressin, er et peptid med ni aminosyrer, der udskilles fra hypofyse bagtil. Antidiuretisk hormon binder sig til receptorer i de distale eller samlende tubuli i nyren og fremmer reabsorbering af vand tilbage i kredsl\u00f8bet.<\/p>\n<p> <strong>Vasopressin CAS 11000-17-2 Kemiske egenskaber<\/strong><br \/>\nform Lyofiliseret pulver<br \/>\nfarve Hvid<br \/>\nVandopl\u00f8selighed Opl\u00f8seligt i vand (blandbar).<br \/>\nCAS DataBase Reference 11000-17-2(CAS DataBase Reference)<\/p>\n<p> <strong>Funktion og anvendelse af Vasopressin CAS 11000-17-2<\/strong><br \/>\nVasopressin virker p\u00e5 tre forskellige receptorer, vasopressinreceptor V1a (som initierer vasokonstriktion, levergluconeogenese, blodpladeaggregation og frigivelse af faktor VIII), vasopressinreceptor V1b (som medierer corticotrophinsekretion fra hypofysen) og vasopressinreceptor V2, som kontrollerer fri vandreabsorption i nyrerne. . Bindingen af vasopressin til V2-receptoren aktiverer adenylatcyclase, som for\u00e5rsager frigivelsen af aquaporin 2-kanaler til cellerne, der bekl\u00e6der den renale medullarkanal. Dette tillader vand at blive reabsorberet ned ad en osmotisk gradient, s\u00e5 urinen er mere koncentreret.<\/p>\n<p>I human medicin er vasopressin blevet brugt til at behandle akut GI-bl\u00f8dning og til at stimulere GI-peristaltikken. Vasopressin CRI bruges ogs\u00e5 til behandling af hypotensive septiske patienter, der ikke reagerer p\u00e5 konventionel vasopressor. F\u00f8r radiografiske procedurer er det blevet brugt til at fjerne forstyrrende gasskygger eller hj\u00e6lpe med at koncentrere kontrastmidler.<\/p>\n","protected":false},"excerpt":{"rendered":"<p>Produktnavn: Vasopressin<br \/>\nCAS: 11000-17-2<br \/>\nMF: C46H65N13O12S2<br \/>\nMW: 1056.22<br \/>\nEINECS: 234-236-2<br \/>\nMol Fil: 11000-17-2.mol<\/p>\n","protected":false},"featured_media":2203,"comment_status":"open","ping_status":"closed","template":"","meta":{"om_disable_all_campaigns":false,"_monsterinsights_skip_tracking":false,"_monsterinsights_sitenote_active":false,"_monsterinsights_sitenote_note":"","_monsterinsights_sitenote_category":0,"site-sidebar-layout":"default","site-content-layout":"default","ast-site-content-layout":"default","site-content-style":"default","site-sidebar-style":"default","ast-global-header-display":"","ast-banner-title-visibility":"","ast-main-header-display":"","ast-hfb-above-header-display":"","ast-hfb-below-header-display":"","ast-hfb-mobile-header-display":"","site-post-title":"","ast-breadcrumbs-content":"","ast-featured-img":"","footer-sml-layout":"","ast-disable-related-posts":"","theme-transparent-header-meta":"default","adv-header-id-meta":"","stick-header-meta":"","header-above-stick-meta":"","header-main-stick-meta":"","header-below-stick-meta":"","astra-migrate-meta-layouts":"default","ast-page-background-enabled":"default","ast-page-background-meta":{"desktop":{"background-color":"","background-image":"","background-repeat":"repeat","background-position":"center center","background-size":"auto","background-attachment":"scroll","background-type":"","background-media":"","overlay-type":"","overlay-color":"","overlay-opacity":"","overlay-gradient":""},"tablet":{"background-color":"","background-image":"","background-repeat":"repeat","background-position":"center center","background-size":"auto","background-attachment":"scroll","background-type":"","background-media":"","overlay-type":"","overlay-color":"","overlay-opacity":"","overlay-gradient":""},"mobile":{"background-color":"","background-image":"","background-repeat":"repeat","background-position":"center center","background-size":"auto","background-attachment":"scroll","background-type":"","background-media":"","overlay-type":"","overlay-color":"","overlay-opacity":"","overlay-gradient":""}},"ast-content-background-meta":{"desktop":{"background-color":"var(--ast-global-color-5)","background-image":"","background-repeat":"repeat","background-position":"center center","background-size":"auto","background-attachment":"scroll","background-type":"","background-media":"","overlay-type":"","overlay-color":"","overlay-opacity":"","overlay-gradient":""},"tablet":{"background-color":"var(--ast-global-color-5)","background-image":"","background-repeat":"repeat","background-position":"center center","background-size":"auto","background-attachment":"scroll","background-type":"","background-media":"","overlay-type":"","overlay-color":"","overlay-opacity":"","overlay-gradient":""},"mobile":{"background-color":"var(--ast-global-color-5)","background-image":"","background-repeat":"repeat","background-position":"center center","background-size":"auto","background-attachment":"scroll","background-type":"","background-media":"","overlay-type":"","overlay-color":"","overlay-opacity":"","overlay-gradient":""}}},"product_brand":[],"product_cat":[404],"product_tag":[1567],"class_list":{"0":"post-8127","1":"product","2":"type-product","3":"status-publish","4":"has-post-thumbnail","6":"product_cat-blod-og-vaskulaer-peptid","7":"product_tag-hot-sale-vasopressin-cas-11000-17-2-for-lab-research-da","8":"desktop-align-left","9":"tablet-align-left","10":"mobile-align-left","12":"first","13":"instock","14":"shipping-taxable","15":"product-type-simple"},"_links":{"self":[{"href":"https:\/\/puyapeptide.net\/da\/wp-json\/wp\/v2\/product\/8127","targetHints":{"allow":["GET"]}}],"collection":[{"href":"https:\/\/puyapeptide.net\/da\/wp-json\/wp\/v2\/product"}],"about":[{"href":"https:\/\/puyapeptide.net\/da\/wp-json\/wp\/v2\/types\/product"}],"replies":[{"embeddable":true,"href":"https:\/\/puyapeptide.net\/da\/wp-json\/wp\/v2\/comments?post=8127"}],"wp:featuredmedia":[{"embeddable":true,"href":"https:\/\/puyapeptide.net\/da\/wp-json\/wp\/v2\/media\/2203"}],"wp:attachment":[{"href":"https:\/\/puyapeptide.net\/da\/wp-json\/wp\/v2\/media?parent=8127"}],"wp:term":[{"taxonomy":"product_brand","embeddable":true,"href":"https:\/\/puyapeptide.net\/da\/wp-json\/wp\/v2\/product_brand?post=8127"},{"taxonomy":"product_cat","embeddable":true,"href":"https:\/\/puyapeptide.net\/da\/wp-json\/wp\/v2\/product_cat?post=8127"},{"taxonomy":"product_tag","embeddable":true,"href":"https:\/\/puyapeptide.net\/da\/wp-json\/wp\/v2\/product_tag?post=8127"}],"curies":[{"name":"wp","href":"https:\/\/api.w.org\/{rel}","templated":true}]}}