{"id":8150,"date":"2021-12-16T12:21:04","date_gmt":"2021-12-16T17:21:04","guid":{"rendered":"https:\/\/puyapeptide.net\/product\/triptorelin-triptorelin-acetate-cas-57773-63-4-til-behandling-af-prostatacancer-og-brystkraeft\/"},"modified":"2021-12-16T12:21:04","modified_gmt":"2021-12-16T17:21:04","slug":"triptorelin-triptorelin-acetate-cas-57773-63-4-til-behandling-af-prostatacancer-og-brystkraeft","status":"publish","type":"product","link":"https:\/\/puyapeptide.net\/da\/product\/triptorelin-triptorelin-acetate-cas-57773-63-4-til-behandling-af-prostatacancer-og-brystkraeft\/","title":{"rendered":"Triptorelin\/ Triptorelin Acetate CAS 57773-63-4 Til behandling af prostatacancer og brystkr\u00e6ft"},"content":{"rendered":"<h2><strong>Triptorelin\/ Triptorelin Acetate CAS 57773-63-4 Til behandling af prostatacancer og brystkr\u00e6ft<\/strong><\/h2>\n<p>Produktnavn: Triptorelin<br \/>\nSynonymer: PGLU-HIS-TRP-SER-TYR-D-TRP-LEU-ARG-PRO-GLY-NH2;PYROGLU-HIS-TRP-SER-TYR-D-TRP- LEU-ARG-PRO-GLY NH2;PYR-HIS-TRP-SER-TYR-D-TRP-LEU-ARG-PRO-GLY-NH2;PYR-HIS-TRP-SER-TYR-D-TRP-LEU-ARG -PRO-GLY-NH2 PAMOATSALT;TRIPTORELINPAMOAT;TRIPTORELINACETAT;TRIPTORELINAMIDE;TRIPTORELIN, [DTRP6]-LH-RH, AMID<br \/>\nCAS: 57773-63-4<br \/>\nMF: C64H82N18O13:&lt; 1311.47<br \/>\nEINECS: 637-328-4<br \/>\nProduktkategorier: Aminosyrederivater;Peptid<br \/>\nMol Fil: 57773-63-4.mol<\/p>\n<p>Triptoreli er en syntetisk decapeptidagonistanalog, der frigiver hormon (LHRH). Triptoreli har st\u00f8rre styrke end endogen LHRH og undertrykker reversibelt gonadotropinsekretion. Efter kronisk, kontinuerlig administration bevirker dette middel vedvarende fald i LH- og FSH-produktion og testikel- og ovariesteroidogenese. Serumkoncentrationer kan falde til niveauer, der typisk observeres hos kirurgisk kastrerede m\u00e6nd.<\/p>\n<p> <strong>Triptorelin\/ Triptorelin Acetate CAS 57773-63-4 Kemiske egenskaber<\/strong><br \/>\nalfa D23 -58,8\u00b0 (c = 0,33 i eddikesyre)<br \/>\n massefylde 1,52\u00b10,1 g\/cm3(forudsagt)<br \/>\nopbevaringstemp. -20\u00b0C<br \/>\npka 9,82\u00b10,15(forudsagt)<br \/>\nform pulver<br \/>\nInChIKey HPPONSCISKROOD-OYLNGHKZSA-N<br \/>\nCAS DataBase Reference 57773-63-4(CAS DataBase Reference)<\/p>\n<p> <strong>Funktion og anvendelse af Triptorelin\/Triptorelin Acetate CAS 57773-63-4<\/strong><br \/>\nTriptoreli kan bruges til behandling af hormonresponsive kr\u00e6ftformer s\u00e5som prostatacancer eller brystkr\u00e6ft, tidlig pubertet, \u00f8strogenafh\u00e6ngige tilstande (s\u00e5som endometriose eller livmoderhalskr\u00e6ft) fibromer) og i assisteret reproduktion. Det bruges ogs\u00e5 som terapi for k\u00f8nsidentitetsforstyrrelser.<\/p>\n<p>Triptorelin pamoate er en anden superagonist af GnRH, der ligesom nafarelinacetat kun indeholder en enkelt aminosyresubstitution (D-Trp6 for Gly6) sammenlignet med det naturlige hormon. Ved behandling af fremskreden prostatacancer er det vigtigt at reducere serumtestosteronniveauet til meget lave niveauer, hvilket kan opn\u00e5s kirurgisk ved orkiektomi. N\u00e5r denne kirurgiske metode er uacceptabel for patienten, er en alternativ tilgang &quot;kemisk kastration&quot;, som kan opn\u00e5s ved brug af \u00f8strogenterapi, leuprolid, goserelin eller histrelinacetater og nu triptorelinpamoat. Dette produkt er tilg\u00e6ngeligt til IM-depotinjektion (m\u00e5nedlig eller hver 3. m\u00e5ned), hvor serumtestosteronkoncentrationen falder til et niveau, der generelt ses hos kirurgisk kastrerede m\u00e6nd.<\/p>\n","protected":false},"excerpt":{"rendered":"<p>Produktnavn: Triptorelin<br \/>\nCAS: 57773-63-4<br \/>\nMF: C64H82N18O13<br \/>\nMW: 1311.47<br \/>\nEINECS: 637-328-4<br \/>\nMol Fil: 57773-63-4.mol<\/p>\n","protected":false},"featured_media":2287,"comment_status":"open","ping_status":"closed","template":"","meta":{"om_disable_all_campaigns":false,"_monsterinsights_skip_tracking":false,"_monsterinsights_sitenote_active":false,"_monsterinsights_sitenote_note":"","_monsterinsights_sitenote_category":0,"site-sidebar-layout":"default","site-content-layout":"default","ast-site-content-layout":"","site-content-style":"default","site-sidebar-style":"default","ast-global-header-display":"","ast-banner-title-visibility":"","ast-main-header-display":"","ast-hfb-above-header-display":"","ast-hfb-below-header-display":"","ast-hfb-mobile-header-display":"","site-post-title":"","ast-breadcrumbs-content":"","ast-featured-img":"","footer-sml-layout":"","theme-transparent-header-meta":"default","adv-header-id-meta":"","stick-header-meta":"","header-above-stick-meta":"","header-main-stick-meta":"","header-below-stick-meta":"","astra-migrate-meta-layouts":"default","ast-page-background-enabled":"default","ast-page-background-meta":{"desktop":{"background-color":"","background-image":"","background-repeat":"repeat","background-position":"center center","background-size":"auto","background-attachment":"scroll","background-type":"","background-media":"","overlay-type":"","overlay-color":"","overlay-opacity":"","overlay-gradient":""},"tablet":{"background-color":"","background-image":"","background-repeat":"repeat","background-position":"center center","background-size":"auto","background-attachment":"scroll","background-type":"","background-media":"","overlay-type":"","overlay-color":"","overlay-opacity":"","overlay-gradient":""},"mobile":{"background-color":"","background-image":"","background-repeat":"repeat","background-position":"center center","background-size":"auto","background-attachment":"scroll","background-type":"","background-media":"","overlay-type":"","overlay-color":"","overlay-opacity":"","overlay-gradient":""}},"ast-content-background-meta":{"desktop":{"background-color":"var(--ast-global-color-5)","background-image":"","background-repeat":"repeat","background-position":"center center","background-size":"auto","background-attachment":"scroll","background-type":"","background-media":"","overlay-type":"","overlay-color":"","overlay-opacity":"","overlay-gradient":""},"tablet":{"background-color":"var(--ast-global-color-5)","background-image":"","background-repeat":"repeat","background-position":"center center","background-size":"auto","background-attachment":"scroll","background-type":"","background-media":"","overlay-type":"","overlay-color":"","overlay-opacity":"","overlay-gradient":""},"mobile":{"background-color":"var(--ast-global-color-5)","background-image":"","background-repeat":"repeat","background-position":"center center","background-size":"auto","background-attachment":"scroll","background-type":"","background-media":"","overlay-type":"","overlay-color":"","overlay-opacity":"","overlay-gradient":""}}},"product_brand":[],"product_cat":[391],"product_tag":[1510],"class_list":{"0":"post-8150","1":"product","2":"type-product","3":"status-publish","4":"has-post-thumbnail","6":"product_cat-anti-tumor-peptid","7":"product_tag-triptorelin-triptorelin-acetate-cas-57773-63-4-for-treat-prostate-cancer-and-breast-cancer-da","8":"desktop-align-left","9":"tablet-align-left","10":"mobile-align-left","12":"first","13":"instock","14":"shipping-taxable","15":"product-type-simple"},"_links":{"self":[{"href":"https:\/\/puyapeptide.net\/da\/wp-json\/wp\/v2\/product\/8150","targetHints":{"allow":["GET"]}}],"collection":[{"href":"https:\/\/puyapeptide.net\/da\/wp-json\/wp\/v2\/product"}],"about":[{"href":"https:\/\/puyapeptide.net\/da\/wp-json\/wp\/v2\/types\/product"}],"replies":[{"embeddable":true,"href":"https:\/\/puyapeptide.net\/da\/wp-json\/wp\/v2\/comments?post=8150"}],"wp:featuredmedia":[{"embeddable":true,"href":"https:\/\/puyapeptide.net\/da\/wp-json\/wp\/v2\/media\/2287"}],"wp:attachment":[{"href":"https:\/\/puyapeptide.net\/da\/wp-json\/wp\/v2\/media?parent=8150"}],"wp:term":[{"taxonomy":"product_brand","embeddable":true,"href":"https:\/\/puyapeptide.net\/da\/wp-json\/wp\/v2\/product_brand?post=8150"},{"taxonomy":"product_cat","embeddable":true,"href":"https:\/\/puyapeptide.net\/da\/wp-json\/wp\/v2\/product_cat?post=8150"},{"taxonomy":"product_tag","embeddable":true,"href":"https:\/\/puyapeptide.net\/da\/wp-json\/wp\/v2\/product_tag?post=8150"}],"curies":[{"name":"wp","href":"https:\/\/api.w.org\/{rel}","templated":true}]}}