{"id":8172,"date":"2021-12-16T12:22:10","date_gmt":"2021-12-16T17:22:10","guid":{"rendered":"https:\/\/puyapeptide.net\/product\/thymosin-beta-4-acetat-thymosin-%ce%b24-acetate-cas-77591-33-4-til-laboratorieforskning\/"},"modified":"2021-12-16T12:22:10","modified_gmt":"2021-12-16T17:22:10","slug":"thymosin-beta-4-acetat-thymosin-%ce%b24-acetate-cas-77591-33-4-til-laboratorieforskning","status":"publish","type":"product","link":"https:\/\/puyapeptide.net\/da\/product\/thymosin-beta-4-acetat-thymosin-%ce%b24-acetate-cas-77591-33-4-til-laboratorieforskning\/","title":{"rendered":"Thymosin beta 4 acetat\/ Thymosin \u03b24 Acetate CAS 77591-33-4 Til laboratorieforskning"},"content":{"rendered":"<h2><strong>Thymosin beta 4 acetat\/ Thymosin \u03b24 Acetate CAS 77591-33-4 Til laboratorieforskning<\/strong><\/h2>\n<p>Produktnavn: Thymosin beta 4-acetat<br \/>\nSynonymer: AC-SER-ASP-LYS-PRO-ASP-MET-ALA-GLU-ILE-GLU-LYS-PHE-ASP-LYS-SER-LYS-LEU -LYS-LYS-THR-GLU-THR-GLN-GLU-LYS-ASN-PRO-LEU-PRO-SER-LYS-GLU-THR-ILE-GLU-GLN-GLU-LYS-GLN-ALA-GLY-GLU -SER-OH;FX (menneske, kv\u00e6g, hest, rotte);thymosin beta 4 acetat; THYMOSIN BETA4 (menneske, kv\u00e6g, hest, rotte); Thymosin beta4; Thymosin Beta4 Beta4 acetat; Thymosin \u03b24 acetat; THYMOSIN &amp; 4 &gt;CAS: 77591-33-4<br \/>\nMF: C212H350N56O78S<br \/>\nMW: 4963.4408<br \/>\nEINECS: 1592732-453-0<br \/>\nProduktkategorier: Generisk Peptid;Peptid<br \/>\nMol Fil:-37591 4.mol<\/p>\n<p>Thymosin \u03b2-4 er et endogent pro-angiogent, fibroblastaktiverende peptid, der er involveret i hormonregulering. Thymosin \u03b2-4 udviser ogs\u00e5 immunmodulerende og kardiobeskyttende aktiviteter. Thymosin \u03b2-4 forbedrer helingen i hjerteproblemer og forbedrer hjertefunktionen in vivo. Thymosin \u03b2-4 binder G-actin filamenter og forhindrer actin polymerisation.<\/p>\n<p> <strong>Fordele ved Thymosin beta 4 acetat\/ Thymosin \u03b24 Acetate CAS 77591-33-4<\/strong><br \/>\nThymosin Beta-4 er en 43- aminosyrepeptid, der fremmer heling i hele kroppen. Det har ogs\u00e5 anti-inflammatoriske egenskaber. Findes naturligt i h\u00f8jere koncentrationer p\u00e5 skadessteder, kan det vandopl\u00f8selige protein reparere v\u00e6vsskader og regulere cellemigration til et sted. Det kan forbedre s\u00e5rheling og reparere ikke kun huden, men ogs\u00e5 hjernen, rygmarven og hjertet. L\u00e6ger betragter Thymosin Beta-4 som et sikkert og kraftfuldt stof i sin naturlige eller syntetiske form kendt som TB-500.<br \/>\nDerudover har TB4 en lav molekylv\u00e6gt og binder sig ikke til den ekstracellul\u00e6re matrix. Dette g\u00f8r det nemt at rejse gennem kropsv\u00e6v, hvilket fremmer en hurtigere helingshastighed. Peptidet rejser lange afstande, s\u00e5 det normalt ikke skal injiceres direkte p\u00e5 skadestedet. Mens nogle mener, at injektion t\u00e6ttere p\u00e5 et skadet omr\u00e5de giver bedre resultater, tyder kliniske beviser p\u00e5 det modsatte.<\/p>\n<p> <strong>Anvendelse af Thymosin beta 4 acetat\/ Thymosin \u03b24 Acetate CAS 77591-33-4<\/strong><br \/>\n 1. Thymus \u03b24 og tumor unders\u00f8gelser har vist, at thymus \u03b24-acetat er forbundet med en r\u00e6kke forskellige tumorer, herunder tyktarmskr\u00e6ft, melanom, fibrosarkom, brystkr\u00e6ft, bugspytkirtelkr\u00e6ft og lungekr\u00e6ft osv. Det kan synergi med en r\u00e6kke forskellige faktorer for at fremme tumorinvasion Chemicalbook og metastaser.<br \/>\n2. Thymus \u03b24 ved reparation af hjerteskade I den akutte fase af myokardieinfarkt, et stort antal hjertemyocytter isk\u00e6misk nekrose, hvilket f\u00f8rer til nedsat hjertefunktion og eventuel progression til hjertesvigt. Unders\u00f8gelser har bekr\u00e6ftet, at thymus \u03b24-acetat har en beskyttende effekt p\u00e5 kardiomyocytter.<\/p>\n","protected":false},"excerpt":{"rendered":"<p>Produktnavn: Thymosin beta 4 acetat<br \/>\nCAS: 77591-33-4<br \/>\nMF: C212H350N56O78S<br \/>\nMW: 4963.4408<br \/>\nEINECS: 1592732-453-0<br \/>\nMol Fil:-37-7591 .mol<\/p>\n","protected":false},"featured_media":2203,"comment_status":"open","ping_status":"closed","template":"","meta":{"om_disable_all_campaigns":false,"_monsterinsights_skip_tracking":false,"_monsterinsights_sitenote_active":false,"_monsterinsights_sitenote_note":"","_monsterinsights_sitenote_category":0,"site-sidebar-layout":"default","site-content-layout":"default","ast-site-content-layout":"default","site-content-style":"default","site-sidebar-style":"default","ast-global-header-display":"","ast-banner-title-visibility":"","ast-main-header-display":"","ast-hfb-above-header-display":"","ast-hfb-below-header-display":"","ast-hfb-mobile-header-display":"","site-post-title":"","ast-breadcrumbs-content":"","ast-featured-img":"","footer-sml-layout":"","ast-disable-related-posts":"","theme-transparent-header-meta":"default","adv-header-id-meta":"","stick-header-meta":"","header-above-stick-meta":"","header-main-stick-meta":"","header-below-stick-meta":"","astra-migrate-meta-layouts":"default","ast-page-background-enabled":"default","ast-page-background-meta":{"desktop":{"background-color":"","background-image":"","background-repeat":"repeat","background-position":"center center","background-size":"auto","background-attachment":"scroll","background-type":"","background-media":"","overlay-type":"","overlay-color":"","overlay-opacity":"","overlay-gradient":""},"tablet":{"background-color":"","background-image":"","background-repeat":"repeat","background-position":"center center","background-size":"auto","background-attachment":"scroll","background-type":"","background-media":"","overlay-type":"","overlay-color":"","overlay-opacity":"","overlay-gradient":""},"mobile":{"background-color":"","background-image":"","background-repeat":"repeat","background-position":"center center","background-size":"auto","background-attachment":"scroll","background-type":"","background-media":"","overlay-type":"","overlay-color":"","overlay-opacity":"","overlay-gradient":""}},"ast-content-background-meta":{"desktop":{"background-color":"var(--ast-global-color-5)","background-image":"","background-repeat":"repeat","background-position":"center center","background-size":"auto","background-attachment":"scroll","background-type":"","background-media":"","overlay-type":"","overlay-color":"","overlay-opacity":"","overlay-gradient":""},"tablet":{"background-color":"var(--ast-global-color-5)","background-image":"","background-repeat":"repeat","background-position":"center center","background-size":"auto","background-attachment":"scroll","background-type":"","background-media":"","overlay-type":"","overlay-color":"","overlay-opacity":"","overlay-gradient":""},"mobile":{"background-color":"var(--ast-global-color-5)","background-image":"","background-repeat":"repeat","background-position":"center center","background-size":"auto","background-attachment":"scroll","background-type":"","background-media":"","overlay-type":"","overlay-color":"","overlay-opacity":"","overlay-gradient":""}}},"product_brand":[],"product_cat":[531],"product_tag":[1481],"class_list":{"0":"post-8172","1":"product","2":"type-product","3":"status-publish","4":"has-post-thumbnail","6":"product_cat-andre-peptider","7":"product_tag-thymosin-beta-4-acetate-thymosin-4-acetate-cas-77591-33-4-for-lab-research-da","8":"desktop-align-left","9":"tablet-align-left","10":"mobile-align-left","12":"first","13":"instock","14":"shipping-taxable","15":"product-type-simple"},"_links":{"self":[{"href":"https:\/\/puyapeptide.net\/da\/wp-json\/wp\/v2\/product\/8172","targetHints":{"allow":["GET"]}}],"collection":[{"href":"https:\/\/puyapeptide.net\/da\/wp-json\/wp\/v2\/product"}],"about":[{"href":"https:\/\/puyapeptide.net\/da\/wp-json\/wp\/v2\/types\/product"}],"replies":[{"embeddable":true,"href":"https:\/\/puyapeptide.net\/da\/wp-json\/wp\/v2\/comments?post=8172"}],"wp:featuredmedia":[{"embeddable":true,"href":"https:\/\/puyapeptide.net\/da\/wp-json\/wp\/v2\/media\/2203"}],"wp:attachment":[{"href":"https:\/\/puyapeptide.net\/da\/wp-json\/wp\/v2\/media?parent=8172"}],"wp:term":[{"taxonomy":"product_brand","embeddable":true,"href":"https:\/\/puyapeptide.net\/da\/wp-json\/wp\/v2\/product_brand?post=8172"},{"taxonomy":"product_cat","embeddable":true,"href":"https:\/\/puyapeptide.net\/da\/wp-json\/wp\/v2\/product_cat?post=8172"},{"taxonomy":"product_tag","embeddable":true,"href":"https:\/\/puyapeptide.net\/da\/wp-json\/wp\/v2\/product_tag?post=8172"}],"curies":[{"name":"wp","href":"https:\/\/api.w.org\/{rel}","templated":true}]}}