{"id":8216,"date":"2021-12-16T12:24:49","date_gmt":"2021-12-16T17:24:49","guid":{"rendered":"https:\/\/puyapeptide.net\/product\/hoejkvalitets-cosyntropin-tetracosactide-acetate-cas-16960-16-0-behandling-mod-nogle-crohns-sygdom-eller-colitis-ulcerosa\/"},"modified":"2025-11-26T18:05:07","modified_gmt":"2025-11-26T23:05:07","slug":"hoejkvalitets-cosyntropin-tetracosactide-acetate-cas-16960-16-0-behandling-mod-nogle-crohns-sygdom-eller-colitis-ulcerosa","status":"publish","type":"product","link":"https:\/\/puyapeptide.net\/da\/product\/hoejkvalitets-cosyntropin-tetracosactide-acetate-cas-16960-16-0-behandling-mod-nogle-crohns-sygdom-eller-colitis-ulcerosa\/","title":{"rendered":"H\u00f8jkvalitets Cosyntropin\/Tetracosactide Acetate CAS 16960-16-0 Behandling mod nogle Crohns sygdom eller colitis ulcerosa"},"content":{"rendered":"<h2><strong>H\u00f8jkvalitets Cosyntropin\/Tetracosactide Acetate CAS 16960-16-0 Behandling mod nogle Crohns sygdom eller colitis ulcerosa<\/strong><\/h2>\n<p>Produktnavn: Cosyntropin<br \/>\nSynonymer: L-SER-TYR-SER-MET-GLU-HIS-PHE-ARG-TRP-GLY-LYS-PRO-VAL-GLY-LYS-LYS-ARG-ARG- PRO-VAL-LYS-VAL-TYR-PRO;cosyntropin;H-SER-TYR-SER-MET-GLU-HIS-PHE-ARG-TRP-GLY-LYS-PRO-VAL-GLY-LYS-LYS-ARG- ARG PRO-VAL-LYS-VAL-TYR-PRO-OH TETRACOSACTIDE (MENNESKE, KVE, MUS, F\u00c5R, SVIN, KANIN, ROTTE);H-SER-TYR-SER-MET-GLU-HIS-PHE-ARG-TRP -GLY-LYS-PRO-VAL-GLY-LYS-LYS-ARG-ARG-PRO-VAL-LYS-VAL-TYR-PRO-OH;SER-TYR-SER-MET-GLU-HIS-PHE-ARG-TRP -GLY-LYS-PRO-VAL-GLY-LYS-LYS-ARG-ARG-PRO-VAL-LYS-VAL-TYR-PRO HUMAN;SER-TYR-SER-MET-GLU-HIS-PHE-ARG-TRP- GLY-LYS-PRO-VAL-GLY-LYS-LYS-ARG-ARG-PRO-VAL-LYS-VAL-TYR-PRO;TETRACOSACTIDE;TETRACOSACTIDE (HUMAN)<br \/>\nCAS: 16960-16-0<br \/>\nMF : C136H210N40O31S<br \/>\nMW: 2933.44<br \/>\nEINECS: 241-031-1<br \/>\nProduktkategorier: Melanocortinreceptor;Peptid;Organics<br \/>\nMol Fil: 16960-16-0.syntropin<\/p>\n<p>Cotropin er et syntetisk polypeptid, der best\u00e5r af aminosyreresterne 1 til 24 af human ACTH, men som har den fulde biologiske aktivitet af sin for\u00e6lder. Fordi det er af syntetisk oprindelse, er det mindre allergifremkaldende end ACTH af naturlig oprindelse. Cosyntropin bruges som et diagnostisk middel til screening af patienter, der mist\u00e6nkes for at have binyrebarksinsufficiens. Normalt virker parenteral administration af cosyntropin hurtigt p\u00e5 binyrebarken for at bevirke frigivelse af plasmahydrocortison; ved udf\u00f8relse af testen sammenlignes hydrocortisonniveauerne med en kontrolblodpr\u00f8ve taget tidligere.<\/p>\n<p> <strong>Cosyntropin\/ Tetracosactide Acetate CAS 16960-16-0 Kemiske egenskaber<\/strong><br \/>\ndensitet 1,47\u00b10,1 g\/cm3(forudsagt)&lt; &amp;&gt;opbevaringstemp. \u221220\u00b0C<br \/>\nopl\u00f8selighed Tungt opl\u00f8seligt i vand.<br \/>\nVandopl\u00f8selighed Opl\u00f8seligt i vand<br \/>\nInChIKey ZOEFCCMDUURGSE-SQKVDDBVSA-N<br \/>\nCAS DataBase Reference 16960-16-0(CAS DataBase Reference)<br \/>\n&lt; &amp;&gt; <strong>Funktion og anvendelse af Cosyntropin\/Tetracosactide Acetate CAS 16960-16-0<\/strong><br \/>\nBruges til at diagnosticere binyrebarkinsufficiens; bruges ogs\u00e5 til behandling af gigt, leddegigt, hudsygdomme og shock. Bivirkninger og kontraindikationer: kl\u00f8e, r\u00f8dmen, n\u00e6ldefeber, bronkospasmer og andre allergiske reaktioner fra Chemicalbook er mindre almindelige end kortikosteroider. Lejlighedsvis synkope og mangel. Langvarig eller overdreven brug kan have h\u00e6velse, hypertension, hypokali\u00e6mi, hyperpigmentering og induceret infektion osv. Brug med forsigtighed, hvis du er allergisk over for naturlige kortikosteroider.<\/p>\n","protected":false},"excerpt":{"rendered":"<p>Produktnavn: Cosyntropin<br \/>\nCAS: 16960-16-0<br \/>\nMF: C136H210N40O31S<br \/>\nMW: 2933.44<br \/>\nEINECS: 241-031-1<br \/>\nMol Fil: 16960-16-0.mol<\/p>\n","protected":false},"featured_media":2329,"comment_status":"open","ping_status":"closed","template":"","meta":{"om_disable_all_campaigns":false,"_monsterinsights_skip_tracking":false,"_monsterinsights_sitenote_active":false,"_monsterinsights_sitenote_note":"","_monsterinsights_sitenote_category":0,"site-sidebar-layout":"default","site-content-layout":"default","ast-site-content-layout":"default","site-content-style":"default","site-sidebar-style":"default","ast-global-header-display":"","ast-banner-title-visibility":"","ast-main-header-display":"","ast-hfb-above-header-display":"","ast-hfb-below-header-display":"","ast-hfb-mobile-header-display":"","site-post-title":"","ast-breadcrumbs-content":"","ast-featured-img":"","footer-sml-layout":"","ast-disable-related-posts":"","theme-transparent-header-meta":"default","adv-header-id-meta":"","stick-header-meta":"","header-above-stick-meta":"","header-main-stick-meta":"","header-below-stick-meta":"","astra-migrate-meta-layouts":"default","ast-page-background-enabled":"default","ast-page-background-meta":{"desktop":{"background-color":"","background-image":"","background-repeat":"repeat","background-position":"center center","background-size":"auto","background-attachment":"scroll","background-type":"","background-media":"","overlay-type":"","overlay-color":"","overlay-opacity":"","overlay-gradient":""},"tablet":{"background-color":"","background-image":"","background-repeat":"repeat","background-position":"center center","background-size":"auto","background-attachment":"scroll","background-type":"","background-media":"","overlay-type":"","overlay-color":"","overlay-opacity":"","overlay-gradient":""},"mobile":{"background-color":"","background-image":"","background-repeat":"repeat","background-position":"center center","background-size":"auto","background-attachment":"scroll","background-type":"","background-media":"","overlay-type":"","overlay-color":"","overlay-opacity":"","overlay-gradient":""}},"ast-content-background-meta":{"desktop":{"background-color":"var(--ast-global-color-5)","background-image":"","background-repeat":"repeat","background-position":"center center","background-size":"auto","background-attachment":"scroll","background-type":"","background-media":"","overlay-type":"","overlay-color":"","overlay-opacity":"","overlay-gradient":""},"tablet":{"background-color":"var(--ast-global-color-5)","background-image":"","background-repeat":"repeat","background-position":"center center","background-size":"auto","background-attachment":"scroll","background-type":"","background-media":"","overlay-type":"","overlay-color":"","overlay-opacity":"","overlay-gradient":""},"mobile":{"background-color":"var(--ast-global-color-5)","background-image":"","background-repeat":"repeat","background-position":"center center","background-size":"auto","background-attachment":"scroll","background-type":"","background-media":"","overlay-type":"","overlay-color":"","overlay-opacity":"","overlay-gradient":""}}},"product_brand":[],"product_cat":[531],"product_tag":[1438],"class_list":{"0":"post-8216","1":"product","2":"type-product","3":"status-publish","4":"has-post-thumbnail","6":"product_cat-andre-peptider","7":"product_tag-high-quality-cosyntropin-tetracosactide-acetate-cas-16960-16-0-treat-for-some-crohns-disease-or-ulcerative-colitis-da","8":"desktop-align-left","9":"tablet-align-left","10":"mobile-align-left","12":"first","13":"instock","14":"shipping-taxable","15":"product-type-simple"},"_links":{"self":[{"href":"https:\/\/puyapeptide.net\/da\/wp-json\/wp\/v2\/product\/8216","targetHints":{"allow":["GET"]}}],"collection":[{"href":"https:\/\/puyapeptide.net\/da\/wp-json\/wp\/v2\/product"}],"about":[{"href":"https:\/\/puyapeptide.net\/da\/wp-json\/wp\/v2\/types\/product"}],"replies":[{"embeddable":true,"href":"https:\/\/puyapeptide.net\/da\/wp-json\/wp\/v2\/comments?post=8216"}],"wp:featuredmedia":[{"embeddable":true,"href":"https:\/\/puyapeptide.net\/da\/wp-json\/wp\/v2\/media\/2329"}],"wp:attachment":[{"href":"https:\/\/puyapeptide.net\/da\/wp-json\/wp\/v2\/media?parent=8216"}],"wp:term":[{"taxonomy":"product_brand","embeddable":true,"href":"https:\/\/puyapeptide.net\/da\/wp-json\/wp\/v2\/product_brand?post=8216"},{"taxonomy":"product_cat","embeddable":true,"href":"https:\/\/puyapeptide.net\/da\/wp-json\/wp\/v2\/product_cat?post=8216"},{"taxonomy":"product_tag","embeddable":true,"href":"https:\/\/puyapeptide.net\/da\/wp-json\/wp\/v2\/product_tag?post=8216"}],"curies":[{"name":"wp","href":"https:\/\/api.w.org\/{rel}","templated":true}]}}