{"id":8228,"date":"2021-12-16T12:25:49","date_gmt":"2021-12-16T17:25:49","guid":{"rendered":"https:\/\/puyapeptide.net\/product\/topklasse-abaloparatid-cas-247062-33-5-til-reduceret-frakturrate-og-forekomst-af-hypercalcaemi\/"},"modified":"2021-12-16T12:25:49","modified_gmt":"2021-12-16T17:25:49","slug":"topklasse-abaloparatid-cas-247062-33-5-til-reduceret-frakturrate-og-forekomst-af-hypercalcaemi","status":"publish","type":"product","link":"https:\/\/puyapeptide.net\/da\/product\/topklasse-abaloparatid-cas-247062-33-5-til-reduceret-frakturrate-og-forekomst-af-hypercalcaemi\/","title":{"rendered":"Topklasse Abaloparatid CAS 247062-33-5 til reduceret frakturrate og forekomst af hypercalc\u00e6mi"},"content":{"rendered":"<h2><strong>Topklasse Abaloparatid CAS 247062-33-5 til reduceret frakturrate og forekomst af hypercalc\u00e6mi<\/strong><\/h2>\n<p>Produktnavn: Abaloparatid<br \/>\nSekvens: H-Ala-Val-Ser-Glu-His-Gln-Leu-Leu-His-Asp-Lys-Gly-Lys-Ser-Ile-Gln-Asp-Leu- Arg-Arg-Arg-Glu-Leu-Leu-Glu-Lys-Leu-Leu-N-Me-Ala-Lys- Leu-His-Thr-Ala-NH2<br \/>\nSynonymer: Abaloparatid<br \/>\nCAS: 247062- 33-5<br \/>\nMF: C174H300N56O49<br \/>\nMW: 3960.5896<br \/>\nEINECS:<br \/>\nProduktkategorier:<br \/>\nMol Fil: 247062-33-5.mol<\/p>\n<p>Abaloparatid, en selektiv aktivator af parathyreoideahormonreceptoren (PTH1-receptoren), er blevet avanceret i klinisk udvikling til behandling af osteoporose hos postmenopausale kvinder med h\u00f8j risiko for fraktur p\u00e5 grund af dets gode osteogene aktivitet, fremstillet af abaloparatid.<\/p>\n<p> <strong>Technical index Of Abaloparatid CAS 247062-33-5<\/strong><br \/>\nUdseende: Hvidt pulver<br \/>\nRenhed(HPLC) \u226598,0%<br \/>\nAcetatindhold 5,0%~12,0%<br \/>\nVandindhold \u22648,0%<br \/>\nPeptidindhold\u226580,0%<br \/>\nEmballering og transport:<br \/>\nLav temperatur, vakuumpakket, n\u00f8jagtig til mg efter anmodning.<\/p>\n<p> <strong>Funktion og anvendelse af Abaloparatid CAS 247062-33-5<\/strong><br \/>\nAbaparatid, et peptid best\u00e5ende af p\u00e5 34 aminosyrerester, er et nyt parathyroidhormon-relateret peptid (PTHrP) udviklet af RadiusHealth, som er en kraftfuld og selektiv aktivator af PTH-I-receptoren til at \u00f8ge knoglemineralindhold, knoglet\u00e6thed og knoglestyrke og fremme knogledannelse , og er blevet godkendt til markedsf\u00f8ring af FDA den april Chemicalbook28, 2017. godkendt til markedsf\u00f8ring af FDA den 28. april 2017 under handelsnavnet Tymlos.Abapatid administreres subkutant til behandling af osteoporose hos postmenopausale kvinder, der er i risiko for at fraktur eller som ikke har reageret p\u00e5 andre terapeutiske midler og er effektiv til at reducere antallet af nye vertebrale og ikke-vertebrale frakturer. Abapatid er bedre i stand til at reducere frakturrater og hypercalc\u00e6mi sammenlignet med teriparatid.<\/p>\n","protected":false},"excerpt":{"rendered":"<p>Produktnavn: Abaloparatid<br \/>\nCAS: 247062-33-5<br \/>\nMF: C174H300N56O49<br \/>\nMW: 3960.5896<br \/>\nMol Fil: 247062-33-5.mol<\/p>\n","protected":false},"featured_media":2161,"comment_status":"open","ping_status":"closed","template":"","meta":{"om_disable_all_campaigns":false,"_monsterinsights_skip_tracking":false,"_monsterinsights_sitenote_active":false,"_monsterinsights_sitenote_note":"","_monsterinsights_sitenote_category":0,"site-sidebar-layout":"default","site-content-layout":"default","ast-site-content-layout":"default","site-content-style":"default","site-sidebar-style":"default","ast-global-header-display":"","ast-banner-title-visibility":"","ast-main-header-display":"","ast-hfb-above-header-display":"","ast-hfb-below-header-display":"","ast-hfb-mobile-header-display":"","site-post-title":"","ast-breadcrumbs-content":"","ast-featured-img":"","footer-sml-layout":"","ast-disable-related-posts":"","theme-transparent-header-meta":"default","adv-header-id-meta":"","stick-header-meta":"","header-above-stick-meta":"","header-main-stick-meta":"","header-below-stick-meta":"","astra-migrate-meta-layouts":"default","ast-page-background-enabled":"default","ast-page-background-meta":{"desktop":{"background-color":"","background-image":"","background-repeat":"repeat","background-position":"center center","background-size":"auto","background-attachment":"scroll","background-type":"","background-media":"","overlay-type":"","overlay-color":"","overlay-opacity":"","overlay-gradient":""},"tablet":{"background-color":"","background-image":"","background-repeat":"repeat","background-position":"center center","background-size":"auto","background-attachment":"scroll","background-type":"","background-media":"","overlay-type":"","overlay-color":"","overlay-opacity":"","overlay-gradient":""},"mobile":{"background-color":"","background-image":"","background-repeat":"repeat","background-position":"center center","background-size":"auto","background-attachment":"scroll","background-type":"","background-media":"","overlay-type":"","overlay-color":"","overlay-opacity":"","overlay-gradient":""}},"ast-content-background-meta":{"desktop":{"background-color":"var(--ast-global-color-5)","background-image":"","background-repeat":"repeat","background-position":"center center","background-size":"auto","background-attachment":"scroll","background-type":"","background-media":"","overlay-type":"","overlay-color":"","overlay-opacity":"","overlay-gradient":""},"tablet":{"background-color":"var(--ast-global-color-5)","background-image":"","background-repeat":"repeat","background-position":"center center","background-size":"auto","background-attachment":"scroll","background-type":"","background-media":"","overlay-type":"","overlay-color":"","overlay-opacity":"","overlay-gradient":""},"mobile":{"background-color":"var(--ast-global-color-5)","background-image":"","background-repeat":"repeat","background-position":"center center","background-size":"auto","background-attachment":"scroll","background-type":"","background-media":"","overlay-type":"","overlay-color":"","overlay-opacity":"","overlay-gradient":""}}},"product_brand":[],"product_cat":[468],"product_tag":[1414],"class_list":{"0":"post-8228","1":"product","2":"type-product","3":"status-publish","4":"has-post-thumbnail","6":"product_cat-osteoporose-peptid","7":"product_tag-top-grade-abaloparatide-cas-247062-33-5-for-reduced-fracture-rate-and-hypercalcemia-incidence-da","8":"desktop-align-left","9":"tablet-align-left","10":"mobile-align-left","12":"first","13":"instock","14":"shipping-taxable","15":"product-type-simple"},"_links":{"self":[{"href":"https:\/\/puyapeptide.net\/da\/wp-json\/wp\/v2\/product\/8228","targetHints":{"allow":["GET"]}}],"collection":[{"href":"https:\/\/puyapeptide.net\/da\/wp-json\/wp\/v2\/product"}],"about":[{"href":"https:\/\/puyapeptide.net\/da\/wp-json\/wp\/v2\/types\/product"}],"replies":[{"embeddable":true,"href":"https:\/\/puyapeptide.net\/da\/wp-json\/wp\/v2\/comments?post=8228"}],"wp:featuredmedia":[{"embeddable":true,"href":"https:\/\/puyapeptide.net\/da\/wp-json\/wp\/v2\/media\/2161"}],"wp:attachment":[{"href":"https:\/\/puyapeptide.net\/da\/wp-json\/wp\/v2\/media?parent=8228"}],"wp:term":[{"taxonomy":"product_brand","embeddable":true,"href":"https:\/\/puyapeptide.net\/da\/wp-json\/wp\/v2\/product_brand?post=8228"},{"taxonomy":"product_cat","embeddable":true,"href":"https:\/\/puyapeptide.net\/da\/wp-json\/wp\/v2\/product_cat?post=8228"},{"taxonomy":"product_tag","embeddable":true,"href":"https:\/\/puyapeptide.net\/da\/wp-json\/wp\/v2\/product_tag?post=8228"}],"curies":[{"name":"wp","href":"https:\/\/api.w.org\/{rel}","templated":true}]}}