{"id":8263,"date":"2021-12-16T13:19:29","date_gmt":"2021-12-16T18:19:29","guid":{"rendered":"https:\/\/puyapeptide.net\/product\/puya-supply-teriparatide-acetate-cas-52232-67-4-behandling-mod-osteoporose\/"},"modified":"2026-03-22T09:25:01","modified_gmt":"2026-03-22T13:25:01","slug":"puya-supply-teriparatide-acetate-cas-52232-67-4-behandling-mod-osteoporose","status":"publish","type":"product","link":"https:\/\/puyapeptide.net\/da\/product\/puya-supply-teriparatide-acetate-cas-52232-67-4-behandling-mod-osteoporose\/","title":{"rendered":"Puya Supply Teriparatide Acetate CAS 52232-67-4 Behandling mod osteoporose"},"content":{"rendered":"<h2><strong>Puya Supply Teriparatide Acetate CAS 52232-67-4 Behandling mod osteoporose<\/strong><\/h2>\n<p>Produktnavn: Teriparatideacetat<br \/>\nSynonymer: PARATHYROIDHORMON MENNESKE: FRAGMENT 1-34;PARATHYROIDHORMON (MENNESKE, 1-34);PARATHYROIDHORMONEN (1-34), MENNESKET;PTH (1-34) (MENNESKELIG) );PTH (HUMAN, 1-34);TERIPARATIDE;Teriparatidacetat;SVSEIQLMHNLGKHLNSMERVEWLRKKLQDVHNF<br \/>\nCAS: 52232-67-4<br \/>\nMF: C172H278N52O47S2<br \/>\nMW: 490892&gt; 8992&gt; 7990 690 920 &amp;&gt;Produktkategorier: Aminosyrederivater;Endokrinologioghormoner;Peptid;hormoner;Andre protein-\/peptidhormoner;proteiner;Parthyroidhormon (PTH)peptider og proteiner;parathyroidhormonfragmenter;Peptider til cellebiologi;Peptider og proteiner; Mol Fil: 52232-67-4.mol<\/p>\n<p>Teriparatide er et rekombinant produkt, der repr\u00e6senterer de f\u00f8rste 34 aminosyrer i humant parathyroidhormon. Teriparatid \u00f8ger knogledannelsen, knogleomdannelseshastigheden og osteoblastantal og -aktivitet. B\u00e5de knoglemasse og arkitektur er forbedret.<br \/>\nTeriparatide er FDA godkendt til postmenopausale kvinder og m\u00e6nd, som har h\u00f8j risiko for fraktur.<\/p>\n<p> <strong>Teriparatide acetat CAS 52232-67-4 Kemiske egenskaber<\/strong><br \/>\nRTECS SQ7770000&lt; &amp;&gt;opbevaringstemp. \u221220\u00b0C<br \/>\nform pulver<br \/>\nCAS DataBase Reference 52232-67-4(CAS DataBase Reference)<\/p>\n<p> <strong>Anvendelser af Teriparatide acetat CAS 52232-67-4<\/strong><br \/>\nTeriparatide er en rekombinantform af parathyroid hormon, som bruges til behandling af osteoporose hos m\u00e6nd og postmenopausale kvinder. Den N-terminale region besidder 34 aminosyrer, som er identiske med den biologisk aktive region af 84-aminosyresekvensen af humant parathyroidhormon. Det har vist sig at virke p\u00e5 osteoblaster for at stimulere ny knoglev\u00e6kst og forbedre knoglet\u00e6theden.<\/p>\n","protected":false},"excerpt":{"rendered":"<p>Produktnavn: Teriparatideacetat<br \/>\nCAS: 52232-67-4<br \/>\nMF: C172H278N52O47S2<br \/>\nMW: 3890.49792<br \/>\nEINECS: 640-978-1<br \/>\nMol Fil: 57242.mol<\/p>\n","protected":false},"featured_media":0,"comment_status":"open","ping_status":"closed","template":"","meta":{"om_disable_all_campaigns":false,"_monsterinsights_skip_tracking":false,"_monsterinsights_sitenote_active":false,"_monsterinsights_sitenote_note":"","_monsterinsights_sitenote_category":0,"site-sidebar-layout":"default","site-content-layout":"default","ast-site-content-layout":"default","site-content-style":"default","site-sidebar-style":"default","ast-global-header-display":"","ast-banner-title-visibility":"","ast-main-header-display":"","ast-hfb-above-header-display":"","ast-hfb-below-header-display":"","ast-hfb-mobile-header-display":"","site-post-title":"","ast-breadcrumbs-content":"","ast-featured-img":"","footer-sml-layout":"","ast-disable-related-posts":"","theme-transparent-header-meta":"default","adv-header-id-meta":"","stick-header-meta":"","header-above-stick-meta":"","header-main-stick-meta":"","header-below-stick-meta":"","astra-migrate-meta-layouts":"default","ast-page-background-enabled":"default","ast-page-background-meta":{"desktop":{"background-color":"","background-image":"","background-repeat":"repeat","background-position":"center center","background-size":"auto","background-attachment":"scroll","background-type":"","background-media":"","overlay-type":"","overlay-color":"","overlay-opacity":"","overlay-gradient":""},"tablet":{"background-color":"","background-image":"","background-repeat":"repeat","background-position":"center center","background-size":"auto","background-attachment":"scroll","background-type":"","background-media":"","overlay-type":"","overlay-color":"","overlay-opacity":"","overlay-gradient":""},"mobile":{"background-color":"","background-image":"","background-repeat":"repeat","background-position":"center center","background-size":"auto","background-attachment":"scroll","background-type":"","background-media":"","overlay-type":"","overlay-color":"","overlay-opacity":"","overlay-gradient":""}},"ast-content-background-meta":{"desktop":{"background-color":"var(--ast-global-color-5)","background-image":"","background-repeat":"repeat","background-position":"center center","background-size":"auto","background-attachment":"scroll","background-type":"","background-media":"","overlay-type":"","overlay-color":"","overlay-opacity":"","overlay-gradient":""},"tablet":{"background-color":"var(--ast-global-color-5)","background-image":"","background-repeat":"repeat","background-position":"center center","background-size":"auto","background-attachment":"scroll","background-type":"","background-media":"","overlay-type":"","overlay-color":"","overlay-opacity":"","overlay-gradient":""},"mobile":{"background-color":"var(--ast-global-color-5)","background-image":"","background-repeat":"repeat","background-position":"center center","background-size":"auto","background-attachment":"scroll","background-type":"","background-media":"","overlay-type":"","overlay-color":"","overlay-opacity":"","overlay-gradient":""}}},"product_brand":[],"product_cat":[468],"product_tag":[1395],"class_list":{"0":"post-8263","1":"product","2":"type-product","3":"status-publish","5":"product_cat-osteoporose-peptid","6":"product_tag-puya-supply-teriparatide-acetate-cas-52232-67-4-treat-for-osteoporosis-da","7":"desktop-align-left","8":"tablet-align-left","9":"mobile-align-left","11":"first","12":"instock","13":"shipping-taxable","14":"product-type-simple"},"_links":{"self":[{"href":"https:\/\/puyapeptide.net\/da\/wp-json\/wp\/v2\/product\/8263","targetHints":{"allow":["GET"]}}],"collection":[{"href":"https:\/\/puyapeptide.net\/da\/wp-json\/wp\/v2\/product"}],"about":[{"href":"https:\/\/puyapeptide.net\/da\/wp-json\/wp\/v2\/types\/product"}],"replies":[{"embeddable":true,"href":"https:\/\/puyapeptide.net\/da\/wp-json\/wp\/v2\/comments?post=8263"}],"wp:attachment":[{"href":"https:\/\/puyapeptide.net\/da\/wp-json\/wp\/v2\/media?parent=8263"}],"wp:term":[{"taxonomy":"product_brand","embeddable":true,"href":"https:\/\/puyapeptide.net\/da\/wp-json\/wp\/v2\/product_brand?post=8263"},{"taxonomy":"product_cat","embeddable":true,"href":"https:\/\/puyapeptide.net\/da\/wp-json\/wp\/v2\/product_cat?post=8263"},{"taxonomy":"product_tag","embeddable":true,"href":"https:\/\/puyapeptide.net\/da\/wp-json\/wp\/v2\/product_tag?post=8263"}],"curies":[{"name":"wp","href":"https:\/\/api.w.org\/{rel}","templated":true}]}}