{"id":8301,"date":"2021-12-16T13:22:09","date_gmt":"2021-12-16T18:22:09","guid":{"rendered":"https:\/\/puyapeptide.net\/product\/hoejkvalitets-sincalide-cck-8-cas-25126-32-3-anvendes-hovedsageligt-til-at-fremme-galdeblaeresammentraekning-galdeblaerediagnostisk-reagens\/"},"modified":"2021-12-16T13:22:09","modified_gmt":"2021-12-16T18:22:09","slug":"hoejkvalitets-sincalide-cck-8-cas-25126-32-3-anvendes-hovedsageligt-til-at-fremme-galdeblaeresammentraekning-galdeblaerediagnostisk-reagens","status":"publish","type":"product","link":"https:\/\/puyapeptide.net\/da\/product\/hoejkvalitets-sincalide-cck-8-cas-25126-32-3-anvendes-hovedsageligt-til-at-fremme-galdeblaeresammentraekning-galdeblaerediagnostisk-reagens\/","title":{"rendered":"H\u00f8jkvalitets Sincalide\/CCK-8 CAS 25126-32-3 Anvendes hovedsageligt til at fremme galdebl\u00e6resammentr\u00e6kning, galdebl\u00e6rediagnostisk reagens"},"content":{"rendered":"<h2><strong>H\u00f8jkvalitets Sincalide\/CCK-8 CAS 25126-32-3 Anvendes hovedsageligt til at fremme galdebl\u00e6resammentr\u00e6kning, galdebl\u00e6rediagnostisk reagens<\/strong><\/h2>\n<p>Produktnavn: Sincalide<br \/>\nSynonymer: [27-TYR(SO3H)]CHOLECYSTOKININ-FRAGMENT (26-33)-AMID;PANCREOZYMIN C-TERMINAL OCTAPEPTIDE;SINCALIDE;(Tyr[SO3H]27)Cholecystokinin-fragment 33 Amid; Sincalid(CCK-8);(tyr(so3H)27)-cholecystokininfragment*26-33 amid;H-ASP-TYR(SO3H)-MET-GLY-TRP-MET-ASP-PHE-NH2;H -ASP-TYR(SO3H)-MET-GLY-TRP-MET-ASP-PHE-NH2 AMMONIUM SALT<br \/>\nCAS: 25126-32-3<br \/>\nMF: C49H62N10O16S3<br \/>\nMW: 1143,27<br \/>\nEINECS: 246-639-0<br \/>\nProduktkategorier: API;hormoner;Peptid;Cholecystokinin (CCK) receptor;Peptidreceptorer<br \/>\nMol Fil: 25126-32-3.mol<\/p>\n<p>Sincalide\/Cholecystokinin (CCK- 8) er et hjerneintestinalt peptid med flere molekyl\u00e6re former og en dobbeltfordeling, best\u00e5ende af 33 aminosyrer, med hormonelle og neurotransmittereffekter. Sincalide er et octapeptidmolekyle, et fragment af cholecystokinin, Chemicalbook har alle de biologiske aktiviteter af cholecystokinin, et syntetisk cholecystokinin octapeptid (Octapeptid), hovedsageligt bruges til at fremme galdebl\u00e6rekontraktion, galdebl\u00e6rediagnostisk reagens, klinisk brug i behandlingen af kronisk pancreatitis, bugspytkirtlens sekretionsfunktion blev v\u00e6sentligt forbedret, symptomerne blev v\u00e6sentligt reduceret. Symptomerne blev signifikant reduceret.<\/p>\n<p> <strong>Sincalide\/ CCK-8 CAS 25126-32-3 Kemiske egenskaber<\/strong><br \/>\nalpha D23 -18,4\u00b0 (c = 0,7 i 1N NH3)<br \/>\ndensitet 1,440\u00b10,06 g\/ cm3(Forudsagt)<br \/>\nopbevaringstemp. -20\u00b0C<br \/>\nopl\u00f8selighed 0,05 M ammoniumhydroxid: 1 mg\/mL, klar, farvel\u00f8s<br \/>\npka -4,17\u00b10,18(Forudsagt)<br \/>\nform pulver<br \/>\nVandopl\u00f8selighed Opl\u00f8selig i vand 1 g\/L ved 10\u00b0C.<br \/>\nMerck 13,8617<br \/>\nBRN 5231801<\/p>\n<p> <strong>Sincalide\/ CCK-8 CAS 25126-32-3 Kemiske egenskaber<\/strong><br \/>\nSincalide\/Cholecystokinin (CCK-8) bruges ofte klinisk at samarbejde med og forbedre bugspytkirtelsekretionsfunktionsunders\u00f8gelse med bugspytkirtelsekretion; CCK bruges til at erstatte fedtholdigt m\u00e5ltid under kolangiografi, hvilket kan fremme tarmperistaltikken og forkorte tiden for unders\u00f8gelse af bariumm\u00e5ltid. Det kan ogs\u00e5 bruges til behandling af tarmlammelse.<\/p>\n","protected":false},"excerpt":{"rendered":"<p>Produktnavn: Sincalide<br \/>\nMF: C49H62N10O16S3<br \/>\nMW: 1143,27<br \/>\nEINECS: 246-639-0<br \/>\nMol Fil: 25126-32-3.mol<\/p>\n","protected":false},"featured_media":2119,"comment_status":"open","ping_status":"closed","template":"","meta":{"om_disable_all_campaigns":false,"_monsterinsights_skip_tracking":false,"_monsterinsights_sitenote_active":false,"_monsterinsights_sitenote_note":"","_monsterinsights_sitenote_category":0,"site-sidebar-layout":"default","site-content-layout":"default","ast-site-content-layout":"default","site-content-style":"default","site-sidebar-style":"default","ast-global-header-display":"","ast-banner-title-visibility":"","ast-main-header-display":"","ast-hfb-above-header-display":"","ast-hfb-below-header-display":"","ast-hfb-mobile-header-display":"","site-post-title":"","ast-breadcrumbs-content":"","ast-featured-img":"","footer-sml-layout":"","ast-disable-related-posts":"","theme-transparent-header-meta":"default","adv-header-id-meta":"","stick-header-meta":"","header-above-stick-meta":"","header-main-stick-meta":"","header-below-stick-meta":"","astra-migrate-meta-layouts":"default","ast-page-background-enabled":"default","ast-page-background-meta":{"desktop":{"background-color":"","background-image":"","background-repeat":"repeat","background-position":"center center","background-size":"auto","background-attachment":"scroll","background-type":"","background-media":"","overlay-type":"","overlay-color":"","overlay-opacity":"","overlay-gradient":""},"tablet":{"background-color":"","background-image":"","background-repeat":"repeat","background-position":"center center","background-size":"auto","background-attachment":"scroll","background-type":"","background-media":"","overlay-type":"","overlay-color":"","overlay-opacity":"","overlay-gradient":""},"mobile":{"background-color":"","background-image":"","background-repeat":"repeat","background-position":"center center","background-size":"auto","background-attachment":"scroll","background-type":"","background-media":"","overlay-type":"","overlay-color":"","overlay-opacity":"","overlay-gradient":""}},"ast-content-background-meta":{"desktop":{"background-color":"var(--ast-global-color-5)","background-image":"","background-repeat":"repeat","background-position":"center center","background-size":"auto","background-attachment":"scroll","background-type":"","background-media":"","overlay-type":"","overlay-color":"","overlay-opacity":"","overlay-gradient":""},"tablet":{"background-color":"var(--ast-global-color-5)","background-image":"","background-repeat":"repeat","background-position":"center center","background-size":"auto","background-attachment":"scroll","background-type":"","background-media":"","overlay-type":"","overlay-color":"","overlay-opacity":"","overlay-gradient":""},"mobile":{"background-color":"var(--ast-global-color-5)","background-image":"","background-repeat":"repeat","background-position":"center center","background-size":"auto","background-attachment":"scroll","background-type":"","background-media":"","overlay-type":"","overlay-color":"","overlay-opacity":"","overlay-gradient":""}}},"product_brand":[],"product_cat":[531],"product_tag":[1370,1348],"class_list":{"0":"post-8301","1":"product","2":"type-product","3":"status-publish","4":"has-post-thumbnail","6":"product_cat-andre-peptider","7":"product_tag-gallbladder-diagnostic-reagent-da","8":"product_tag-high-quality-sincalide-cck-8-cas-25126-32-3-mainly-used-to-promote-gallbladder-contraction-da","9":"desktop-align-left","10":"tablet-align-left","11":"mobile-align-left","13":"first","14":"instock","15":"shipping-taxable","16":"product-type-simple"},"_links":{"self":[{"href":"https:\/\/puyapeptide.net\/da\/wp-json\/wp\/v2\/product\/8301","targetHints":{"allow":["GET"]}}],"collection":[{"href":"https:\/\/puyapeptide.net\/da\/wp-json\/wp\/v2\/product"}],"about":[{"href":"https:\/\/puyapeptide.net\/da\/wp-json\/wp\/v2\/types\/product"}],"replies":[{"embeddable":true,"href":"https:\/\/puyapeptide.net\/da\/wp-json\/wp\/v2\/comments?post=8301"}],"wp:featuredmedia":[{"embeddable":true,"href":"https:\/\/puyapeptide.net\/da\/wp-json\/wp\/v2\/media\/2119"}],"wp:attachment":[{"href":"https:\/\/puyapeptide.net\/da\/wp-json\/wp\/v2\/media?parent=8301"}],"wp:term":[{"taxonomy":"product_brand","embeddable":true,"href":"https:\/\/puyapeptide.net\/da\/wp-json\/wp\/v2\/product_brand?post=8301"},{"taxonomy":"product_cat","embeddable":true,"href":"https:\/\/puyapeptide.net\/da\/wp-json\/wp\/v2\/product_cat?post=8301"},{"taxonomy":"product_tag","embeddable":true,"href":"https:\/\/puyapeptide.net\/da\/wp-json\/wp\/v2\/product_tag?post=8301"}],"curies":[{"name":"wp","href":"https:\/\/api.w.org\/{rel}","templated":true}]}}