{"id":8364,"date":"2021-12-16T13:25:53","date_gmt":"2021-12-16T18:25:53","guid":{"rendered":"https:\/\/puyapeptide.net\/product\/alarelin-acetate-gnrh-a-cas-79561-22-1-til-fremme-af-aegloesning-og-behandling-af-infertilitet-foraarsaget-af-unormal-ovariefunktion\/"},"modified":"2021-12-16T13:25:53","modified_gmt":"2021-12-16T18:25:53","slug":"alarelin-acetate-gnrh-a-cas-79561-22-1-til-fremme-af-aegloesning-og-behandling-af-infertilitet-foraarsaget-af-unormal-ovariefunktion","status":"publish","type":"product","link":"https:\/\/puyapeptide.net\/da\/product\/alarelin-acetate-gnrh-a-cas-79561-22-1-til-fremme-af-aegloesning-og-behandling-af-infertilitet-foraarsaget-af-unormal-ovariefunktion\/","title":{"rendered":"Alarelin Acetate\/GnRH-A CAS 79561-22-1 Til fremme af \u00e6gl\u00f8sning og behandling af infertilitet for\u00e5rsaget af unormal ovariefunktion"},"content":{"rendered":"<h2><strong>Alarelin Acetate\/GnRH-A CAS 79561-22-1 Til fremme af \u00e6gl\u00f8sning og behandling af infertilitet for\u00e5rsaget af unormal ovariefunktion<\/strong><\/h2>\n<p>Produktnavn: Alarelin<br \/>\nSekvens: Pyr-His-Trp-Ser-Tyr-D-Ala-Leu-Arg-Pro-NHEt<br \/>\nSynonymer: ALARELIN;PYR-HIS-TRP-SER-TYR- D-ALA-LEU-ARG-PRO-NHET;(DES-GLY10,D-ALA6,PRO-NHET9)-GONADOTROPIN-AFGIVENDE HORMON (HAVBRISSEN);(DES-GLY10,D-ALA6,PRO-NHET9)-GONADOTROPIN -UDSLIPPENDE HORMON;(DES-GLY10,D-ALA6,PRO-NHET9)-LUTEINISERENDE HORMONFLIPPENDE FAKTOR (HAVBRISTEN);(DES-GLY10,D-ALA6,PRO-NHET9)-LUTEINISERENDE HORMONUDSLIPPENDE FAKTOR; -GLY10,D-ALA6,PRO-NHET9)-LHRH (HAVBRISK);[DES-GLY10, D-ALA6, PRO-NHET9]-LH-RH (HUMAN)<br \/>\nCAS: 79561-22-1&lt;&amp; &gt;MF: C56H78N16O12<br \/>\nMW: 1167.32<br \/>\nEINECS: 635-974-1<br \/>\nProduktkategorier: API;Peptid;LH-RH;LH-RHPeptides for Cell Biology;Neuropeptides;Releasing Factors;Aminosyrederivater&lt; &amp;&gt;Mol Fil: 79561-22-1.mol<\/p>\n<p>Alaralin (gonadotrophinfrigivende hormonanalog (GnRH-A), ogs\u00e5 kendt som albuterol, er en syntetisk ni-peptid-analog af gonadotropin-frigivende hormon (GnRH), som er 15 gange mere potent end for\u00e6lderen. Det kan stimulere hypofysen til at frigive l uteiniserende hormon (LH) og follikelstimulerende hormon (FSH) i begyndelsen af l\u00e6gemidlet, hvilket for\u00e5rsager en forbig\u00e5ende stigning i \u00e6ggestokkene kemikaliebog-afledt steroidhormon; gentagen administration kan h\u00e6mme frigivelsen af LH og FSH fra hypofysen, hvilket f\u00e5r niveauet af \u00f8stradiol i blodet til at falde, opn\u00e5 effekten af l\u00e6gemiddel de-ovulation, og samtidig har det en regulerende effekt p\u00e5 ekspressionen af onkogener ras, neu og myc relateret til endometriecancer. Det har ogs\u00e5 regulerende virkninger p\u00e5 ekspressionen af ras, neu og myc, som er relateret til endometriecancer. Klinisk bruges det hovedsageligt til at fremme \u00e6gl\u00f8sning, behandle infertilitet for\u00e5rsaget af unormal ovariefunktion, endometriose og uterine fibromer og forbedre graviditetsraten.<\/p>\n<p> <strong>Anvendelser af Alarelin Acetate\/GnRH-A CAS 79561-22-1<\/strong> &lt;&amp; &gt;Det bruges hovedsageligt klinisk til at fremme \u00e6gl\u00f8sning, behandle infertilitet for\u00e5rsaget af unormal ovariefunktion, endometriose og uterusfibromer og forbedre graviditetsraten.<\/p>\n","protected":false},"excerpt":{"rendered":"<p>Produktnavn: Alarelin<br \/>\nCAS: 79561-22-1<br \/>\nMF: C56H78N16O12<br \/>\nMW: 1167.32<br \/>\nEINECS: 635-974-1<br \/>\nMol Fil: 79561-22-1.mol<\/p>\n","protected":false},"featured_media":2119,"comment_status":"open","ping_status":"closed","template":"","meta":{"om_disable_all_campaigns":false,"_monsterinsights_skip_tracking":false,"_monsterinsights_sitenote_active":false,"_monsterinsights_sitenote_note":"","_monsterinsights_sitenote_category":0,"site-sidebar-layout":"default","site-content-layout":"default","ast-site-content-layout":"default","site-content-style":"default","site-sidebar-style":"default","ast-global-header-display":"","ast-banner-title-visibility":"","ast-main-header-display":"","ast-hfb-above-header-display":"","ast-hfb-below-header-display":"","ast-hfb-mobile-header-display":"","site-post-title":"","ast-breadcrumbs-content":"","ast-featured-img":"","footer-sml-layout":"","ast-disable-related-posts":"","theme-transparent-header-meta":"default","adv-header-id-meta":"","stick-header-meta":"","header-above-stick-meta":"","header-main-stick-meta":"","header-below-stick-meta":"","astra-migrate-meta-layouts":"default","ast-page-background-enabled":"default","ast-page-background-meta":{"desktop":{"background-color":"","background-image":"","background-repeat":"repeat","background-position":"center center","background-size":"auto","background-attachment":"scroll","background-type":"","background-media":"","overlay-type":"","overlay-color":"","overlay-opacity":"","overlay-gradient":""},"tablet":{"background-color":"","background-image":"","background-repeat":"repeat","background-position":"center center","background-size":"auto","background-attachment":"scroll","background-type":"","background-media":"","overlay-type":"","overlay-color":"","overlay-opacity":"","overlay-gradient":""},"mobile":{"background-color":"","background-image":"","background-repeat":"repeat","background-position":"center center","background-size":"auto","background-attachment":"scroll","background-type":"","background-media":"","overlay-type":"","overlay-color":"","overlay-opacity":"","overlay-gradient":""}},"ast-content-background-meta":{"desktop":{"background-color":"var(--ast-global-color-5)","background-image":"","background-repeat":"repeat","background-position":"center center","background-size":"auto","background-attachment":"scroll","background-type":"","background-media":"","overlay-type":"","overlay-color":"","overlay-opacity":"","overlay-gradient":""},"tablet":{"background-color":"var(--ast-global-color-5)","background-image":"","background-repeat":"repeat","background-position":"center center","background-size":"auto","background-attachment":"scroll","background-type":"","background-media":"","overlay-type":"","overlay-color":"","overlay-opacity":"","overlay-gradient":""},"mobile":{"background-color":"var(--ast-global-color-5)","background-image":"","background-repeat":"repeat","background-position":"center center","background-size":"auto","background-attachment":"scroll","background-type":"","background-media":"","overlay-type":"","overlay-color":"","overlay-opacity":"","overlay-gradient":""}}},"product_brand":[],"product_cat":[425],"product_tag":[1345],"class_list":{"0":"post-8364","1":"product","2":"type-product","3":"status-publish","4":"has-post-thumbnail","6":"product_cat-urogenital-peptid","7":"product_tag-alarelin-acetate-gnrh-a-cas-79561-22-1-for-promote-ovulation-and-treat-infertility-caused-by-abnormal-ovarian-function-da","8":"desktop-align-left","9":"tablet-align-left","10":"mobile-align-left","12":"first","13":"instock","14":"shipping-taxable","15":"product-type-simple"},"_links":{"self":[{"href":"https:\/\/puyapeptide.net\/da\/wp-json\/wp\/v2\/product\/8364","targetHints":{"allow":["GET"]}}],"collection":[{"href":"https:\/\/puyapeptide.net\/da\/wp-json\/wp\/v2\/product"}],"about":[{"href":"https:\/\/puyapeptide.net\/da\/wp-json\/wp\/v2\/types\/product"}],"replies":[{"embeddable":true,"href":"https:\/\/puyapeptide.net\/da\/wp-json\/wp\/v2\/comments?post=8364"}],"wp:featuredmedia":[{"embeddable":true,"href":"https:\/\/puyapeptide.net\/da\/wp-json\/wp\/v2\/media\/2119"}],"wp:attachment":[{"href":"https:\/\/puyapeptide.net\/da\/wp-json\/wp\/v2\/media?parent=8364"}],"wp:term":[{"taxonomy":"product_brand","embeddable":true,"href":"https:\/\/puyapeptide.net\/da\/wp-json\/wp\/v2\/product_brand?post=8364"},{"taxonomy":"product_cat","embeddable":true,"href":"https:\/\/puyapeptide.net\/da\/wp-json\/wp\/v2\/product_cat?post=8364"},{"taxonomy":"product_tag","embeddable":true,"href":"https:\/\/puyapeptide.net\/da\/wp-json\/wp\/v2\/product_tag?post=8364"}],"curies":[{"name":"wp","href":"https:\/\/api.w.org\/{rel}","templated":true}]}}