{"id":8428,"date":"2021-12-16T13:29:08","date_gmt":"2021-12-16T18:29:08","guid":{"rendered":"https:\/\/puyapeptide.net\/product\/oxytocin-%ce%b1-hypophamine-oxytocic-hormon-cas-50-56-6-er-et-pleiotropt-hypothalamus-peptid-der-bidrager-til-foedsel-amning-og-prosocial-adfaerd\/"},"modified":"2021-12-16T13:29:08","modified_gmt":"2021-12-16T18:29:08","slug":"oxytocin-%ce%b1-hypophamine-oxytocic-hormon-cas-50-56-6-er-et-pleiotropt-hypothalamus-peptid-der-bidrager-til-foedsel-amning-og-prosocial-adfaerd","status":"publish","type":"product","link":"https:\/\/puyapeptide.net\/da\/product\/oxytocin-%ce%b1-hypophamine-oxytocic-hormon-cas-50-56-6-er-et-pleiotropt-hypothalamus-peptid-der-bidrager-til-foedsel-amning-og-prosocial-adfaerd\/","title":{"rendered":"Oxytocin (\u03b1-Hypophamine; Oxytocic hormon) CAS 50-56-6 er et pleiotropt hypothalamus peptid, der bidrager til f\u00f8dsel, amning og prosocial adf\u00e6rd."},"content":{"rendered":"<h2><strong>Oxytocin (\u03b1-Hypophamine; Oxytocic hormon) CAS 50-56-6 er et pleiotropt hypothalamus peptid, der bidrager til f\u00f8dsel, amning og prosocial adf\u00e6rd<\/strong><\/h2>\n<p>Produktnavn: Oxytocin<br \/>\nSynonymer: (1-hemicystin)-oxytocin;3-isoleucin-8-leucinevasopressin;atonino;cyklisk(1-6)-di\/\/\/;di-sipidin;endopituitrina;glycinamid, l-cysteinyl-l-tyrosyl-l-isoleucyl-l-glutaminyl-l-asparaginyl-l-cys;nobitociner<br \/>\nCAS: 50-56-6<br \/>\nMF: C43H66N12O12S2<br \/>\nMW: 1007,19<br \/>\n EINECS: 200-048-4<br \/>\nProduktkategorier: Aminosyrederivater;Organiske stoffer;Aminosyrer 13C, 2H, 15N;Peptid;Aminosyrer og derivater;Mellemprodukter og finkemikalier;Pharmaceuticals;Vasopressin- og Oxytocinreceptorer; ;peptider til f\u00f8dselsbrug;Dyrel\u00e6gemidler<br \/>\nMol Fil: 50-56-6.mol<\/p>\n<p>Oxytocin (OT) er en type l\u00e6gemiddel til livmodersammentr\u00e6kning og kan stamme fra dyrets bageste hypofyse eller kemisk syntetiseret.<br \/>\nOxytocin er et l\u00e6gemiddel til sammentr\u00e6kning af livmoderen, der mest bruges i sen graviditetsinduktion og stillest\u00e5ende f\u00f8dsel p\u00e5 grund af svage livmodersammentr\u00e6kninger. Velegnet til at fremkalde veer og lindre smerter. Bruges almindeligvis sammen med ergotpr\u00e6parater, der skal bruges til at fremkalde veer, fremskynde veer og ved livmoderbl\u00f8dninger p\u00e5 grund af svage livmodersammentr\u00e6kninger efter f\u00f8dsel eller d\u00f8df\u00f8dsel. N\u00e6sedr\u00e5ber kan bruges til at fremme amning.<\/p>\n<p> <strong>Oxytocin CAS 50-56-6 Kemiske egenskaber<\/strong><br \/>\nOxytocin Kemiske egenskaber<br \/>\nSmeltepunkt 192-194\u00b0C<br \/>\nalpha D22 -26,2\u00b0 (c = 0,53)<br \/>\ndensitet 1,1086 (groft estimat)<br \/>\nbrydningsindeks 1,6700 (estimat)<br \/>\nopbevaringstemp. 2-8\u00b0C<br \/>\nopl\u00f8selighed Meget opl\u00f8selig i vand. Det opl\u00f8ses i fortyndede opl\u00f8sninger af eddikesyre og af ethanol (96 procent).<br \/>\ndanner fryset\u00f8rret pulver<br \/>\npka pKa \uff5e6.1(fri aminogruppe p\u00e5 Cys) (En gang imellem);\uff5e10(fri phenol p\u00e5 Tyr) ( Lejlighedsvis)<br \/>\nfarve Hvid<br \/>\nVandopl\u00f8selighed Opl\u00f8selig i vand.<br \/>\nMerck 13,7049<br \/>\nBRN 3586108<br \/>\nInChIKey DSZOEVVLZMNAEH-BXUJZNQYSA-N<br \/>\nCAS DataBase Reference 6-50-5 Databasereference)<\/p>\n<p> <strong>Anvendelser af Oxytocin CAS 50-56-6<\/strong><br \/>\n1.Oxytocin er det vigtigste uterus-sammentr\u00e6kkende og laktationsstimulerende hormon i den bageste hypofyse.<br \/>\n2. Oxytocin er et nonapeptidhormon, der prim\u00e6rt syntetiseres i magnocellul\u00e6re neuroner i de paraventrikul\u00e6re og supraoptiske kerner i hypothalamus. Den er bedst kendt for sin rolle i at stimulere livmoderkontraktion og amning og er vigtig for social hukommelse og tilknytning, seksuel og moderlig adf\u00e6rd og aggression. Det har ogs\u00e5 v\u00e6ret impliceret i forskellige ikke-sociale adf\u00e6rd, herunder l\u00e6ring, angst, fodring og smerteopfattelse.<\/p>\n","protected":false},"excerpt":{"rendered":"<p>Produktnavn: Oxytocin<br \/>\nCAS: 50-56-6<br \/>\nMF: C43H66N12O12S2<br \/>\nMW: 1007.19<br \/>\nEINECS: 200-048-4<br \/>\nMol Fil: 50-56-6.mol<\/p>\n","protected":false},"featured_media":2161,"comment_status":"open","ping_status":"closed","template":"","meta":{"om_disable_all_campaigns":false,"_monsterinsights_skip_tracking":false,"_monsterinsights_sitenote_active":false,"_monsterinsights_sitenote_note":"","_monsterinsights_sitenote_category":0,"site-sidebar-layout":"default","site-content-layout":"default","ast-site-content-layout":"default","site-content-style":"default","site-sidebar-style":"default","ast-global-header-display":"","ast-banner-title-visibility":"","ast-main-header-display":"","ast-hfb-above-header-display":"","ast-hfb-below-header-display":"","ast-hfb-mobile-header-display":"","site-post-title":"","ast-breadcrumbs-content":"","ast-featured-img":"","footer-sml-layout":"","ast-disable-related-posts":"","theme-transparent-header-meta":"default","adv-header-id-meta":"","stick-header-meta":"","header-above-stick-meta":"","header-main-stick-meta":"","header-below-stick-meta":"","astra-migrate-meta-layouts":"default","ast-page-background-enabled":"default","ast-page-background-meta":{"desktop":{"background-color":"","background-image":"","background-repeat":"repeat","background-position":"center center","background-size":"auto","background-attachment":"scroll","background-type":"","background-media":"","overlay-type":"","overlay-color":"","overlay-opacity":"","overlay-gradient":""},"tablet":{"background-color":"","background-image":"","background-repeat":"repeat","background-position":"center center","background-size":"auto","background-attachment":"scroll","background-type":"","background-media":"","overlay-type":"","overlay-color":"","overlay-opacity":"","overlay-gradient":""},"mobile":{"background-color":"","background-image":"","background-repeat":"repeat","background-position":"center center","background-size":"auto","background-attachment":"scroll","background-type":"","background-media":"","overlay-type":"","overlay-color":"","overlay-opacity":"","overlay-gradient":""}},"ast-content-background-meta":{"desktop":{"background-color":"var(--ast-global-color-5)","background-image":"","background-repeat":"repeat","background-position":"center center","background-size":"auto","background-attachment":"scroll","background-type":"","background-media":"","overlay-type":"","overlay-color":"","overlay-opacity":"","overlay-gradient":""},"tablet":{"background-color":"var(--ast-global-color-5)","background-image":"","background-repeat":"repeat","background-position":"center center","background-size":"auto","background-attachment":"scroll","background-type":"","background-media":"","overlay-type":"","overlay-color":"","overlay-opacity":"","overlay-gradient":""},"mobile":{"background-color":"var(--ast-global-color-5)","background-image":"","background-repeat":"repeat","background-position":"center center","background-size":"auto","background-attachment":"scroll","background-type":"","background-media":"","overlay-type":"","overlay-color":"","overlay-opacity":"","overlay-gradient":""}}},"product_brand":[],"product_cat":[425],"product_tag":[],"class_list":{"0":"post-8428","1":"product","2":"type-product","3":"status-publish","4":"has-post-thumbnail","6":"product_cat-urogenital-peptid","7":"desktop-align-left","8":"tablet-align-left","9":"mobile-align-left","11":"first","12":"instock","13":"shipping-taxable","14":"product-type-simple"},"_links":{"self":[{"href":"https:\/\/puyapeptide.net\/da\/wp-json\/wp\/v2\/product\/8428","targetHints":{"allow":["GET"]}}],"collection":[{"href":"https:\/\/puyapeptide.net\/da\/wp-json\/wp\/v2\/product"}],"about":[{"href":"https:\/\/puyapeptide.net\/da\/wp-json\/wp\/v2\/types\/product"}],"replies":[{"embeddable":true,"href":"https:\/\/puyapeptide.net\/da\/wp-json\/wp\/v2\/comments?post=8428"}],"wp:featuredmedia":[{"embeddable":true,"href":"https:\/\/puyapeptide.net\/da\/wp-json\/wp\/v2\/media\/2161"}],"wp:attachment":[{"href":"https:\/\/puyapeptide.net\/da\/wp-json\/wp\/v2\/media?parent=8428"}],"wp:term":[{"taxonomy":"product_brand","embeddable":true,"href":"https:\/\/puyapeptide.net\/da\/wp-json\/wp\/v2\/product_brand?post=8428"},{"taxonomy":"product_cat","embeddable":true,"href":"https:\/\/puyapeptide.net\/da\/wp-json\/wp\/v2\/product_cat?post=8428"},{"taxonomy":"product_tag","embeddable":true,"href":"https:\/\/puyapeptide.net\/da\/wp-json\/wp\/v2\/product_tag?post=8428"}],"curies":[{"name":"wp","href":"https:\/\/api.w.org\/{rel}","templated":true}]}}