{"id":8456,"date":"2021-12-16T13:30:21","date_gmt":"2021-12-16T18:30:21","guid":{"rendered":"https:\/\/puyapeptide.net\/product\/atosiban-cas-90779-69-4-af-hoej-kvalitet-er-en-kombineret-kontraktin-og-pressin-v1a-receptorantagonist\/"},"modified":"2021-12-16T13:30:21","modified_gmt":"2021-12-16T18:30:21","slug":"atosiban-cas-90779-69-4-af-hoej-kvalitet-er-en-kombineret-kontraktin-og-pressin-v1a-receptorantagonist","status":"publish","type":"product","link":"https:\/\/puyapeptide.net\/da\/product\/atosiban-cas-90779-69-4-af-hoej-kvalitet-er-en-kombineret-kontraktin-og-pressin-v1a-receptorantagonist\/","title":{"rendered":"Atosiban CAS 90779-69-4 af h\u00f8j kvalitet er en kombineret kontraktin og pressin V1A-receptorantagonist"},"content":{"rendered":"<h2><strong>Atosiban CAS 90779-69-4 af h\u00f8j kvalitet er en kombineret kontraktin og pressin V1A-receptorantagonist<\/strong><\/h2>\n<p>Produktnavn: Atosiban<br \/>\nSynonymer: RW-22164;RW-22164;RWJ-22164;Atosiban Urtiy;atosiban pris;1-deamino-2d-tyr-(oet)-4-thr-8-orn- oxytocin;oxytocin,1-(3-mercaptopropanosyre)-2-(o-ethyl-d-tyrosin)-4-l-threonin-8-l;rwj22164;ATOSIBAN ACETATE<br \/>\nCAS: 90779-69-4&lt;&amp; &gt;MF: C43H67N11O12S2<br \/>\nMW: 994.19<br \/>\nEINECS: 806-815-5<br \/>\nProduktkategorier: hormoner;Peptid<br \/>\nMol Fil: 90779-69-4.mol<\/p>\n<p>Atosiban var introduceret i Storbritannien som en injicerbar h\u00e6mmer af for tidlig f\u00f8dsel, en v\u00e6sentlig \u00e5rsag til sp\u00e6db\u00f8rnssygelighed og -d\u00f8delighed. Denne peptidiske oxytocinanalog er en antagonist af vasopressin V1a-receptoren og af oxytocinreceptoren, som findes i dramatisk \u00f8get koncentration i uterusmyometrium hos gravide kvinder p\u00e5 kort sigt. Det h\u00e6mmede kompetitivt sammentr\u00e6kninger i det gravide marsvins livmoder induceret af oxytocin og vasopressin. I et multicenter, dobbeltblindt, placebokontrolleret fors\u00f8g for\u00e5rsagede behandling med atosiban graviditetsforl\u00e6ngelse i op til 7 dage hos kvinder med mere end 28 ugers graviditet. I et sammenlignende klinisk fors\u00f8g viste atosiban en tokolytisk virkning (livmoderafslappende) sammenlignelig med ritodrin, men f\u00f8rstn\u00e6vnte blev signifikant bedre tolereret, is\u00e6r med hensyn til moderlige kardiovaskul\u00e6re bivirkninger. Hos raske frivillige faldt plasmaniveauer af atosiban bi-eksponentielt med en initial og en terminal halveringstid p\u00e5 henholdsvis 21 min og 1,7 timer.<\/p>\n<p>Atosiban er en kombineret receptorantagonist af contractin og pressin V1A. Strukturen af kontraktinreceptor og pressin V1A-receptor er ens. N\u00e5r den kontraktile hormonreceptor er blokeret, kan kontraktile hormon stadig virke gennem V1A-receptoren, s\u00e5 det er n\u00f8dvendigt at blokere de to ovenn\u00e6vnte receptorhandlingsveje, n\u00e5r den samme Chemicalbook anvendes, og en enkelt antagonisme af en receptor kan effektivt h\u00e6mme livmoderkontraktion. Dette er en af hoved\u00e5rsagerne til, at beta-agonister, calciumkanalblokkere og prostaglandinsyntaseh\u00e6mmere ikke effektivt h\u00e6mmer uteruskontraktioner.<\/p>\n<p> <strong>Atosiban CAS 90779-69-4 Kemiske egenskaber<\/strong><br \/>\nKogepunkt 1469,0\u00b165,0 \u00b0C (Forudsagt)<br \/>\ndensitet 1,254\u00b10,06 g\/cm3(Forudsagt)<br \/>\nopbevaringstemp. -20\u00b0C<br \/>\nopl\u00f8selighed H2O: \u2264100 mg\/mL<br \/>\nform fast<br \/>\npka 12,81\u00b10,70(forudsagt)<br \/>\nCAS DataBase Reference 90779-69-4(CAS DataBase Reference)<br \/>\n&lt; &amp;&gt; <strong>Funktion og anvendelse af Atosiban CAS 90779-69-4<\/strong><br \/>\n1. For tidlig f\u00f8dsel<br \/>\n2. Atosiban er et oxytocinreceptorblokerende middel til behandling af eksperimentel endometriose og viste sig at udvise betydelig terapeutisk effektivitet.<\/p>\n<p>Atosiban Anticancer Research Antitumorvirkningerne af den \u00e6teriske olie af O. falcata blev testet i transplanterede murine H22 solide tumorer in vivo . V\u00e6kstinhibering i H22 solide tumorer var moderat (Yang et al. 2013).<\/p>\n","protected":false},"excerpt":{"rendered":"<p>Produktnavn: Atosiban<br \/>\nCAS: 90779-69-4<br \/>\nMF: C43H67N11O12S2<br \/>\nMW: 994.19<br \/>\nEINECS: 806-815-5<br \/>\nMol Fil: 90779-69-4.mol<\/p>\n","protected":false},"featured_media":2119,"comment_status":"open","ping_status":"closed","template":"","meta":{"om_disable_all_campaigns":false,"_monsterinsights_skip_tracking":false,"_monsterinsights_sitenote_active":false,"_monsterinsights_sitenote_note":"","_monsterinsights_sitenote_category":0,"site-sidebar-layout":"default","site-content-layout":"default","ast-site-content-layout":"default","site-content-style":"default","site-sidebar-style":"default","ast-global-header-display":"","ast-banner-title-visibility":"","ast-main-header-display":"","ast-hfb-above-header-display":"","ast-hfb-below-header-display":"","ast-hfb-mobile-header-display":"","site-post-title":"","ast-breadcrumbs-content":"","ast-featured-img":"","footer-sml-layout":"","ast-disable-related-posts":"","theme-transparent-header-meta":"default","adv-header-id-meta":"","stick-header-meta":"","header-above-stick-meta":"","header-main-stick-meta":"","header-below-stick-meta":"","astra-migrate-meta-layouts":"default","ast-page-background-enabled":"default","ast-page-background-meta":{"desktop":{"background-color":"","background-image":"","background-repeat":"repeat","background-position":"center center","background-size":"auto","background-attachment":"scroll","background-type":"","background-media":"","overlay-type":"","overlay-color":"","overlay-opacity":"","overlay-gradient":""},"tablet":{"background-color":"","background-image":"","background-repeat":"repeat","background-position":"center center","background-size":"auto","background-attachment":"scroll","background-type":"","background-media":"","overlay-type":"","overlay-color":"","overlay-opacity":"","overlay-gradient":""},"mobile":{"background-color":"","background-image":"","background-repeat":"repeat","background-position":"center center","background-size":"auto","background-attachment":"scroll","background-type":"","background-media":"","overlay-type":"","overlay-color":"","overlay-opacity":"","overlay-gradient":""}},"ast-content-background-meta":{"desktop":{"background-color":"var(--ast-global-color-5)","background-image":"","background-repeat":"repeat","background-position":"center center","background-size":"auto","background-attachment":"scroll","background-type":"","background-media":"","overlay-type":"","overlay-color":"","overlay-opacity":"","overlay-gradient":""},"tablet":{"background-color":"var(--ast-global-color-5)","background-image":"","background-repeat":"repeat","background-position":"center center","background-size":"auto","background-attachment":"scroll","background-type":"","background-media":"","overlay-type":"","overlay-color":"","overlay-opacity":"","overlay-gradient":""},"mobile":{"background-color":"var(--ast-global-color-5)","background-image":"","background-repeat":"repeat","background-position":"center center","background-size":"auto","background-attachment":"scroll","background-type":"","background-media":"","overlay-type":"","overlay-color":"","overlay-opacity":"","overlay-gradient":""}}},"product_brand":[],"product_cat":[425],"product_tag":[1220],"class_list":{"0":"post-8456","1":"product","2":"type-product","3":"status-publish","4":"has-post-thumbnail","6":"product_cat-urogenital-peptid","7":"product_tag-high-quality-atosiban-cas-90779-69-4-is-a-combined-contractin-and-pressin-v1a-receptor-antagonist-da","8":"desktop-align-left","9":"tablet-align-left","10":"mobile-align-left","12":"first","13":"instock","14":"shipping-taxable","15":"product-type-simple"},"_links":{"self":[{"href":"https:\/\/puyapeptide.net\/da\/wp-json\/wp\/v2\/product\/8456","targetHints":{"allow":["GET"]}}],"collection":[{"href":"https:\/\/puyapeptide.net\/da\/wp-json\/wp\/v2\/product"}],"about":[{"href":"https:\/\/puyapeptide.net\/da\/wp-json\/wp\/v2\/types\/product"}],"replies":[{"embeddable":true,"href":"https:\/\/puyapeptide.net\/da\/wp-json\/wp\/v2\/comments?post=8456"}],"wp:featuredmedia":[{"embeddable":true,"href":"https:\/\/puyapeptide.net\/da\/wp-json\/wp\/v2\/media\/2119"}],"wp:attachment":[{"href":"https:\/\/puyapeptide.net\/da\/wp-json\/wp\/v2\/media?parent=8456"}],"wp:term":[{"taxonomy":"product_brand","embeddable":true,"href":"https:\/\/puyapeptide.net\/da\/wp-json\/wp\/v2\/product_brand?post=8456"},{"taxonomy":"product_cat","embeddable":true,"href":"https:\/\/puyapeptide.net\/da\/wp-json\/wp\/v2\/product_cat?post=8456"},{"taxonomy":"product_tag","embeddable":true,"href":"https:\/\/puyapeptide.net\/da\/wp-json\/wp\/v2\/product_tag?post=8456"}],"curies":[{"name":"wp","href":"https:\/\/api.w.org\/{rel}","templated":true}]}}