{"id":8489,"date":"2021-12-17T01:42:54","date_gmt":"2021-12-17T06:42:54","guid":{"rendered":"https:\/\/puyapeptide.net\/product\/puya-leverer-hoejkvalitets-lypressin-cas-50-57-7\/"},"modified":"2021-12-17T01:42:54","modified_gmt":"2021-12-17T06:42:54","slug":"puya-leverer-hoejkvalitets-lypressin-cas-50-57-7","status":"publish","type":"product","link":"https:\/\/puyapeptide.net\/da\/product\/puya-leverer-hoejkvalitets-lypressin-cas-50-57-7\/","title":{"rendered":"Puya leverer h\u00f8jkvalitets lypressin CAS 50-57-7"},"content":{"rendered":"<h2><strong>Puya leverer h\u00f8jkvalitets lypressin CAS 50-57-7<\/strong><\/h2>\n<p>Produktnavn: Lypressin<br \/>\nSynonymer: Lysipressin;LyspessinAcetate;(8-lysin)vasopressin;8-l-lysin-vasopressi;CYFQNCPKG-NH2;LYSIN VASOPRESSIN;[LYS8]-VASOPRESSIN;LYPRESSIN<br \/>\nCAS 50-57-7<br \/>\nMF: C46H65N13O12S2<br \/>\nMW: 1056.22<br \/>\nEINECS: 200-050-5<br \/>\nProduktkategorier: hormoner;Andre API&#39;er;Aminosyrederivater;Peptid<br \/>\nMolfil: 50 -57-7.mol<\/p>\n<p>Lypressin er syntetisk 8-L-lysin vasopressin, et polypeptid svarende til ADH. Lysinanalogen anses for at v\u00e6re mere stabil, og den absorberes hurtigt fra n\u00e6seslimhinden. Lypressin (Diapid) er farmaceutisk tilg\u00e6ngeligt som en topisk opl\u00f8sning, spray, 50 pressorenheder (185 g)\/ml i 5 ml beholdere. S\u00e6dvanlig dosering, topisk (intranasal), en eller flere sprays p\u00e5f\u00f8rt en eller begge n\u00e6sebor eller flere gange dagligt.<\/p>\n<p> <strong>Lypressin CAS 50-57-7 Kemiske egenskaber<\/strong><br \/>\ndensitet 1.1080 (groft sk\u00f8n)<br \/>\n brydningsindeks 1.6700 (estimat)<br \/>\nopbevaringstemp. -20\u00b0C<br \/>\nInChIKey NKWAIKZITYLOMT-DHSVNZEYSA-N<\/p>\n<p> <strong>Anvendelse af Lypressin CAS 50-57-7<\/strong><br \/>\nDen prim\u00e6re fysiologiske funktion af vasopressin er at regulere volumen af ekstracellul\u00e6r v\u00e6ske, fremme reabsorption af vand ved nyretubuli, tr\u00e6kker blodkarrene sammen og \u00f8ger blodtrykket. Vasopressin (lysphenolacetat) er et syntetisk derivat af vasopressin. Dets antidiuretiske og vasokonstriktionsvirkninger er relativt milde, og det kan bruges som et farmaceutisk syntesemellemprodukt.<\/p>\n","protected":false},"excerpt":{"rendered":"<p>Produktnavn: Lypressin<br \/>\nCAS: 50-57-7<br \/>\nMF: C46H65N13O12S2<br \/>\nMW: 1056.22<br \/>\nEINECS: 200-050-5<br \/>\nMol Fil: 50-57-7.mol<\/p>\n","protected":false},"featured_media":2161,"comment_status":"open","ping_status":"closed","template":"","meta":{"om_disable_all_campaigns":false,"_monsterinsights_skip_tracking":false,"_monsterinsights_sitenote_active":false,"_monsterinsights_sitenote_note":"","_monsterinsights_sitenote_category":0,"site-sidebar-layout":"default","site-content-layout":"default","ast-site-content-layout":"default","site-content-style":"default","site-sidebar-style":"default","ast-global-header-display":"","ast-banner-title-visibility":"","ast-main-header-display":"","ast-hfb-above-header-display":"","ast-hfb-below-header-display":"","ast-hfb-mobile-header-display":"","site-post-title":"","ast-breadcrumbs-content":"","ast-featured-img":"","footer-sml-layout":"","ast-disable-related-posts":"","theme-transparent-header-meta":"default","adv-header-id-meta":"","stick-header-meta":"","header-above-stick-meta":"","header-main-stick-meta":"","header-below-stick-meta":"","astra-migrate-meta-layouts":"default","ast-page-background-enabled":"default","ast-page-background-meta":{"desktop":{"background-color":"","background-image":"","background-repeat":"repeat","background-position":"center center","background-size":"auto","background-attachment":"scroll","background-type":"","background-media":"","overlay-type":"","overlay-color":"","overlay-opacity":"","overlay-gradient":""},"tablet":{"background-color":"","background-image":"","background-repeat":"repeat","background-position":"center center","background-size":"auto","background-attachment":"scroll","background-type":"","background-media":"","overlay-type":"","overlay-color":"","overlay-opacity":"","overlay-gradient":""},"mobile":{"background-color":"","background-image":"","background-repeat":"repeat","background-position":"center center","background-size":"auto","background-attachment":"scroll","background-type":"","background-media":"","overlay-type":"","overlay-color":"","overlay-opacity":"","overlay-gradient":""}},"ast-content-background-meta":{"desktop":{"background-color":"var(--ast-global-color-5)","background-image":"","background-repeat":"repeat","background-position":"center center","background-size":"auto","background-attachment":"scroll","background-type":"","background-media":"","overlay-type":"","overlay-color":"","overlay-opacity":"","overlay-gradient":""},"tablet":{"background-color":"var(--ast-global-color-5)","background-image":"","background-repeat":"repeat","background-position":"center center","background-size":"auto","background-attachment":"scroll","background-type":"","background-media":"","overlay-type":"","overlay-color":"","overlay-opacity":"","overlay-gradient":""},"mobile":{"background-color":"var(--ast-global-color-5)","background-image":"","background-repeat":"repeat","background-position":"center center","background-size":"auto","background-attachment":"scroll","background-type":"","background-media":"","overlay-type":"","overlay-color":"","overlay-opacity":"","overlay-gradient":""}}},"product_brand":[],"product_cat":[404],"product_tag":[],"class_list":{"0":"post-8489","1":"product","2":"type-product","3":"status-publish","4":"has-post-thumbnail","6":"product_cat-blod-og-vaskulaer-peptid","7":"desktop-align-left","8":"tablet-align-left","9":"mobile-align-left","11":"first","12":"instock","13":"shipping-taxable","14":"product-type-simple"},"_links":{"self":[{"href":"https:\/\/puyapeptide.net\/da\/wp-json\/wp\/v2\/product\/8489","targetHints":{"allow":["GET"]}}],"collection":[{"href":"https:\/\/puyapeptide.net\/da\/wp-json\/wp\/v2\/product"}],"about":[{"href":"https:\/\/puyapeptide.net\/da\/wp-json\/wp\/v2\/types\/product"}],"replies":[{"embeddable":true,"href":"https:\/\/puyapeptide.net\/da\/wp-json\/wp\/v2\/comments?post=8489"}],"wp:featuredmedia":[{"embeddable":true,"href":"https:\/\/puyapeptide.net\/da\/wp-json\/wp\/v2\/media\/2161"}],"wp:attachment":[{"href":"https:\/\/puyapeptide.net\/da\/wp-json\/wp\/v2\/media?parent=8489"}],"wp:term":[{"taxonomy":"product_brand","embeddable":true,"href":"https:\/\/puyapeptide.net\/da\/wp-json\/wp\/v2\/product_brand?post=8489"},{"taxonomy":"product_cat","embeddable":true,"href":"https:\/\/puyapeptide.net\/da\/wp-json\/wp\/v2\/product_cat?post=8489"},{"taxonomy":"product_tag","embeddable":true,"href":"https:\/\/puyapeptide.net\/da\/wp-json\/wp\/v2\/product_tag?post=8489"}],"curies":[{"name":"wp","href":"https:\/\/api.w.org\/{rel}","templated":true}]}}