{"id":8539,"date":"2021-12-17T01:45:24","date_gmt":"2021-12-17T06:45:24","guid":{"rendered":"https:\/\/puyapeptide.net\/product\/hot-sale-argipressine-arg8-vasopressin-argipressin-acetate-cas-113-79-1-til-laboratorieforskning\/"},"modified":"2026-03-22T09:30:14","modified_gmt":"2026-03-22T13:30:14","slug":"hot-sale-argipressine-arg8-vasopressin-argipressin-acetate-cas-113-79-1-til-laboratorieforskning","status":"publish","type":"product","link":"https:\/\/puyapeptide.net\/da\/product\/hot-sale-argipressine-arg8-vasopressin-argipressin-acetate-cas-113-79-1-til-laboratorieforskning\/","title":{"rendered":"Hot Sale Argipressine\/ [Arg8]-Vasopressin\/ Argipressin Acetate CAS 113-79-1 Til laboratorieforskning"},"content":{"rendered":"<h2><strong>Hot Sale Argipressine\/ [Arg8]-Vasopressin\/ Argipressin Acetate CAS 113-79-1 Til laboratorieforskning<\/strong><\/h2>\n<p>Produktnavn: Argipressin<br \/>\nSynonymer: [ARG8]-VASOPRESSIN (MENNESKE, KVE, F\u00c5R, ROTTE, MUS);[ARG8]-VASOPRESSIN;[ARG8]-VASOPRESSIN (AVP);ANTIDIURETISK HORMONE;AVP;BETA -HYPOPHAMINE;\u03b2-Hypophamine;(ARG8)-VASOPRESSIN GRADE VI-L\u00d8SNING*APP ROX. 100 I.<br \/>\nCAS: 113-79-1<br \/>\nMF: C46H65N15O12S2<br \/>\nMW: 1084.24<br \/>\nEINECS: 204-035-4<br \/>\nProduktkategorier: Aminosyrederivater;Vasopressin- og Oxytocinreceptor; Peptidreceptorer;Mellemprodukter og finkemikalier;Peptider;Pharmaceuticals;Peptid<br \/>\nMol Fil: 113-79-1.mol<\/p>\n<p>Argininevasopres-sin (AVP), ogs\u00e5 kendt som antidiuretisk hormon, er en vigtig neurotransmitter af centralnervesystemet. Det er et 9-peptidhormon, der udskilles af AVP-neuroner i den supraoptiske kerne (SON) og den paraventrikul\u00e6re kerne (PVN) i hypothalamus. Det er t\u00e6t forbundet med kroppens v\u00e6skestofskifte, blodvolumen, kardiovaskul\u00e6r funktion, kropstemperaturbalance, indl\u00e6ring og hukommelse samt udskillelse af adrenokortikotropt hormon. Det har vigtige fysiologiske roller i kroppens vand-reabsorption, blod Chemicalbook vasokonstriktion, sekretion af adrenokortikotropt hormon (ACTH), hukommelse osv. Det har virkningerne af at h\u00e6ve blodtrykket, anti-diurese, deltage i hukommelsen, begr\u00e6nse feber og fremme feberreduktion. Det har ogs\u00e5 en bred vifte af kardiovaskul\u00e6re effekter, s\u00e5som regulering af vand- og natriumretention og vasokonstriktion, direkte regulering af cardiomyocytter og deltagelse i hjertehypertrofi, myokardiefibrose og arytmier. Det er med succes blevet brugt til behandling af vasodilatatorisk shock, kardiopulmonal og cerebral genoplivning, ur\u00e6mi og h\u00e6moragiske sygdomme.<\/p>\n<p> <strong>Argipressin\/ [Arg8]-Vasopressin\/ Argipressinacetat CAS 113-79-1 Kemiske egenskaber<\/strong><br \/>\ndensitet 1,59\u00b10,1 g\/cm3(forudsagt)<br \/>\nFp 113\u2103<br \/>\nopbevaringstemp. 2-8\u00b0C<br \/>\npka 9,90\u00b10,15(forudsagt)<br \/>\nPH ~3,5<\/p>\n<p> <strong>Argipressinacetat Fordele<\/strong><br \/>\nDet har vigtige fysiologiske funktioner i kroppens vandreabsorption, vasokonstriktion, adrenokortikotropt hormon (ACTH) ) sekretion, hukommelse osv., og har virkningerne af at h\u00e6ve blodtrykket, modst\u00e5 diurese, deltage i hukommelsen, begr\u00e6nse feber og fremme feber.<\/p>\n<p>Samtidig har det ogs\u00e5 en lang r\u00e6kke kardiovaskul\u00e6re effekter , s\u00e5som regulering af vand- og natriumretention og vasokonstriktion, direkte regulering af cardiomyocytter, deltagelse i hjertehypertrofi, myokardiefibrose og arytmi. Er med succes blevet brugt til behandling af vasodilatatorisk shock, hjerte-lunge-hjerne-genoplivning, diabetes insipidus og h\u00e6moragiske sygdomme.<\/p>\n<p> <strong>Argipressinacetat Dosering<\/strong><br \/>\nDette afh\u00e6nger af din kropsv\u00e6gt. Al den forskning, der er udf\u00f8rt indtil nu, har brugt gnaverunders\u00f8gelser, rotterne og musene injiceres normalt med en effektiv dosis, der menes at v\u00e6re omkring 10 \u03bcg (mcg) pr. kg, hos mennesker menes dette at v\u00e6re omkring den tilsvarende belastning p\u00e5 1,6 \u03bcg kg hos mennesker, s\u00e5 hvis du er:<\/p>\n<p>60 kg (132 lb.), s\u00e5 ville din ideelle daglige BPC-157 oral dosis v\u00e6re 96 \u03bcg (mcg)<br \/>\n70 kg (154 lb.) = &gt; 112 \u03bcg<br \/>\n80 KG (176 lb.) =&gt; 128 \u03bcg<br \/>\n90 KG (198 lb.) =&gt; 144 \u03bcg<\/p>\n","protected":false},"excerpt":{"rendered":"<p>Produktnavn: Argipressin<br \/>\nCAS: 113-79-1<br \/>\nMF: C46H65N15O12S2<br \/>\nMW: 1084.24<br \/>\nEINECS: 204-035-4<br \/>\nMol Fil: 113-79-1.mol<\/p>\n","protected":false},"featured_media":2098,"comment_status":"open","ping_status":"closed","template":"","meta":{"om_disable_all_campaigns":false,"_monsterinsights_skip_tracking":false,"_monsterinsights_sitenote_active":false,"_monsterinsights_sitenote_note":"","_monsterinsights_sitenote_category":0,"site-sidebar-layout":"default","site-content-layout":"default","ast-site-content-layout":"default","site-content-style":"default","site-sidebar-style":"default","ast-global-header-display":"","ast-banner-title-visibility":"","ast-main-header-display":"","ast-hfb-above-header-display":"","ast-hfb-below-header-display":"","ast-hfb-mobile-header-display":"","site-post-title":"","ast-breadcrumbs-content":"","ast-featured-img":"","footer-sml-layout":"","ast-disable-related-posts":"","theme-transparent-header-meta":"default","adv-header-id-meta":"","stick-header-meta":"","header-above-stick-meta":"","header-main-stick-meta":"","header-below-stick-meta":"","astra-migrate-meta-layouts":"default","ast-page-background-enabled":"default","ast-page-background-meta":{"desktop":{"background-color":"","background-image":"","background-repeat":"repeat","background-position":"center center","background-size":"auto","background-attachment":"scroll","background-type":"","background-media":"","overlay-type":"","overlay-color":"","overlay-opacity":"","overlay-gradient":""},"tablet":{"background-color":"","background-image":"","background-repeat":"repeat","background-position":"center center","background-size":"auto","background-attachment":"scroll","background-type":"","background-media":"","overlay-type":"","overlay-color":"","overlay-opacity":"","overlay-gradient":""},"mobile":{"background-color":"","background-image":"","background-repeat":"repeat","background-position":"center center","background-size":"auto","background-attachment":"scroll","background-type":"","background-media":"","overlay-type":"","overlay-color":"","overlay-opacity":"","overlay-gradient":""}},"ast-content-background-meta":{"desktop":{"background-color":"var(--ast-global-color-5)","background-image":"","background-repeat":"repeat","background-position":"center center","background-size":"auto","background-attachment":"scroll","background-type":"","background-media":"","overlay-type":"","overlay-color":"","overlay-opacity":"","overlay-gradient":""},"tablet":{"background-color":"var(--ast-global-color-5)","background-image":"","background-repeat":"repeat","background-position":"center center","background-size":"auto","background-attachment":"scroll","background-type":"","background-media":"","overlay-type":"","overlay-color":"","overlay-opacity":"","overlay-gradient":""},"mobile":{"background-color":"var(--ast-global-color-5)","background-image":"","background-repeat":"repeat","background-position":"center center","background-size":"auto","background-attachment":"scroll","background-type":"","background-media":"","overlay-type":"","overlay-color":"","overlay-opacity":"","overlay-gradient":""}}},"product_brand":[],"product_cat":[531],"product_tag":[1187],"class_list":{"0":"post-8539","1":"product","2":"type-product","3":"status-publish","4":"has-post-thumbnail","6":"product_cat-andre-peptider","7":"product_tag-hot-sale-argipressine-arg8-vasopressin-argipressin-acetate-cas-113-79-1-for-lab-research-da","8":"desktop-align-left","9":"tablet-align-left","10":"mobile-align-left","12":"first","13":"instock","14":"shipping-taxable","15":"product-type-simple"},"_links":{"self":[{"href":"https:\/\/puyapeptide.net\/da\/wp-json\/wp\/v2\/product\/8539","targetHints":{"allow":["GET"]}}],"collection":[{"href":"https:\/\/puyapeptide.net\/da\/wp-json\/wp\/v2\/product"}],"about":[{"href":"https:\/\/puyapeptide.net\/da\/wp-json\/wp\/v2\/types\/product"}],"replies":[{"embeddable":true,"href":"https:\/\/puyapeptide.net\/da\/wp-json\/wp\/v2\/comments?post=8539"}],"wp:featuredmedia":[{"embeddable":true,"href":"https:\/\/puyapeptide.net\/da\/wp-json\/wp\/v2\/media\/2098"}],"wp:attachment":[{"href":"https:\/\/puyapeptide.net\/da\/wp-json\/wp\/v2\/media?parent=8539"}],"wp:term":[{"taxonomy":"product_brand","embeddable":true,"href":"https:\/\/puyapeptide.net\/da\/wp-json\/wp\/v2\/product_brand?post=8539"},{"taxonomy":"product_cat","embeddable":true,"href":"https:\/\/puyapeptide.net\/da\/wp-json\/wp\/v2\/product_cat?post=8539"},{"taxonomy":"product_tag","embeddable":true,"href":"https:\/\/puyapeptide.net\/da\/wp-json\/wp\/v2\/product_tag?post=8539"}],"curies":[{"name":"wp","href":"https:\/\/api.w.org\/{rel}","templated":true}]}}