{"id":8549,"date":"2021-12-17T01:46:25","date_gmt":"2021-12-17T06:46:25","guid":{"rendered":"https:\/\/puyapeptide.net\/product\/leuprolide-acetate-cas-74381-53-6-almindeligt-anvendt-hormonalt-anti-malignt-middel\/"},"modified":"2021-12-17T01:46:25","modified_gmt":"2021-12-17T06:46:25","slug":"leuprolide-acetate-cas-74381-53-6-almindeligt-anvendt-hormonalt-anti-malignt-middel","status":"publish","type":"product","link":"https:\/\/puyapeptide.net\/da\/product\/leuprolide-acetate-cas-74381-53-6-almindeligt-anvendt-hormonalt-anti-malignt-middel\/","title":{"rendered":"Leuprolide Acetate CAS 74381-53-6 almindeligt anvendt hormonalt anti-malignt middel."},"content":{"rendered":"<h2><strong>Leuprolide Acetate CAS 74381-53-6 almindeligt anvendt hormonalt anti-malignt middel.<\/strong><\/h2>\n<p>Produktnavn: Leuprorelinacetat<br \/>\nSynonymer: leutenizinghormone-releasingfactor(gris),6-d-leucin-9-(n-ethyl-l-prolinamid;lupron;tap-144;6-D-Leucin-9 -(N-ethyl-L-prolinamid)-10-deglycinamideluteinizing Hormon-Releasing Factor Acetate(Pig);Abbott 43818;Procren Depot;Procrin;Prostap<br \/>\nCAS: 74381-53-6<br \/>\nMF: C61H88N16O14 &gt;MW: 1269.47<br \/>\nEINECS: 686-285-8<br \/>\nProduktkategorier: Gonadotropin-frig\u00f8rende hormon (GnRH);Anti-cancer&amp;immunitets;baser og relaterede reagenser;Heterocykler;Mellemprodukter og finkemikalier;Nukleotider;Pharmakeotider; &amp;&gt;Mol Fil: 74381-53-6.mol<\/p>\n<p>Leuprolideacetat er en potent analog af LH-RH, der er nyttig til at opn\u00e5 en medicinsk kastration i behandlingen af fremskreden prostatacancer. Det er ogs\u00e5 blevet unders\u00f8gt for behandlingen af fremskreden brystkr\u00e6ft.<\/p>\n<p> <strong>Leuprorelinacetat CAS 74381-53-6 Kemiske egenskaber<\/strong><br \/>\nSmeltepunkt 150-155\u00b0C<br \/>\nopbevaringstemperatur -20\u00b0C<br \/>\nMerck 14,5457&lt;&amp; &gt;InChIKey RGLRXNKKBLIBQS-XNHQSDQCSA-N<\/p>\n<p> <strong>Funktion og anvendelse af Leuprorelin ace tate CAS 74381-53-6<\/strong><br \/>\nAnvender Leuprolideacetat USP (Leupron) bruges til at behandle prostatacarcinom.<br \/>\nAnvender syntetisk nonapeptidagonistanalog af LH-RH. Antineoplastisk (hormonel).<\/p>\n","protected":false},"excerpt":{"rendered":"<p>Produktnavn: Leuprorelinacetat<br \/>\nCAS: 74381-53-6<br \/>\nMF: C61H88N16O14<br \/>\nMW: 1269.47<br \/>\nEINECS: 686-285-8<br \/>\nMol Fil: 74381-53-6mol.<\/p>\n","protected":false},"featured_media":2119,"comment_status":"open","ping_status":"closed","template":"","meta":{"om_disable_all_campaigns":false,"_monsterinsights_skip_tracking":false,"_monsterinsights_sitenote_active":false,"_monsterinsights_sitenote_note":"","_monsterinsights_sitenote_category":0,"site-sidebar-layout":"default","site-content-layout":"default","ast-site-content-layout":"","site-content-style":"default","site-sidebar-style":"default","ast-global-header-display":"","ast-banner-title-visibility":"","ast-main-header-display":"","ast-hfb-above-header-display":"","ast-hfb-below-header-display":"","ast-hfb-mobile-header-display":"","site-post-title":"","ast-breadcrumbs-content":"","ast-featured-img":"","footer-sml-layout":"","theme-transparent-header-meta":"default","adv-header-id-meta":"","stick-header-meta":"","header-above-stick-meta":"","header-main-stick-meta":"","header-below-stick-meta":"","astra-migrate-meta-layouts":"default","ast-page-background-enabled":"default","ast-page-background-meta":{"desktop":{"background-color":"","background-image":"","background-repeat":"repeat","background-position":"center center","background-size":"auto","background-attachment":"scroll","background-type":"","background-media":"","overlay-type":"","overlay-color":"","overlay-opacity":"","overlay-gradient":""},"tablet":{"background-color":"","background-image":"","background-repeat":"repeat","background-position":"center center","background-size":"auto","background-attachment":"scroll","background-type":"","background-media":"","overlay-type":"","overlay-color":"","overlay-opacity":"","overlay-gradient":""},"mobile":{"background-color":"","background-image":"","background-repeat":"repeat","background-position":"center center","background-size":"auto","background-attachment":"scroll","background-type":"","background-media":"","overlay-type":"","overlay-color":"","overlay-opacity":"","overlay-gradient":""}},"ast-content-background-meta":{"desktop":{"background-color":"var(--ast-global-color-5)","background-image":"","background-repeat":"repeat","background-position":"center center","background-size":"auto","background-attachment":"scroll","background-type":"","background-media":"","overlay-type":"","overlay-color":"","overlay-opacity":"","overlay-gradient":""},"tablet":{"background-color":"var(--ast-global-color-5)","background-image":"","background-repeat":"repeat","background-position":"center center","background-size":"auto","background-attachment":"scroll","background-type":"","background-media":"","overlay-type":"","overlay-color":"","overlay-opacity":"","overlay-gradient":""},"mobile":{"background-color":"var(--ast-global-color-5)","background-image":"","background-repeat":"repeat","background-position":"center center","background-size":"auto","background-attachment":"scroll","background-type":"","background-media":"","overlay-type":"","overlay-color":"","overlay-opacity":"","overlay-gradient":""}}},"product_brand":[],"product_cat":[391],"product_tag":[1153],"class_list":{"0":"post-8549","1":"product","2":"type-product","3":"status-publish","4":"has-post-thumbnail","6":"product_cat-anti-tumor-peptid","7":"product_tag-leuprolide-acetate-cas-74381-53-6-commonly-used-hormonal-anti-malignant-da","8":"desktop-align-left","9":"tablet-align-left","10":"mobile-align-left","12":"first","13":"instock","14":"shipping-taxable","15":"product-type-simple"},"_links":{"self":[{"href":"https:\/\/puyapeptide.net\/da\/wp-json\/wp\/v2\/product\/8549","targetHints":{"allow":["GET"]}}],"collection":[{"href":"https:\/\/puyapeptide.net\/da\/wp-json\/wp\/v2\/product"}],"about":[{"href":"https:\/\/puyapeptide.net\/da\/wp-json\/wp\/v2\/types\/product"}],"replies":[{"embeddable":true,"href":"https:\/\/puyapeptide.net\/da\/wp-json\/wp\/v2\/comments?post=8549"}],"wp:featuredmedia":[{"embeddable":true,"href":"https:\/\/puyapeptide.net\/da\/wp-json\/wp\/v2\/media\/2119"}],"wp:attachment":[{"href":"https:\/\/puyapeptide.net\/da\/wp-json\/wp\/v2\/media?parent=8549"}],"wp:term":[{"taxonomy":"product_brand","embeddable":true,"href":"https:\/\/puyapeptide.net\/da\/wp-json\/wp\/v2\/product_brand?post=8549"},{"taxonomy":"product_cat","embeddable":true,"href":"https:\/\/puyapeptide.net\/da\/wp-json\/wp\/v2\/product_cat?post=8549"},{"taxonomy":"product_tag","embeddable":true,"href":"https:\/\/puyapeptide.net\/da\/wp-json\/wp\/v2\/product_tag?post=8549"}],"curies":[{"name":"wp","href":"https:\/\/api.w.org\/{rel}","templated":true}]}}