{"id":8629,"date":"2021-12-17T01:50:41","date_gmt":"2021-12-17T06:50:41","guid":{"rendered":"https:\/\/puyapeptide.net\/product\/icatibant-acetate-cas-30308-48-4-anvendelse-til-behandling-af-arvelig-angiooedem\/"},"modified":"2021-12-17T01:50:41","modified_gmt":"2021-12-17T06:50:41","slug":"icatibant-acetate-cas-30308-48-4-anvendelse-til-behandling-af-arvelig-angiooedem","status":"publish","type":"product","link":"https:\/\/puyapeptide.net\/da\/product\/icatibant-acetate-cas-30308-48-4-anvendelse-til-behandling-af-arvelig-angiooedem\/","title":{"rendered":"Icatibant Acetate CAS 30308-48-4 Anvendelse til behandling af arvelig angio\u00f8dem"},"content":{"rendered":"<h2><strong>Icatibant Acetate CAS 30308-48-4 Anvendelse til behandling af arvelig angio\u00f8dem<\/strong><\/h2>\n<p>Produktnavn: Icatibant Acetate<br \/>\nSynonymer: Icatibant Acetate;Icatibant Urenhed;Itibantide Acetate<br \/>\nCAS: 130308-48-4<br \/>\nSekvens: HD-Arg-Arg-Pro-Hyp-Gly-Thi- Ser-D-Tic-Oic-Arg-OH<br \/>\nMolekyleformel: C59H89N19O13S<br \/>\nMolekylv\u00e6gt: 1304,54<\/p>\n<p>Eltebante, en selektiv konkurrerende antagonist ved bradykinin type 2 (B2) receptoren, er et decapeptid med en bradykinin-lignende struktur med fem ikke-protein-afledte aminosyrer. Eltebante blev godkendt til markedsf\u00f8ring i EU allerede den 1. november 2010 til behandling af akutte anfald af heredit\u00e6rt angio\u00f8dem (HAE).<\/p>\n<p> <strong>Funktion og anvendelse af Icatibant Acetate CAS 30308-48-4<\/strong><br \/>\nEltebante Acetat er en potent og selektiv kompetitiv antagonist af bradykinin type 2 (B2) receptorer, der behandler den lokale h\u00e6velse af emboli ved akut HAE ved at h\u00e6mme virkningerne af bradykinin forbundet med den emboliske lokale h\u00e6velse, inflammation og smertefulde symptomer p\u00e5 HAE. HAE er kun den f\u00f8rste af flere indikationer, der kan behandles med eltebanteacetat; andre potentielle indikationer er astma, skrumpelever og andre typer angio\u00f8dem.<\/p>\n","protected":false},"excerpt":{"rendered":"<p>Produktnavn: Icatibant Acetate<br \/>\nCAS: 130308-48-4<br \/>\nSekvens: HD-Arg-Arg-Pro-Hyp-Gly-Thi-Ser-D-Tic-Oic-Arg-OH<br \/>\nMolekyl\u00e6r formel : C59H89N19O13S<br \/>\nMolekylv\u00e6gt: 1304,54<\/p>\n","protected":false},"featured_media":2119,"comment_status":"open","ping_status":"closed","template":"","meta":{"om_disable_all_campaigns":false,"_monsterinsights_skip_tracking":false,"_monsterinsights_sitenote_active":false,"_monsterinsights_sitenote_note":"","_monsterinsights_sitenote_category":0,"site-sidebar-layout":"default","site-content-layout":"default","ast-site-content-layout":"default","site-content-style":"default","site-sidebar-style":"default","ast-global-header-display":"","ast-banner-title-visibility":"","ast-main-header-display":"","ast-hfb-above-header-display":"","ast-hfb-below-header-display":"","ast-hfb-mobile-header-display":"","site-post-title":"","ast-breadcrumbs-content":"","ast-featured-img":"","footer-sml-layout":"","ast-disable-related-posts":"","theme-transparent-header-meta":"default","adv-header-id-meta":"","stick-header-meta":"","header-above-stick-meta":"","header-main-stick-meta":"","header-below-stick-meta":"","astra-migrate-meta-layouts":"default","ast-page-background-enabled":"default","ast-page-background-meta":{"desktop":{"background-color":"","background-image":"","background-repeat":"repeat","background-position":"center center","background-size":"auto","background-attachment":"scroll","background-type":"","background-media":"","overlay-type":"","overlay-color":"","overlay-opacity":"","overlay-gradient":""},"tablet":{"background-color":"","background-image":"","background-repeat":"repeat","background-position":"center center","background-size":"auto","background-attachment":"scroll","background-type":"","background-media":"","overlay-type":"","overlay-color":"","overlay-opacity":"","overlay-gradient":""},"mobile":{"background-color":"","background-image":"","background-repeat":"repeat","background-position":"center center","background-size":"auto","background-attachment":"scroll","background-type":"","background-media":"","overlay-type":"","overlay-color":"","overlay-opacity":"","overlay-gradient":""}},"ast-content-background-meta":{"desktop":{"background-color":"var(--ast-global-color-5)","background-image":"","background-repeat":"repeat","background-position":"center center","background-size":"auto","background-attachment":"scroll","background-type":"","background-media":"","overlay-type":"","overlay-color":"","overlay-opacity":"","overlay-gradient":""},"tablet":{"background-color":"var(--ast-global-color-5)","background-image":"","background-repeat":"repeat","background-position":"center center","background-size":"auto","background-attachment":"scroll","background-type":"","background-media":"","overlay-type":"","overlay-color":"","overlay-opacity":"","overlay-gradient":""},"mobile":{"background-color":"var(--ast-global-color-5)","background-image":"","background-repeat":"repeat","background-position":"center center","background-size":"auto","background-attachment":"scroll","background-type":"","background-media":"","overlay-type":"","overlay-color":"","overlay-opacity":"","overlay-gradient":""}}},"product_brand":[],"product_cat":[404],"product_tag":[1123],"class_list":{"0":"post-8629","1":"product","2":"type-product","3":"status-publish","4":"has-post-thumbnail","6":"product_cat-blod-og-vaskulaer-peptid","7":"product_tag-icatibant-acetate-cas-30308-48-4-use-for-treat-hereditary-angioedema-da","8":"desktop-align-left","9":"tablet-align-left","10":"mobile-align-left","12":"first","13":"instock","14":"shipping-taxable","15":"product-type-simple"},"_links":{"self":[{"href":"https:\/\/puyapeptide.net\/da\/wp-json\/wp\/v2\/product\/8629","targetHints":{"allow":["GET"]}}],"collection":[{"href":"https:\/\/puyapeptide.net\/da\/wp-json\/wp\/v2\/product"}],"about":[{"href":"https:\/\/puyapeptide.net\/da\/wp-json\/wp\/v2\/types\/product"}],"replies":[{"embeddable":true,"href":"https:\/\/puyapeptide.net\/da\/wp-json\/wp\/v2\/comments?post=8629"}],"wp:featuredmedia":[{"embeddable":true,"href":"https:\/\/puyapeptide.net\/da\/wp-json\/wp\/v2\/media\/2119"}],"wp:attachment":[{"href":"https:\/\/puyapeptide.net\/da\/wp-json\/wp\/v2\/media?parent=8629"}],"wp:term":[{"taxonomy":"product_brand","embeddable":true,"href":"https:\/\/puyapeptide.net\/da\/wp-json\/wp\/v2\/product_brand?post=8629"},{"taxonomy":"product_cat","embeddable":true,"href":"https:\/\/puyapeptide.net\/da\/wp-json\/wp\/v2\/product_cat?post=8629"},{"taxonomy":"product_tag","embeddable":true,"href":"https:\/\/puyapeptide.net\/da\/wp-json\/wp\/v2\/product_tag?post=8629"}],"curies":[{"name":"wp","href":"https:\/\/api.w.org\/{rel}","templated":true}]}}