{"id":8658,"date":"2021-12-17T01:51:55","date_gmt":"2021-12-17T06:51:55","guid":{"rendered":"https:\/\/puyapeptide.net\/product\/glp-1-7-37-cas-106612-94-6-reducerer-blodsukkeret-paa-en-glukoseafhaengig-maade-uden-nogen-bivirkninger\/"},"modified":"2021-12-17T01:51:55","modified_gmt":"2021-12-17T06:51:55","slug":"glp-1-7-37-cas-106612-94-6-reducerer-blodsukkeret-paa-en-glukoseafhaengig-maade-uden-nogen-bivirkninger","status":"publish","type":"product","link":"https:\/\/puyapeptide.net\/da\/product\/glp-1-7-37-cas-106612-94-6-reducerer-blodsukkeret-paa-en-glukoseafhaengig-maade-uden-nogen-bivirkninger\/","title":{"rendered":"GLP-1 (7-37) CAS 106612-94-6 reducerer blodsukkeret p\u00e5 en glukoseafh\u00e6ngig m\u00e5de uden nogen bivirkninger"},"content":{"rendered":"<h2><strong>GLP-1 (7-37) CAS 106612-94-6 Lavere blodsukkerniveauer uden nogen bivirkninger<\/strong><\/h2>\n<p>Produktnavn: H-HIS-ALA-GLU-GLY-THR-PHE-THR-SER-ASP-VAL-SER-SER-TYR-LEU-GLU-GLY-GLN-ALA-ALA-LYS-GLU- PHE-ILE-ALA-TRP-LEU-VAL-LYS-GLY-ARG-GLY-OH\/ GLP-1 (7-37)<br \/>\nSynonymer: Insulinotropin (humant); Peptid GLP-1 (humant glukoses\u00e6nkende peptid -1);Glp-I (7-37);Glucagonlignende peptid I (7-37);Glucagonrelateret peptid (oncorhynchus kisutch), 3-L-glutaminsyre-6-L-phenylalanin-9-L-asparaginsyre syre-12-L-serin-15-L-glutaminsyre-16-glycin-21-L-isoleucin-24-L-alanin-27-L-valin-28-L-lysin-31-glycin-;Tglp- 1;GLP-1, 7-37;Preproglucagon 78-108<br \/>\nCAS: 106612-94-6<br \/>\nMF: C151H228N40O47<br \/>\nMW: 3355.67<br \/>\nEINECS:<br \/>\nProduktkategorier: peptider peptid<br \/>\nMol Fil: 106612-94-6.mol<\/p>\n<p> <strong>GLP-1 (7-37) CAS 106612-94-6 Kemiske egenskaber<\/strong><br \/>\ndensitet 1,48\u00b10,1 g\/cm3(forudsagt)&lt; &amp;&gt;opbevaringstemp. \u221220\u00b0C<br \/>\nVandopl\u00f8selighed Opl\u00f8seligt i vand ved 2mg\/ml<br \/>\nCAS DataBase Reference 106612-94-6<\/p>\n<p> <strong>Funktion og anvendelse af GLP-1 (7-37) CAS 106612-94- 6<\/strong><br \/>\nHumanglucagon-lignende peptid -1(GLP-1) er et lille polypeptid med 30 aminosyrer, som er potent til at reducere blodsukkeret p\u00e5 en glucoseafh\u00e6ngig m\u00e5de uden nogen bivirkninger, ud over de mange funktioner af GLP-1 , det bliver et forskningshotspot i at helbrede diabetes II. For at realisere dens kliniske anvendelse er det imidlertid presserende at l\u00f8se problemet med dets korte halveringstid in vivo. Derfor vil gennemgange af de seneste fremskridt inden for forskning og klinisk anvendelse af GLP-1 i Kina og i udlandet p\u00e5 grundlag af tidligere unders\u00f8gelser give reference til deres forskere og medicinske medarbejdere i udviklingen af GLP-1-relevante l\u00e6gemidler.<\/p>\n","protected":false},"excerpt":{"rendered":"<p>Produktnavn: H-HIS-ALA-GLU-GLY-THR-PHE-THR-SER-ASP-VAL-SER-SER-TYR-LEU-GLU-GLY-GLN-ALA-ALA-LYS-GLU-PHE-ILE -ALA-TRP-LEU-VAL-LYS-GLY-ARG-GLY-OH\/GLP-1 (7-37)<br \/>\nCAS: 106612-94-6<br \/>\nMF: C151H228N40O47<br \/>\nMW: 3355,67&lt; &amp;&gt;Mol Fil: 106612-94-6.mol<\/p>\n","protected":false},"featured_media":2287,"comment_status":"open","ping_status":"closed","template":"","meta":{"om_disable_all_campaigns":false,"_monsterinsights_skip_tracking":false,"_monsterinsights_sitenote_active":false,"_monsterinsights_sitenote_note":"","_monsterinsights_sitenote_category":0,"site-sidebar-layout":"default","site-content-layout":"default","ast-site-content-layout":"default","site-content-style":"default","site-sidebar-style":"default","ast-global-header-display":"","ast-banner-title-visibility":"","ast-main-header-display":"","ast-hfb-above-header-display":"","ast-hfb-below-header-display":"","ast-hfb-mobile-header-display":"","site-post-title":"","ast-breadcrumbs-content":"","ast-featured-img":"","footer-sml-layout":"","ast-disable-related-posts":"","theme-transparent-header-meta":"default","adv-header-id-meta":"","stick-header-meta":"","header-above-stick-meta":"","header-main-stick-meta":"","header-below-stick-meta":"","astra-migrate-meta-layouts":"default","ast-page-background-enabled":"default","ast-page-background-meta":{"desktop":{"background-color":"","background-image":"","background-repeat":"repeat","background-position":"center center","background-size":"auto","background-attachment":"scroll","background-type":"","background-media":"","overlay-type":"","overlay-color":"","overlay-opacity":"","overlay-gradient":""},"tablet":{"background-color":"","background-image":"","background-repeat":"repeat","background-position":"center center","background-size":"auto","background-attachment":"scroll","background-type":"","background-media":"","overlay-type":"","overlay-color":"","overlay-opacity":"","overlay-gradient":""},"mobile":{"background-color":"","background-image":"","background-repeat":"repeat","background-position":"center center","background-size":"auto","background-attachment":"scroll","background-type":"","background-media":"","overlay-type":"","overlay-color":"","overlay-opacity":"","overlay-gradient":""}},"ast-content-background-meta":{"desktop":{"background-color":"var(--ast-global-color-5)","background-image":"","background-repeat":"repeat","background-position":"center center","background-size":"auto","background-attachment":"scroll","background-type":"","background-media":"","overlay-type":"","overlay-color":"","overlay-opacity":"","overlay-gradient":""},"tablet":{"background-color":"var(--ast-global-color-5)","background-image":"","background-repeat":"repeat","background-position":"center center","background-size":"auto","background-attachment":"scroll","background-type":"","background-media":"","overlay-type":"","overlay-color":"","overlay-opacity":"","overlay-gradient":""},"mobile":{"background-color":"var(--ast-global-color-5)","background-image":"","background-repeat":"repeat","background-position":"center center","background-size":"auto","background-attachment":"scroll","background-type":"","background-media":"","overlay-type":"","overlay-color":"","overlay-opacity":"","overlay-gradient":""}}},"product_brand":[],"product_cat":[338],"product_tag":[1064],"class_list":{"0":"post-8658","1":"product","2":"type-product","3":"status-publish","4":"has-post-thumbnail","6":"product_cat-diabetes-peptid","7":"product_tag-glp-1-7-37-cas-106612-94-6-reduce-blood-sugar-in-a-glucose-dependentmanner-without-any-adverse-reactions-da","8":"desktop-align-left","9":"tablet-align-left","10":"mobile-align-left","12":"first","13":"instock","14":"shipping-taxable","15":"product-type-simple"},"_links":{"self":[{"href":"https:\/\/puyapeptide.net\/da\/wp-json\/wp\/v2\/product\/8658","targetHints":{"allow":["GET"]}}],"collection":[{"href":"https:\/\/puyapeptide.net\/da\/wp-json\/wp\/v2\/product"}],"about":[{"href":"https:\/\/puyapeptide.net\/da\/wp-json\/wp\/v2\/types\/product"}],"replies":[{"embeddable":true,"href":"https:\/\/puyapeptide.net\/da\/wp-json\/wp\/v2\/comments?post=8658"}],"wp:featuredmedia":[{"embeddable":true,"href":"https:\/\/puyapeptide.net\/da\/wp-json\/wp\/v2\/media\/2287"}],"wp:attachment":[{"href":"https:\/\/puyapeptide.net\/da\/wp-json\/wp\/v2\/media?parent=8658"}],"wp:term":[{"taxonomy":"product_brand","embeddable":true,"href":"https:\/\/puyapeptide.net\/da\/wp-json\/wp\/v2\/product_brand?post=8658"},{"taxonomy":"product_cat","embeddable":true,"href":"https:\/\/puyapeptide.net\/da\/wp-json\/wp\/v2\/product_cat?post=8658"},{"taxonomy":"product_tag","embeddable":true,"href":"https:\/\/puyapeptide.net\/da\/wp-json\/wp\/v2\/product_tag?post=8658"}],"curies":[{"name":"wp","href":"https:\/\/api.w.org\/{rel}","templated":true}]}}