{"id":8680,"date":"2021-12-17T01:53:57","date_gmt":"2021-12-17T06:53:57","guid":{"rendered":"https:\/\/puyapeptide.net\/product\/puya-supply-abarelix-cas-183552-38-7-brug-til-prostatakraeft\/"},"modified":"2021-12-17T01:53:57","modified_gmt":"2021-12-17T06:53:57","slug":"puya-supply-abarelix-cas-183552-38-7-brug-til-prostatakraeft","status":"publish","type":"product","link":"https:\/\/puyapeptide.net\/da\/product\/puya-supply-abarelix-cas-183552-38-7-brug-til-prostatakraeft\/","title":{"rendered":"Puya Supply Abarelix CAS 183552-38-7 Brug til prostatakr\u00e6ft"},"content":{"rendered":"<h2><strong>Puya Supply Abarelix CAS 183552-38-7 Brug til prostatakr\u00e6ft<\/strong><\/h2>\n<p>Produktnavn: Abarelix<br \/>\nSynonymer: PPI-149;Abarelix Acetate;Plenaxis;R 3827;Ac-DNal-DCpa-DPal-Ser-N\u03b1MeTyr-DAsp-Leu-Ilys-Pro-DAl-NH2;Abarelix; Abarelix-acetat(Plenaxis);D-alaninamid, N-acetyl-3-(2-naphthalenyl)-D-alanyl-4-chlor-D-phenylalanyl-3-(3-pyridinyl)-D-alanyl-L-seryl- N-methyl-L-tyrosyl-D-asparaginyl-L-leucyl-N6-(1-methylethyl)-L-lysyl-L-prolyl-<br \/>\n CAS: 183552-38-7<br \/>\nMF: C72H95ClN14O14&lt;&amp; &gt;MW: 1416.06<br \/>\nEINECS: 1592732-453-0<br \/>\nProduktkategorier:<br \/>\nMol Fil: 183552-38-7.mol<\/p>\n<p>Abarelix reducerer testosteronproduktionen i testiklerne ved direkte at h\u00e6mme sekretion af luteiniserende hormon (LH) og follikelstimulerende hormon (FSH). P\u00e5 grund af Chemicalbooks direkte h\u00e6mning af LH-sekretion, \u00f8ges plasmatestosteronkoncentrationen ikke og falder derefter. Resultaterne af unders\u00f8gelsen viste, at abarelixacetat har en h\u00f8j affinitet for hypofysen LHRH-receptorer hos rotter.<\/p>\n<p> <strong>Abarelix CAS 183552-38-7 Chemical Properties<\/strong><br \/>\nAbarelix Chemical Properties<br \/>\nKogepunkt 1688,4\u00b165. \u00b0C(Forudsagt)<br \/>\ndensitet 1,286\u00b10,06 g\/cm3(Forudsagt)<br \/>\npka 9,82\u00b10,15(Forudsagt)<br \/>\nCAS DataBase Reference 183552-38-7<\/p>\n<p> <strong>Funktion og anvendelse af Abarelix CAS 183552-38-7<\/strong><br \/>\nAbarelix, et antineoplastisk middel, er den f\u00f8rste opbevarede gonadotropin-frigivende hormonantagonistformulering, der i \u00f8jeblikket er godkendt og den 1. nye type prostatacancerl\u00e6gemiddel.<\/p>\n<p>Abarelix CAS 183552-38-7 Brug til prostatakr\u00e6ft<\/p>\n","protected":false},"excerpt":{"rendered":"<p>Produktnavn: Abarelix<br \/>\nCAS: 183552-38-7<br \/>\nMF: C72H95ClN14O14<br \/>\nMW: 1416.06<br \/>\nEINECS: 1592732-453-0<br \/>\nMol Fil: 183752-38.mol<\/p>\n","protected":false},"featured_media":2119,"comment_status":"open","ping_status":"closed","template":"","meta":{"om_disable_all_campaigns":false,"_monsterinsights_skip_tracking":false,"_monsterinsights_sitenote_active":false,"_monsterinsights_sitenote_note":"","_monsterinsights_sitenote_category":0,"site-sidebar-layout":"default","site-content-layout":"default","ast-site-content-layout":"","site-content-style":"default","site-sidebar-style":"default","ast-global-header-display":"","ast-banner-title-visibility":"","ast-main-header-display":"","ast-hfb-above-header-display":"","ast-hfb-below-header-display":"","ast-hfb-mobile-header-display":"","site-post-title":"","ast-breadcrumbs-content":"","ast-featured-img":"","footer-sml-layout":"","theme-transparent-header-meta":"default","adv-header-id-meta":"","stick-header-meta":"","header-above-stick-meta":"","header-main-stick-meta":"","header-below-stick-meta":"","astra-migrate-meta-layouts":"default","ast-page-background-enabled":"default","ast-page-background-meta":{"desktop":{"background-color":"","background-image":"","background-repeat":"repeat","background-position":"center center","background-size":"auto","background-attachment":"scroll","background-type":"","background-media":"","overlay-type":"","overlay-color":"","overlay-opacity":"","overlay-gradient":""},"tablet":{"background-color":"","background-image":"","background-repeat":"repeat","background-position":"center center","background-size":"auto","background-attachment":"scroll","background-type":"","background-media":"","overlay-type":"","overlay-color":"","overlay-opacity":"","overlay-gradient":""},"mobile":{"background-color":"","background-image":"","background-repeat":"repeat","background-position":"center center","background-size":"auto","background-attachment":"scroll","background-type":"","background-media":"","overlay-type":"","overlay-color":"","overlay-opacity":"","overlay-gradient":""}},"ast-content-background-meta":{"desktop":{"background-color":"var(--ast-global-color-5)","background-image":"","background-repeat":"repeat","background-position":"center center","background-size":"auto","background-attachment":"scroll","background-type":"","background-media":"","overlay-type":"","overlay-color":"","overlay-opacity":"","overlay-gradient":""},"tablet":{"background-color":"var(--ast-global-color-5)","background-image":"","background-repeat":"repeat","background-position":"center center","background-size":"auto","background-attachment":"scroll","background-type":"","background-media":"","overlay-type":"","overlay-color":"","overlay-opacity":"","overlay-gradient":""},"mobile":{"background-color":"var(--ast-global-color-5)","background-image":"","background-repeat":"repeat","background-position":"center center","background-size":"auto","background-attachment":"scroll","background-type":"","background-media":"","overlay-type":"","overlay-color":"","overlay-opacity":"","overlay-gradient":""}}},"product_brand":[],"product_cat":[391],"product_tag":[1042],"class_list":{"0":"post-8680","1":"product","2":"type-product","3":"status-publish","4":"has-post-thumbnail","6":"product_cat-anti-tumor-peptid","7":"product_tag-puya-supply-abarelix-cas-183552-38-7-use-for-prostate-cancer-da","8":"desktop-align-left","9":"tablet-align-left","10":"mobile-align-left","12":"first","13":"instock","14":"shipping-taxable","15":"product-type-simple"},"_links":{"self":[{"href":"https:\/\/puyapeptide.net\/da\/wp-json\/wp\/v2\/product\/8680","targetHints":{"allow":["GET"]}}],"collection":[{"href":"https:\/\/puyapeptide.net\/da\/wp-json\/wp\/v2\/product"}],"about":[{"href":"https:\/\/puyapeptide.net\/da\/wp-json\/wp\/v2\/types\/product"}],"replies":[{"embeddable":true,"href":"https:\/\/puyapeptide.net\/da\/wp-json\/wp\/v2\/comments?post=8680"}],"wp:featuredmedia":[{"embeddable":true,"href":"https:\/\/puyapeptide.net\/da\/wp-json\/wp\/v2\/media\/2119"}],"wp:attachment":[{"href":"https:\/\/puyapeptide.net\/da\/wp-json\/wp\/v2\/media?parent=8680"}],"wp:term":[{"taxonomy":"product_brand","embeddable":true,"href":"https:\/\/puyapeptide.net\/da\/wp-json\/wp\/v2\/product_brand?post=8680"},{"taxonomy":"product_cat","embeddable":true,"href":"https:\/\/puyapeptide.net\/da\/wp-json\/wp\/v2\/product_cat?post=8680"},{"taxonomy":"product_tag","embeddable":true,"href":"https:\/\/puyapeptide.net\/da\/wp-json\/wp\/v2\/product_tag?post=8680"}],"curies":[{"name":"wp","href":"https:\/\/api.w.org\/{rel}","templated":true}]}}