{"id":8745,"date":"2021-12-17T03:03:19","date_gmt":"2021-12-17T08:03:19","guid":{"rendered":"https:\/\/puyapeptide.net\/product\/puya-supply-eptifibatide-cas-188627-80-7-haemmer-blodpladeaggregation-og-trombose\/"},"modified":"2021-12-17T03:03:19","modified_gmt":"2021-12-17T08:03:19","slug":"puya-supply-eptifibatide-cas-188627-80-7-haemmer-blodpladeaggregation-og-trombose","status":"publish","type":"product","link":"https:\/\/puyapeptide.net\/da\/product\/puya-supply-eptifibatide-cas-188627-80-7-haemmer-blodpladeaggregation-og-trombose\/","title":{"rendered":"Puya Supply Eptifibatide CAS 188627-80-7 H\u00e6mmer blodpladeaggregation og trombose"},"content":{"rendered":"<h2><strong>Puya Supply Eptifibatide CAS 188627-80-7 H\u00e6mmer blodpladeaggregation og trombose<\/strong><\/h2>\n<p>Produktnavn: Eptifibatide<br \/>\nSynonymer: Eptifibatidacetatsalt;Eptifibatide,MPA-HAR-Gly-Asp-Trp-Pro-Cys-NH2,MPAHARGDWPC-NH2, &gt;99%;MAP-LYS-GLY-ASP- TRP-PRO-CYS-NH2;INTEGRELIN;Eptifibatid;N6-(aminoiminomethyl)-N2-(3-mercapto-1-oxopropyl-L-lysylglycyl-La-aspartyl-L-tryptophyl-L-prolyl-L-cysteinamid;MPA -HAR-GLY-ASP-TRP-PRO-CYS-NH2(DISULFIDE BRIDGE, MPA1-CYS6);Intrifiban<br \/>\nCAS: 188627-80-7<br \/>\nMF: C35H49N11O9S2<br \/>\nMW: 831,96<br \/>\nEINECS : 641-366-7<br \/>\nProduktkategorier: Mellemprodukter &amp; Finkemikalier;Peptider;Pharmaceuticals<br \/>\nMol Fil: 188627-80-7.mol<\/p>\n<p>Eptifibatide er en slags syntetisk cyklisk hexapeptid best\u00e5ende af 6 aminosyrer og 1 mercaptopropionylrest. Den er i stand til at binde til blodpladereceptoren glycoprotein (GP) IIb\/IIIa i humane blodplader og h\u00e6mme blodpladeaggregationen og dermed blokere bindingen af fibrinogen, von Willebrand-faktoren og andre adh\u00e6sive ligander. indiceret til behandling af akut koronarsyndrom (ACS) og perkutan koronar i ntervention (PCI). Det er i stand til at reducere risikoen for akutte hjerteisk\u00e6miske h\u00e6ndelser hos patienter med ustabil angina eller myokardieinfektion uden ST-segmentforh\u00f8jelse. Det bruges ofte i kombination med aspirin eller clopidogrel og heparin. Det kan fremstilles gennem opl\u00f8sningsfase peptidsyntese og kan oprenses ved pr\u00e6parativ omvendt fase v\u00e6skekromatografi og lyofilisering. <\/p>\n<p> <strong>Eptifibatide CAS 188627-80-7 Kemiske egenskaber<\/strong><br \/>\ndensitet 1,60\u00b10,1 g\/cm3(forudsagt)<br \/>\nopbevaringstemp. Forseglet i t\u00f8rt, Opbevares i fryseren, under -20\u00b0C<br \/>\npka 4,01\u00b10,10(forudsagt)<br \/>\nCAS DataBase Reference 188627-80-7<\/p>\n<p> <strong>Funktion og anvendelse af Eptifibatide CAS 188627-80- 7<\/strong><br \/>\nEn Arginin-glycin-aspartat-mimetikum, binder reversibelt til blodplader for at reducere risikoen for hjerteisk\u00e6miske h\u00e6ndelser.<\/p>\n","protected":false},"excerpt":{"rendered":"<p>Produktnavn: Eptifibatide<br \/>\nCAS: 188627-80-7<br \/>\nMF: C35H49N11O9S2<br \/>\nMW: 831.96<br \/>\nEINECS: 641-366-7<br \/>\nMol Fil: 188627-80-7.mol<\/p>\n","protected":false},"featured_media":2098,"comment_status":"open","ping_status":"closed","template":"","meta":{"om_disable_all_campaigns":false,"_monsterinsights_skip_tracking":false,"_monsterinsights_sitenote_active":false,"_monsterinsights_sitenote_note":"","_monsterinsights_sitenote_category":0,"site-sidebar-layout":"default","site-content-layout":"default","ast-site-content-layout":"default","site-content-style":"default","site-sidebar-style":"default","ast-global-header-display":"","ast-banner-title-visibility":"","ast-main-header-display":"","ast-hfb-above-header-display":"","ast-hfb-below-header-display":"","ast-hfb-mobile-header-display":"","site-post-title":"","ast-breadcrumbs-content":"","ast-featured-img":"","footer-sml-layout":"","ast-disable-related-posts":"","theme-transparent-header-meta":"default","adv-header-id-meta":"","stick-header-meta":"","header-above-stick-meta":"","header-main-stick-meta":"","header-below-stick-meta":"","astra-migrate-meta-layouts":"default","ast-page-background-enabled":"default","ast-page-background-meta":{"desktop":{"background-color":"","background-image":"","background-repeat":"repeat","background-position":"center center","background-size":"auto","background-attachment":"scroll","background-type":"","background-media":"","overlay-type":"","overlay-color":"","overlay-opacity":"","overlay-gradient":""},"tablet":{"background-color":"","background-image":"","background-repeat":"repeat","background-position":"center center","background-size":"auto","background-attachment":"scroll","background-type":"","background-media":"","overlay-type":"","overlay-color":"","overlay-opacity":"","overlay-gradient":""},"mobile":{"background-color":"","background-image":"","background-repeat":"repeat","background-position":"center center","background-size":"auto","background-attachment":"scroll","background-type":"","background-media":"","overlay-type":"","overlay-color":"","overlay-opacity":"","overlay-gradient":""}},"ast-content-background-meta":{"desktop":{"background-color":"var(--ast-global-color-5)","background-image":"","background-repeat":"repeat","background-position":"center center","background-size":"auto","background-attachment":"scroll","background-type":"","background-media":"","overlay-type":"","overlay-color":"","overlay-opacity":"","overlay-gradient":""},"tablet":{"background-color":"var(--ast-global-color-5)","background-image":"","background-repeat":"repeat","background-position":"center center","background-size":"auto","background-attachment":"scroll","background-type":"","background-media":"","overlay-type":"","overlay-color":"","overlay-opacity":"","overlay-gradient":""},"mobile":{"background-color":"var(--ast-global-color-5)","background-image":"","background-repeat":"repeat","background-position":"center center","background-size":"auto","background-attachment":"scroll","background-type":"","background-media":"","overlay-type":"","overlay-color":"","overlay-opacity":"","overlay-gradient":""}}},"product_brand":[],"product_cat":[404],"product_tag":[975],"class_list":{"0":"post-8745","1":"product","2":"type-product","3":"status-publish","4":"has-post-thumbnail","6":"product_cat-blod-og-vaskulaer-peptid","7":"product_tag-puya-supply-eptifibatide-cas-188627-80-7-da","8":"desktop-align-left","9":"tablet-align-left","10":"mobile-align-left","12":"first","13":"instock","14":"shipping-taxable","15":"product-type-simple"},"_links":{"self":[{"href":"https:\/\/puyapeptide.net\/da\/wp-json\/wp\/v2\/product\/8745","targetHints":{"allow":["GET"]}}],"collection":[{"href":"https:\/\/puyapeptide.net\/da\/wp-json\/wp\/v2\/product"}],"about":[{"href":"https:\/\/puyapeptide.net\/da\/wp-json\/wp\/v2\/types\/product"}],"replies":[{"embeddable":true,"href":"https:\/\/puyapeptide.net\/da\/wp-json\/wp\/v2\/comments?post=8745"}],"wp:featuredmedia":[{"embeddable":true,"href":"https:\/\/puyapeptide.net\/da\/wp-json\/wp\/v2\/media\/2098"}],"wp:attachment":[{"href":"https:\/\/puyapeptide.net\/da\/wp-json\/wp\/v2\/media?parent=8745"}],"wp:term":[{"taxonomy":"product_brand","embeddable":true,"href":"https:\/\/puyapeptide.net\/da\/wp-json\/wp\/v2\/product_brand?post=8745"},{"taxonomy":"product_cat","embeddable":true,"href":"https:\/\/puyapeptide.net\/da\/wp-json\/wp\/v2\/product_cat?post=8745"},{"taxonomy":"product_tag","embeddable":true,"href":"https:\/\/puyapeptide.net\/da\/wp-json\/wp\/v2\/product_tag?post=8745"}],"curies":[{"name":"wp","href":"https:\/\/api.w.org\/{rel}","templated":true}]}}