{"id":8798,"date":"2021-12-17T03:06:13","date_gmt":"2021-12-17T08:06:13","guid":{"rendered":"https:\/\/puyapeptide.net\/product\/puya-supply-degarelix-acetate-cas-214766-78-6-brugt-til-behandling-af-prostatakraeft\/"},"modified":"2021-12-17T03:06:13","modified_gmt":"2021-12-17T08:06:13","slug":"puya-supply-degarelix-acetate-cas-214766-78-6-brugt-til-behandling-af-prostatakraeft","status":"publish","type":"product","link":"https:\/\/puyapeptide.net\/da\/product\/puya-supply-degarelix-acetate-cas-214766-78-6-brugt-til-behandling-af-prostatakraeft\/","title":{"rendered":"Puya Supply Degarelix Acetate CAS 214766-78-6 Brugt til behandling af prostatakr\u00e6ft"},"content":{"rendered":"<h2><strong>Puya Supply Degarelix Acetate CAS 214766-78-6 Brugt til behandling af prostatakr\u00e6ft<\/strong><\/h2>\n<p>Produktnavn: DEGARELIX<br \/>\nSynonymer: DEGARELIX;Degarelixacetat;N-Acetyl-3-(2-naphthyl)-D-alanyl-4-chlor-D-phenylalanyl-3-(3-pyridyl)-D -alanyl-L-seryl-4-[2,6-dioxohexahydropyrimidin-4(S)-ylcarboxamido]-L-phenylalanyl-4-ureido-D-phenylalanyl-L-leucyl-N6-isopropyl-L-lysyl-L- prolyl-D-alaninamidacetat; Degarelix-acetatsalt; D-alaninamid, N-acetyl-3-(naphtalen-2-yl)-D-alanyl-4-chlor-D-phenylalanyl-3-(pyridin-3-yl) -D-alanyl-L-seryl-4-((((4S)-2,6-dioxohexahydropyrimidin-4-yl)carbonyl)amino)-L-phenylalanyl-4-(carbamoylamino)-D-phenylalanyl-L-leucyl -N6-(1-methylethyl)-L-lysyl-L-prolyl-;Degarelixacetat(FE-200486,Degarelix);FirMagon;Degarelix, Degarelixacetat<br \/>\nCAS: 214766-78-6<br \/>\nMF: C82H103ClN18O<br \/>\nMW: 1632.26<br \/>\nEINECS: 807-277-4<br \/>\nProduktkategorier: API<br \/>\nMol Fil: 214766-78-6.mol<\/p>\n<p>Antagonister af GnRH har vist sig at v\u00e6re en effektiv behandling af hormonregulerede kr\u00e6ftformer, s\u00e5som prostata og nogle brysttyper. Som analoger af GnRH binder de sig kompetitivt og reversibelt til GnRH-receptorer i hypofysen og blokerer derved frigivelsen af luteiniserende hormon (LH) og follikelstimulerende hormon (FSH). Hos m\u00e6nd udl\u00f8ser reduktionen af LH ablation af testosteronsekretion fra testiklerne, og disse kastrationslignende niveauer har v\u00e6ret afg\u00f8rende for effektiv behandling af fremskreden prostatacancer. I sammenligning med GnRH-agonister lider antagonister ikke af en potentiel opblussen af sygdommen som et resultat af en initial stimulering af hypothalamus-hypofyse-gonadeaksen f\u00f8r nedregulering af GnRH-receptoren. Desuden giver GnRH-antagonister gavnlige virkninger hurtigere efter dosering og resulterer i en mere effektiv undertrykkelse af gonadotropinniveauer. Med dette i tankerne er degarelixacetat blevet lanceret som en tredjegenerations GnRH-antagonist til behandling af prostatacancer, og den slutter sig til andre tredjegenerationsmidler, ganirelix og cetronelix, p\u00e5 markedet.<\/p>\n<p> <strong>Kemiske egenskaber af Degarelix Acetate CAS 214766-78-6<\/strong><br \/>\ndensitet 1,325\u00b10,06 g\/cm3(forudsagt)<br \/>\nopbevaringstemp. Opbevares p\u00e5 et m\u00f8rkt sted, inert atmosf\u00e6re, Opbevares i fryseren, under -20\u00b0C<br \/>\npka 10,38\u00b10,40(forudsagt)<\/p>\n<p> <strong>Funktion og anvendelse af Degarelix Acetate CAS 214766-78-6<\/strong><br \/>\nAvanceret hormon -afh\u00e6ngigt prostatacarcinom<\/p>\n<p>Desmopressin&#39; (handelsnavne: DDAVP, DesmoMelt, Minirin, Minirin Melt, Octim, Stimate) er en syntetisk erstatning for vasopressin, hormonet, der reducerer urinproduktionen. Det kan tages nasalt, intraven\u00f8st eller som en oral eller sublingual tablet. L\u00e6ger ordinerer desmopressin&#39; hyppigst til behandling af diabetes insipidus, sengev\u00e6dning eller nocturi.<\/p>\n<p>Det kan tages nasalt, intraven\u00f8st eller som en tablet. L\u00e6ger ordinerer Desmopressin&#39; oftest til behandling af diabetes insipidus eller natlig enurese. Desmopressin&#39; (1-desamino-8-D-arginin vasopressin) er en modificeret form af det normale humane hormon arginin vasopressin, et peptid indeholdende ni aminosyrer. Medicinsk brug af Desmopressin&#39;acetat omfatter: (a) sengev\u00e6dning; (b) natlig vandladning; (c) koagulationsforstyrrelser; (d) diabetes insipidus.<\/p>\n","protected":false},"excerpt":{"rendered":"<p>Produktnavn: DEGARELIX<br \/>\nCAS: 214766-78-6<br \/>\nMF: C82H103ClN18O16<br \/>\nMW: 1632.26<br \/>\nEINECS: 807-277-4<br \/>\nProduktkategorier: API<br \/>\nMol-fil: 2147 -78-6 mol<\/p>\n","protected":false},"featured_media":2119,"comment_status":"open","ping_status":"closed","template":"","meta":{"om_disable_all_campaigns":false,"_monsterinsights_skip_tracking":false,"_monsterinsights_sitenote_active":false,"_monsterinsights_sitenote_note":"","_monsterinsights_sitenote_category":0,"site-sidebar-layout":"default","site-content-layout":"default","ast-site-content-layout":"","site-content-style":"default","site-sidebar-style":"default","ast-global-header-display":"","ast-banner-title-visibility":"","ast-main-header-display":"","ast-hfb-above-header-display":"","ast-hfb-below-header-display":"","ast-hfb-mobile-header-display":"","site-post-title":"","ast-breadcrumbs-content":"","ast-featured-img":"","footer-sml-layout":"","theme-transparent-header-meta":"default","adv-header-id-meta":"","stick-header-meta":"","header-above-stick-meta":"","header-main-stick-meta":"","header-below-stick-meta":"","astra-migrate-meta-layouts":"default","ast-page-background-enabled":"default","ast-page-background-meta":{"desktop":{"background-color":"","background-image":"","background-repeat":"repeat","background-position":"center center","background-size":"auto","background-attachment":"scroll","background-type":"","background-media":"","overlay-type":"","overlay-color":"","overlay-opacity":"","overlay-gradient":""},"tablet":{"background-color":"","background-image":"","background-repeat":"repeat","background-position":"center center","background-size":"auto","background-attachment":"scroll","background-type":"","background-media":"","overlay-type":"","overlay-color":"","overlay-opacity":"","overlay-gradient":""},"mobile":{"background-color":"","background-image":"","background-repeat":"repeat","background-position":"center center","background-size":"auto","background-attachment":"scroll","background-type":"","background-media":"","overlay-type":"","overlay-color":"","overlay-opacity":"","overlay-gradient":""}},"ast-content-background-meta":{"desktop":{"background-color":"var(--ast-global-color-5)","background-image":"","background-repeat":"repeat","background-position":"center center","background-size":"auto","background-attachment":"scroll","background-type":"","background-media":"","overlay-type":"","overlay-color":"","overlay-opacity":"","overlay-gradient":""},"tablet":{"background-color":"var(--ast-global-color-5)","background-image":"","background-repeat":"repeat","background-position":"center center","background-size":"auto","background-attachment":"scroll","background-type":"","background-media":"","overlay-type":"","overlay-color":"","overlay-opacity":"","overlay-gradient":""},"mobile":{"background-color":"var(--ast-global-color-5)","background-image":"","background-repeat":"repeat","background-position":"center center","background-size":"auto","background-attachment":"scroll","background-type":"","background-media":"","overlay-type":"","overlay-color":"","overlay-opacity":"","overlay-gradient":""}}},"product_brand":[],"product_cat":[391],"product_tag":[941],"class_list":{"0":"post-8798","1":"product","2":"type-product","3":"status-publish","4":"has-post-thumbnail","6":"product_cat-anti-tumor-peptid","7":"product_tag-puya-supply-degarelix-acetate-cas-214766-78-6-used-for-treat-prostate-cancer-da","8":"desktop-align-left","9":"tablet-align-left","10":"mobile-align-left","12":"first","13":"instock","14":"shipping-taxable","15":"product-type-simple"},"_links":{"self":[{"href":"https:\/\/puyapeptide.net\/da\/wp-json\/wp\/v2\/product\/8798","targetHints":{"allow":["GET"]}}],"collection":[{"href":"https:\/\/puyapeptide.net\/da\/wp-json\/wp\/v2\/product"}],"about":[{"href":"https:\/\/puyapeptide.net\/da\/wp-json\/wp\/v2\/types\/product"}],"replies":[{"embeddable":true,"href":"https:\/\/puyapeptide.net\/da\/wp-json\/wp\/v2\/comments?post=8798"}],"wp:featuredmedia":[{"embeddable":true,"href":"https:\/\/puyapeptide.net\/da\/wp-json\/wp\/v2\/media\/2119"}],"wp:attachment":[{"href":"https:\/\/puyapeptide.net\/da\/wp-json\/wp\/v2\/media?parent=8798"}],"wp:term":[{"taxonomy":"product_brand","embeddable":true,"href":"https:\/\/puyapeptide.net\/da\/wp-json\/wp\/v2\/product_brand?post=8798"},{"taxonomy":"product_cat","embeddable":true,"href":"https:\/\/puyapeptide.net\/da\/wp-json\/wp\/v2\/product_cat?post=8798"},{"taxonomy":"product_tag","embeddable":true,"href":"https:\/\/puyapeptide.net\/da\/wp-json\/wp\/v2\/product_tag?post=8798"}],"curies":[{"name":"wp","href":"https:\/\/api.w.org\/{rel}","templated":true}]}}