{"id":8814,"date":"2021-12-17T03:07:23","date_gmt":"2021-12-17T08:07:23","guid":{"rendered":"https:\/\/puyapeptide.net\/product\/desmopressin-acetate-cas-16679-58-6-bruges-til-behandling-af-uroparese\/"},"modified":"2021-12-17T03:07:23","modified_gmt":"2021-12-17T08:07:23","slug":"desmopressin-acetate-cas-16679-58-6-bruges-til-behandling-af-uroparese","status":"publish","type":"product","link":"https:\/\/puyapeptide.net\/da\/product\/desmopressin-acetate-cas-16679-58-6-bruges-til-behandling-af-uroparese\/","title":{"rendered":"Desmopressin Acetate CAS 16679-58-6 bruges til behandling af uroparese"},"content":{"rendered":"<h2><strong>Desmopressin Acetate CAS 16679-58-6 bruges til behandling af uroparese<\/strong><\/h2>\n<p>Produktnavn: Desmopressin<br \/>\nSynonymer: MPR-TYR-PHE-GLN-ASN-CYS-PRO-D-ARG-GLY-NH2;MINIRIN;[DEAMINO1, DARG8] VASOPRESSIN;[DEAMINO-CYS1, D- ARG8]-VASOPRESSIN;DDAVP, HUMAN;DESMOPRESSIN;DESMOPRESSIN, HUMAN;DESAMINO-[D-ARG8]VASOPRESSIN<br \/>\nCAS: 16679-58-6<br \/>\nMF: C46H64N14O12S2<br \/>\nMW:21CS:29.E 240-726-7<br \/>\nProduktkategorier: Aminosyrederivater;Peptid;Vasopressin- og Oxytocinreceptor<br \/>\nMol Fil: 16679-58-6.mol<\/p>\n<p>Desmopressin (M\u00e6rkenavn: DDAVP) er en kunstig derivat af vasopressin, der ligner det antidiuretiske hormon (ADH), der naturligt produceres i kroppen. Det bruges til behandling af diabetes insipidus, sengev\u00e6dning, h\u00e6mofili A, von Willebrands sygdom og h\u00f8je urinstofniveauer i blodet. Det er i stand til at \u00f8ge vandpermeabiliteten i de renale tubul\u00e6re celler, \u00f8ge urinkoncentrationen yderligere og mindske urinproduktionen. Derfor kan det bruges til at forebygge og kontrollere sv\u00e6r t\u00f8rst, vandladning og dehydrering for\u00e5rsaget af forskellige slags \u00e5rsager, herunder skader, kirurgi og visse medicinske tilstande. Dette hj\u00e6lper dig med at sove hele natten uden at blive v\u00e6kket af vandladning.<\/p>\n<p> <strong>Desmopressin CAS 16679-58-6 Kemiske egenskaber<\/strong><br \/>\nalpha D25 +85,5 \u00b1 2\u00b0 (beregnet for det frie peptid)<br \/>\ndensitet 1,56 \u00b10,1 g\/cm3(forudsagt)<br \/>\nRTECS YW9000000<br \/>\nopbevaringstemp. Opbevares ved 0\u00b0C<br \/>\nopl\u00f8selighed H2O: opl\u00f8selig20mg\/mL, klar, farvel\u00f8s<br \/>\npka 9,90\u00b10,15(forudsagt)<br \/>\nform p\u00e6n<br \/>\nInChIKey NFLWUMRGJYTJIN-PNIOQBSNSA-N<\/p>\n<p> <strong>Anvendelser af Desmopressin CAS 16679-58-6<\/strong><br \/>\nAntidiuretikum.<\/p>\n","protected":false},"excerpt":{"rendered":"<p>Produktnavn: Desmopressin<br \/>\nCAS: 16679-58-6<br \/>\nMF: C46H64N14O12S2<br \/>\nMW: 1069.22<br \/>\nEINECS: 240-726-7<br \/>\nMol Fil: 16679-58-6.mol<\/p>\n","protected":false},"featured_media":2203,"comment_status":"open","ping_status":"closed","template":"","meta":{"om_disable_all_campaigns":false,"_monsterinsights_skip_tracking":false,"_monsterinsights_sitenote_active":false,"_monsterinsights_sitenote_note":"","_monsterinsights_sitenote_category":0,"site-sidebar-layout":"default","site-content-layout":"default","ast-site-content-layout":"default","site-content-style":"default","site-sidebar-style":"default","ast-global-header-display":"","ast-banner-title-visibility":"","ast-main-header-display":"","ast-hfb-above-header-display":"","ast-hfb-below-header-display":"","ast-hfb-mobile-header-display":"","site-post-title":"","ast-breadcrumbs-content":"","ast-featured-img":"","footer-sml-layout":"","ast-disable-related-posts":"","theme-transparent-header-meta":"default","adv-header-id-meta":"","stick-header-meta":"","header-above-stick-meta":"","header-main-stick-meta":"","header-below-stick-meta":"","astra-migrate-meta-layouts":"default","ast-page-background-enabled":"default","ast-page-background-meta":{"desktop":{"background-color":"","background-image":"","background-repeat":"repeat","background-position":"center center","background-size":"auto","background-attachment":"scroll","background-type":"","background-media":"","overlay-type":"","overlay-color":"","overlay-opacity":"","overlay-gradient":""},"tablet":{"background-color":"","background-image":"","background-repeat":"repeat","background-position":"center center","background-size":"auto","background-attachment":"scroll","background-type":"","background-media":"","overlay-type":"","overlay-color":"","overlay-opacity":"","overlay-gradient":""},"mobile":{"background-color":"","background-image":"","background-repeat":"repeat","background-position":"center center","background-size":"auto","background-attachment":"scroll","background-type":"","background-media":"","overlay-type":"","overlay-color":"","overlay-opacity":"","overlay-gradient":""}},"ast-content-background-meta":{"desktop":{"background-color":"var(--ast-global-color-5)","background-image":"","background-repeat":"repeat","background-position":"center center","background-size":"auto","background-attachment":"scroll","background-type":"","background-media":"","overlay-type":"","overlay-color":"","overlay-opacity":"","overlay-gradient":""},"tablet":{"background-color":"var(--ast-global-color-5)","background-image":"","background-repeat":"repeat","background-position":"center center","background-size":"auto","background-attachment":"scroll","background-type":"","background-media":"","overlay-type":"","overlay-color":"","overlay-opacity":"","overlay-gradient":""},"mobile":{"background-color":"var(--ast-global-color-5)","background-image":"","background-repeat":"repeat","background-position":"center center","background-size":"auto","background-attachment":"scroll","background-type":"","background-media":"","overlay-type":"","overlay-color":"","overlay-opacity":"","overlay-gradient":""}}},"product_brand":[],"product_cat":[404],"product_tag":[912],"class_list":{"0":"post-8814","1":"product","2":"type-product","3":"status-publish","4":"has-post-thumbnail","6":"product_cat-blod-og-vaskulaer-peptid","7":"product_tag-desmopressin-acetate-cas-16679-58-6-used-for-treat-uroparesis-da","8":"desktop-align-left","9":"tablet-align-left","10":"mobile-align-left","12":"first","13":"instock","14":"shipping-taxable","15":"product-type-simple"},"_links":{"self":[{"href":"https:\/\/puyapeptide.net\/da\/wp-json\/wp\/v2\/product\/8814","targetHints":{"allow":["GET"]}}],"collection":[{"href":"https:\/\/puyapeptide.net\/da\/wp-json\/wp\/v2\/product"}],"about":[{"href":"https:\/\/puyapeptide.net\/da\/wp-json\/wp\/v2\/types\/product"}],"replies":[{"embeddable":true,"href":"https:\/\/puyapeptide.net\/da\/wp-json\/wp\/v2\/comments?post=8814"}],"wp:featuredmedia":[{"embeddable":true,"href":"https:\/\/puyapeptide.net\/da\/wp-json\/wp\/v2\/media\/2203"}],"wp:attachment":[{"href":"https:\/\/puyapeptide.net\/da\/wp-json\/wp\/v2\/media?parent=8814"}],"wp:term":[{"taxonomy":"product_brand","embeddable":true,"href":"https:\/\/puyapeptide.net\/da\/wp-json\/wp\/v2\/product_brand?post=8814"},{"taxonomy":"product_cat","embeddable":true,"href":"https:\/\/puyapeptide.net\/da\/wp-json\/wp\/v2\/product_cat?post=8814"},{"taxonomy":"product_tag","embeddable":true,"href":"https:\/\/puyapeptide.net\/da\/wp-json\/wp\/v2\/product_tag?post=8814"}],"curies":[{"name":"wp","href":"https:\/\/api.w.org\/{rel}","templated":true}]}}