{"id":8857,"date":"2021-12-17T03:09:57","date_gmt":"2021-12-17T08:09:57","guid":{"rendered":"https:\/\/puyapeptide.net\/product\/terlipressinacetat-af-hoej-kvalitet-cas-14636-12-5-til-behandling-af-akut-varicebloedning\/"},"modified":"2021-12-17T03:09:57","modified_gmt":"2021-12-17T08:09:57","slug":"terlipressinacetat-af-hoej-kvalitet-cas-14636-12-5-til-behandling-af-akut-varicebloedning","status":"publish","type":"product","link":"https:\/\/puyapeptide.net\/da\/product\/terlipressinacetat-af-hoej-kvalitet-cas-14636-12-5-til-behandling-af-akut-varicebloedning\/","title":{"rendered":"Terlipressinacetat af h\u00f8j kvalitet CAS 14636-12-5 til behandling af akut varicebl\u00f8dning"},"content":{"rendered":"<h2><strong>Terlipressinacetat af h\u00f8j kvalitet CAS 14636-12-5 til behandling af akut varicebl\u00f8dning<\/strong><\/h2>\n<p>Produktnavn: N-(N-(N-Glycylglycyl)glycyl)-8-L-lysinevasopressin<br \/>\nSynonymer: [N-\u03b1-Triglycyl-8-lysin]-vasopressin;130: PN: WO2010033207 SEQID: 171 claiMed protein;1-Triglycyl-8-lysin Vasopressin;Na-Glycyl-glycyl-glycyl-[8-lysin]-vasopressin; Na-Glycyl-glycyl-glycyl-lysin-vasopressin; Na-Glycylglycylglycyl-vasopressin; Na-Gly -Gly-Gly-8-Lys-vasopressin;Terlipressin, Terlipressine, Terlipressina, Terlipressinum<br \/>\nCAS: 14636-12-5<br \/>\nMF: C52H74N16O15S2<br \/>\nMW: 1227.37<br \/>\nEINECS: 0388-68<br \/>\nProduktkategorier: hormoner;Peptid;Aminosyrederivater<br \/>\nMol Fil: 14636-12-5.mol<\/p>\n<p>Det kemiske navn p\u00e5 terlipressin er triglycylamidlysin i sulin, som er en ny type syntetisk langtidsvirkende angiogen pr\u00e6parat. Det er et prodrug, som er inaktivt i sig selv. Efter at have fjernet de 3 glycin-substitutionsrester ved dens N-terminal &quot;frigiver&quot; den langsomt aktivt lysin plus. Derfor er terlipressin \u00e6kvivalent med et reservoir, der kan frigive lysin vasopressin med en stabil hastighed.<\/p>\n<p> <strong>Kemiske egenskaber FOR Terlipressin Acetat CAS 14636-12-5<\/strong><br \/>\nKogepunkt 1824,0\u00b165,0 \u00b0C(Forudsagt)<br \/>\ndensitet 1,46\u00b10,1 g\/cm3(Forudsagt)<br \/>\nopbevaringstemp. Opbevares p\u00e5 et m\u00f8rkt sted, inert atmosf\u00e6re, Opbevares i fryseren, under -20\u00b0C<br \/>\npka 9,90\u00b10,15(forudsagt)<br \/>\nCAS DataBase Reference 14636-12-5(CAS DataBase Reference)<\/p>\n<p> <strong>Funktion Og anvendelse AF Terlipressin Acetate CAS 14636-12-5<\/strong><br \/>\nN-(N-(N-Glycylglycyl)glycyl)-8-L-lysinevasopressin er en analog af vasopressin, der anvendes som et vasoaktivt l\u00e6gemiddel til behandling af hypotension. N-(N-(N-Glycylglycyl)glycyl)-8-L-lysinevasopressin bruges noradrenalin-resistent septisk shock og hepatorenalt syndrom. N-(N-(N-Glycylglycyl)glycyl)-8-L-lysinevasopressin anvendes ogs\u00e5 til behandling af akut varicealbl\u00f8dning.<\/p>\n","protected":false},"excerpt":{"rendered":"<p>Produktnavn: N-(N-(N-Glycylglycyl)glycyl)-8-L-lysinevasopressin<br \/>\nCAS: 14636-12-5<br \/>\nMF: C52H74N16O15S2<br \/>\nMW: 1227.37<br \/>\nEINECS: 238- 680-8<br \/>\nProduktkategorier: hormoner;Peptid;Aminosyrederivater<br \/>\nMol Fil: 14636-12-5.mol<\/p>\n","protected":false},"featured_media":2287,"comment_status":"open","ping_status":"closed","template":"","meta":{"om_disable_all_campaigns":false,"_monsterinsights_skip_tracking":false,"_monsterinsights_sitenote_active":false,"_monsterinsights_sitenote_note":"","_monsterinsights_sitenote_category":0,"site-sidebar-layout":"default","site-content-layout":"default","ast-site-content-layout":"default","site-content-style":"default","site-sidebar-style":"default","ast-global-header-display":"","ast-banner-title-visibility":"","ast-main-header-display":"","ast-hfb-above-header-display":"","ast-hfb-below-header-display":"","ast-hfb-mobile-header-display":"","site-post-title":"","ast-breadcrumbs-content":"","ast-featured-img":"","footer-sml-layout":"","ast-disable-related-posts":"","theme-transparent-header-meta":"default","adv-header-id-meta":"","stick-header-meta":"","header-above-stick-meta":"","header-main-stick-meta":"","header-below-stick-meta":"","astra-migrate-meta-layouts":"default","ast-page-background-enabled":"default","ast-page-background-meta":{"desktop":{"background-color":"","background-image":"","background-repeat":"repeat","background-position":"center center","background-size":"auto","background-attachment":"scroll","background-type":"","background-media":"","overlay-type":"","overlay-color":"","overlay-opacity":"","overlay-gradient":""},"tablet":{"background-color":"","background-image":"","background-repeat":"repeat","background-position":"center center","background-size":"auto","background-attachment":"scroll","background-type":"","background-media":"","overlay-type":"","overlay-color":"","overlay-opacity":"","overlay-gradient":""},"mobile":{"background-color":"","background-image":"","background-repeat":"repeat","background-position":"center center","background-size":"auto","background-attachment":"scroll","background-type":"","background-media":"","overlay-type":"","overlay-color":"","overlay-opacity":"","overlay-gradient":""}},"ast-content-background-meta":{"desktop":{"background-color":"var(--ast-global-color-5)","background-image":"","background-repeat":"repeat","background-position":"center center","background-size":"auto","background-attachment":"scroll","background-type":"","background-media":"","overlay-type":"","overlay-color":"","overlay-opacity":"","overlay-gradient":""},"tablet":{"background-color":"var(--ast-global-color-5)","background-image":"","background-repeat":"repeat","background-position":"center center","background-size":"auto","background-attachment":"scroll","background-type":"","background-media":"","overlay-type":"","overlay-color":"","overlay-opacity":"","overlay-gradient":""},"mobile":{"background-color":"var(--ast-global-color-5)","background-image":"","background-repeat":"repeat","background-position":"center center","background-size":"auto","background-attachment":"scroll","background-type":"","background-media":"","overlay-type":"","overlay-color":"","overlay-opacity":"","overlay-gradient":""}}},"product_brand":[],"product_cat":[404],"product_tag":[868],"class_list":{"0":"post-8857","1":"product","2":"type-product","3":"status-publish","4":"has-post-thumbnail","6":"product_cat-blod-og-vaskulaer-peptid","7":"product_tag-terlipressin-acetate-cas-14636-12-5-for-treat-acute-variceal-bleeding-da","8":"desktop-align-left","9":"tablet-align-left","10":"mobile-align-left","12":"first","13":"instock","14":"shipping-taxable","15":"product-type-simple"},"_links":{"self":[{"href":"https:\/\/puyapeptide.net\/da\/wp-json\/wp\/v2\/product\/8857","targetHints":{"allow":["GET"]}}],"collection":[{"href":"https:\/\/puyapeptide.net\/da\/wp-json\/wp\/v2\/product"}],"about":[{"href":"https:\/\/puyapeptide.net\/da\/wp-json\/wp\/v2\/types\/product"}],"replies":[{"embeddable":true,"href":"https:\/\/puyapeptide.net\/da\/wp-json\/wp\/v2\/comments?post=8857"}],"wp:featuredmedia":[{"embeddable":true,"href":"https:\/\/puyapeptide.net\/da\/wp-json\/wp\/v2\/media\/2287"}],"wp:attachment":[{"href":"https:\/\/puyapeptide.net\/da\/wp-json\/wp\/v2\/media?parent=8857"}],"wp:term":[{"taxonomy":"product_brand","embeddable":true,"href":"https:\/\/puyapeptide.net\/da\/wp-json\/wp\/v2\/product_brand?post=8857"},{"taxonomy":"product_cat","embeddable":true,"href":"https:\/\/puyapeptide.net\/da\/wp-json\/wp\/v2\/product_cat?post=8857"},{"taxonomy":"product_tag","embeddable":true,"href":"https:\/\/puyapeptide.net\/da\/wp-json\/wp\/v2\/product_tag?post=8857"}],"curies":[{"name":"wp","href":"https:\/\/api.w.org\/{rel}","templated":true}]}}