{"id":8878,"date":"2021-12-17T03:11:05","date_gmt":"2021-12-17T08:11:05","guid":{"rendered":"https:\/\/puyapeptide.net\/product\/topkvalitets-octreotid-cas-79517-01-4-til-anticancervaeksthaemmende-antisekretorisk-sandostatin\/"},"modified":"2021-12-17T03:11:05","modified_gmt":"2021-12-17T08:11:05","slug":"topkvalitets-octreotid-cas-79517-01-4-til-anticancervaeksthaemmende-antisekretorisk-sandostatin","status":"publish","type":"product","link":"https:\/\/puyapeptide.net\/da\/product\/topkvalitets-octreotid-cas-79517-01-4-til-anticancervaeksthaemmende-antisekretorisk-sandostatin\/","title":{"rendered":"Topkvalitets octreotid CAS 79517-01-4 til anticancerv\u00e6ksth\u00e6mmende antisekretorisk sandostatin"},"content":{"rendered":"<h2><strong>Topkvalitets octreotid CAS 79517-01-4 til anticancerv\u00e6ksth\u00e6mmende antisekretorisk sandostatin<\/strong><\/h2>\n<p>Produktnavn: Octreotid<br \/>\nSynonymer: SANDOSTATIN;SMS-201-995;[r-(r*,r*)]-d-phenylalanyl-l-cysteinyl-l-phenylalanyl-d-tryptophyl-l- lysyl-l-threonyl-n-[2-hydroxy-1-(hydroxy-methyl)propyl]-cysteinamid cyklisk(2-&gt;7)-disulfid;OCTREOTID;OCTREOTID (SMS 201-995), ACETAT;cyklisk(2-) 7)-disulfid,(rl-threonyl-n-(2-hydroxy-1-(hydroxymethyl)propyl);Octreotid (D-Phe5,Cys6\u00b711,D-Trp8,L-Threoninol12)-SoMatostatin-14 (5- 12), SMS-201-995;D-phenylalanyl-L-cysteinyl-L-phenylalanyl-D-tryptophyl-L-lysyl-L-threonyl-N-[(1R,2R)-2-hydroxy-1-(hydroxymethyl) )propyl]-<br \/>\nCAS: 79517-01-4<br \/>\nMF: C51H70N10O12S2<br \/>\nMW: 1079.3<br \/>\nEINECS: 616-695-4<br \/>\nProduktkategorier: peptid;Somatostatinreceptorer;Aminosyrederivater ;Mellemprodukter &amp; Finkemikalier;Peptider;Pharmaceuticals<br \/>\nMol Fil: 79517-01-4.mol<\/p>\n<p>Octreotid er en syntetisk 8-peptid cyklisk forbindelse, der bruges i ford\u00f8jelsessystemet. Det er en homolog af naturligt somatostatin. Det har den farmakologiske aktivitet af naturligt somatostatin og langvarig virkning (halv-li fe af dette produkt er 1,5 time, mens naturligt somatostatin er 2-3 minutter). Dette produkt kan selektivt h\u00e6mme udskillelsen af v\u00e6ksthormon, glukagon og insulin, som er st\u00e6rkere end naturligt somatostatin.<\/p>\n<p> <strong>Funktion og anvendelse af Octreotid CAS 79517-01-4<\/strong><br \/>\n1. Octapeptidanalog af Somatostatin. Et gastrisk antisekretorisk middel. Anvendes til behandling af akromegali<br \/>\n2. naturligt hormon somatostatin<br \/>\n3. Octreotidacetat USP (Sandostatin) bruges til at behandle mestastatiske carcinoide tumorer; vasoaktive intestinale peptidsekretoriske tumorer.<\/p>\n<p>Octreotid er et l\u00e6gemiddel, der bruges til at behandle diarr\u00e9 og r\u00f8dme for\u00e5rsaget af visse typer kr\u00e6ft.<\/p>\n","protected":false},"excerpt":{"rendered":"<p>Produktnavn: Octreotid<br \/>\nCAS: 79517-01-4<br \/>\nMF: C51H70N10O12S2<br \/>\nMW: 1079,3<br \/>\nEINECS: 616-695-4<\/p>\n","protected":false},"featured_media":2266,"comment_status":"open","ping_status":"closed","template":"","meta":{"om_disable_all_campaigns":false,"_monsterinsights_skip_tracking":false,"_monsterinsights_sitenote_active":false,"_monsterinsights_sitenote_note":"","_monsterinsights_sitenote_category":0,"site-sidebar-layout":"default","site-content-layout":"default","ast-site-content-layout":"","site-content-style":"default","site-sidebar-style":"default","ast-global-header-display":"","ast-banner-title-visibility":"","ast-main-header-display":"","ast-hfb-above-header-display":"","ast-hfb-below-header-display":"","ast-hfb-mobile-header-display":"","site-post-title":"","ast-breadcrumbs-content":"","ast-featured-img":"","footer-sml-layout":"","theme-transparent-header-meta":"default","adv-header-id-meta":"","stick-header-meta":"","header-above-stick-meta":"","header-main-stick-meta":"","header-below-stick-meta":"","astra-migrate-meta-layouts":"default","ast-page-background-enabled":"default","ast-page-background-meta":{"desktop":{"background-color":"","background-image":"","background-repeat":"repeat","background-position":"center center","background-size":"auto","background-attachment":"scroll","background-type":"","background-media":"","overlay-type":"","overlay-color":"","overlay-opacity":"","overlay-gradient":""},"tablet":{"background-color":"","background-image":"","background-repeat":"repeat","background-position":"center center","background-size":"auto","background-attachment":"scroll","background-type":"","background-media":"","overlay-type":"","overlay-color":"","overlay-opacity":"","overlay-gradient":""},"mobile":{"background-color":"","background-image":"","background-repeat":"repeat","background-position":"center center","background-size":"auto","background-attachment":"scroll","background-type":"","background-media":"","overlay-type":"","overlay-color":"","overlay-opacity":"","overlay-gradient":""}},"ast-content-background-meta":{"desktop":{"background-color":"var(--ast-global-color-5)","background-image":"","background-repeat":"repeat","background-position":"center center","background-size":"auto","background-attachment":"scroll","background-type":"","background-media":"","overlay-type":"","overlay-color":"","overlay-opacity":"","overlay-gradient":""},"tablet":{"background-color":"var(--ast-global-color-5)","background-image":"","background-repeat":"repeat","background-position":"center center","background-size":"auto","background-attachment":"scroll","background-type":"","background-media":"","overlay-type":"","overlay-color":"","overlay-opacity":"","overlay-gradient":""},"mobile":{"background-color":"var(--ast-global-color-5)","background-image":"","background-repeat":"repeat","background-position":"center center","background-size":"auto","background-attachment":"scroll","background-type":"","background-media":"","overlay-type":"","overlay-color":"","overlay-opacity":"","overlay-gradient":""}}},"product_brand":[],"product_cat":[391],"product_tag":[845],"class_list":{"0":"post-8878","1":"product","2":"type-product","3":"status-publish","4":"has-post-thumbnail","6":"product_cat-anti-tumor-peptid","7":"product_tag-top-quality-octreotide-cas-79517-01-4-for-anticancer-growth-inhibiting-da","8":"desktop-align-left","9":"tablet-align-left","10":"mobile-align-left","12":"first","13":"instock","14":"shipping-taxable","15":"product-type-simple"},"_links":{"self":[{"href":"https:\/\/puyapeptide.net\/da\/wp-json\/wp\/v2\/product\/8878","targetHints":{"allow":["GET"]}}],"collection":[{"href":"https:\/\/puyapeptide.net\/da\/wp-json\/wp\/v2\/product"}],"about":[{"href":"https:\/\/puyapeptide.net\/da\/wp-json\/wp\/v2\/types\/product"}],"replies":[{"embeddable":true,"href":"https:\/\/puyapeptide.net\/da\/wp-json\/wp\/v2\/comments?post=8878"}],"wp:featuredmedia":[{"embeddable":true,"href":"https:\/\/puyapeptide.net\/da\/wp-json\/wp\/v2\/media\/2266"}],"wp:attachment":[{"href":"https:\/\/puyapeptide.net\/da\/wp-json\/wp\/v2\/media?parent=8878"}],"wp:term":[{"taxonomy":"product_brand","embeddable":true,"href":"https:\/\/puyapeptide.net\/da\/wp-json\/wp\/v2\/product_brand?post=8878"},{"taxonomy":"product_cat","embeddable":true,"href":"https:\/\/puyapeptide.net\/da\/wp-json\/wp\/v2\/product_cat?post=8878"},{"taxonomy":"product_tag","embeddable":true,"href":"https:\/\/puyapeptide.net\/da\/wp-json\/wp\/v2\/product_tag?post=8878"}],"curies":[{"name":"wp","href":"https:\/\/api.w.org\/{rel}","templated":true}]}}