{"id":8898,"date":"2021-12-17T03:12:13","date_gmt":"2021-12-17T08:12:13","guid":{"rendered":"https:\/\/puyapeptide.net\/product\/carbetocin-acetate-cas-37025-55-1forebyggelse-af-svage-livmoderkontraktioner-og-bloedning-efter-foedslen\/"},"modified":"2021-12-17T03:12:13","modified_gmt":"2021-12-17T08:12:13","slug":"carbetocin-acetate-cas-37025-55-1forebyggelse-af-svage-livmoderkontraktioner-og-bloedning-efter-foedslen","status":"publish","type":"product","link":"https:\/\/puyapeptide.net\/da\/product\/carbetocin-acetate-cas-37025-55-1forebyggelse-af-svage-livmoderkontraktioner-og-bloedning-efter-foedslen\/","title":{"rendered":"Carbetocin Acetate CAS 37025-55-1Forebyggelse af svage livmoderkontraktioner og bl\u00f8dning efter f\u00f8dslen"},"content":{"rendered":"<h2><strong>Carbetocin Acetate CAS 37025-55-1 Forebyggelse af svage livmoderkontraktioner og bl\u00f8dning efter f\u00f8dslen<\/strong><\/h2>\n<p>Produktnavn: CARBETOCIN<br \/>\nSynonymer: BUTYRYL-TYR(ME)-ILE-GLN-ASN-CYS-PRO-LEU-GLY-NH2, (SULFIDBINDING MELLEM BUTYRYL-4-YL OG CYS);BUTYRYL- TYR(ME)-ILE-GLN-ASN-CYS-PRO-LEU-GLY-NH2 TRILUORACETATSALT;(BUTYRYL1,TYR(ME)2)-1-CARBAOXYTOCIN TRILUORACETATSALT;(BUTYRYL1,TYR(ME)2)-OXYTOCIN ;(BUTYRYL1,TYR(ME)2)-OXYTOCIN-TRILUORACETATSALT;CARBETOCIN;CARBETOCIN-TRILUORACETATSALT;(2-O-METHYLTYROSIN)-DE-AMINO-1-CARBAOXYTOCIN<br \/>\nCAS&amp;-&gt; 557025 : C45H69N11O12S<br \/>\nMW: 988.17<br \/>\nEINECS: 253-312-6<br \/>\nProduktkategorier: Andre API&#39;er;Peptid;Vasopressin- og Oxytocinreceptor;Mellemprodukter &amp; Finkemikalier;Farmaceutiske produkter<br \/>\nMol-fil: 1.mol<\/p>\n<p>Carbetocin er en syntetisk langtidsvirkende oxytocin 8-peptidanalog med agonistiske egenskaber, med kliniske og farmakologiske egenskaber, der ligner dem for naturligt forekommende oxytocin. Ligesom oxytocin binder carbetocin sig til oxytocinreceptorerne i den glatte muskulatur i livmoderen, hvilket for\u00e5rsager en rytmisk sammentr\u00e6kning af livmoderen, der \u00f8ger dens frekvens og \u00f8ger livmodertonus oven p\u00e5 den originale Chemicalbook-kontraktion. I den ikke-gravide tilstand er niveauet af oxytocinreceptorer i livmoderen lavt, stigende under graviditeten og topper ved f\u00f8dslen. Derfor har cabergolin ingen effekt p\u00e5 den ikke-gravide livmoder, men har en effektiv livmodersammentr\u00e6kningseffekt p\u00e5 den gravide livmoder og den livmoder, der lige har f\u00f8dt.<\/p>\n<p> <strong>CARBETOCIN Kemiske egenskaber for Carbetocin<\/strong><br \/>\nalpha D &#8211; 69,0\u00b0 (c = 0,25 i 1M eddikesyre)<br \/>\nKogepunkt 1477,9\u00b165,0 \u00b0C(Forudsagt)<br \/>\ndensitet 1,218\u00b10,06 g\/cm3(Forudsagt)<br \/>\nopbevaringstemp. -15\u00b0C<br \/>\nform pulver<br \/>\npka 13,07\u00b10,70(forudsagt)<br \/>\nfarve hvid til beige<\/p>\n<p> <strong>Funktion og anvendelse af carbetocin<\/strong><br \/>\nTil brug efter elektiv epidural eller lumbal an\u00e6stesi til kejsersnit levering for at forhindre svage livmodersammentr\u00e6kninger og bl\u00f8dninger efter f\u00f8dslen.<br \/>\nkejsersnit under anden an\u00e6stesi til akut kejsersnit, klassisk kejsersnit, epidural eller spinal an\u00e6stesi eller modertilstedev\u00e6relse med betydelig hjertesygdom, forh\u00f8jet blodtryk i anamnesen, kendt koagulopati eller lever, nyre og endokrine sygdomme (undtagen svangerskabsdiabetes) Brugen af carbetocin er ikke blevet unders\u00f8gt. Administrationen af carbetocin efter vaginal levering er ikke blevet ordentligt unders\u00f8gt, og dosis er ikke blevet bestemt.<\/p>\n","protected":false},"excerpt":{"rendered":"<p>Produktnavn: CARBETOCIN<br \/>\nCAS: 37025-55-1<br \/>\nMF: C45H69N11O12S<br \/>\nMW: 988.17<br \/>\nEINECS: 253-312-6<br \/>\nMol Fil: 37025-55-1.mol<\/p>\n","protected":false},"featured_media":2203,"comment_status":"open","ping_status":"closed","template":"","meta":{"om_disable_all_campaigns":false,"_monsterinsights_skip_tracking":false,"_monsterinsights_sitenote_active":false,"_monsterinsights_sitenote_note":"","_monsterinsights_sitenote_category":0,"site-sidebar-layout":"default","site-content-layout":"default","ast-site-content-layout":"default","site-content-style":"default","site-sidebar-style":"default","ast-global-header-display":"","ast-banner-title-visibility":"","ast-main-header-display":"","ast-hfb-above-header-display":"","ast-hfb-below-header-display":"","ast-hfb-mobile-header-display":"","site-post-title":"","ast-breadcrumbs-content":"","ast-featured-img":"","footer-sml-layout":"","ast-disable-related-posts":"","theme-transparent-header-meta":"default","adv-header-id-meta":"","stick-header-meta":"","header-above-stick-meta":"","header-main-stick-meta":"","header-below-stick-meta":"","astra-migrate-meta-layouts":"default","ast-page-background-enabled":"default","ast-page-background-meta":{"desktop":{"background-color":"","background-image":"","background-repeat":"repeat","background-position":"center center","background-size":"auto","background-attachment":"scroll","background-type":"","background-media":"","overlay-type":"","overlay-color":"","overlay-opacity":"","overlay-gradient":""},"tablet":{"background-color":"","background-image":"","background-repeat":"repeat","background-position":"center center","background-size":"auto","background-attachment":"scroll","background-type":"","background-media":"","overlay-type":"","overlay-color":"","overlay-opacity":"","overlay-gradient":""},"mobile":{"background-color":"","background-image":"","background-repeat":"repeat","background-position":"center center","background-size":"auto","background-attachment":"scroll","background-type":"","background-media":"","overlay-type":"","overlay-color":"","overlay-opacity":"","overlay-gradient":""}},"ast-content-background-meta":{"desktop":{"background-color":"var(--ast-global-color-5)","background-image":"","background-repeat":"repeat","background-position":"center center","background-size":"auto","background-attachment":"scroll","background-type":"","background-media":"","overlay-type":"","overlay-color":"","overlay-opacity":"","overlay-gradient":""},"tablet":{"background-color":"var(--ast-global-color-5)","background-image":"","background-repeat":"repeat","background-position":"center center","background-size":"auto","background-attachment":"scroll","background-type":"","background-media":"","overlay-type":"","overlay-color":"","overlay-opacity":"","overlay-gradient":""},"mobile":{"background-color":"var(--ast-global-color-5)","background-image":"","background-repeat":"repeat","background-position":"center center","background-size":"auto","background-attachment":"scroll","background-type":"","background-media":"","overlay-type":"","overlay-color":"","overlay-opacity":"","overlay-gradient":""}}},"product_brand":[],"product_cat":[425],"product_tag":[821],"class_list":{"0":"post-8898","1":"product","2":"type-product","3":"status-publish","4":"has-post-thumbnail","6":"product_cat-urogenital-peptid","7":"product_tag-carbetocin-acetate-cas-37025-55-1-da","8":"desktop-align-left","9":"tablet-align-left","10":"mobile-align-left","12":"first","13":"instock","14":"shipping-taxable","15":"product-type-simple"},"_links":{"self":[{"href":"https:\/\/puyapeptide.net\/da\/wp-json\/wp\/v2\/product\/8898","targetHints":{"allow":["GET"]}}],"collection":[{"href":"https:\/\/puyapeptide.net\/da\/wp-json\/wp\/v2\/product"}],"about":[{"href":"https:\/\/puyapeptide.net\/da\/wp-json\/wp\/v2\/types\/product"}],"replies":[{"embeddable":true,"href":"https:\/\/puyapeptide.net\/da\/wp-json\/wp\/v2\/comments?post=8898"}],"wp:featuredmedia":[{"embeddable":true,"href":"https:\/\/puyapeptide.net\/da\/wp-json\/wp\/v2\/media\/2203"}],"wp:attachment":[{"href":"https:\/\/puyapeptide.net\/da\/wp-json\/wp\/v2\/media?parent=8898"}],"wp:term":[{"taxonomy":"product_brand","embeddable":true,"href":"https:\/\/puyapeptide.net\/da\/wp-json\/wp\/v2\/product_brand?post=8898"},{"taxonomy":"product_cat","embeddable":true,"href":"https:\/\/puyapeptide.net\/da\/wp-json\/wp\/v2\/product_cat?post=8898"},{"taxonomy":"product_tag","embeddable":true,"href":"https:\/\/puyapeptide.net\/da\/wp-json\/wp\/v2\/product_tag?post=8898"}],"curies":[{"name":"wp","href":"https:\/\/api.w.org\/{rel}","templated":true}]}}