{"id":8926,"date":"2021-12-17T03:38:40","date_gmt":"2021-12-17T08:38:40","guid":{"rendered":"https:\/\/puyapeptide.net\/product\/hot-sale-plecanatid-cas-467426-54-6-brug-til-behandling-af-kronisk-idiopatisk-obstipation-cic\/"},"modified":"2021-12-17T03:38:40","modified_gmt":"2021-12-17T08:38:40","slug":"hot-sale-plecanatid-cas-467426-54-6-brug-til-behandling-af-kronisk-idiopatisk-obstipation-cic","status":"publish","type":"product","link":"https:\/\/puyapeptide.net\/da\/product\/hot-sale-plecanatid-cas-467426-54-6-brug-til-behandling-af-kronisk-idiopatisk-obstipation-cic\/","title":{"rendered":"Hot Sale Plecanatid CAS 467426-54-6 Brug til behandling af kronisk idiopatisk obstipation (CIC)"},"content":{"rendered":"<h2><strong>Hot Sale Plecanatid CAS 467426-54-6 Brug til behandling af kronisk idiopatisk obstipation (CIC)<\/strong><\/h2>\n<p>Produktnavn: Plecanatide<br \/>\nSynonymer: Plecanatide;ASN-ASP-GLU-CYS-GLU-LEU-CYS-VAL-ASN-VAL-ALA-CYS-THR-GLY-CYS-LEU(DISULFIDE BOND CYS1&amp;CYS3, CYS2&amp;CYS4); Plecanatid-urenhed; L-leucin, L-asparaginyl-L-a-aspartyl-L-a-glutamyl-L-cysteinyl-L-a-glutamyl-L-leucyl-L-cysteinyl-L-valyl-L- asparaginyl-L-valyl-L-alanyl-L-cysteinyl-L-threonylglycyl-L-cysteinyl-, cyklisk (4\u219212),(7\u219215)-bis(disulfid);Plecanatid fandachem;Plecanatid-urenhed;Plecanatid USP\/ EP\/BP;Prikanatide<br \/>\nCAS: 467426-54-6<br \/>\nMF: C65H104N18O26S4<br \/>\nMW: 1681.89<br \/>\nMol Fil: 467426-54-6.mol<\/p>\n<p>Plecanatide er en ny l\u00e6gemiddel, der p\u00e5virker enzymet guanylatcyclase, stimulerer tarmv\u00e6skesekretion og accelererer aff\u00f8ring. Det orale peptid, der er sammensat af 16 aminosyrer, er designet til at efterligne urin-guanosin, et humant gastrointestinalt peptid. Oprindeligt udviklet af Callisto Pharmaceuticals i USA og overf\u00f8rt til Synergy Pharmaceuticals til udvikling, blev procainatid godkendt til markedsf\u00f8ring af US Food and Drug Administration (FDA) den 19. januar Chemicalbook 2017 til behandling af CIC hos voksne. Procainatide er en analog af uroguanosin (uroguanylin) og indeholder en 16 Det er en analog af uroguanylin, et cyklisk peptid indeholdende 16 aminosyrer, og har funktionen som en guanylatcyclase-receptoragonist, der fremmer urinudskillelse af natrium, regulerer syre-base-ioner i mave-tarmkanalen, inducerer v\u00e6ske transport ind i mave-tarmkanalen, og \u00f8ger peristaltikken af mave-tarmkanalen.<\/p>\n<p>Oversat med www.DeepL.com\/Translator (gratis version)<\/p>\n<p> <strong>Funktion og anvendelse af Plecanatide<\/strong><br \/>\nProcainid er en guanylatecyclase-C (GC-C) receptoragonist, der fremmer urinudskillelse af natrium, regulerer syre-base-ioner i mave-tarmkanalen, inducerer v\u00e6sketransport ind i e mave-tarmkanalen, og \u00f8ger peristaltikken i mave-tarmkanalen, og er indiceret til behandling af CIC hos voksne.<\/p>\n","protected":false},"excerpt":{"rendered":"<p>Produktnavn: Plecanatide <strong><br \/>\nCAS: 467426-54-6<br \/>\nMF: C65H104N18O26S4<br \/>\nMW: 1681,89<br \/>\nMol Fil: 467426-54-6.mol<\/strong><\/p>\n","protected":false},"featured_media":2161,"comment_status":"open","ping_status":"closed","template":"","meta":{"om_disable_all_campaigns":false,"_monsterinsights_skip_tracking":false,"_monsterinsights_sitenote_active":false,"_monsterinsights_sitenote_note":"","_monsterinsights_sitenote_category":0,"site-sidebar-layout":"default","site-content-layout":"default","ast-site-content-layout":"default","site-content-style":"default","site-sidebar-style":"default","ast-global-header-display":"","ast-banner-title-visibility":"","ast-main-header-display":"","ast-hfb-above-header-display":"","ast-hfb-below-header-display":"","ast-hfb-mobile-header-display":"","site-post-title":"","ast-breadcrumbs-content":"","ast-featured-img":"","footer-sml-layout":"","ast-disable-related-posts":"","theme-transparent-header-meta":"default","adv-header-id-meta":"","stick-header-meta":"","header-above-stick-meta":"","header-main-stick-meta":"","header-below-stick-meta":"","astra-migrate-meta-layouts":"default","ast-page-background-enabled":"default","ast-page-background-meta":{"desktop":{"background-color":"","background-image":"","background-repeat":"repeat","background-position":"center center","background-size":"auto","background-attachment":"scroll","background-type":"","background-media":"","overlay-type":"","overlay-color":"","overlay-opacity":"","overlay-gradient":""},"tablet":{"background-color":"","background-image":"","background-repeat":"repeat","background-position":"center center","background-size":"auto","background-attachment":"scroll","background-type":"","background-media":"","overlay-type":"","overlay-color":"","overlay-opacity":"","overlay-gradient":""},"mobile":{"background-color":"","background-image":"","background-repeat":"repeat","background-position":"center center","background-size":"auto","background-attachment":"scroll","background-type":"","background-media":"","overlay-type":"","overlay-color":"","overlay-opacity":"","overlay-gradient":""}},"ast-content-background-meta":{"desktop":{"background-color":"var(--ast-global-color-5)","background-image":"","background-repeat":"repeat","background-position":"center center","background-size":"auto","background-attachment":"scroll","background-type":"","background-media":"","overlay-type":"","overlay-color":"","overlay-opacity":"","overlay-gradient":""},"tablet":{"background-color":"var(--ast-global-color-5)","background-image":"","background-repeat":"repeat","background-position":"center center","background-size":"auto","background-attachment":"scroll","background-type":"","background-media":"","overlay-type":"","overlay-color":"","overlay-opacity":"","overlay-gradient":""},"mobile":{"background-color":"var(--ast-global-color-5)","background-image":"","background-repeat":"repeat","background-position":"center center","background-size":"auto","background-attachment":"scroll","background-type":"","background-media":"","overlay-type":"","overlay-color":"","overlay-opacity":"","overlay-gradient":""}}},"product_brand":[],"product_cat":[455],"product_tag":[804],"class_list":{"0":"post-8926","1":"product","2":"type-product","3":"status-publish","4":"has-post-thumbnail","6":"product_cat-peptid-i-mave-tarmsystemet","7":"product_tag-plecanatide-cas-467426-54-6-use-for-treat-chronic-idiopathic-constipation-da","8":"desktop-align-left","9":"tablet-align-left","10":"mobile-align-left","12":"first","13":"instock","14":"shipping-taxable","15":"product-type-simple"},"_links":{"self":[{"href":"https:\/\/puyapeptide.net\/da\/wp-json\/wp\/v2\/product\/8926","targetHints":{"allow":["GET"]}}],"collection":[{"href":"https:\/\/puyapeptide.net\/da\/wp-json\/wp\/v2\/product"}],"about":[{"href":"https:\/\/puyapeptide.net\/da\/wp-json\/wp\/v2\/types\/product"}],"replies":[{"embeddable":true,"href":"https:\/\/puyapeptide.net\/da\/wp-json\/wp\/v2\/comments?post=8926"}],"wp:featuredmedia":[{"embeddable":true,"href":"https:\/\/puyapeptide.net\/da\/wp-json\/wp\/v2\/media\/2161"}],"wp:attachment":[{"href":"https:\/\/puyapeptide.net\/da\/wp-json\/wp\/v2\/media?parent=8926"}],"wp:term":[{"taxonomy":"product_brand","embeddable":true,"href":"https:\/\/puyapeptide.net\/da\/wp-json\/wp\/v2\/product_brand?post=8926"},{"taxonomy":"product_cat","embeddable":true,"href":"https:\/\/puyapeptide.net\/da\/wp-json\/wp\/v2\/product_cat?post=8926"},{"taxonomy":"product_tag","embeddable":true,"href":"https:\/\/puyapeptide.net\/da\/wp-json\/wp\/v2\/product_tag?post=8926"}],"curies":[{"name":"wp","href":"https:\/\/api.w.org\/{rel}","templated":true}]}}