{"id":8967,"date":"2021-12-17T03:41:09","date_gmt":"2021-12-17T08:41:09","guid":{"rendered":"https:\/\/puyapeptide.net\/product\/puya-supply-top-grade-semaglutid-cas-910463-68-2-bruges-til-behandling-af-type-2-diabetes\/"},"modified":"2021-12-17T03:41:09","modified_gmt":"2021-12-17T08:41:09","slug":"puya-supply-top-grade-semaglutid-cas-910463-68-2-bruges-til-behandling-af-type-2-diabetes","status":"publish","type":"product","link":"https:\/\/puyapeptide.net\/da\/product\/puya-supply-top-grade-semaglutid-cas-910463-68-2-bruges-til-behandling-af-type-2-diabetes\/","title":{"rendered":"Puya Supply Top Grade Semaglutid Cas 910463-68-2 Bruges til behandling af type 2 diabetes"},"content":{"rendered":"<h2><strong>Puya Supply Top Grade Semaglutid Cas 910463-68-2 Bruges til behandling af type 2 diabetes<\/strong><\/h2>\n<p>Produktnavn: Sermaglutid<br \/>\nSynonymer: Sermaglutid;Semaglutid fandachem;Semaglutid urenhed;Sermaglutid USP\/EP\/BP;semaglutid;Sermaglutid CAS 910463 68 2<br \/>\nCAS: 910463-69463-69463-68-28-28-28-28-28-28-28-28-28-25-25-25-25-25-25-25-25-25-25-24-2<br \/>\nMW: 4113.57754<br \/>\nEINECS: 203-405-2<br \/>\nProduktkategorier: GLP;PP;APIs;API<br \/>\nMol Fil: 910463-68-2.mol<br \/>\nPakkest\u00f8rrelse 1g\/flaske , 10 g\/flaske, 50 g\/flaske eller efter kundens anmodning<\/p>\n<p>Semaglutid er en ny generation af GLP-1 (glukagon-lignende peptid-1) analoger. Semaglutid er en langtidsvirkende doseringsform baseret p\u00e5 den grundl\u00e6ggende struktur af liraglutid, som er mere effektiv til behandling af type 2 diabetes mellitus. Sammenlignet med lilarlutid har somalutid en l\u00e6ngere alifobisk k\u00e6de og en \u00f8get hydrofobicitet, men somalutid modificeres med en kort k\u00e6de af PEG, og dets hydrofilicitet er st\u00e6rkt forbedret.PEG-modifikation kan ikke kun binde t\u00e6t til albumin, men d\u00e6kke over det enzymatiske DPP-4 hydrolysested, men ogs\u00e5 reducere renal udskillelse, forl\u00e6nge den biologiske halveringstid og opn\u00e5 effekten af lang cirkulation.<\/p>\n<p> <strong>Funktion og anvendelse<\/strong><br \/>\nSemaglutid (USAN; handelsnavn Ozempic) er et farmaceutisk l\u00e6gemiddel under udvikling. af en dansk virksomhed Novo Nordisk til behandling af type 2-diabetes. Det markedsf\u00f8res under navnet Ozempic. Som en glukagon-lignende peptid-1-receptoragonist s\u00e6nker den blodsukkerniveauet ved at \u00f8ge produktionen af in.sulin. Det blev opdaget i 2012 af et team af forskere hos Novo Nordisk som et l\u00e6ngeretidsvirkende alternativ til liraglutid. Kliniske fors\u00f8g blev startet i 2015, og fase 3 blev afsluttet i 2016. FDA-godkendelse blev anvendt i december 2016, og i oktober 2017 stemte FDA Advisory Committee 16-0 for. Det kan bruges som b\u00e5de injektions- eller oral-type l\u00e6gemiddel.<br \/>\nForskere ved University of Leeds rapporterede i 2017, at det ogs\u00e5 kan bruges til behandling af fedme. Det reducerer sult, madtrang og kropsfedt.<\/p>\n","protected":false},"excerpt":{"rendered":"<p>Produktnavn: Sermaglutide<br \/>\nCAS: 910463-68-2<br \/>\nMF: C187H291N45O59<br \/>\nMW: 4113.57754<br \/>\nEINECS: 203-405-2<br \/>\nProduktkategorier: GLP;PP;APIs; &amp;&gt;Mol Fil: 910463-68-2.mol<\/p>\n","protected":false},"featured_media":2098,"comment_status":"open","ping_status":"closed","template":"","meta":{"om_disable_all_campaigns":false,"_monsterinsights_skip_tracking":false,"_monsterinsights_sitenote_active":false,"_monsterinsights_sitenote_note":"","_monsterinsights_sitenote_category":0,"site-sidebar-layout":"default","site-content-layout":"default","ast-site-content-layout":"default","site-content-style":"default","site-sidebar-style":"default","ast-global-header-display":"","ast-banner-title-visibility":"","ast-main-header-display":"","ast-hfb-above-header-display":"","ast-hfb-below-header-display":"","ast-hfb-mobile-header-display":"","site-post-title":"","ast-breadcrumbs-content":"","ast-featured-img":"","footer-sml-layout":"","ast-disable-related-posts":"","theme-transparent-header-meta":"default","adv-header-id-meta":"","stick-header-meta":"","header-above-stick-meta":"","header-main-stick-meta":"","header-below-stick-meta":"","astra-migrate-meta-layouts":"default","ast-page-background-enabled":"default","ast-page-background-meta":{"desktop":{"background-color":"","background-image":"","background-repeat":"repeat","background-position":"center center","background-size":"auto","background-attachment":"scroll","background-type":"","background-media":"","overlay-type":"","overlay-color":"","overlay-opacity":"","overlay-gradient":""},"tablet":{"background-color":"","background-image":"","background-repeat":"repeat","background-position":"center center","background-size":"auto","background-attachment":"scroll","background-type":"","background-media":"","overlay-type":"","overlay-color":"","overlay-opacity":"","overlay-gradient":""},"mobile":{"background-color":"","background-image":"","background-repeat":"repeat","background-position":"center center","background-size":"auto","background-attachment":"scroll","background-type":"","background-media":"","overlay-type":"","overlay-color":"","overlay-opacity":"","overlay-gradient":""}},"ast-content-background-meta":{"desktop":{"background-color":"var(--ast-global-color-5)","background-image":"","background-repeat":"repeat","background-position":"center center","background-size":"auto","background-attachment":"scroll","background-type":"","background-media":"","overlay-type":"","overlay-color":"","overlay-opacity":"","overlay-gradient":""},"tablet":{"background-color":"var(--ast-global-color-5)","background-image":"","background-repeat":"repeat","background-position":"center center","background-size":"auto","background-attachment":"scroll","background-type":"","background-media":"","overlay-type":"","overlay-color":"","overlay-opacity":"","overlay-gradient":""},"mobile":{"background-color":"var(--ast-global-color-5)","background-image":"","background-repeat":"repeat","background-position":"center center","background-size":"auto","background-attachment":"scroll","background-type":"","background-media":"","overlay-type":"","overlay-color":"","overlay-opacity":"","overlay-gradient":""}}},"product_brand":[],"product_cat":[338],"product_tag":[779,757],"class_list":{"0":"post-8967","1":"product","2":"type-product","3":"status-publish","4":"has-post-thumbnail","6":"product_cat-diabetes-peptid","7":"product_tag-cas-910463-68-2-da","8":"product_tag-semaglutide-da","9":"desktop-align-left","10":"tablet-align-left","11":"mobile-align-left","13":"first","14":"instock","15":"shipping-taxable","16":"product-type-simple"},"_links":{"self":[{"href":"https:\/\/puyapeptide.net\/da\/wp-json\/wp\/v2\/product\/8967","targetHints":{"allow":["GET"]}}],"collection":[{"href":"https:\/\/puyapeptide.net\/da\/wp-json\/wp\/v2\/product"}],"about":[{"href":"https:\/\/puyapeptide.net\/da\/wp-json\/wp\/v2\/types\/product"}],"replies":[{"embeddable":true,"href":"https:\/\/puyapeptide.net\/da\/wp-json\/wp\/v2\/comments?post=8967"}],"wp:featuredmedia":[{"embeddable":true,"href":"https:\/\/puyapeptide.net\/da\/wp-json\/wp\/v2\/media\/2098"}],"wp:attachment":[{"href":"https:\/\/puyapeptide.net\/da\/wp-json\/wp\/v2\/media?parent=8967"}],"wp:term":[{"taxonomy":"product_brand","embeddable":true,"href":"https:\/\/puyapeptide.net\/da\/wp-json\/wp\/v2\/product_brand?post=8967"},{"taxonomy":"product_cat","embeddable":true,"href":"https:\/\/puyapeptide.net\/da\/wp-json\/wp\/v2\/product_cat?post=8967"},{"taxonomy":"product_tag","embeddable":true,"href":"https:\/\/puyapeptide.net\/da\/wp-json\/wp\/v2\/product_tag?post=8967"}],"curies":[{"name":"wp","href":"https:\/\/api.w.org\/{rel}","templated":true}]}}