{"id":6310,"date":"2021-12-16T04:27:29","date_gmt":"2021-12-16T09:27:29","guid":{"rendered":"https:\/\/puyapeptide.net\/product\/palmitoyl-tripeptide-36-dermapep-m330-kann-bakterien-und-pilze-wie-staphylococcus-aureus-hemmen\/"},"modified":"2021-12-16T04:27:29","modified_gmt":"2021-12-16T09:27:29","slug":"palmitoyl-tripeptide-36-dermapep-m330-kann-bakterien-und-pilze-wie-staphylococcus-aureus-hemmen","status":"publish","type":"product","link":"https:\/\/puyapeptide.net\/de\/product\/palmitoyl-tripeptide-36-dermapep-m330-kann-bakterien-und-pilze-wie-staphylococcus-aureus-hemmen\/","title":{"rendered":"Palmitoyl Tripeptide-36\/Dermapep M330 kann Bakterien und Pilze wie Staphylococcus aureus hemmen"},"content":{"rendered":"<h2><strong>Palmitoyl Tripeptide-36\/Dermapep M330 kann Bakterien und Pilze wie Staphylococcus aureus hemmen<\/strong><\/h2>\n<p>Produktname: Palmitoyl Tripeptide-36<br \/>\nCas-Nr.:<br \/>\nMolekular: 402.53<br \/>\nMF: C18H38N6O4<br \/>\nSicherheitsdatenblatt und COA: als Referenz verf\u00fcgbar<br \/>\nReinheit: 95%<br \/>\nQualit\u00e4t : kosmetisch<br \/>\nL\u00f6slichkeit: schwach wasserl\u00f6slich<br \/>\nStabilit\u00e4t: stabil<br \/>\nQuelle:<br \/>\nGeruch: nein<br \/>\nKapazit\u00e4t: 600g pro Monat<br \/>\nAussehen: wei\u00dfes Pulver<\/p>\n<p>YSPep -PT36 ist Palmitoyltripeptid-36 (Dermapep M330), ein Tripeptid bestehend aus drei Aminos\u00e4uren.<br \/>\nEs ist ein aktives antimikrobielles Mittel und Antiseptikum. Es hemmt Staphylococcus aureus und andere Bakterien und Pilze auf der Hautoberfl\u00e4che von AD-Patienten Keratin und lipid\u00e4hnliche Bestandteile, was es zu einer der wichtigsten Ursachen von Akne macht. Propionibacterium acnes lebt von Fetts\u00e4uren in den Hautporen. Wenn die Poren verstopft sind, wachsen sie wild, zersetzen ges\u00e4ttigte Fetts\u00e4uren und produzieren gro\u00dfe Mengen an freien Fetts\u00e4uren, die durch die Poren in die Haut eindringen und eine Hautstressreaktion verursachen, Akne, R\u00f6tungen usw. erzeugen. Bakterien wie Staphylokokken haften an die Haut durch ausflie\u00dfenden Eiter, wodurch das Hautgewebe gesch\u00e4digt wird. Propionibacterium acnes, das Metaboliten wie Esterasen absondert, die Hautkeratin und lipid\u00e4hnliche Bestandteile abbauen k\u00f6nnen, ist eine der wichtigsten Ursachen von Akne.<\/p>\n<p> <strong>Verwendung von Palmitoyl Tripeptide-36\/Dermapep M330<\/strong><br \/>\n&lt;&amp; &gt; Palmitoyltripeptid-36. Es ist ein aktives antimikrobielles Mittel und Konservierungsmittel. Es hemmt S. aureus und andere Bakterien, Pilze auf der Hautoberfl\u00e4che von AD-Patienten. Zu den Anwendungen geh\u00f6ren antimikrobielle und Konservierungsstoffe.<\/p>\n","protected":false},"excerpt":{"rendered":"<p>Produktname: Palmitoyl Tripeptide-36<br \/>\nMolekular: 402.53<br \/>\nMF: C18H38N6O4<br \/>\nReinheit: 95%<br \/>\nGrad: kosmetisch<br \/>\nStabilit\u00e4t: stabil<\/p>\n","protected":false},"featured_media":2123,"comment_status":"open","ping_status":"closed","template":"","meta":{"om_disable_all_campaigns":false,"_monsterinsights_skip_tracking":false,"_monsterinsights_sitenote_active":false,"_monsterinsights_sitenote_note":"","_monsterinsights_sitenote_category":0,"site-sidebar-layout":"default","site-content-layout":"default","ast-site-content-layout":"default","site-content-style":"default","site-sidebar-style":"default","ast-global-header-display":"","ast-banner-title-visibility":"","ast-main-header-display":"","ast-hfb-above-header-display":"","ast-hfb-below-header-display":"","ast-hfb-mobile-header-display":"","site-post-title":"","ast-breadcrumbs-content":"","ast-featured-img":"","footer-sml-layout":"","ast-disable-related-posts":"","theme-transparent-header-meta":"default","adv-header-id-meta":"","stick-header-meta":"","header-above-stick-meta":"","header-main-stick-meta":"","header-below-stick-meta":"","astra-migrate-meta-layouts":"default","ast-page-background-enabled":"default","ast-page-background-meta":{"desktop":{"background-color":"","background-image":"","background-repeat":"repeat","background-position":"center center","background-size":"auto","background-attachment":"scroll","background-type":"","background-media":"","overlay-type":"","overlay-color":"","overlay-opacity":"","overlay-gradient":""},"tablet":{"background-color":"","background-image":"","background-repeat":"repeat","background-position":"center center","background-size":"auto","background-attachment":"scroll","background-type":"","background-media":"","overlay-type":"","overlay-color":"","overlay-opacity":"","overlay-gradient":""},"mobile":{"background-color":"","background-image":"","background-repeat":"repeat","background-position":"center center","background-size":"auto","background-attachment":"scroll","background-type":"","background-media":"","overlay-type":"","overlay-color":"","overlay-opacity":"","overlay-gradient":""}},"ast-content-background-meta":{"desktop":{"background-color":"var(--ast-global-color-5)","background-image":"","background-repeat":"repeat","background-position":"center center","background-size":"auto","background-attachment":"scroll","background-type":"","background-media":"","overlay-type":"","overlay-color":"","overlay-opacity":"","overlay-gradient":""},"tablet":{"background-color":"var(--ast-global-color-5)","background-image":"","background-repeat":"repeat","background-position":"center center","background-size":"auto","background-attachment":"scroll","background-type":"","background-media":"","overlay-type":"","overlay-color":"","overlay-opacity":"","overlay-gradient":""},"mobile":{"background-color":"var(--ast-global-color-5)","background-image":"","background-repeat":"repeat","background-position":"center center","background-size":"auto","background-attachment":"scroll","background-type":"","background-media":"","overlay-type":"","overlay-color":"","overlay-opacity":"","overlay-gradient":""}}},"product_brand":[],"product_cat":[696],"product_tag":[3578],"class_list":{"0":"post-6310","1":"product","2":"type-product","3":"status-publish","4":"has-post-thumbnail","6":"product_cat-antibakterielles-akne-peptid","7":"product_tag-palmitoyl-tripeptide-36-dermapep-m330-can-inhibit-bacteria-and-fungi-such-as-staphylococcus-aureus-de","8":"desktop-align-left","9":"tablet-align-left","10":"mobile-align-left","12":"first","13":"instock","14":"shipping-taxable","15":"product-type-simple"},"_links":{"self":[{"href":"https:\/\/puyapeptide.net\/de\/wp-json\/wp\/v2\/product\/6310","targetHints":{"allow":["GET"]}}],"collection":[{"href":"https:\/\/puyapeptide.net\/de\/wp-json\/wp\/v2\/product"}],"about":[{"href":"https:\/\/puyapeptide.net\/de\/wp-json\/wp\/v2\/types\/product"}],"replies":[{"embeddable":true,"href":"https:\/\/puyapeptide.net\/de\/wp-json\/wp\/v2\/comments?post=6310"}],"wp:featuredmedia":[{"embeddable":true,"href":"https:\/\/puyapeptide.net\/de\/wp-json\/wp\/v2\/media\/2123"}],"wp:attachment":[{"href":"https:\/\/puyapeptide.net\/de\/wp-json\/wp\/v2\/media?parent=6310"}],"wp:term":[{"taxonomy":"product_brand","embeddable":true,"href":"https:\/\/puyapeptide.net\/de\/wp-json\/wp\/v2\/product_brand?post=6310"},{"taxonomy":"product_cat","embeddable":true,"href":"https:\/\/puyapeptide.net\/de\/wp-json\/wp\/v2\/product_cat?post=6310"},{"taxonomy":"product_tag","embeddable":true,"href":"https:\/\/puyapeptide.net\/de\/wp-json\/wp\/v2\/product_tag?post=6310"}],"curies":[{"name":"wp","href":"https:\/\/api.w.org\/{rel}","templated":true}]}}