{"id":6331,"date":"2021-12-16T04:31:59","date_gmt":"2021-12-16T09:31:59","guid":{"rendered":"https:\/\/puyapeptide.net\/product\/myristoyl-hexapeptide-23-sympeptide380-kann-propionibacterium-acnes-abtoeten-das-fuer-verschiedene-oelkontroll-und-aknelinderungsprodukte-geeignet-ist\/"},"modified":"2021-12-16T04:31:59","modified_gmt":"2021-12-16T09:31:59","slug":"myristoyl-hexapeptide-23-sympeptide380-kann-propionibacterium-acnes-abtoeten-das-fuer-verschiedene-oelkontroll-und-aknelinderungsprodukte-geeignet-ist","status":"publish","type":"product","link":"https:\/\/puyapeptide.net\/de\/product\/myristoyl-hexapeptide-23-sympeptide380-kann-propionibacterium-acnes-abtoeten-das-fuer-verschiedene-oelkontroll-und-aknelinderungsprodukte-geeignet-ist\/","title":{"rendered":"Myristoyl Hexapeptide-23\/ Sympeptide380 kann Propionibacterium acnes abt\u00f6ten, das f\u00fcr verschiedene \u00d6lkontroll- und Aknelinderungsprodukte geeignet ist"},"content":{"rendered":"<h2><strong>Myristoyl Hexapeptide-23\/ Sympeptide380 kann Propionibacterium acnes abt\u00f6ten, das f\u00fcr verschiedene \u00d6lkontroll- und Aknelinderungsprodukte geeignet ist<\/strong><\/h2>\n<p>Produktname: Myristoyl Hexapeptide-23\/ SymPeptide 380<br \/>\nCas-Nr.: N\/A<br \/>\nFormel:C47H92N10O7<br \/>\nMolekular: 909,3 g\/mol<br \/>\nGeruch: nein<br \/>\nStabilit\u00e4t: stabil&lt; &amp;&gt;Sicherheitsdatenblatt und COA: als Referenz verf\u00fcgbar<br \/>\nFormulierung: als Referenz verf\u00fcgbar, bitte kontaktieren Sie uns.<br \/>\nLieferung: umgehend ab Lager<br \/>\nQuelle: synthetisch<br \/>\nKapazit\u00e4t: 500g pro Monat<br \/>\nAussehen : wei\u00dfes Pulver<\/p>\n<p>Wir alle wissen, dass Akne im Gesicht durch eine Art von Bakterien namens Propionibacterium acnes verursacht werden muss. Was genau bewirkt, dass diese Bakterien zu Ihnen kommen? Propionibacterium acnes ist ein gram-positiver kurzer Bazillus. Es gibt auch Propionibacterium acnes auf normaler Haut, das in Haarfollikeln und Talgdr\u00fcsen parasitiert. W\u00e4hrend der Pubert\u00e4t sekretieren die Talgdr\u00fcsen viel, was zu einer Blockade der Haarfollikel f\u00fchrt, und Talg sammelt sich in den Follikeln an, wodurch sich Propionibacterium acnes vermehrt und zu Akne f\u00fchrt war oft voller \u00d6l und ab und zu tauchten ein paar Pickel auf. Viele meiner Freunde hatten sogar st\u00e4ndig Akne und ihre Gesichter waren voller Pickel, die schrecklich aussahen. Da dies ein Problem ist, das die meisten Menschen qu\u00e4lt, werden sie einen Weg finden, es zu l\u00f6sen. Ich erinnere mich an einen Freund, der auch Akne liebte und dann viel Geld ausgab, um Akne loszuwerden, Kr\u00e4utertonika zu trinken, Nadeln zu reinigen oder so etwas, aber es war auch ein Symptom, aber kein Heilmittel. Es geht nicht anders? Nat\u00fcrlich nicht!<\/p>\n<p>Heute stellen wir Ihnen den nat\u00fcrlichen Feind der Aknebakterien vor: Myristyl-Hexapeptid-23<br \/>\nIn vitro: DNA-Mikroarray, MHK gegen P. acnes, Breitbandantibiotikum<br \/>\n&lt;&amp; &gt; <strong>Funktion von Myristoyl Hexapeptide-23<\/strong><br \/>\n\u2022 Myristoyl Hexapeptide-23 hilft bei der Vorbeugung von Problemhaut.<br \/>\n\u2022 Myristoyl Hexapeptide-23 T\u00f6tet Akne verursachende Bakterien ab.<\/p>\n","protected":false},"excerpt":{"rendered":"<p>Produktname: Myristoyl Hexapeptide-23\/ SymPeptide 380<br \/>\nCas No: N\/A<br \/>\nFormel: C47H92N10O7<br \/>\nMolekular: 909,3 g\/mol<br \/>\nStabilit\u00e4t: stabil<br \/>\nAussehen: wei\u00dfes Pulver<\/p>\n","protected":false},"featured_media":2102,"comment_status":"open","ping_status":"closed","template":"","meta":{"om_disable_all_campaigns":false,"_monsterinsights_skip_tracking":false,"_monsterinsights_sitenote_active":false,"_monsterinsights_sitenote_note":"","_monsterinsights_sitenote_category":0,"site-sidebar-layout":"default","site-content-layout":"default","ast-site-content-layout":"default","site-content-style":"default","site-sidebar-style":"default","ast-global-header-display":"","ast-banner-title-visibility":"","ast-main-header-display":"","ast-hfb-above-header-display":"","ast-hfb-below-header-display":"","ast-hfb-mobile-header-display":"","site-post-title":"","ast-breadcrumbs-content":"","ast-featured-img":"","footer-sml-layout":"","ast-disable-related-posts":"","theme-transparent-header-meta":"default","adv-header-id-meta":"","stick-header-meta":"","header-above-stick-meta":"","header-main-stick-meta":"","header-below-stick-meta":"","astra-migrate-meta-layouts":"default","ast-page-background-enabled":"default","ast-page-background-meta":{"desktop":{"background-color":"","background-image":"","background-repeat":"repeat","background-position":"center center","background-size":"auto","background-attachment":"scroll","background-type":"","background-media":"","overlay-type":"","overlay-color":"","overlay-opacity":"","overlay-gradient":""},"tablet":{"background-color":"","background-image":"","background-repeat":"repeat","background-position":"center center","background-size":"auto","background-attachment":"scroll","background-type":"","background-media":"","overlay-type":"","overlay-color":"","overlay-opacity":"","overlay-gradient":""},"mobile":{"background-color":"","background-image":"","background-repeat":"repeat","background-position":"center center","background-size":"auto","background-attachment":"scroll","background-type":"","background-media":"","overlay-type":"","overlay-color":"","overlay-opacity":"","overlay-gradient":""}},"ast-content-background-meta":{"desktop":{"background-color":"var(--ast-global-color-5)","background-image":"","background-repeat":"repeat","background-position":"center center","background-size":"auto","background-attachment":"scroll","background-type":"","background-media":"","overlay-type":"","overlay-color":"","overlay-opacity":"","overlay-gradient":""},"tablet":{"background-color":"var(--ast-global-color-5)","background-image":"","background-repeat":"repeat","background-position":"center center","background-size":"auto","background-attachment":"scroll","background-type":"","background-media":"","overlay-type":"","overlay-color":"","overlay-opacity":"","overlay-gradient":""},"mobile":{"background-color":"var(--ast-global-color-5)","background-image":"","background-repeat":"repeat","background-position":"center center","background-size":"auto","background-attachment":"scroll","background-type":"","background-media":"","overlay-type":"","overlay-color":"","overlay-opacity":"","overlay-gradient":""}}},"product_brand":[],"product_cat":[696],"product_tag":[3555],"class_list":{"0":"post-6331","1":"product","2":"type-product","3":"status-publish","4":"has-post-thumbnail","6":"product_cat-antibakterielles-akne-peptid","7":"product_tag-myristoyl-hexapeptide-23-sympeptide380-can-kill-propionibacterium-acnes-suitable-for-various-oil-control-and-acne-relief-products-de","8":"desktop-align-left","9":"tablet-align-left","10":"mobile-align-left","12":"first","13":"instock","14":"shipping-taxable","15":"product-type-simple"},"_links":{"self":[{"href":"https:\/\/puyapeptide.net\/de\/wp-json\/wp\/v2\/product\/6331","targetHints":{"allow":["GET"]}}],"collection":[{"href":"https:\/\/puyapeptide.net\/de\/wp-json\/wp\/v2\/product"}],"about":[{"href":"https:\/\/puyapeptide.net\/de\/wp-json\/wp\/v2\/types\/product"}],"replies":[{"embeddable":true,"href":"https:\/\/puyapeptide.net\/de\/wp-json\/wp\/v2\/comments?post=6331"}],"wp:featuredmedia":[{"embeddable":true,"href":"https:\/\/puyapeptide.net\/de\/wp-json\/wp\/v2\/media\/2102"}],"wp:attachment":[{"href":"https:\/\/puyapeptide.net\/de\/wp-json\/wp\/v2\/media?parent=6331"}],"wp:term":[{"taxonomy":"product_brand","embeddable":true,"href":"https:\/\/puyapeptide.net\/de\/wp-json\/wp\/v2\/product_brand?post=6331"},{"taxonomy":"product_cat","embeddable":true,"href":"https:\/\/puyapeptide.net\/de\/wp-json\/wp\/v2\/product_cat?post=6331"},{"taxonomy":"product_tag","embeddable":true,"href":"https:\/\/puyapeptide.net\/de\/wp-json\/wp\/v2\/product_tag?post=6331"}],"curies":[{"name":"wp","href":"https:\/\/api.w.org\/{rel}","templated":true}]}}