{"id":6351,"date":"2021-12-16T04:34:41","date_gmt":"2021-12-16T09:34:41","guid":{"rendered":"https:\/\/puyapeptide.net\/product\/acetyl-tetrapeptide-40-telangy-cas-1472633-28-5-reduziert-die-durch-eine-entzuendungsreaktion-verursachte-roetung-des-gesichts\/"},"modified":"2021-12-16T04:34:41","modified_gmt":"2021-12-16T09:34:41","slug":"acetyl-tetrapeptide-40-telangy-cas-1472633-28-5-reduziert-die-durch-eine-entzuendungsreaktion-verursachte-roetung-des-gesichts","status":"publish","type":"product","link":"https:\/\/puyapeptide.net\/de\/product\/acetyl-tetrapeptide-40-telangy-cas-1472633-28-5-reduziert-die-durch-eine-entzuendungsreaktion-verursachte-roetung-des-gesichts\/","title":{"rendered":"Acetyl Tetrapeptide-40\/Telangy CAS 1472633-28-5 reduziert die durch eine Entz\u00fcndungsreaktion verursachte R\u00f6tung des Gesichts"},"content":{"rendered":"<h2><strong>Acetyl Tetrapeptide-40\/Telangy CAS 1472633-28-5 reduziert die durch eine Entz\u00fcndungsreaktion verursachte R\u00f6tung des Gesichts<\/strong><\/h2>\n<p>Produktname: Acetyl Tetrapeptide-40<br \/>\nSynonyme: Acetyl Tetrapeptide-40;Telangyn;L-Threonin, N-Acetyl-L-Alanyl-L-Threonyl-L-Asparaginyl-<br \/>\nCAS: 1472633-28 -5<br \/>\nMF: C17H29N5O9<br \/>\nMW: 447.44<br \/>\nEINECS:<br \/>\nProduktkategorien:<br \/>\nMol Datei: 1472633-28-5.mol<\/p>\n<p>Acetyl Tetrapeptide-40 hemmt die entz\u00fcndliche Wirkung von LL-37 durch Verringerung der Freisetzung von Interleukinen (IL-6 und IL-8), verursacht durch \u00dcberaktivierung von LL-37. Es hat auch eine lichtsch\u00fctzende Wirkung, die Zellsch\u00e4den und die sch\u00e4dlichen Auswirkungen von Hautentz\u00fcndungen reduziert.<\/p>\n<p> <strong>Acetyl Tetrapeptide-40\/Telangy CAS 1472633-28-5 Peptid Vorteile<\/strong><br \/>\nAcetyl Tetrapeptide-40 reduziert die verursachte R\u00f6tung des Gesichts durch eine Entz\u00fcndungsreaktion. Nebenwirkungen der Entz\u00fcndung: R\u00f6tungen, erweiterte Blutgef\u00e4\u00dfe und Hyperpigmentierung werden sichtbar gemildert. Die roten Bereiche sind weniger zahlreich und gro\u00df und ihre Intensit\u00e4t ist abgeschw\u00e4cht. Die Haut ist einheitlicher und weniger ausgepr\u00e4gt.<\/p>\n<p> <strong>Funktion von Acetyl Tetrapeptide-40\/Telangy CAS 1472633-28-5<\/strong><br \/>\nDieses Tetrapeptid reduziert Gesichtsr\u00f6tungen, die durch eine Entz\u00fcndungsreaktion verursacht werden.Unerw\u00fcnschte Auswirkungen von Entz\u00fcndungen: R\u00f6tungen , erweiterte Blutgef\u00e4\u00dfe und Hyperpigmentierung, werden sichtbar reduziert. Die roten Bereiche sind weniger zahlreich und gro\u00df und ihre Intensit\u00e4t ist abgeschw\u00e4cht. Die Haut ist gleichm\u00e4\u00dfiger und weniger ausgepr\u00e4gt.<\/p>\n<p> <strong>Anwendung von Acetyl Tetrapeptide-40\/Telangy CAS 1472633-28-5<\/strong><br \/>\n1. Behandlung von Haut mit leichter Rosacea<br \/>\n 2.R\u00f6tung<br \/>\n3.Anti-Kollagenase<br \/>\n4.Anti-Tyrosinase<br \/>\n5.Hemmung der Melanogenese<br \/>\n6.Photoprotection humaner Fibroblasten<\/p>\n","protected":false},"excerpt":{"rendered":"<p>Produktname: Acetyl Tetrapeptide-40<br \/>\nCAS: 1472633-28-5<br \/>\nMF: C17H29N5O9<br \/>\nMW: 447.44<br \/>\nMol Datei: 1472633-28-5.mol<\/p>\n","protected":false},"featured_media":2207,"comment_status":"open","ping_status":"closed","template":"","meta":{"om_disable_all_campaigns":false,"_monsterinsights_skip_tracking":false,"_monsterinsights_sitenote_active":false,"_monsterinsights_sitenote_note":"","_monsterinsights_sitenote_category":0,"site-sidebar-layout":"default","site-content-layout":"default","ast-site-content-layout":"default","site-content-style":"default","site-sidebar-style":"default","ast-global-header-display":"","ast-banner-title-visibility":"","ast-main-header-display":"","ast-hfb-above-header-display":"","ast-hfb-below-header-display":"","ast-hfb-mobile-header-display":"","site-post-title":"","ast-breadcrumbs-content":"","ast-featured-img":"","footer-sml-layout":"","ast-disable-related-posts":"","theme-transparent-header-meta":"default","adv-header-id-meta":"","stick-header-meta":"","header-above-stick-meta":"","header-main-stick-meta":"","header-below-stick-meta":"","astra-migrate-meta-layouts":"default","ast-page-background-enabled":"default","ast-page-background-meta":{"desktop":{"background-color":"","background-image":"","background-repeat":"repeat","background-position":"center center","background-size":"auto","background-attachment":"scroll","background-type":"","background-media":"","overlay-type":"","overlay-color":"","overlay-opacity":"","overlay-gradient":""},"tablet":{"background-color":"","background-image":"","background-repeat":"repeat","background-position":"center center","background-size":"auto","background-attachment":"scroll","background-type":"","background-media":"","overlay-type":"","overlay-color":"","overlay-opacity":"","overlay-gradient":""},"mobile":{"background-color":"","background-image":"","background-repeat":"repeat","background-position":"center center","background-size":"auto","background-attachment":"scroll","background-type":"","background-media":"","overlay-type":"","overlay-color":"","overlay-opacity":"","overlay-gradient":""}},"ast-content-background-meta":{"desktop":{"background-color":"var(--ast-global-color-5)","background-image":"","background-repeat":"repeat","background-position":"center center","background-size":"auto","background-attachment":"scroll","background-type":"","background-media":"","overlay-type":"","overlay-color":"","overlay-opacity":"","overlay-gradient":""},"tablet":{"background-color":"var(--ast-global-color-5)","background-image":"","background-repeat":"repeat","background-position":"center center","background-size":"auto","background-attachment":"scroll","background-type":"","background-media":"","overlay-type":"","overlay-color":"","overlay-opacity":"","overlay-gradient":""},"mobile":{"background-color":"var(--ast-global-color-5)","background-image":"","background-repeat":"repeat","background-position":"center center","background-size":"auto","background-attachment":"scroll","background-type":"","background-media":"","overlay-type":"","overlay-color":"","overlay-opacity":"","overlay-gradient":""}}},"product_brand":[],"product_cat":[671],"product_tag":[3531],"class_list":{"0":"post-6351","1":"product","2":"type-product","3":"status-publish","4":"has-post-thumbnail","6":"product_cat-antiallergisches-und-entzuendungshemmendes-peptid","7":"product_tag-acetyl-tetrapeptide-40-telangy-cas-1472633-28-5-reduces-redness-of-face-caused-by-an-inflammatory-reaction-de","8":"desktop-align-left","9":"tablet-align-left","10":"mobile-align-left","12":"first","13":"instock","14":"shipping-taxable","15":"product-type-simple"},"_links":{"self":[{"href":"https:\/\/puyapeptide.net\/de\/wp-json\/wp\/v2\/product\/6351","targetHints":{"allow":["GET"]}}],"collection":[{"href":"https:\/\/puyapeptide.net\/de\/wp-json\/wp\/v2\/product"}],"about":[{"href":"https:\/\/puyapeptide.net\/de\/wp-json\/wp\/v2\/types\/product"}],"replies":[{"embeddable":true,"href":"https:\/\/puyapeptide.net\/de\/wp-json\/wp\/v2\/comments?post=6351"}],"wp:featuredmedia":[{"embeddable":true,"href":"https:\/\/puyapeptide.net\/de\/wp-json\/wp\/v2\/media\/2207"}],"wp:attachment":[{"href":"https:\/\/puyapeptide.net\/de\/wp-json\/wp\/v2\/media?parent=6351"}],"wp:term":[{"taxonomy":"product_brand","embeddable":true,"href":"https:\/\/puyapeptide.net\/de\/wp-json\/wp\/v2\/product_brand?post=6351"},{"taxonomy":"product_cat","embeddable":true,"href":"https:\/\/puyapeptide.net\/de\/wp-json\/wp\/v2\/product_cat?post=6351"},{"taxonomy":"product_tag","embeddable":true,"href":"https:\/\/puyapeptide.net\/de\/wp-json\/wp\/v2\/product_tag?post=6351"}],"curies":[{"name":"wp","href":"https:\/\/api.w.org\/{rel}","templated":true}]}}