{"id":6373,"date":"2021-12-16T04:40:20","date_gmt":"2021-12-16T09:40:20","guid":{"rendered":"https:\/\/puyapeptide.net\/product\/acetyl-tetrapeptid-22-fuer-die-hautreparatur\/"},"modified":"2021-12-16T04:40:20","modified_gmt":"2021-12-16T09:40:20","slug":"acetyl-tetrapeptid-22-fuer-die-hautreparatur","status":"publish","type":"product","link":"https:\/\/puyapeptide.net\/de\/product\/acetyl-tetrapeptid-22-fuer-die-hautreparatur\/","title":{"rendered":"Acetyl-Tetrapeptid-22 f\u00fcr die Hautreparatur"},"content":{"rendered":"<h2><strong>Acetyl-Tetrapeptid-22 f\u00fcr die Hautreparatur<\/strong><\/h2>\n<p>Produktname: Acetyl Tetrapeptide-22<br \/>\nReferenz: Thermostressine<br \/>\nFormel:<br \/>\nMolekular:<br \/>\nReinheit: &gt;95%<br \/>\nQuelle: synthetisch<br \/>\nQualit\u00e4t: Kosmetik<br \/>\nFormulierung : verf\u00fcgbar f\u00fcr Ihre Referenz, bitte kontaktieren Sie uns.<br \/>\nSicherheitsdatenblatt und COA: verf\u00fcgbar f\u00fcr Ihre Referenz, bitte kontaktieren Sie uns<br \/>\nLieferung: sofort ab Lager<br \/>\nGeruch: charakteristisch<br \/>\nStabilit\u00e4t: stabil<br \/>\nL\u00f6slichkeit: l\u00f6slich in Wasser<br \/>\nL\u00f6sung: 0,05% Peptid<br \/>\nEmpfohlene Anwendungsmenge:2-5 %<br \/>\nAussehen: wei\u00dfes Pulver<\/p>\n<p>Acetyl Tetrapeptide-22, das den HPS70-Spiegel (Heat Shock Protein) in der Haut erh\u00f6ht Bereitstellung eines Schutzschildes, das den Zellen eine Stresstoleranz gegen\u00fcber allt\u00e4glichen Herausforderungen und stressigen Reizen verleiht. Es verhilft der Haut zu einer entspannteren und vitaleren Ausstrahlung. Es kann in kosmetische Formulierungen wie Emulsionen, Gele und <strong>Seren<\/strong> eingearbeitet werden, um Stress zu bek\u00e4mpfen und empfindliche, m\u00fcde und stumpfe Haut zu behandeln Stress und erh\u00f6ht den HSP70-Spiegel, um weiteren Stress zu verhindern<\/p>\n<p> <strong>Funktionen von Acetyl-Tetrapeptid-22<\/strong><br \/>\nAcetyl-Tetrapeptid-22 ist das Reaktionsprodukt von Essigs\u00e4ure und Tetrapeptid-22. Es erh\u00f6ht die Menge an hitzestimuliertem Protein (HSP70) in der Haut, erh\u00f6ht dadurch die Stresstoleranz und beugt Sch\u00e4den vor. Daher kann Acetyl-Tetrapeptid-22, einer der wirksamsten Inhaltsstoffe f\u00fcr die Hautregeneration, die Haut entspannter und das Aussehen wichtiger machen.<\/p>\n<p>Acetyl-Tetrapeptid-22 veranlasst den K\u00f6rper, das Hitzeschockprotein 70 in gro\u00dfen Mengen zu synthetisieren ist an der Reparatur und Entfernung besch\u00e4digter Proteine beteiligt, sch\u00fctzt Zellen vor ernsthaften Sch\u00e4den, beschleunigt die Reparatur und erh\u00e4lt normale physiologische Funktionen der Zellen; verbessert die Toleranz der Zellen gegen\u00fcber Stressfaktoren.<\/p>\n<p>Acetyl-Tetrapeptid-22 bietet der Haut Schutz vor verschiedenen negativen Belastungen, die t\u00e4glich auftreten, wie freie Sauerstoffradikale, Jetlag, Dehydration, UV-Bestrahlung, \u00fcberm\u00e4\u00dfige K\u00e4lte und Hitze usw. , die die Haut sch\u00e4digen und die Vitalit\u00e4t der Haut erhalten. Es ist eher f\u00fcr Menschen geeignet, die sich oft in einem schlechten Stressumfeld befinden, wie z. B. Angestellte mit hohem Arbeitsdruck usw.<\/p>\n","protected":false},"excerpt":{"rendered":"<p>Produktname: Acetyl Tetrapeptide-22<br \/>\nReferenz: Thermostressine<br \/>\nReinheit: &gt;95%<br \/>\nQuelle: synthetisch<br \/>\nQualit\u00e4t: Kosmetik<\/p>\n","protected":false},"featured_media":2165,"comment_status":"open","ping_status":"closed","template":"","meta":{"om_disable_all_campaigns":false,"_monsterinsights_skip_tracking":false,"_monsterinsights_sitenote_active":false,"_monsterinsights_sitenote_note":"","_monsterinsights_sitenote_category":0,"site-sidebar-layout":"default","site-content-layout":"default","ast-site-content-layout":"default","site-content-style":"default","site-sidebar-style":"default","ast-global-header-display":"","ast-banner-title-visibility":"","ast-main-header-display":"","ast-hfb-above-header-display":"","ast-hfb-below-header-display":"","ast-hfb-mobile-header-display":"","site-post-title":"","ast-breadcrumbs-content":"","ast-featured-img":"","footer-sml-layout":"","ast-disable-related-posts":"","theme-transparent-header-meta":"default","adv-header-id-meta":"","stick-header-meta":"","header-above-stick-meta":"","header-main-stick-meta":"","header-below-stick-meta":"","astra-migrate-meta-layouts":"default","ast-page-background-enabled":"default","ast-page-background-meta":{"desktop":{"background-color":"","background-image":"","background-repeat":"repeat","background-position":"center center","background-size":"auto","background-attachment":"scroll","background-type":"","background-media":"","overlay-type":"","overlay-color":"","overlay-opacity":"","overlay-gradient":""},"tablet":{"background-color":"","background-image":"","background-repeat":"repeat","background-position":"center center","background-size":"auto","background-attachment":"scroll","background-type":"","background-media":"","overlay-type":"","overlay-color":"","overlay-opacity":"","overlay-gradient":""},"mobile":{"background-color":"","background-image":"","background-repeat":"repeat","background-position":"center center","background-size":"auto","background-attachment":"scroll","background-type":"","background-media":"","overlay-type":"","overlay-color":"","overlay-opacity":"","overlay-gradient":""}},"ast-content-background-meta":{"desktop":{"background-color":"var(--ast-global-color-5)","background-image":"","background-repeat":"repeat","background-position":"center center","background-size":"auto","background-attachment":"scroll","background-type":"","background-media":"","overlay-type":"","overlay-color":"","overlay-opacity":"","overlay-gradient":""},"tablet":{"background-color":"var(--ast-global-color-5)","background-image":"","background-repeat":"repeat","background-position":"center center","background-size":"auto","background-attachment":"scroll","background-type":"","background-media":"","overlay-type":"","overlay-color":"","overlay-opacity":"","overlay-gradient":""},"mobile":{"background-color":"var(--ast-global-color-5)","background-image":"","background-repeat":"repeat","background-position":"center center","background-size":"auto","background-attachment":"scroll","background-type":"","background-media":"","overlay-type":"","overlay-color":"","overlay-opacity":"","overlay-gradient":""}}},"product_brand":[],"product_cat":[671],"product_tag":[3509],"class_list":{"0":"post-6373","1":"product","2":"type-product","3":"status-publish","4":"has-post-thumbnail","6":"product_cat-antiallergisches-und-entzuendungshemmendes-peptid","7":"product_tag-acetyl-tetrapeptide-22-for-skin-repair-de","8":"desktop-align-left","9":"tablet-align-left","10":"mobile-align-left","12":"first","13":"instock","14":"shipping-taxable","15":"product-type-simple"},"_links":{"self":[{"href":"https:\/\/puyapeptide.net\/de\/wp-json\/wp\/v2\/product\/6373","targetHints":{"allow":["GET"]}}],"collection":[{"href":"https:\/\/puyapeptide.net\/de\/wp-json\/wp\/v2\/product"}],"about":[{"href":"https:\/\/puyapeptide.net\/de\/wp-json\/wp\/v2\/types\/product"}],"replies":[{"embeddable":true,"href":"https:\/\/puyapeptide.net\/de\/wp-json\/wp\/v2\/comments?post=6373"}],"wp:featuredmedia":[{"embeddable":true,"href":"https:\/\/puyapeptide.net\/de\/wp-json\/wp\/v2\/media\/2165"}],"wp:attachment":[{"href":"https:\/\/puyapeptide.net\/de\/wp-json\/wp\/v2\/media?parent=6373"}],"wp:term":[{"taxonomy":"product_brand","embeddable":true,"href":"https:\/\/puyapeptide.net\/de\/wp-json\/wp\/v2\/product_brand?post=6373"},{"taxonomy":"product_cat","embeddable":true,"href":"https:\/\/puyapeptide.net\/de\/wp-json\/wp\/v2\/product_cat?post=6373"},{"taxonomy":"product_tag","embeddable":true,"href":"https:\/\/puyapeptide.net\/de\/wp-json\/wp\/v2\/product_tag?post=6373"}],"curies":[{"name":"wp","href":"https:\/\/api.w.org\/{rel}","templated":true}]}}