{"id":6397,"date":"2021-12-16T04:57:56","date_gmt":"2021-12-16T09:57:56","guid":{"rendered":"https:\/\/puyapeptide.net\/product\/acetyl-tetrapeptide-15-cas-928007-64-1-wird-im-allgemeinen-zur-pflege-empfindlicher-haut-verwendet\/"},"modified":"2021-12-16T04:57:56","modified_gmt":"2021-12-16T09:57:56","slug":"acetyl-tetrapeptide-15-cas-928007-64-1-wird-im-allgemeinen-zur-pflege-empfindlicher-haut-verwendet","status":"publish","type":"product","link":"https:\/\/puyapeptide.net\/de\/product\/acetyl-tetrapeptide-15-cas-928007-64-1-wird-im-allgemeinen-zur-pflege-empfindlicher-haut-verwendet\/","title":{"rendered":"Acetyl Tetrapeptide-15 CAS 928007-64-1 wird im Allgemeinen zur Pflege empfindlicher Haut verwendet"},"content":{"rendered":"<h2><strong>Acetyl Tetrapeptide-15 CAS 928007-64-1 wird im Allgemeinen zur Pflege empfindlicher Haut verwendet<\/strong><\/h2>\n<p>Produktname: Acetyl tetrapeptide 15<br \/>\nSynonyme: Acetyl tetrapeptide 15;N-Acetyl-L-tyrosyl-L-prolyl-L-phenylalanyl-L-phenylalaninamide;Skinasensyl;acetyl tetrapeptide-15\/Skinasensyl LS 9749;( 2S)-1-[(2S)-2-Acetamido-3-(4-hydroxyphenyl)propanoyl]-N-[(2S)-1-[[(2S)-1-Amino-1-oxo-3-phenylpropan -2-yl]amino]-1-oxo-3-phenylpropan-2-yl]pyrrolidin-2-carboxamid;L-Phenylalaninamid, N-Acetyl-L-tyrosyl-L-prolyl-L-phenylalanyl-;AC-PPLY -OH;Acetyltetrapeptid 15 USP\/EP\/BP<br \/>\nCAS: 928007-64-1<br \/>\nMF: C34H39N5O6<br \/>\nMW: 613,7<br \/>\nEINECS:<br \/>\nProduktkategorien:<br \/>\nMol File: 928007-64-1.mol<\/p>\n<p>Acetyl Tetrapeptide-15 ist ein neues synthetisches Tetrapeptid, das empfindliche Haut entlastet, indem es die Toleranzschwelle f\u00fcr Umweltfaktoren, bestimmte topisch angewendete unangenehme Produkte oder Hautpflegebehandlungen normalisiert. Es ahmt ein nat\u00fcrliches Opioid-Peptid nach und wurde mit dem Ziel entwickelt, die Stimulation der Nervenenden der Haut zu verringern.<\/p>\n<p>Acetyl Tetrapeptide-15 wird im Allgemeinen zur Pflege sensibler Haut verwendet. Das Tetrapeptid zielt auf neurosensible Haut ab, indem es die Freisetzung entz\u00fcndungsf\u00f6rdernder Mediatoren reduziert und die Toleranz der Haut erh\u00f6ht, was zu einer weniger reaktiven Haut und weniger Schmerzen und Beschwerden f\u00fchrt.<\/p>\n<p>\u00dcber 40% der Bev\u00f6lkerung klagen \u00fcber Hautempfindlichkeit. Diese Haut reagiert im Gegensatz zu normaler Haut negativ auf verschiedene Umweltfaktoren: Temperatur\u00e4nderungen, Sonneneinstrahlung, Kosmetika und Medikamenteneinnahme. Nach Einwirkung dieser Faktoren versp\u00fcren Menschen mit empfindlichen Hauterkrankungen unangenehme Empfindungen wie Kribbeln, Brennen oder R\u00f6tung der Haut.<\/p>\n<p>Acetyltetrapeptid 15 wirkt auf Schmerzrezeptoren (Nervenendigungen) und reduziert deren Aktivit\u00e4t. Dies reduziert das Schmerzempfinden und das Unbehagen, die durch die Faktoren verursacht werden, die die Hautempfindlichkeit verursachen.<\/p>\n<p>Klinische In-vitro-Studien haben gezeigt, dass eine Verringerung der Relaxation des Neurotransmitters CGRP (Calcitonin-Gen-Related Peptide) in sensorischen Neuronen die Haut reduziert Sensibilit\u00e4tsreaktionen. Es wurde auch gezeigt, dass Acetyltetrapeptid-15 als Rezeptoragonist f\u00fcr eine opioid\u00e4hnliche Substanz wirkt. Klinische In-vivo-Studien haben gezeigt, dass dies Beschwerden und Schmerzen reduziert, die durch \u00e4u\u00dfere Reize (Hitze und Capsaicin) verursacht werden.<\/p>\n<p>Daher tr\u00e4gt Acetyltetrapeptid 15 dazu bei, die normale Hautvertr\u00e4glichkeit gegen\u00fcber Umweltfaktoren oder Kosmetika wiederherzustellen und die Hautbarriere zu reparieren .<\/p>\n<p> <strong>Funktion und Anwendung von Acetyl Tetrapeptide-15 CAS 928007-64-1<\/strong><br \/>\nAcetyl Tetrapeptide-15 reduziert Beschwerden und Schmerzen bei empfindlicher Haut<\/p>\n","protected":false},"excerpt":{"rendered":"<p>Produktname: Acetyltetrapeptid 15<br \/>\nCAS: 928007-64-1<br \/>\nMF: C34H39N5O6<br \/>\nMW: 613,7<br \/>\nMol Datei: 928007-64-1.mol<\/p>\n","protected":false},"featured_media":2123,"comment_status":"open","ping_status":"closed","template":"","meta":{"om_disable_all_campaigns":false,"_monsterinsights_skip_tracking":false,"_monsterinsights_sitenote_active":false,"_monsterinsights_sitenote_note":"","_monsterinsights_sitenote_category":0,"site-sidebar-layout":"default","site-content-layout":"default","ast-site-content-layout":"default","site-content-style":"default","site-sidebar-style":"default","ast-global-header-display":"","ast-banner-title-visibility":"","ast-main-header-display":"","ast-hfb-above-header-display":"","ast-hfb-below-header-display":"","ast-hfb-mobile-header-display":"","site-post-title":"","ast-breadcrumbs-content":"","ast-featured-img":"","footer-sml-layout":"","ast-disable-related-posts":"","theme-transparent-header-meta":"default","adv-header-id-meta":"","stick-header-meta":"","header-above-stick-meta":"","header-main-stick-meta":"","header-below-stick-meta":"","astra-migrate-meta-layouts":"default","ast-page-background-enabled":"default","ast-page-background-meta":{"desktop":{"background-color":"","background-image":"","background-repeat":"repeat","background-position":"center center","background-size":"auto","background-attachment":"scroll","background-type":"","background-media":"","overlay-type":"","overlay-color":"","overlay-opacity":"","overlay-gradient":""},"tablet":{"background-color":"","background-image":"","background-repeat":"repeat","background-position":"center center","background-size":"auto","background-attachment":"scroll","background-type":"","background-media":"","overlay-type":"","overlay-color":"","overlay-opacity":"","overlay-gradient":""},"mobile":{"background-color":"","background-image":"","background-repeat":"repeat","background-position":"center center","background-size":"auto","background-attachment":"scroll","background-type":"","background-media":"","overlay-type":"","overlay-color":"","overlay-opacity":"","overlay-gradient":""}},"ast-content-background-meta":{"desktop":{"background-color":"var(--ast-global-color-5)","background-image":"","background-repeat":"repeat","background-position":"center center","background-size":"auto","background-attachment":"scroll","background-type":"","background-media":"","overlay-type":"","overlay-color":"","overlay-opacity":"","overlay-gradient":""},"tablet":{"background-color":"var(--ast-global-color-5)","background-image":"","background-repeat":"repeat","background-position":"center center","background-size":"auto","background-attachment":"scroll","background-type":"","background-media":"","overlay-type":"","overlay-color":"","overlay-opacity":"","overlay-gradient":""},"mobile":{"background-color":"var(--ast-global-color-5)","background-image":"","background-repeat":"repeat","background-position":"center center","background-size":"auto","background-attachment":"scroll","background-type":"","background-media":"","overlay-type":"","overlay-color":"","overlay-opacity":"","overlay-gradient":""}}},"product_brand":[],"product_cat":[671],"product_tag":[3489],"class_list":{"0":"post-6397","1":"product","2":"type-product","3":"status-publish","4":"has-post-thumbnail","6":"product_cat-antiallergisches-und-entzuendungshemmendes-peptid","7":"product_tag-acetyl-tetrapeptide-15-cas-928007-64-1-is-generally-used-for-sensitive-skin-care-de","8":"desktop-align-left","9":"tablet-align-left","10":"mobile-align-left","12":"first","13":"instock","14":"shipping-taxable","15":"product-type-simple"},"_links":{"self":[{"href":"https:\/\/puyapeptide.net\/de\/wp-json\/wp\/v2\/product\/6397","targetHints":{"allow":["GET"]}}],"collection":[{"href":"https:\/\/puyapeptide.net\/de\/wp-json\/wp\/v2\/product"}],"about":[{"href":"https:\/\/puyapeptide.net\/de\/wp-json\/wp\/v2\/types\/product"}],"replies":[{"embeddable":true,"href":"https:\/\/puyapeptide.net\/de\/wp-json\/wp\/v2\/comments?post=6397"}],"wp:featuredmedia":[{"embeddable":true,"href":"https:\/\/puyapeptide.net\/de\/wp-json\/wp\/v2\/media\/2123"}],"wp:attachment":[{"href":"https:\/\/puyapeptide.net\/de\/wp-json\/wp\/v2\/media?parent=6397"}],"wp:term":[{"taxonomy":"product_brand","embeddable":true,"href":"https:\/\/puyapeptide.net\/de\/wp-json\/wp\/v2\/product_brand?post=6397"},{"taxonomy":"product_cat","embeddable":true,"href":"https:\/\/puyapeptide.net\/de\/wp-json\/wp\/v2\/product_cat?post=6397"},{"taxonomy":"product_tag","embeddable":true,"href":"https:\/\/puyapeptide.net\/de\/wp-json\/wp\/v2\/product_tag?post=6397"}],"curies":[{"name":"wp","href":"https:\/\/api.w.org\/{rel}","templated":true}]}}