{"id":6417,"date":"2021-12-16T04:59:36","date_gmt":"2021-12-16T09:59:36","guid":{"rendered":"https:\/\/puyapeptide.net\/product\/palmitoyl-tripeptide-8-cas-936544-53-5-zur-vorbeugung-und-linderung-von-entzuendungen-bei-gereizter-haut\/"},"modified":"2021-12-16T04:59:36","modified_gmt":"2021-12-16T09:59:36","slug":"palmitoyl-tripeptide-8-cas-936544-53-5-zur-vorbeugung-und-linderung-von-entzuendungen-bei-gereizter-haut","status":"publish","type":"product","link":"https:\/\/puyapeptide.net\/de\/product\/palmitoyl-tripeptide-8-cas-936544-53-5-zur-vorbeugung-und-linderung-von-entzuendungen-bei-gereizter-haut\/","title":{"rendered":"Palmitoyl Tripeptide-8 CAS 936544-53-5 zur Vorbeugung und Linderung von Entz\u00fcndungen bei gereizter Haut"},"content":{"rendered":"<h2><strong>Palmitoyl Tripeptide-8 CAS 936544-53-5 zur Vorbeugung und Linderung von Entz\u00fcndungen bei gereizter Haut<\/strong><\/h2>\n<p>Produktname: Palmitoyl Tripeptide-8<br \/>\nSynonyme: Neutrazen;Palmitoyl Tripeptide-8;Palmiltoyl Tripeptide-8;L-Argininamid, N-(1-Oxohexadecyl)-L-Histidyl-D-phenylalanyl-;Werkslieferant Palmitoyl Tripeptide-8; Kosmetisches Peptid Palmitoyl Tripeptide-8 Neutrazen Powder CAS 936544-53-5 f\u00fcr Anti-Allergika und Reparatur<br \/>\nCAS: 936544-53-5<br \/>\nMF: C37H61N9O4<br \/>\nMW: 695.94<br \/>\n EINECS:<br \/>\nProduktkategorien:<br \/>\nMol Datei: 936544-53-5.mol<\/p>\n<p>Palmitoyl Tripeptide-8 ist ein neues Peptid. Es hilft, Entz\u00fcndungen bei gereizter Haut zu verhindern und zu lindern. Als zus\u00e4tzlicher Vorteil verbessert es tats\u00e4chlich die Widerstandsf\u00e4higkeit empfindlicher Haut. Palmitoyl-Tripeptid-8 kann eine Reihe von Nebenwirkungen reduzieren, die durch die Freisetzung von Substanz P verursacht werden, die Freisetzung von entz\u00fcndlichen Zytokinen (IL-1, IL-8, TNF-\u03b1) reduzieren, die Vasodilatation lindern, die Reizung durch \u00e4u\u00dfere Reize verhindern und reduzieren , Juckreiz, Stechen, Erytheme, \u00d6deme und andere Symptome lindern, eine normale Hautempfindlichkeitsschwelle aufrechterhalten und die Haut gesund halten.<\/p>\n<p> <strong>Palmitoyl Tripeptide-8 CAS 936544-53-5 Chemische Eigenschaften<\/strong><br \/>\nDichte 1,20\u00b1 0,1 g\/cm3 (vorhergesagt)<br \/>\npka 13,34\u00b10,46 (vorhergesagt)<\/p>\n<p> <strong>Funktion von Palmitoyl Tripeptide-8 CAS 936544-53-5<\/strong><br \/>\n1\u3001Reduziert die Reaktion der Haut auf Reizstoffe, hilft die Haut zu reduzieren Entz\u00fcndungsreaktionen und lindert Neuro\u00f6deme.<\/p>\n<p>2\u3001Besonders geeignet zur Pflege empfindlicher Haut<\/p>\n<p>3\u3001Entz\u00fcndliche Symptome wie R\u00f6tungen, Schwellungen und Schmerzen schnell lindern<\/p>\n<p> <strong>Anwendung von Palmitoyltripeptid-8 CAS 936544-53-5<\/strong><br \/>\n1. Palmitoyl Tripeptide-8 Verhindert und kehrt Anzeichen einer neurogenen Entz\u00fcndung um.<\/p>\n<p>2. Palmitoyl Tripeptide-8 Beruhigt und beruhigt gereizte Haut.<\/p>\n<p>3. Palmitoyl Tripeptide-8 Hilft bei der Aufrechterhaltung und Wiederherstellung einer normalen Empfindlichkeitsschwelle.<\/p>\n","protected":false},"excerpt":{"rendered":"<p>Produktname: Palmitoyl Tripeptide-8<br \/>\nCAS: 936544-53-5<br \/>\nMF: C37H61N9O4<br \/>\nMW: 695.94<br \/>\nMol Datei: 936544-53-5.mol<\/p>\n","protected":false},"featured_media":2207,"comment_status":"open","ping_status":"closed","template":"","meta":{"om_disable_all_campaigns":false,"_monsterinsights_skip_tracking":false,"_monsterinsights_sitenote_active":false,"_monsterinsights_sitenote_note":"","_monsterinsights_sitenote_category":0,"site-sidebar-layout":"default","site-content-layout":"default","ast-site-content-layout":"default","site-content-style":"default","site-sidebar-style":"default","ast-global-header-display":"","ast-banner-title-visibility":"","ast-main-header-display":"","ast-hfb-above-header-display":"","ast-hfb-below-header-display":"","ast-hfb-mobile-header-display":"","site-post-title":"","ast-breadcrumbs-content":"","ast-featured-img":"","footer-sml-layout":"","ast-disable-related-posts":"","theme-transparent-header-meta":"default","adv-header-id-meta":"","stick-header-meta":"","header-above-stick-meta":"","header-main-stick-meta":"","header-below-stick-meta":"","astra-migrate-meta-layouts":"default","ast-page-background-enabled":"default","ast-page-background-meta":{"desktop":{"background-color":"","background-image":"","background-repeat":"repeat","background-position":"center center","background-size":"auto","background-attachment":"scroll","background-type":"","background-media":"","overlay-type":"","overlay-color":"","overlay-opacity":"","overlay-gradient":""},"tablet":{"background-color":"","background-image":"","background-repeat":"repeat","background-position":"center center","background-size":"auto","background-attachment":"scroll","background-type":"","background-media":"","overlay-type":"","overlay-color":"","overlay-opacity":"","overlay-gradient":""},"mobile":{"background-color":"","background-image":"","background-repeat":"repeat","background-position":"center center","background-size":"auto","background-attachment":"scroll","background-type":"","background-media":"","overlay-type":"","overlay-color":"","overlay-opacity":"","overlay-gradient":""}},"ast-content-background-meta":{"desktop":{"background-color":"var(--ast-global-color-5)","background-image":"","background-repeat":"repeat","background-position":"center center","background-size":"auto","background-attachment":"scroll","background-type":"","background-media":"","overlay-type":"","overlay-color":"","overlay-opacity":"","overlay-gradient":""},"tablet":{"background-color":"var(--ast-global-color-5)","background-image":"","background-repeat":"repeat","background-position":"center center","background-size":"auto","background-attachment":"scroll","background-type":"","background-media":"","overlay-type":"","overlay-color":"","overlay-opacity":"","overlay-gradient":""},"mobile":{"background-color":"var(--ast-global-color-5)","background-image":"","background-repeat":"repeat","background-position":"center center","background-size":"auto","background-attachment":"scroll","background-type":"","background-media":"","overlay-type":"","overlay-color":"","overlay-opacity":"","overlay-gradient":""}}},"product_brand":[],"product_cat":[671],"product_tag":[3465],"class_list":{"0":"post-6417","1":"product","2":"type-product","3":"status-publish","4":"has-post-thumbnail","6":"product_cat-antiallergisches-und-entzuendungshemmendes-peptid","7":"product_tag-palmitoyl-tripeptide-8-cas-936544-53-5-to-prevent-and-sooth-inflammation-in-irritated-skin-de","8":"desktop-align-left","9":"tablet-align-left","10":"mobile-align-left","12":"first","13":"instock","14":"shipping-taxable","15":"product-type-simple"},"_links":{"self":[{"href":"https:\/\/puyapeptide.net\/de\/wp-json\/wp\/v2\/product\/6417","targetHints":{"allow":["GET"]}}],"collection":[{"href":"https:\/\/puyapeptide.net\/de\/wp-json\/wp\/v2\/product"}],"about":[{"href":"https:\/\/puyapeptide.net\/de\/wp-json\/wp\/v2\/types\/product"}],"replies":[{"embeddable":true,"href":"https:\/\/puyapeptide.net\/de\/wp-json\/wp\/v2\/comments?post=6417"}],"wp:featuredmedia":[{"embeddable":true,"href":"https:\/\/puyapeptide.net\/de\/wp-json\/wp\/v2\/media\/2207"}],"wp:attachment":[{"href":"https:\/\/puyapeptide.net\/de\/wp-json\/wp\/v2\/media?parent=6417"}],"wp:term":[{"taxonomy":"product_brand","embeddable":true,"href":"https:\/\/puyapeptide.net\/de\/wp-json\/wp\/v2\/product_brand?post=6417"},{"taxonomy":"product_cat","embeddable":true,"href":"https:\/\/puyapeptide.net\/de\/wp-json\/wp\/v2\/product_cat?post=6417"},{"taxonomy":"product_tag","embeddable":true,"href":"https:\/\/puyapeptide.net\/de\/wp-json\/wp\/v2\/product_tag?post=6417"}],"curies":[{"name":"wp","href":"https:\/\/api.w.org\/{rel}","templated":true}]}}