{"id":6436,"date":"2021-12-16T05:00:52","date_gmt":"2021-12-16T10:00:52","guid":{"rendered":"https:\/\/puyapeptide.net\/product\/pentapeptide-25-fuer-cellulite-und-abnehmen\/"},"modified":"2021-12-16T05:00:52","modified_gmt":"2021-12-16T10:00:52","slug":"pentapeptide-25-fuer-cellulite-und-abnehmen","status":"publish","type":"product","link":"https:\/\/puyapeptide.net\/de\/product\/pentapeptide-25-fuer-cellulite-und-abnehmen\/","title":{"rendered":"Pentapeptide-25 f\u00fcr Cellulite und Abnehmen"},"content":{"rendered":"<h2><strong>Pentapeptide-25 f\u00fcr Cellulite und Abnehmen<\/strong><\/h2>\n<p>Produktname: PENTAPEPTIDE-25<br \/>\nReferenz: UCPEPTIDE V<br \/>\nReinheit: &gt;95%<br \/>\nQuelle: synthetisch<br \/>\nQualit\u00e4t: kosmetisch<br \/>\nStabilit\u00e4t: stabil<br \/>\nL\u00f6slichkeit: wasserl\u00f6slich<br \/>\nGeruch: nein<br \/>\nFormulierung: verf\u00fcgbar f\u00fcr Ihre Referenz, bitte kontaktieren Sie uns.<br \/>\nSicherheitsdatenblatt und COA: verf\u00fcgbar f\u00fcr Ihre Referenz, bitte kontaktieren Sie uns.<br \/>\nLieferung: sofort ab Lager<br \/>\nEmpfohlene Dosis: 50 PPM<br \/>\nKapazit\u00e4t: 500g pro Monat<br \/>\nAussehen: wei\u00dfes Pulver<\/p>\n<p>Pentapeptide-25 ist ein Peptid mit schlankmachender Wirkung, das die Ansammlung von Fett im K\u00f6rper begrenzen und das Volumen der Bl\u00e4schen reduzieren kann Fettzellen, sowie das Volumen der Fettzellen zu reduzieren, um die Wirkung von Gewichtsverlust, Abnehmen und Gesichtsabnehmen zu erzielen.<\/p>\n<p>Pentapeptide-25 ist ein UCP-\u00e4hnliches Peptid, das durch Synthese gewonnen wird und zum Abnehmen von Hautpflegeprodukten entwickelt wurde .Die Sequenz von UCPEPTIDE V \u00e4hnelt einer \u00fcblichen Sequenz in Entkopplungsproteinen (UCPs), einer universellen Familie von mitochondrialen Transportern, die es erm\u00f6glichen, Energie als W\u00e4rme freizusetzen.<\/p>\n<p> <strong>Verwendung von Pentapeptide-25<\/strong> &lt; &amp;&gt;1 &#8211; Synthetisches Peptidbiomimetikum von UCPs (Entkopplungsproteinen)<br \/>\n2- PENTAPEPTIDE-25 Beschr\u00e4nkt die Speicherung von Lipiden<br \/>\n3- PENTAPEPTIDE-25 Reduziert das Volumen der Vakuolen in Adipozyten und Adipozytengr\u00f6\u00dfe<\/p>\n","protected":false},"excerpt":{"rendered":"<p>Produktname: PENTAPEPTIDE-25<br \/>\nReferenz: UCPEPTIDE V<br \/>\nReinheit: &gt;95%<br \/>\nQuelle: synthetisch<br \/>\nQualit\u00e4t: kosmetisch<br \/>\nL\u00f6slichkeit: wasserl\u00f6slich<\/p>\n","protected":false},"featured_media":2165,"comment_status":"open","ping_status":"closed","template":"","meta":{"om_disable_all_campaigns":false,"_monsterinsights_skip_tracking":false,"_monsterinsights_sitenote_active":false,"_monsterinsights_sitenote_note":"","_monsterinsights_sitenote_category":0,"site-sidebar-layout":"default","site-content-layout":"default","ast-site-content-layout":"default","site-content-style":"default","site-sidebar-style":"default","ast-global-header-display":"","ast-banner-title-visibility":"","ast-main-header-display":"","ast-hfb-above-header-display":"","ast-hfb-below-header-display":"","ast-hfb-mobile-header-display":"","site-post-title":"","ast-breadcrumbs-content":"","ast-featured-img":"","footer-sml-layout":"","ast-disable-related-posts":"","theme-transparent-header-meta":"default","adv-header-id-meta":"","stick-header-meta":"","header-above-stick-meta":"","header-main-stick-meta":"","header-below-stick-meta":"","astra-migrate-meta-layouts":"default","ast-page-background-enabled":"default","ast-page-background-meta":{"desktop":{"background-color":"","background-image":"","background-repeat":"repeat","background-position":"center center","background-size":"auto","background-attachment":"scroll","background-type":"","background-media":"","overlay-type":"","overlay-color":"","overlay-opacity":"","overlay-gradient":""},"tablet":{"background-color":"","background-image":"","background-repeat":"repeat","background-position":"center center","background-size":"auto","background-attachment":"scroll","background-type":"","background-media":"","overlay-type":"","overlay-color":"","overlay-opacity":"","overlay-gradient":""},"mobile":{"background-color":"","background-image":"","background-repeat":"repeat","background-position":"center center","background-size":"auto","background-attachment":"scroll","background-type":"","background-media":"","overlay-type":"","overlay-color":"","overlay-opacity":"","overlay-gradient":""}},"ast-content-background-meta":{"desktop":{"background-color":"var(--ast-global-color-5)","background-image":"","background-repeat":"repeat","background-position":"center center","background-size":"auto","background-attachment":"scroll","background-type":"","background-media":"","overlay-type":"","overlay-color":"","overlay-opacity":"","overlay-gradient":""},"tablet":{"background-color":"var(--ast-global-color-5)","background-image":"","background-repeat":"repeat","background-position":"center center","background-size":"auto","background-attachment":"scroll","background-type":"","background-media":"","overlay-type":"","overlay-color":"","overlay-opacity":"","overlay-gradient":""},"mobile":{"background-color":"var(--ast-global-color-5)","background-image":"","background-repeat":"repeat","background-position":"center center","background-size":"auto","background-attachment":"scroll","background-type":"","background-media":"","overlay-type":"","overlay-color":"","overlay-opacity":"","overlay-gradient":""}}},"product_brand":[],"product_cat":[647],"product_tag":[3441],"class_list":{"0":"post-6436","1":"product","2":"type-product","3":"status-publish","4":"has-post-thumbnail","6":"product_cat-fettabbaupeptid","7":"product_tag-pentapeptide-25-for-cellulite-and-slimming-de","8":"desktop-align-left","9":"tablet-align-left","10":"mobile-align-left","12":"first","13":"instock","14":"shipping-taxable","15":"product-type-simple"},"_links":{"self":[{"href":"https:\/\/puyapeptide.net\/de\/wp-json\/wp\/v2\/product\/6436","targetHints":{"allow":["GET"]}}],"collection":[{"href":"https:\/\/puyapeptide.net\/de\/wp-json\/wp\/v2\/product"}],"about":[{"href":"https:\/\/puyapeptide.net\/de\/wp-json\/wp\/v2\/types\/product"}],"replies":[{"embeddable":true,"href":"https:\/\/puyapeptide.net\/de\/wp-json\/wp\/v2\/comments?post=6436"}],"wp:featuredmedia":[{"embeddable":true,"href":"https:\/\/puyapeptide.net\/de\/wp-json\/wp\/v2\/media\/2165"}],"wp:attachment":[{"href":"https:\/\/puyapeptide.net\/de\/wp-json\/wp\/v2\/media?parent=6436"}],"wp:term":[{"taxonomy":"product_brand","embeddable":true,"href":"https:\/\/puyapeptide.net\/de\/wp-json\/wp\/v2\/product_brand?post=6436"},{"taxonomy":"product_cat","embeddable":true,"href":"https:\/\/puyapeptide.net\/de\/wp-json\/wp\/v2\/product_cat?post=6436"},{"taxonomy":"product_tag","embeddable":true,"href":"https:\/\/puyapeptide.net\/de\/wp-json\/wp\/v2\/product_tag?post=6436"}],"curies":[{"name":"wp","href":"https:\/\/api.w.org\/{rel}","templated":true}]}}