{"id":6457,"date":"2021-12-16T05:01:44","date_gmt":"2021-12-16T10:01:44","guid":{"rendered":"https:\/\/puyapeptide.net\/product\/acetyl-hexapeptid-39-zum-abnehmen\/"},"modified":"2021-12-16T05:01:44","modified_gmt":"2021-12-16T10:01:44","slug":"acetyl-hexapeptid-39-zum-abnehmen","status":"publish","type":"product","link":"https:\/\/puyapeptide.net\/de\/product\/acetyl-hexapeptid-39-zum-abnehmen\/","title":{"rendered":"Acetyl Hexapeptid-39 zum Abnehmen"},"content":{"rendered":"<h2><strong>Acetyl Hexapeptid-39 zum Abnehmen<\/strong><\/h2>\n<p>Deutscher Name: Acetyl Hexapeptide-39, Silusyne<br \/>\nMolekulare Formel: C14H24N6O4<br \/>\nMolekulargewicht: 340,80g\/mol<br \/>\nAussehen: Wei\u00dfes Pulver<\/p>\n<p>Der neue Inhaltsstoff Silusyne enth\u00e4lt Hexapeptide in a neuartiges Abgabesystem (INCI-Name: Acetyl-Hexapeptid-39), das die Expression von PGC-1\u03b2 reduziert, den gegenteiligen Effekt erzielt und die dermal-subkutane Verbindung verk\u00fcrzt, was zu einer Gewichtsreduzierung und Anti-Falten-Wirkung f\u00fchrt. Fettbehandlung. Um seine Rolle bei der PGC-1\u03b1-Expression und Lipidakkumulation sowie seine makroskopischen Effekte zu untersuchen, wurden an beiden Komponenten in vitro und in vivo Tests durchgef\u00fchrt (PGC-1a) Aktivit\u00e4t und verringert die Adipogenese. Es wird als Schlankheitsmittel verwendet.<\/p>\n<p>Acetyl Hexapeptide-39 (Schlankheitspeptid) ist ein neues aktives Peptid zur Gewichtsreduktion und zum Abnehmen, das sechs Aminos\u00e4uren enth\u00e4lt und die Wirkung hat, Cellulite, Cellulite, Cellulite und Schlankheit zu reduzieren. <\/p>\n<p>Acetyl Hexapeptid-39 (Schlankheitspeptid) verringert die Differenzierungs- und Reifungsrate von Fettzellen, reduziert die Ansammlung von Lipiden im Fettgewebe und hat die Wirkung, Cellulite, Cellulite, Cellulite und Abnehmen zu reduzieren.<\/p>\n<p> <strong>Anwendung von Acetyl Hexapeptide-39<\/strong><br \/>\nAcetyl Hexapeptide-39 ist ein perfekter Inhaltsstoff f\u00fcr Anti-Cellulite- und Schlankheitsbehandlungen und als Erg\u00e4nzung zu jeder Art von K\u00f6rperpflegeformulierungen.<\/p>\n<p> <strong>Verwendung von Acetyl<\/strong> <strong>_<\/strong> Schlankheitsbehandlungen und als Erg\u00e4nzung zu jeder Art von K\u00f6rperpflegeformulierungen.<\/p>\n<p>Acetyl Hexa Peptid-39 Reduziert Adipogenese (neues Fett) durch Verringerung der PGC-1\u03b1-Aktivit\u00e4t.<br \/>\nDie Wissenschaft hat bewiesen, dass Peptide helfen k\u00f6nnen, Falten in Ihrer Haut zu behandeln und die Zeichen des Alterns umzukehren.<br \/>\nDie menschliche Haut besteht haupts\u00e4chlich aus Kollagen. Kollagen ist ein Protein, das aus langen Segmenten von Aminos\u00e4uren besteht, die wie eine Kette angeordnet sind. Kollagen bietet der Haut eine Grundlage und Dicke.<br \/>\nFrauen unter 30 haben reichlich Kollagen, was zu einer glatten, straffen Haut f\u00fchrt.<br \/>\nDer Rest von uns hat weniger Kollagen &#8211; die Haut neigt dazu, d\u00fcnner zu sein und zeigt mehr Falten.&lt;&amp; &gt;Wenn Kollagen abgebaut wird, werden kurze Segmente von Aminos\u00e4uren gebildet. Dies sind die winzigen Proteine und aktiven Molek\u00fcle, die als Peptide bekannt sind. Peptide in der Hautpflege k\u00f6nnen erhebliche Anti-Aging-Vorteile bieten.<\/p>\n","protected":false},"excerpt":{"rendered":"<p>Englischer Name: Acetyl Hexapeptide-39, Silusyne<br \/>\nMolekulare Formel: C14H24N6O4<br \/>\nMolekulargewicht: 340,80g\/mol<br \/>\nAussehen: Wei\u00dfes Pulver<\/p>\n","protected":false},"featured_media":2102,"comment_status":"open","ping_status":"closed","template":"","meta":{"om_disable_all_campaigns":false,"_monsterinsights_skip_tracking":false,"_monsterinsights_sitenote_active":false,"_monsterinsights_sitenote_note":"","_monsterinsights_sitenote_category":0,"site-sidebar-layout":"default","site-content-layout":"default","ast-site-content-layout":"default","site-content-style":"default","site-sidebar-style":"default","ast-global-header-display":"","ast-banner-title-visibility":"","ast-main-header-display":"","ast-hfb-above-header-display":"","ast-hfb-below-header-display":"","ast-hfb-mobile-header-display":"","site-post-title":"","ast-breadcrumbs-content":"","ast-featured-img":"","footer-sml-layout":"","ast-disable-related-posts":"","theme-transparent-header-meta":"default","adv-header-id-meta":"","stick-header-meta":"","header-above-stick-meta":"","header-main-stick-meta":"","header-below-stick-meta":"","astra-migrate-meta-layouts":"default","ast-page-background-enabled":"default","ast-page-background-meta":{"desktop":{"background-color":"","background-image":"","background-repeat":"repeat","background-position":"center center","background-size":"auto","background-attachment":"scroll","background-type":"","background-media":"","overlay-type":"","overlay-color":"","overlay-opacity":"","overlay-gradient":""},"tablet":{"background-color":"","background-image":"","background-repeat":"repeat","background-position":"center center","background-size":"auto","background-attachment":"scroll","background-type":"","background-media":"","overlay-type":"","overlay-color":"","overlay-opacity":"","overlay-gradient":""},"mobile":{"background-color":"","background-image":"","background-repeat":"repeat","background-position":"center center","background-size":"auto","background-attachment":"scroll","background-type":"","background-media":"","overlay-type":"","overlay-color":"","overlay-opacity":"","overlay-gradient":""}},"ast-content-background-meta":{"desktop":{"background-color":"var(--ast-global-color-5)","background-image":"","background-repeat":"repeat","background-position":"center center","background-size":"auto","background-attachment":"scroll","background-type":"","background-media":"","overlay-type":"","overlay-color":"","overlay-opacity":"","overlay-gradient":""},"tablet":{"background-color":"var(--ast-global-color-5)","background-image":"","background-repeat":"repeat","background-position":"center center","background-size":"auto","background-attachment":"scroll","background-type":"","background-media":"","overlay-type":"","overlay-color":"","overlay-opacity":"","overlay-gradient":""},"mobile":{"background-color":"var(--ast-global-color-5)","background-image":"","background-repeat":"repeat","background-position":"center center","background-size":"auto","background-attachment":"scroll","background-type":"","background-media":"","overlay-type":"","overlay-color":"","overlay-opacity":"","overlay-gradient":""}}},"product_brand":[],"product_cat":[647],"product_tag":[3420],"class_list":{"0":"post-6457","1":"product","2":"type-product","3":"status-publish","4":"has-post-thumbnail","6":"product_cat-fettabbaupeptid","7":"product_tag-acetyl-hexapeptide-39-for-slimming-de","8":"desktop-align-left","9":"tablet-align-left","10":"mobile-align-left","12":"first","13":"instock","14":"shipping-taxable","15":"product-type-simple"},"_links":{"self":[{"href":"https:\/\/puyapeptide.net\/de\/wp-json\/wp\/v2\/product\/6457","targetHints":{"allow":["GET"]}}],"collection":[{"href":"https:\/\/puyapeptide.net\/de\/wp-json\/wp\/v2\/product"}],"about":[{"href":"https:\/\/puyapeptide.net\/de\/wp-json\/wp\/v2\/types\/product"}],"replies":[{"embeddable":true,"href":"https:\/\/puyapeptide.net\/de\/wp-json\/wp\/v2\/comments?post=6457"}],"wp:featuredmedia":[{"embeddable":true,"href":"https:\/\/puyapeptide.net\/de\/wp-json\/wp\/v2\/media\/2102"}],"wp:attachment":[{"href":"https:\/\/puyapeptide.net\/de\/wp-json\/wp\/v2\/media?parent=6457"}],"wp:term":[{"taxonomy":"product_brand","embeddable":true,"href":"https:\/\/puyapeptide.net\/de\/wp-json\/wp\/v2\/product_brand?post=6457"},{"taxonomy":"product_cat","embeddable":true,"href":"https:\/\/puyapeptide.net\/de\/wp-json\/wp\/v2\/product_cat?post=6457"},{"taxonomy":"product_tag","embeddable":true,"href":"https:\/\/puyapeptide.net\/de\/wp-json\/wp\/v2\/product_tag?post=6457"}],"curies":[{"name":"wp","href":"https:\/\/api.w.org\/{rel}","templated":true}]}}