{"id":6725,"date":"2021-12-16T06:01:42","date_gmt":"2021-12-16T11:01:42","guid":{"rendered":"https:\/\/puyapeptide.net\/product\/acetyltetrapeptid-5-eyeseryl-cas-820959-17-9-kann-helfen-augenschwellungen-zu-reduzieren\/"},"modified":"2021-12-16T06:01:42","modified_gmt":"2021-12-16T11:01:42","slug":"acetyltetrapeptid-5-eyeseryl-cas-820959-17-9-kann-helfen-augenschwellungen-zu-reduzieren","status":"publish","type":"product","link":"https:\/\/puyapeptide.net\/de\/product\/acetyltetrapeptid-5-eyeseryl-cas-820959-17-9-kann-helfen-augenschwellungen-zu-reduzieren\/","title":{"rendered":"Acetyltetrapeptid-5\/ Eyeseryl CAS 820959-17-9 kann helfen, Augenschwellungen zu reduzieren"},"content":{"rendered":"<h2><strong>Acetyltetrapeptid-5\/ Eyeseryl CAS 820959-17-9 kann helfen, Augenschwellungen zu reduzieren<\/strong><\/h2>\n<p>Produktname: Acetyltetrapeptid-5\/ Eyeseryl<br \/>\nSynonyme: (2S)-2-[[(2S)-2-[[(2S)-2-(3-acetamidopropanoylamino)-3-(1H- Imidazol-5-yl)propanoyl]amino]-3-hydroxypropanoyl]amino]-3-(1H-Imidazol-5-yl)propans\u00e4ure;N-Acetyl-beta-Alanyl-L-Histidyl-L-seryl-L- Histidin;Acetyltetrapeptid-5;Acetyltetrapeptid;Depuffin\/Acetyltetrapeptid-5;Acetyltetrapeptid-5\/eyeseryl;Depuffin;Tetrapeptid<br \/>\nCAS: 820959-17-9<br \/>\nMF: C20H28N8O7<br \/>\nMW: 492,49&lt; &amp;&gt;EINECS: 1312995-182-4<br \/>\nProduktkategorien: BEAUTY PEPTIDES<br \/>\nMol File: 820959-17-9.mol<\/p>\n<p>Acetyl Tetrapeptide-5\/ Eyeseryl ist ein aktives Peptid mit Anti\u00f6dem Funktion und weit verbreitet bei der F\u00e4higkeit, Tr\u00e4nens\u00e4cke loszuwerden, Tr\u00e4nens\u00e4cke und dunkle Ringe loszuwerden, \u00d6deme zu bek\u00e4mpfen, Antiglykosylierung und kann die Symptome von \u00f6demartigen Tr\u00e4nens\u00e4cken erheblich lindern. Eye Silk Amino Peptide gilt als feuchtigkeitsspendendes Chemicalbook-Mittel oder feuchtigkeitsabsorbierendes Mittel, das helfen kann, Schwellungen der Augen zu reduzieren und die Hautelastizit\u00e4t sowie die allgemeine Gl\u00e4tte zu verbessern. Es nutzt die hygroskopischen Eigenschaften dieser Verbindung, um Schwellungen zu reduzieren, indem es Feuchtigkeit aus der Tiefe der Haut in die \u00e4u\u00dferste Hautschicht (das Stratum corneum) zieht.<\/p>\n<p>Acetyl Tetrapeptide-5 gilt als Feuchtigkeitsspender oder hygroskopisches Mittel. Dies kann helfen, Schwellungen der Augen zu reduzieren, die Hautelastizit\u00e4t und die allgemeine Gl\u00e4tte zu verbessern. Es nutzt die Hygroskopizit\u00e4t dieser Verbindung, um Feuchtigkeit vom tiefen Teil der Haut bis zur \u00e4u\u00dfersten Hautschicht (Stratum corneum) zu absorbieren und so Schwellungen zu reduzieren. Durch seine feuchtigkeitsspendende Funktion kann es effektiv zur Behandlung trockener Haut verwendet werden.<\/p>\n<p> <strong>Funktion von Acetyl Tetrapeptide-5 CAS 820959-17-9<\/strong><br \/>\n1. Verbessern Sie die Mikrozirkulation der Augenhaut durch Hemmung des Angiotensin-I-Converting-Enzyms<br \/>\n2. Erh\u00f6hen Sie die Aktivit\u00e4t von SOD und hemmen Sie seine Glykosylierung<br \/>\n3. Reduzieren Sie die Durchl\u00e4ssigkeit der Blutgef\u00e4\u00dfe und reduzieren Sie die Wasserexsudation<\/p>\n","protected":false},"excerpt":{"rendered":"<p>Produktname: Acetyl Tetrapeptide-5\/ Eyeseryl<br \/>\nCAS: 820959-17-9<br \/>\nMF: C20H28N8O7<br \/>\nMW: 492.49<br \/>\nEINECS: 1312995-182-4<br \/>\nMol File: 820959-17 -9.mol<\/p>\n","protected":false},"featured_media":2207,"comment_status":"open","ping_status":"closed","template":"","meta":{"om_disable_all_campaigns":false,"_monsterinsights_skip_tracking":false,"_monsterinsights_sitenote_active":false,"_monsterinsights_sitenote_note":"","_monsterinsights_sitenote_category":0,"site-sidebar-layout":"default","site-content-layout":"default","ast-site-content-layout":"default","site-content-style":"default","site-sidebar-style":"default","ast-global-header-display":"","ast-banner-title-visibility":"","ast-main-header-display":"","ast-hfb-above-header-display":"","ast-hfb-below-header-display":"","ast-hfb-mobile-header-display":"","site-post-title":"","ast-breadcrumbs-content":"","ast-featured-img":"","footer-sml-layout":"","ast-disable-related-posts":"","theme-transparent-header-meta":"default","adv-header-id-meta":"","stick-header-meta":"","header-above-stick-meta":"","header-main-stick-meta":"","header-below-stick-meta":"","astra-migrate-meta-layouts":"default","ast-page-background-enabled":"default","ast-page-background-meta":{"desktop":{"background-color":"","background-image":"","background-repeat":"repeat","background-position":"center center","background-size":"auto","background-attachment":"scroll","background-type":"","background-media":"","overlay-type":"","overlay-color":"","overlay-opacity":"","overlay-gradient":""},"tablet":{"background-color":"","background-image":"","background-repeat":"repeat","background-position":"center center","background-size":"auto","background-attachment":"scroll","background-type":"","background-media":"","overlay-type":"","overlay-color":"","overlay-opacity":"","overlay-gradient":""},"mobile":{"background-color":"","background-image":"","background-repeat":"repeat","background-position":"center center","background-size":"auto","background-attachment":"scroll","background-type":"","background-media":"","overlay-type":"","overlay-color":"","overlay-opacity":"","overlay-gradient":""}},"ast-content-background-meta":{"desktop":{"background-color":"var(--ast-global-color-5)","background-image":"","background-repeat":"repeat","background-position":"center center","background-size":"auto","background-attachment":"scroll","background-type":"","background-media":"","overlay-type":"","overlay-color":"","overlay-opacity":"","overlay-gradient":""},"tablet":{"background-color":"var(--ast-global-color-5)","background-image":"","background-repeat":"repeat","background-position":"center center","background-size":"auto","background-attachment":"scroll","background-type":"","background-media":"","overlay-type":"","overlay-color":"","overlay-opacity":"","overlay-gradient":""},"mobile":{"background-color":"var(--ast-global-color-5)","background-image":"","background-repeat":"repeat","background-position":"center center","background-size":"auto","background-attachment":"scroll","background-type":"","background-media":"","overlay-type":"","overlay-color":"","overlay-opacity":"","overlay-gradient":""}}},"product_brand":[],"product_cat":[585],"product_tag":[3091],"class_list":{"0":"post-6725","1":"product","2":"type-product","3":"status-publish","4":"has-post-thumbnail","6":"product_cat-augenpflegepeptid","7":"product_tag-acetyl-tetrapeptide-5-eyeseryl-cas-820959-17-9-can-help-reduce-eye-puffiness-de","8":"desktop-align-left","9":"tablet-align-left","10":"mobile-align-left","12":"first","13":"instock","14":"shipping-taxable","15":"product-type-simple"},"_links":{"self":[{"href":"https:\/\/puyapeptide.net\/de\/wp-json\/wp\/v2\/product\/6725","targetHints":{"allow":["GET"]}}],"collection":[{"href":"https:\/\/puyapeptide.net\/de\/wp-json\/wp\/v2\/product"}],"about":[{"href":"https:\/\/puyapeptide.net\/de\/wp-json\/wp\/v2\/types\/product"}],"replies":[{"embeddable":true,"href":"https:\/\/puyapeptide.net\/de\/wp-json\/wp\/v2\/comments?post=6725"}],"wp:featuredmedia":[{"embeddable":true,"href":"https:\/\/puyapeptide.net\/de\/wp-json\/wp\/v2\/media\/2207"}],"wp:attachment":[{"href":"https:\/\/puyapeptide.net\/de\/wp-json\/wp\/v2\/media?parent=6725"}],"wp:term":[{"taxonomy":"product_brand","embeddable":true,"href":"https:\/\/puyapeptide.net\/de\/wp-json\/wp\/v2\/product_brand?post=6725"},{"taxonomy":"product_cat","embeddable":true,"href":"https:\/\/puyapeptide.net\/de\/wp-json\/wp\/v2\/product_cat?post=6725"},{"taxonomy":"product_tag","embeddable":true,"href":"https:\/\/puyapeptide.net\/de\/wp-json\/wp\/v2\/product_tag?post=6725"}],"curies":[{"name":"wp","href":"https:\/\/api.w.org\/{rel}","templated":true}]}}