{"id":6744,"date":"2021-12-16T06:02:45","date_gmt":"2021-12-16T11:02:45","guid":{"rendered":"https:\/\/puyapeptide.net\/product\/oligopeptide-68-cas-1206525-47-4-fuer-hautaufhellung-und-anti-aging\/"},"modified":"2021-12-16T06:02:45","modified_gmt":"2021-12-16T11:02:45","slug":"oligopeptide-68-cas-1206525-47-4-fuer-hautaufhellung-und-anti-aging","status":"publish","type":"product","link":"https:\/\/puyapeptide.net\/de\/product\/oligopeptide-68-cas-1206525-47-4-fuer-hautaufhellung-und-anti-aging\/","title":{"rendered":"Oligopeptide-68 CAS 1206525-47-4 F\u00fcr Hautaufhellung und Anti-Aging"},"content":{"rendered":"<h2><strong>Oligopeptide-68 CAS 1206525-47-4 F\u00fcr Hautaufhellung und Anti-Aging<\/strong><\/h2>\n<p>Produktname: Oligopeptide-68<br \/>\nSynonyme: Glycyl-L-Arginylglycyl-L-Alpha-Aspartyl-L-Tyrosyl-L-Isoleucyl-L-Tryptophyl-L-Seryl-L-Leucyl-L-Alpha- Aspartyl-L-Threonyl-L-Glutamin;Oligopeptid-68, Beta-Wei\u00df;L-Glutamin, Glycyl-L-Arginylglycyl-L-\u03b1-Aspartyl-L-Tyrosyl-L-Isoleucyl-L-Tryptophyl-L-Seryl- L-Leucyl-L-\u03b1-Aspartyl-L-Threonyl-;Oligopeptide-68 CAS 1206525-47-4 Whitening Oligopeptide-68 Powder<br \/>\nCAS: 1206525-47-4<br \/>\nMF: C62H91N17O21<br \/>\nMW: 1410.49<br \/>\nEINECS: 205-358-3<br \/>\nProduktkategorien:<br \/>\nMol Datei: 1206525-47-4.mol<\/p>\n<p>Oligopeptide-68 &#8211; ist eine komplexe Kombination von TGF-\u00df-Agonisten-Peptid die den Mikrophtalmie-assoziierten Transkriptionsfaktor (MITF) hemmt. MITF ist ein wichtiger Transkriptionsregulator der melanogenen Enzyme Tyrosinase, TRP-1 und TRP-2. Dieses Peptid induziert eine signifikante Hautaufhellung und hat nachweislich eine h\u00f6here Aktivit\u00e4t als Arbutin und Vitamin C.<\/p>\n<p> <strong>Funktion von Oligopeptide-68 CAS 1206525-47-4<\/strong> <\/p>\n<p>1. Sommersprossen aufhellen.<br \/>\n2. hemmen die \u00fcberm\u00e4\u00dfige Produktion von Melanin.<br \/>\n3. Melaninablagerung reduzieren.<\/p>\n<p> <strong>Vorteile von Oligopeptide-68 CAS 1206525-47-4<\/strong><br \/>\n1. Es kann Sommersprossen aufhellen.<br \/>\n2. Es kann die \u00fcberm\u00e4\u00dfige Produktion von Melanin hemmen.<br \/>\n3. Es kann die Melaninablagerung reduzieren.<br \/>\nWirkungsmechanismus von Oligopeptid-68.<br \/>\nReduziert die Melaninproduktion und verhindert eine Melanin\u00fcberproduktion durch Hemmung von MSH (Melanozyten-stimulierendes Hormon).<\/p>\n<p>Die Wissenschaft hat bewiesen, dass Peptide bei der Behandlung helfen k\u00f6nnen Falten in Ihrer Haut und kehren die Zeichen des Alterns um.<br \/>\nDie menschliche Haut besteht haupts\u00e4chlich aus Kollagen. Kollagen ist ein Protein, das aus langen Segmenten von Aminos\u00e4uren besteht, die wie eine Kette angeordnet sind. Kollagen bietet der Haut eine Grundlage und Dicke.<br \/>\nFrauen unter 30 haben reichlich Kollagen, was zu einer glatten, straffen Haut f\u00fchrt.<br \/>\nDer Rest von uns hat weniger Kollagen &#8211; die Haut neigt dazu, d\u00fcnner zu sein und zeigt mehr Falten.&lt;&amp; &gt;Wenn Kollagen abgebaut wird, werden kurze Segmente von Aminos\u00e4uren gebildet. Dies sind die winzigen Proteine und aktiven Molek\u00fcle, die als Peptide bekannt sind. Peptide in der Hautpflege k\u00f6nnen erhebliche Anti-Aging-Vorteile bieten.<\/p>\n","protected":false},"excerpt":{"rendered":"<p>Produktname: Oligopeptide-68<br \/>\nCAS: 1206525-47-4<br \/>\nMF: C62H91N17O21<br \/>\nMW: 1410.49<br \/>\nEINECS: 205-358-3<br \/>\nMol Datei: 1206525-47-4. mol<\/p>\n","protected":false},"featured_media":2165,"comment_status":"open","ping_status":"closed","template":"","meta":{"om_disable_all_campaigns":false,"_monsterinsights_skip_tracking":false,"_monsterinsights_sitenote_active":false,"_monsterinsights_sitenote_note":"","_monsterinsights_sitenote_category":0,"site-sidebar-layout":"default","site-content-layout":"default","ast-site-content-layout":"default","site-content-style":"default","site-sidebar-style":"default","ast-global-header-display":"","ast-banner-title-visibility":"","ast-main-header-display":"","ast-hfb-above-header-display":"","ast-hfb-below-header-display":"","ast-hfb-mobile-header-display":"","site-post-title":"","ast-breadcrumbs-content":"","ast-featured-img":"","footer-sml-layout":"","ast-disable-related-posts":"","theme-transparent-header-meta":"default","adv-header-id-meta":"","stick-header-meta":"","header-above-stick-meta":"","header-main-stick-meta":"","header-below-stick-meta":"","astra-migrate-meta-layouts":"default","ast-page-background-enabled":"default","ast-page-background-meta":{"desktop":{"background-color":"","background-image":"","background-repeat":"repeat","background-position":"center center","background-size":"auto","background-attachment":"scroll","background-type":"","background-media":"","overlay-type":"","overlay-color":"","overlay-opacity":"","overlay-gradient":""},"tablet":{"background-color":"","background-image":"","background-repeat":"repeat","background-position":"center center","background-size":"auto","background-attachment":"scroll","background-type":"","background-media":"","overlay-type":"","overlay-color":"","overlay-opacity":"","overlay-gradient":""},"mobile":{"background-color":"","background-image":"","background-repeat":"repeat","background-position":"center center","background-size":"auto","background-attachment":"scroll","background-type":"","background-media":"","overlay-type":"","overlay-color":"","overlay-opacity":"","overlay-gradient":""}},"ast-content-background-meta":{"desktop":{"background-color":"var(--ast-global-color-5)","background-image":"","background-repeat":"repeat","background-position":"center center","background-size":"auto","background-attachment":"scroll","background-type":"","background-media":"","overlay-type":"","overlay-color":"","overlay-opacity":"","overlay-gradient":""},"tablet":{"background-color":"var(--ast-global-color-5)","background-image":"","background-repeat":"repeat","background-position":"center center","background-size":"auto","background-attachment":"scroll","background-type":"","background-media":"","overlay-type":"","overlay-color":"","overlay-opacity":"","overlay-gradient":""},"mobile":{"background-color":"var(--ast-global-color-5)","background-image":"","background-repeat":"repeat","background-position":"center center","background-size":"auto","background-attachment":"scroll","background-type":"","background-media":"","overlay-type":"","overlay-color":"","overlay-opacity":"","overlay-gradient":""}}},"product_brand":[],"product_cat":[560],"product_tag":[3068],"class_list":{"0":"post-6744","1":"product","2":"type-product","3":"status-publish","4":"has-post-thumbnail","6":"product_cat-aufhellendes-peptid","7":"product_tag-oligopeptide-68-cas-1206525-47-4-for-for-skin-lighting-and-anti-aging-de","8":"desktop-align-left","9":"tablet-align-left","10":"mobile-align-left","12":"first","13":"instock","14":"shipping-taxable","15":"product-type-simple"},"_links":{"self":[{"href":"https:\/\/puyapeptide.net\/de\/wp-json\/wp\/v2\/product\/6744","targetHints":{"allow":["GET"]}}],"collection":[{"href":"https:\/\/puyapeptide.net\/de\/wp-json\/wp\/v2\/product"}],"about":[{"href":"https:\/\/puyapeptide.net\/de\/wp-json\/wp\/v2\/types\/product"}],"replies":[{"embeddable":true,"href":"https:\/\/puyapeptide.net\/de\/wp-json\/wp\/v2\/comments?post=6744"}],"wp:featuredmedia":[{"embeddable":true,"href":"https:\/\/puyapeptide.net\/de\/wp-json\/wp\/v2\/media\/2165"}],"wp:attachment":[{"href":"https:\/\/puyapeptide.net\/de\/wp-json\/wp\/v2\/media?parent=6744"}],"wp:term":[{"taxonomy":"product_brand","embeddable":true,"href":"https:\/\/puyapeptide.net\/de\/wp-json\/wp\/v2\/product_brand?post=6744"},{"taxonomy":"product_cat","embeddable":true,"href":"https:\/\/puyapeptide.net\/de\/wp-json\/wp\/v2\/product_cat?post=6744"},{"taxonomy":"product_tag","embeddable":true,"href":"https:\/\/puyapeptide.net\/de\/wp-json\/wp\/v2\/product_tag?post=6744"}],"curies":[{"name":"wp","href":"https:\/\/api.w.org\/{rel}","templated":true}]}}